{"id":10568,"date":"2024-06-22T12:29:42","date_gmt":"2024-06-22T05:29:42","guid":{"rendered":"https:\/\/www.nakee.spa\/datenschutzbestimmungen\/"},"modified":"2025-07-19T22:07:22","modified_gmt":"2025-07-19T15:07:22","slug":"datenschutzbestimmungen","status":"publish","type":"page","link":"https:\/\/www.nakee.spa\/de\/datenschutzbestimmungen\/","title":{"rendered":"Datenschutzbestimmungen"},"content":{"rendered":"<noscript><iframe src=\"https:\/\/www.googletagmanager.com\/ns.html?id=GTM-WM2WH3P6\" height=\"0\" width=\"0\" style=\"display:none;visibility:hidden\"><\/iframe><\/noscript>\t\t<div data-elementor-type=\"wp-page\" data-elementor-id=\"10568\" class=\"elementor elementor-10568 elementor-3\" data-elementor-post-type=\"page\">\n\t\t\t\t<div class=\"elementor-element elementor-element-7ee8dfc1 e-flex e-con-boxed e-con e-parent\" data-id=\"7ee8dfc1\" data-element_type=\"container\" data-e-type=\"container\">\n\t\t\t\t\t<div class=\"e-con-inner\">\n\t\t\t\t<div class=\"elementor-element elementor-element-3034ade policy-tabs e-n-tabs-mobile elementor-widget elementor-widget-n-tabs\" data-id=\"3034ade\" data-element_type=\"widget\" data-e-type=\"widget\" data-settings=\"{&quot;horizontal_scroll&quot;:&quot;disable&quot;}\" data-widget_type=\"nested-tabs.default\">\n\t\t\t\t\t\t\t<div class=\"e-n-tabs\" data-widget-number=\"50547422\" aria-label=\"Tabs. Open items with Enter or Space, close with Escape and navigate using the Arrow keys.\">\n\t\t\t<div class=\"e-n-tabs-heading\" role=\"tablist\">\n\t\t\t\t\t<button id=\"e-n-tab-title-505474221\" data-tab-title-id=\"e-n-tab-title-505474221\" class=\"e-n-tab-title\" aria-selected=\"true\" data-tab-index=\"1\" role=\"tab\" tabindex=\"0\" aria-controls=\"e-n-tab-content-505474221\" style=\"--n-tabs-title-order: 1;\">\n\t\t\t\t\t\t<span class=\"e-n-tab-title-text\">\n\t\t\t\tVereinfacht\t\t\t<\/span>\n\t\t<\/button>\n\t\t\t\t<button id=\"e-n-tab-title-505474222\" data-tab-title-id=\"e-n-tab-title-505474222\" class=\"e-n-tab-title\" aria-selected=\"false\" data-tab-index=\"2\" role=\"tab\" tabindex=\"-1\" aria-controls=\"e-n-tab-content-505474222\" style=\"--n-tabs-title-order: 2;\">\n\t\t\t\t\t\t<span class=\"e-n-tab-title-text\">\n\t\t\t\tLegal\t\t\t<\/span>\n\t\t<\/button>\n\t\t\t\t\t<\/div>\n\t\t\t<div class=\"e-n-tabs-content\">\n\t\t\t\t<div id=\"e-n-tab-content-505474221\" role=\"tabpanel\" aria-labelledby=\"e-n-tab-title-505474221\" data-tab-index=\"1\" style=\"--n-tabs-title-order: 1;\" class=\"e-active elementor-element elementor-element-21d3adc e-con-full e-flex e-con e-child\" data-id=\"21d3adc\" data-element_type=\"container\" data-e-type=\"container\">\n\t\t<div class=\"elementor-element elementor-element-49ba1ff e-flex e-con-boxed e-con e-child\" data-id=\"49ba1ff\" data-element_type=\"container\" data-e-type=\"container\" data-settings=\"{&quot;background_background&quot;:&quot;classic&quot;}\">\n\t\t\t\t\t<div class=\"e-con-inner\">\n\t\t\t\t<div class=\"elementor-element elementor-element-371d520 elementor-widget elementor-widget-text-editor\" data-id=\"371d520\" data-element_type=\"widget\" data-e-type=\"widget\" data-widget_type=\"text-editor.default\">\n\t\t\t\t\t\t\t\t\t<p data-start=\"161\" data-end=\"199\"><strong data-start=\"161\" data-end=\"180\">Datum des Inkrafttretens:<\/strong> 1-Jan-2025<\/p><p data-start=\"201\" data-end=\"419\">Unter  <strong data-start=\"204\" data-end=\"234\">Nakee Thai Massage CO. LTD <\/strong>ist Ihre Privatsph\u00e4re f\u00fcr uns wichtig. Auf dieser Seite erfahren Sie, welche pers\u00f6nlichen Daten wir erfassen und wie wir sie verwenden, wenn Sie uns \u00fcber <a class=\"\" href=\"https:\/\/www.nakee.spa\/de\/\" target=\"_new\" rel=\"noopener\" data-start=\"380\" data-end=\"418\">www.nakee.spa besuchen oder kontaktieren .<\/a> <\/p><hr data-start=\"421\" data-end=\"424\"><h2 data-start=\"426\" data-end=\"442\">1. Wer wir sind<\/h2><p data-start=\"444\" data-end=\"618\">Unser Firmenname lautet  <strong data-start=\"204\" data-end=\"234\">Nakee Thai Massage CO. LTD <\/strong>. Unsere physischen Adressen finden Sie auf dieser Seite:<br data-start=\"553\" data-end=\"556\">\ud83d\udc49 <a class=\"\" href=\"https:\/\/www.nakee.spa\/de\/zweige\/\" target=\"_new\" rel=\"noopener\" data-start=\"559\" data-end=\"618\">Alle Filialen &amp; Standorte<\/a><\/p><hr data-start=\"620\" data-end=\"623\"><h2 data-start=\"625\" data-end=\"658\">2. Welche Informationen wir sammeln<\/h2><p data-start=\"660\" data-end=\"711\">Wir sammeln begrenzte Informationen, um Sie besser bedienen zu k\u00f6nnen:<\/p><ul data-start=\"712\" data-end=\"958\"><li data-start=\"712\" data-end=\"786\"><p data-start=\"714\" data-end=\"786\"><strong data-start=\"714\" data-end=\"744\">Ihren Namen und Ihre Telefonnummer<\/strong>, wenn Sie uns \u00fcber WhatsApp oder Line kontaktieren.<\/p><\/li><li data-start=\"787\" data-end=\"893\"><p data-start=\"789\" data-end=\"893\"><strong data-start=\"789\" data-end=\"806\">Standortdaten<\/strong>, um die n\u00e4chstgelegene Filiale zu finden oder Preise f\u00fcr Massagen au\u00dferhalb des Hauses zu berechnen.<\/p><\/li><li data-start=\"894\" data-end=\"958\"><p data-start=\"896\" data-end=\"958\"><strong data-start=\"896\" data-end=\"912\">Chatverlauf<\/strong> mit unserem Team (\u00fcber WhatsApp, Line oder uChat).<\/p><\/li><\/ul><p data-start=\"960\" data-end=\"1128\">Wir <strong data-start=\"963\" data-end=\"1014\">sammeln und speichern keine gesundheitsbezogenen Daten<\/strong>. Unsere Therapeuten k\u00f6nnen Sie vor der Behandlung fragen, ob Sie gesundheitliche Probleme haben, aber diese Informationen werden nicht gespeichert. <\/p><p data-start=\"1130\" data-end=\"1237\">Wir <strong data-start=\"1133\" data-end=\"1174\">sammeln keine Zahlungsdaten online<\/strong>. Alle Zahlungen erfolgen <strong data-start=\"1201\" data-end=\"1236\">ausschlie\u00dflich in bar oder per thail\u00e4ndischer Bank\u00fcberweisung<\/strong>. <\/p><hr data-start=\"1239\" data-end=\"1242\"><h2 data-start=\"1244\" data-end=\"1277\">3. Wie wir Ihre Informationen verwenden<\/h2><p data-start=\"1279\" data-end=\"1306\">Wir verwenden Ihre Informationen, um:<\/p><ul data-start=\"1307\" data-end=\"1450\"><li data-start=\"1307\" data-end=\"1341\"><p data-start=\"1309\" data-end=\"1341\">Bearbeiten Sie Ihre <strong data-start=\"1321\" data-end=\"1341\">Buchungsanfragen<\/strong><\/p><\/li><li data-start=\"1342\" data-end=\"1372\"><p data-start=\"1344\" data-end=\"1372\"><strong data-start=\"1352\" data-end=\"1372\">Kundenunterst\u00fctzung<\/strong> bereitstellen<\/p><\/li><li data-start=\"1373\" data-end=\"1407\"><p data-start=\"1375\" data-end=\"1407\">Verbessern Sie unsere Dienstleistungen und unsere Website<\/p><\/li><li data-start=\"1408\" data-end=\"1450\"><p data-start=\"1410\" data-end=\"1450\">F\u00fchren Sie <strong data-start=\"1414\" data-end=\"1450\">Analysen und interne Berichte<\/strong> durch<\/p><\/li><\/ul><p data-start=\"1452\" data-end=\"1528\">Wir <strong data-start=\"1465\" data-end=\"1499\">versenden<\/strong> derzeit <strong data-start=\"1465\" data-end=\"1499\">keine Marketingnachrichten<\/strong> \u00fcber WhatsApp, E-Mail oder SMS.<\/p><hr data-start=\"1530\" data-end=\"1533\"><h2 data-start=\"1535\" data-end=\"1568\">4. Mit wem wir Ihre Daten teilen<\/h2><p data-start=\"1570\" data-end=\"1653\">Wir k\u00f6nnen begrenzte Daten mit den folgenden Diensten teilen, um unser Gesch\u00e4ft zu betreiben:<\/p><ul data-start=\"1654\" data-end=\"1873\"><li data-start=\"1654\" data-end=\"1730\"><p data-start=\"1656\" data-end=\"1730\"><strong data-start=\"1656\" data-end=\"1689\">Google Analytics &amp; Meta Pixel<\/strong> &#8211; f\u00fcr Website-Analysen und Werbung.<\/p><\/li><li data-start=\"1731\" data-end=\"1797\"><p data-start=\"1733\" data-end=\"1797\"><strong data-start=\"1733\" data-end=\"1748\">Webotic.One<\/strong> &#8211; f\u00fcr die interne Buchhaltung und die Verwaltung von Pr\u00fcfungen.<\/p><\/li><li data-start=\"1798\" data-end=\"1873\"><p data-start=\"1800\" data-end=\"1873\">Unser internes Team und die Systeme, die Buchungen und Kundenservice unterst\u00fctzen.<\/p><\/li><\/ul><hr data-start=\"1875\" data-end=\"1878\"><h2 data-start=\"1880\" data-end=\"1897\">5. Ihre Rechte<\/h2><p data-start=\"1899\" data-end=\"1969\">Wir <strong data-start=\"1905\" data-end=\"1939\">f\u00fchren keine langfristigen Aufzeichnungen<\/strong> oder Archive von personenbezogenen Daten.<\/p><p data-start=\"1971\" data-end=\"1987\">Aus diesem Grund:<\/p><ul data-start=\"1988\" data-end=\"2121\"><li data-start=\"1988\" data-end=\"2033\"><p data-start=\"1990\" data-end=\"2033\">Sie <strong data-start=\"1994\" data-end=\"2019\">k\u00f6nnen keine Kopie<\/strong> Ihrer Daten <strong data-start=\"1994\" data-end=\"2019\">anfordern<\/strong>.<\/p><\/li><li data-start=\"2034\" data-end=\"2121\"><p data-start=\"2036\" data-end=\"2121\">Sie <strong data-start=\"2040\" data-end=\"2067\">k\u00f6nnen nicht verlangen, dass<\/strong> fr\u00fchere Daten <strong data-start=\"2040\" data-end=\"2067\">gel\u00f6scht werden<\/strong>, da wir sie nur f\u00fcr einen kurzen Zeitraum speichern.<\/p><\/li><\/ul><p data-start=\"2123\" data-end=\"2201\">Wenn Sie Fragen oder Bedenken haben, k\u00f6nnen Sie uns jederzeit \u00fcber <strong data-start=\"2188\" data-end=\"2200\">WhatsApp<\/strong> kontaktieren.<\/p><hr data-start=\"2203\" data-end=\"2206\"><h2 data-start=\"2208\" data-end=\"2239\">6. Datenspeicherung und Sicherheit<\/h2><ul data-start=\"2241\" data-end=\"2387\"><li data-start=\"2241\" data-end=\"2292\"><p data-start=\"2243\" data-end=\"2292\">Wir speichern Kundendaten nur <strong data-start=\"2266\" data-end=\"2286\">bis zu 1 Woche lang<\/strong>.<\/p><\/li><li data-start=\"2293\" data-end=\"2387\"><p data-start=\"2295\" data-end=\"2387\">Unsere Website verwendet <strong data-start=\"2312\" data-end=\"2321\">HTTPS<\/strong>, und der Zugriff auf die Kundendaten ist nur f\u00fcr autorisierte Mitarbeiter m\u00f6glich.<\/p><\/li><\/ul><hr data-start=\"2389\" data-end=\"2392\"><h2 data-start=\"2394\" data-end=\"2418\">7. Bewertungen und Fotos<\/h2><ul data-start=\"2420\" data-end=\"2581\"><li data-start=\"2420\" data-end=\"2523\"><p data-start=\"2422\" data-end=\"2523\">Wir k\u00f6nnen <strong data-start=\"2437\" data-end=\"2475\">Google Maps- oder TripAdvisor-Bewertungen<\/strong> und <strong data-start=\"2480\" data-end=\"2507\">Fotos unserer Standorte<\/strong> auf unserer Website anzeigen.<\/p><\/li><li data-start=\"2524\" data-end=\"2581\"><p data-start=\"2526\" data-end=\"2581\">Wir <strong data-start=\"2532\" data-end=\"2564\">sammeln keine Bewertungen direkt<\/strong> auf dieser Website.<\/p><\/li><\/ul><hr data-start=\"2583\" data-end=\"2586\"><p data-start=\"2588\" data-end=\"2672\">Wenn Sie Fragen zu dieser Richtlinie haben, kontaktieren Sie uns bitte direkt \u00fcber WhatsApp.<\/p>\t\t\t\t\t\t\t\t<\/div>\n\t\t\t\t\t<\/div>\n\t\t\t\t<\/div>\n\t\t\t\t<\/div>\n\t\t<div id=\"e-n-tab-content-505474222\" role=\"tabpanel\" aria-labelledby=\"e-n-tab-title-505474222\" data-tab-index=\"2\" style=\"--n-tabs-title-order: 2;\" class=\" elementor-element elementor-element-6f146af e-con-full e-flex e-con e-child\" data-id=\"6f146af\" data-element_type=\"container\" data-e-type=\"container\">\n\t\t<div class=\"elementor-element elementor-element-62499a1 e-flex e-con-boxed e-con e-child\" data-id=\"62499a1\" data-element_type=\"container\" data-e-type=\"container\" data-settings=\"{&quot;background_background&quot;:&quot;classic&quot;}\">\n\t\t\t\t\t<div class=\"e-con-inner\">\n\t\t\t\t<div class=\"elementor-element elementor-element-af488b2 elementor-widget elementor-widget-text-editor\" data-id=\"af488b2\" data-element_type=\"widget\" data-e-type=\"widget\" data-widget_type=\"text-editor.default\">\n\t\t\t\t\t\t\t\t\t<p data-start=\"236\" data-end=\"302\"><strong data-start=\"269\" data-end=\"288\">Datum des Inkrafttretens:<\/strong> 1-Jan-2025<\/p><p data-start=\"304\" data-end=\"561\">Diese Datenschutzrichtlinie beschreibt, wie  <strong data-start=\"204\" data-end=\"234\">Nakee Thai Massage CO. LTD <\/strong>  (&#8222;wir&#8220;, &#8222;uns&#8220; oder &#8222;unser&#8220;) sammelt, verwendet, speichert und sch\u00fctzt Ihre pers\u00f6nlichen Daten, wenn Sie \u00fcber unsere Website <a class=\"\" href=\"https:\/\/www.nakee.spa\/de\/\" target=\"_new\" rel=\"noopener\" data-start=\"514\" data-end=\"560\">https:\/\/www.nakee.spa mit unseren Dienstleistungen interagieren .<\/a><\/p><hr data-start=\"563\" data-end=\"566\"><h2 data-start=\"568\" data-end=\"594\">1. Gesch\u00e4ftliche Informationen<\/h2><ul data-start=\"596\" data-end=\"747\"><li data-start=\"596\" data-end=\"645\"><p data-start=\"598\" data-end=\"645\">Name des Unternehmens:  <strong data-start=\"204\" data-end=\"234\">Nakee Thai Massage CO. LTD <\/strong><\/p><\/li><li data-start=\"646\" data-end=\"747\"><p data-start=\"648\" data-end=\"747\">Physische Adressen: Verf\u00fcgbar unter <a class=\"\" href=\"https:\/\/www.nakee.spa\/de\/zweige\/\" target=\"_new\" rel=\"noopener\" data-start=\"681\" data-end=\"747\">https:\/\/www.nakee.spa\/branches\/<\/a><\/p><\/li><\/ul><hr data-start=\"749\" data-end=\"752\"><h2 data-start=\"754\" data-end=\"775\">2. Daten, die wir sammeln<\/h2><p data-start=\"777\" data-end=\"828\">Wir sammeln begrenzte pers\u00f6nliche Daten wie folgt:<\/p><h3 data-start=\"830\" data-end=\"851\">2.1 Pers\u00f6nliche Daten<\/h3><ul data-start=\"852\" data-end=\"1038\"><li data-start=\"852\" data-end=\"919\"><p data-start=\"854\" data-end=\"919\"><strong data-start=\"854\" data-end=\"879\">Name und Telefonnummer<\/strong>, wenn Sie \u00fcber WhatsApp oder Line kommunizieren<\/p><\/li><li data-start=\"920\" data-end=\"1038\"><p data-start=\"922\" data-end=\"1038\"><strong data-start=\"922\" data-end=\"939\">Standort des Benutzers<\/strong>, um die n\u00e4chstgelegene Filiale zu ermitteln und die Reisekosten f\u00fcr Massagen au\u00dferhalb der Filiale zu berechnen<\/p><\/li><\/ul><h3 data-start=\"1040\" data-end=\"1066\">2.2 Gesundheitsinformationen<\/h3><ul data-start=\"1067\" data-end=\"1254\"><li data-start=\"1067\" data-end=\"1254\"><p data-start=\"1069\" data-end=\"1254\">Wir <strong data-start=\"1075\" data-end=\"1100\">sammeln oder speichern keine<\/strong> gesundheitsbezogenen Informationen. Die Therapeuten k\u00f6nnen Kunden vor der Behandlung m\u00fcndlich zu relevanten Gesundheitsfragen befragen, was ausschlie\u00dflich der Sicherheit und Qualit\u00e4t dient. <\/p><\/li><\/ul><h3 data-start=\"1256\" data-end=\"1283\">2.3 Zahlungsinformationen<\/h3><ul data-start=\"1284\" data-end=\"1382\"><li data-start=\"1284\" data-end=\"1382\"><p data-start=\"1286\" data-end=\"1382\">Wir bearbeiten keine Online-Zahlungen. Zahlungen werden nur in <strong data-start=\"1342\" data-end=\"1376\">bar oder per thail\u00e4ndischer Bank\u00fcberweisung<\/strong> get\u00e4tigt. <\/p><\/li><\/ul><h3 data-start=\"1384\" data-end=\"1406\">2.4 Technische Daten<\/h3><ul data-start=\"1407\" data-end=\"1516\"><li data-start=\"1407\" data-end=\"1516\"><p data-start=\"1409\" data-end=\"1516\">IP-Adresse und Ger\u00e4te-\/Browserinformationen k\u00f6nnen durch <strong data-start=\"1476\" data-end=\"1496\">Google Analytics<\/strong> und <strong data-start=\"1501\" data-end=\"1515\">Meta Pixel<\/strong> erfasst werden.<\/p><\/li><\/ul><hr data-start=\"1518\" data-end=\"1521\"><h2 data-start=\"1523\" data-end=\"1555\">3. Zweck der Datenverarbeitung<\/h2><p data-start=\"1557\" data-end=\"1605\">Wir verarbeiten Ihre Daten f\u00fcr die folgenden Zwecke:<\/p><ul data-start=\"1606\" data-end=\"1809\"><li data-start=\"1606\" data-end=\"1651\"><p data-start=\"1608\" data-end=\"1651\">Terminplanung und Kundenservice<\/p><\/li><li data-start=\"1652\" data-end=\"1697\"><p data-start=\"1654\" data-end=\"1697\">Interne Analysen und Gesch\u00e4ftsverbesserungen<\/p><\/li><li data-start=\"1698\" data-end=\"1809\"><p data-start=\"1700\" data-end=\"1809\">Marketing und Performance-Tracking (nur \u00fcber Analyseplattformen; derzeit wird kein Direktmarketing betrieben)<\/p><\/li><\/ul><p data-start=\"1811\" data-end=\"1911\">Wir versenden <strong data-start=\"1817\" data-end=\"1824\">keine<\/strong> unaufgeforderten Werbeinhalte \u00fcber WhatsApp, E-Mail oder andere Nachrichtendienste.<\/p><hr data-start=\"1913\" data-end=\"1916\"><h2 data-start=\"1918\" data-end=\"1936\">4. Gemeinsame Nutzung von Daten<\/h2><p data-start=\"1938\" data-end=\"1967\">Ihre Daten k\u00f6nnen weitergegeben werden an:<\/p><ul data-start=\"1968\" data-end=\"2203\"><li data-start=\"1968\" data-end=\"2036\"><p data-start=\"1970\" data-end=\"2036\"><strong data-start=\"1970\" data-end=\"1990\">Google Analytics<\/strong> und <strong data-start=\"1995\" data-end=\"2009\">Meta Pixel<\/strong> (f\u00fcr die Analyse der Website-Nutzung)<\/p><\/li><li data-start=\"2037\" data-end=\"2123\"><p data-start=\"2039\" data-end=\"2123\"><strong data-start=\"2039\" data-end=\"2054\">Webotic.One<\/strong>, unser interner L\u00f6sungsanbieter f\u00fcr Buchhaltung und Review Management<\/p><\/li><li data-start=\"2124\" data-end=\"2203\"><p data-start=\"2126\" data-end=\"2203\">Interne Systeme und autorisiertes Personal f\u00fcr Kundenservice und Terminplanung<\/p><\/li><\/ul><p data-start=\"2205\" data-end=\"2296\">Wir <strong data-start=\"2211\" data-end=\"2239\">verkaufen, vermieten oder geben<\/strong> pers\u00f6nliche Daten <strong data-start=\"2211\" data-end=\"2239\">nicht<\/strong> an Dritte zu anderen Zwecken <strong data-start=\"2211\" data-end=\"2239\">weiter<\/strong>.<\/p><hr data-start=\"2298\" data-end=\"2301\"><h2 data-start=\"2303\" data-end=\"2323\">5. Datenaufbewahrung<\/h2><p data-start=\"2325\" data-end=\"2459\">Wir bewahren personenbezogene Daten <strong data-start=\"2349\" data-end=\"2376\">f\u00fcr maximal 1 Woche<\/strong> ab dem Datum der Erfassung auf. Danach werden die Daten entweder gel\u00f6scht oder anonymisiert. <\/p><hr data-start=\"2461\" data-end=\"2464\"><h2 data-start=\"2466\" data-end=\"2483\">6. Benutzerrechte<\/h2><p data-start=\"2485\" data-end=\"2585\">Aufgrund unserer kurzfristigen Aufbewahrungspolitik <strong data-start=\"2531\" data-end=\"2556\">f\u00fchren wir keine Archive<\/strong> mit personenbezogenen Daten. Deshalb: <\/p><ul data-start=\"2586\" data-end=\"2749\"><li data-start=\"2586\" data-end=\"2659\"><p data-start=\"2588\" data-end=\"2659\">Wir sind <strong data-start=\"2595\" data-end=\"2623\">nicht in der Lage, Ihnen<\/strong> auf Anfrage <strong data-start=\"2595\" data-end=\"2623\">Kopien<\/strong> Ihrer pers\u00f6nlichen Daten <strong data-start=\"2595\" data-end=\"2623\">zur Verf\u00fcgung zu stellen<\/strong>.<\/p><\/li><li data-start=\"2660\" data-end=\"2749\"><p data-start=\"2662\" data-end=\"2749\">Wir sind <strong data-start=\"2669\" data-end=\"2708\">nicht in der Lage, L\u00f6schantr\u00e4ge zu bearbeiten<\/strong>, die \u00fcber unser 1-w\u00f6chiges Datenaufbewahrungsfenster hinausgehen.<\/p><\/li><\/ul><p data-start=\"2751\" data-end=\"2856\">Bei Fragen k\u00f6nnen Sie uns \u00fcber WhatsApp kontaktieren, indem Sie die auf unserer Website angegebenen Kontaktinformationen verwenden.<\/p><hr data-start=\"2858\" data-end=\"2861\"><h2 data-start=\"2863\" data-end=\"2877\">7. Sicherheit<\/h2><p data-start=\"2879\" data-end=\"2940\">Wir ergreifen geeignete Ma\u00dfnahmen zum Schutz Ihrer Daten, einschlie\u00dflich:<\/p><ul data-start=\"2941\" data-end=\"3093\"><li data-start=\"2941\" data-end=\"2970\"><p data-start=\"2943\" data-end=\"2970\">Verwendung von <strong data-start=\"2950\" data-end=\"2970\">HTTPS-Verschl\u00fcsselung<\/strong><\/p><\/li><li data-start=\"2971\" data-end=\"3036\"><p data-start=\"2973\" data-end=\"3036\">Eingeschr\u00e4nkter Zugriff auf pers\u00f6nliche Daten nur durch autorisiertes Personal<\/p><\/li><li data-start=\"3037\" data-end=\"3093\"><p data-start=\"3039\" data-end=\"3093\">Administrative Kontrollen zum Schutz vor unberechtigtem Zugriff<\/p><\/li><\/ul><hr data-start=\"3095\" data-end=\"3098\"><h2 data-start=\"3100\" data-end=\"3126\">8. Cookies und Tracking<\/h2><p data-start=\"3128\" data-end=\"3185\">Unsere Website kann Cookies und \u00e4hnliche Technologien verwenden, um:<\/p><ul data-start=\"3186\" data-end=\"3243\"><li data-start=\"3186\" data-end=\"3206\"><p data-start=\"3188\" data-end=\"3206\">Sitzungsmanagement<\/p><\/li><li data-start=\"3207\" data-end=\"3243\"><p data-start=\"3209\" data-end=\"3243\">Analytik und Leistungsverfolgung<\/p><\/li><\/ul><p data-start=\"3245\" data-end=\"3299\">Sie k\u00f6nnen Cookies \u00fcber Ihre Browsereinstellungen steuern.<\/p><hr data-start=\"3301\" data-end=\"3304\"><h2 data-start=\"3306\" data-end=\"3331\">9. Inhalte von Drittanbietern<\/h2><p data-start=\"3333\" data-end=\"3519\">Unsere Website kann eingebettete Inhalte enthalten (z.B. YouTube-Videos, Google Maps), die unabh\u00e4ngig voneinander Daten sammeln k\u00f6nnen. Diese unterliegen den Datenschutzrichtlinien der jeweiligen Plattformen. <\/p><hr data-start=\"3521\" data-end=\"3524\"><h2 data-start=\"3526\" data-end=\"3557\">10. Bewertungen und Benutzerinhalte<\/h2><p data-start=\"3559\" data-end=\"3712\">Wir k\u00f6nnen Kundenrezensionen und Fotos anzeigen, die von <strong data-start=\"3615\" data-end=\"3630\">Google Maps<\/strong> und <strong data-start=\"3635\" data-end=\"3650\">TripAdvisor<\/strong> stammen. Wir sammeln keine Bewertungen oder Fotos direkt auf der Website. <\/p><hr data-start=\"3714\" data-end=\"3717\"><h2 data-start=\"3719\" data-end=\"3733\">11. Kontakt<\/h2><p data-start=\"3735\" data-end=\"3905\">Wenn Sie Fragen zu dieser Datenschutzerkl\u00e4rung haben, kontaktieren Sie uns bitte \u00fcber unseren offiziellen <strong data-start=\"3823\" data-end=\"3843\">WhatsApp-Kanal<\/strong>, der unter <a class=\"\" href=\"https:\/\/www.nakee.spa\/de\/\" target=\"_new\" rel=\"noopener\" data-start=\"3858\" data-end=\"3904\">https:\/\/www.nakee.spa erreichbar ist .<\/a><\/p>\t\t\t\t\t\t\t\t<\/div>\n\t\t\t\t\t<\/div>\n\t\t\t\t<\/div>\n\t\t\t\t<\/div>\n\t\t\t\t\t<\/div>\n\t\t<\/div>\n\t\t\t\t\t\t<\/div>\n\t\t\t\t\t<\/div>\n\t\t\t\t<\/div>\n\t\t\t\t<\/div>\n\t\t","protected":false},"excerpt":{"rendered":"<p>Vereinfacht Legal Datum des Inkrafttretens: 1-Jan-2025 Unter Nakee Thai Massage CO. LTD ist Ihre Privatsph\u00e4re f\u00fcr uns wichtig. Auf dieser Seite erfahren Sie, welche pers\u00f6nlichen Daten wir erfassen und wie wir sie verwenden, wenn Sie uns \u00fcber www.nakee.spa besuchen oder kontaktieren . 1. Wer wir sind Unser Firmenname lautet Nakee Thai Massage CO. LTD . [&hellip;]<\/p>\n","protected":false},"author":1,"featured_media":0,"parent":0,"menu_order":0,"comment_status":"closed","ping_status":"closed","template":"","meta":{"_acf_changed":false,"footnotes":""},"class_list":["post-10568","page","type-page","status-publish","hentry"],"acf":[],"_links":{"self":[{"href":"https:\/\/www.nakee.spa\/de\/wp-json\/wp\/v2\/pages\/10568","targetHints":{"allow":["GET"]}}],"collection":[{"href":"https:\/\/www.nakee.spa\/de\/wp-json\/wp\/v2\/pages"}],"about":[{"href":"https:\/\/www.nakee.spa\/de\/wp-json\/wp\/v2\/types\/page"}],"author":[{"embeddable":true,"href":"https:\/\/www.nakee.spa\/de\/wp-json\/wp\/v2\/users\/1"}],"replies":[{"embeddable":true,"href":"https:\/\/www.nakee.spa\/de\/wp-json\/wp\/v2\/comments?post=10568"}],"version-history":[{"count":3,"href":"https:\/\/www.nakee.spa\/de\/wp-json\/wp\/v2\/pages\/10568\/revisions"}],"predecessor-version":[{"id":11319,"href":"https:\/\/www.nakee.spa\/de\/wp-json\/wp\/v2\/pages\/10568\/revisions\/11319"}],"wp:attachment":[{"href":"https:\/\/www.nakee.spa\/de\/wp-json\/wp\/v2\/media?parent=10568"}],"curies":[{"name":"wp","href":"https:\/\/api.w.org\/{rel}","templated":true}]}}