{"id":10608,"date":"2025-06-04T01:16:08","date_gmt":"2025-06-03T18:16:08","guid":{"rendered":"https:\/\/www.nakee.spa\/rueckerstattung-und-rueckgabebedingungen\/"},"modified":"2025-06-08T15:13:15","modified_gmt":"2025-06-08T08:13:15","slug":"rueckerstattung-und-rueckgabebedingungen","status":"publish","type":"page","link":"https:\/\/www.nakee.spa\/de\/rueckerstattung-und-rueckgabebedingungen\/","title":{"rendered":"R\u00fcckerstattung und R\u00fcckgabebedingungen"},"content":{"rendered":"<noscript><iframe src=\"https:\/\/www.googletagmanager.com\/ns.html?id=GTM-WM2WH3P6\" height=\"0\" width=\"0\" style=\"display:none;visibility:hidden\"><\/iframe><\/noscript>\t\t<div data-elementor-type=\"wp-page\" data-elementor-id=\"10608\" class=\"elementor elementor-10608 elementor-513\" data-elementor-post-type=\"page\">\n\t\t\t\t<div class=\"elementor-element elementor-element-77d6257a policy-tabs e-flex e-con-boxed e-con e-parent\" data-id=\"77d6257a\" data-element_type=\"container\" data-e-type=\"container\">\n\t\t\t\t\t<div class=\"e-con-inner\">\n\t\t\t\t<div class=\"elementor-element elementor-element-59fff250 elementor-widget elementor-widget-text-editor\" data-id=\"59fff250\" data-element_type=\"widget\" data-e-type=\"widget\" data-widget_type=\"text-editor.default\">\n\t\t\t\t\t\t\t\t\t<p>Datum des Inkrafttretens: 1-Jan-2025<\/p>\n<p>Bei Nakee Thai Massage and Spa haben wir uns auf Wellness-Dienstleistungen vor Ort spezialisiert, darunter Thai-Massage, \u00d6lmassage, Fu\u00dfmassage und \u00e4hnliche Behandlungen.<\/p>\n<hr><h2>1. Keine R\u00fcckerstattung oder R\u00fcckgabe<\/h2>\n<p>Wir bieten keine R\u00fcckerstattung oder R\u00fcckgabe f\u00fcr unsere Dienstleistungen an. Alle Dienstleistungen werden direkt in unseren Filialen oder durch vorher vereinbarte Massagebesuche au\u00dferhalb erbracht. Da wir keine physischen Waren verkaufen oder liefern, gibt es auch keine Artikel, die Sie zur\u00fcckgeben k\u00f6nnen.  <\/p>\n<hr><h2>2. Service-Bedenken<\/h2>\n<p>Sollten Sie w\u00e4hrend oder nach einer Sitzung ein Problem haben, bitten wir Sie, mit unseren Mitarbeitern zu sprechen oder uns direkt zu kontaktieren. Wir sind bestrebt, einen hohen Servicestandard aufrechtzuerhalten und werden Ihre Anliegen von Fall zu Fall pr\u00fcfen. <\/p>\n<hr><h2>3. Kontaktinformationen<\/h2>\n<p>Bei Fragen zu unseren Erstattungs- und R\u00fcckgabebestimmungen kontaktieren Sie uns bitte per WhatsApp unter der auf unserer Website angegebenen Nummer: https:\/\/www.nakee.spa.<\/p>\n<p><\/p>\t\t\t\t\t\t\t\t<\/div>\n\t\t\t\t\t<\/div>\n\t\t\t\t<\/div>\n\t\t\t\t<\/div>\n\t\t","protected":false},"excerpt":{"rendered":"<p>Datum des Inkrafttretens: 1-Jan-2025 Bei Nakee Thai Massage and Spa haben wir uns auf Wellness-Dienstleistungen vor Ort spezialisiert, darunter Thai-Massage, \u00d6lmassage, Fu\u00dfmassage und \u00e4hnliche Behandlungen. 1. Keine R\u00fcckerstattung oder R\u00fcckgabe Wir bieten keine R\u00fcckerstattung oder R\u00fcckgabe f\u00fcr unsere Dienstleistungen an. Alle Dienstleistungen werden direkt in unseren Filialen oder durch vorher vereinbarte Massagebesuche au\u00dferhalb erbracht. Da [&hellip;]<\/p>\n","protected":false},"author":1,"featured_media":0,"parent":0,"menu_order":0,"comment_status":"closed","ping_status":"closed","template":"","meta":{"_acf_changed":false,"footnotes":""},"class_list":["post-10608","page","type-page","status-publish","hentry"],"acf":[],"_links":{"self":[{"href":"https:\/\/www.nakee.spa\/de\/wp-json\/wp\/v2\/pages\/10608","targetHints":{"allow":["GET"]}}],"collection":[{"href":"https:\/\/www.nakee.spa\/de\/wp-json\/wp\/v2\/pages"}],"about":[{"href":"https:\/\/www.nakee.spa\/de\/wp-json\/wp\/v2\/types\/page"}],"author":[{"embeddable":true,"href":"https:\/\/www.nakee.spa\/de\/wp-json\/wp\/v2\/users\/1"}],"replies":[{"embeddable":true,"href":"https:\/\/www.nakee.spa\/de\/wp-json\/wp\/v2\/comments?post=10608"}],"version-history":[{"count":1,"href":"https:\/\/www.nakee.spa\/de\/wp-json\/wp\/v2\/pages\/10608\/revisions"}],"predecessor-version":[{"id":10610,"href":"https:\/\/www.nakee.spa\/de\/wp-json\/wp\/v2\/pages\/10608\/revisions\/10610"}],"wp:attachment":[{"href":"https:\/\/www.nakee.spa\/de\/wp-json\/wp\/v2\/media?parent=10608"}],"curies":[{"name":"wp","href":"https:\/\/api.w.org\/{rel}","templated":true}]}}