{"id":8798,"date":"2025-01-27T02:54:31","date_gmt":"2025-01-26T19:54:31","guid":{"rendered":"https:\/\/www.nakee.spa\/zweige\/"},"modified":"2025-02-09T20:45:22","modified_gmt":"2025-02-09T13:45:22","slug":"zweige","status":"publish","type":"page","link":"https:\/\/www.nakee.spa\/de\/zweige\/","title":{"rendered":"Filialen"},"content":{"rendered":"<noscript><iframe src=\"https:\/\/www.googletagmanager.com\/ns.html?id=GTM-WM2WH3P6\" height=\"0\" width=\"0\" style=\"display:none;visibility:hidden\"><\/iframe><\/noscript>\t\t<div data-elementor-type=\"wp-page\" data-elementor-id=\"8798\" class=\"elementor elementor-8798 elementor-8761\" data-elementor-post-type=\"page\">\n\t\t\t\t<div class=\"elementor-element elementor-element-63e4d2c6 e-flex e-con-boxed e-con e-parent\" data-id=\"63e4d2c6\" data-element_type=\"container\" data-e-type=\"container\" data-settings=\"{&quot;background_background&quot;:&quot;classic&quot;}\">\n\t\t\t\t\t<div class=\"e-con-inner\">\n\t\t\t\t<div class=\"elementor-element elementor-element-3f9864e4 elementor-widget elementor-widget-woocommerce-breadcrumb\" data-id=\"3f9864e4\" data-element_type=\"widget\" data-e-type=\"widget\" data-widget_type=\"woocommerce-breadcrumb.default\">\n\t\t\t\t\t<nav class=\"woocommerce-breadcrumb\" aria-label=\"Breadcrumb\">Start<\/nav>\t\t\t\t<\/div>\n\t\t\t\t\t<\/div>\n\t\t\t\t<\/div>\n\t\t<div class=\"elementor-element elementor-element-a640724 e-flex e-con-boxed e-con e-parent\" data-id=\"a640724\" data-element_type=\"container\" data-e-type=\"container\" data-settings=\"{&quot;background_background&quot;:&quot;classic&quot;}\">\n\t\t\t\t\t<div class=\"e-con-inner\">\n\t\t\t\t<div class=\"elementor-element elementor-element-642b05d f-nas elementor-widget elementor-widget-text-editor\" data-id=\"642b05d\" data-element_type=\"widget\" data-e-type=\"widget\" data-widget_type=\"text-editor.default\">\n\t\t\t\t\t\t\t\t\t<p>Behandeln Sie wie kein anderer<\/p>\n\t\t\t\t\t\t\t\t<\/div>\n\t\t\t\t<div class=\"elementor-element elementor-element-566b7ae elementor-widget elementor-widget-heading\" data-id=\"566b7ae\" data-element_type=\"widget\" data-e-type=\"widget\" data-widget_type=\"heading.default\">\n\t\t\t\t\t<h5 class=\"elementor-heading-title elementor-size-default\">Liste Unserer Filialen<\/h5>\t\t\t\t<\/div>\n\t\t\t\t<div class=\"elementor-element elementor-element-23bbc0cf elementor-widget elementor-widget-heading\" data-id=\"23bbc0cf\" data-element_type=\"widget\" data-e-type=\"widget\" data-widget_type=\"heading.default\">\n\t\t\t\t\t<h2 class=\"elementor-heading-title elementor-size-default\">W\u00e4hlen Sie die n\u00e4chstgelegene Filiale<\/h2>\t\t\t\t<\/div>\n\t\t\t\t\t<\/div>\n\t\t\t\t<\/div>\n\t\t<div class=\"elementor-element elementor-element-3575113d e-con-full e-flex e-con e-parent\" data-id=\"3575113d\" data-element_type=\"container\" data-e-type=\"container\" data-settings=\"{&quot;background_background&quot;:&quot;classic&quot;,&quot;shape_divider_top&quot;:&quot;tilt&quot;}\">\n\t\t\t\t<div class=\"elementor-shape elementor-shape-top\" aria-hidden=\"true\" data-negative=\"false\">\n\t\t\t<svg xmlns=\"http:\/\/www.w3.org\/2000\/svg\" viewBox=\"0 0 1000 100\" preserveAspectRatio=\"none\">\n\t<path class=\"elementor-shape-fill\" d=\"M0,6V0h1000v100L0,6z\"\/>\n<\/svg>\t\t<\/div>\n\t\t<div class=\"elementor-element elementor-element-baf4161 e-flex e-con-boxed e-con e-child\" data-id=\"baf4161\" data-element_type=\"container\" data-e-type=\"container\">\n\t\t\t\t\t<div class=\"e-con-inner\">\n\t\t\t\t<div class=\"elementor-element elementor-element-ea5cfee elementor-widget elementor-widget-shortcode\" data-id=\"ea5cfee\" data-element_type=\"widget\" data-e-type=\"widget\" data-widget_type=\"shortcode.default\">\n\t\t\t\t\t\t\t<div class=\"elementor-shortcode\"><div id=\"map\"><\/div><div class=\"map-alerts\"><div class=\"alert permit-location\"><div class=\"alert-inner\"><div class=\"center update-btn\"><button onclick=\"updateMapDistances()\">\ud83d\udccd Klicken Sie zum Aktualisieren der Entfernungen von Ihrem Standort aus<\/button><\/div><div class=\"center loading\"><div class=\"loader\"><\/div><\/div><\/div><\/div><div class=\"alert permission-required center\" style=\"display:none;\"><div><b>ERROR<\/b><\/div><div>Zugriff auf Standort verweigert<\/div><div>Bitte <b>aktivieren Sie die<\/b> Standortberechtigung in Ihrem Browser, damit wir Ihnen die n\u00e4chstgelegenen Filialen vorschlagen k\u00f6nnen.<\/div><\/div><div class=\"alert no-support\" style=\"display:none\"><center><b>ERROR<\/b><\/center>Leider scheint Ihr Browser die Standortfunktion nicht zu unterst\u00fctzen. Wir sind nicht in der Lage, die n\u00e4chstgelegene Filiale zu berechnen und anzuzeigen. Sie k\u00f6nnen die Karte oben verwenden, um die n\u00e4chstgelegene Filiale manuell zu finden, oder versuchen Sie es mit einem modernen Browser wie Chrome.  <\/div><p class=\"order-message\">Sortiert nach der n\u00e4chstgelegenen Filiale in Ihrer N\u00e4he<\/p><\/div><div class=\"branch-list flip-container branches\"><div class=\"branch flipper branch-911\" data-lat=\"9.4714865\" data-lng=\"100.0545024\"><div class=\"branch_inner animated front\"><div class=\"image cursor-pointer\" style=\"border-right-width: 1px;\"><img fetchpriority=\"high\" decoding=\"async\" width=\"300\" height=\"300\" src=\"https:\/\/www.nakee.spa\/wp-content\/uploads\/2025\/08\/Nakee-Thai-Massage-Lamai-Branch-Foot-Massage-e1753996270806-300x300.webp\" class=\"attachment-medium size-medium\" alt=\"Nakee Thai Massage - Lamai Branch - Foot Massage\" srcset=\"https:\/\/www.nakee.spa\/wp-content\/uploads\/2025\/08\/Nakee-Thai-Massage-Lamai-Branch-Foot-Massage-e1753996270806-300x300.webp 300w, https:\/\/www.nakee.spa\/wp-content\/uploads\/2025\/08\/Nakee-Thai-Massage-Lamai-Branch-Foot-Massage-e1753996270806-100x100.webp 100w, https:\/\/www.nakee.spa\/wp-content\/uploads\/2025\/08\/Nakee-Thai-Massage-Lamai-Branch-Foot-Massage-e1753996270806-600x600.webp 600w, https:\/\/www.nakee.spa\/wp-content\/uploads\/2025\/08\/Nakee-Thai-Massage-Lamai-Branch-Foot-Massage-e1753996270806-1024x1024.webp 1024w, https:\/\/www.nakee.spa\/wp-content\/uploads\/2025\/08\/Nakee-Thai-Massage-Lamai-Branch-Foot-Massage-e1753996270806-150x150.webp 150w, https:\/\/www.nakee.spa\/wp-content\/uploads\/2025\/08\/Nakee-Thai-Massage-Lamai-Branch-Foot-Massage-e1753996270806-768x768.webp 768w, https:\/\/www.nakee.spa\/wp-content\/uploads\/2025\/08\/Nakee-Thai-Massage-Lamai-Branch-Foot-Massage-e1753996270806.webp 1200w\" sizes=\"(max-width: 300px) 100vw, 300px\" \/><\/div><div class=\"info\"><p class=\"city\">Ko Samui, Thailand<\/p><h2 class=\"name\"><a class=\"target-page\" href=\"https:\/\/www.nakee.spa\/de\/branch\/lamai-beach\/\">Lamai Beach<\/a><\/h2><p class=\"landmark\">Near Samui Harmony Resort<\/p><div class=\"distance\"><div class=\"nav-actions\"><span class=\"centerBranch\" onclick=\"centerBranch(911)\"><\/span> <a class=\"navigateBranch\" target=\"_blank\" rel=\"noopener noreferrer\" href=\"https:\/\/www.google.com\/maps\/dir\/\/9.4714865,100.0545024\/@9.4714865,100.0545024,16.04z\"><\/a><\/div><span class=\"help\" title=\"Ungef\u00e4hre Entfernung\">Entfernung: ~<\/span> <span class=\"value\">-<\/span><\/div><\/div><div class=\"actions elementor-button-wrapper\"><button onclick=\"goTobranch(this)\" class=\"target-page elementor-button elementor-button-link elementor-size-sm\">Details zur Filiale<\/button><\/div><\/div><div class=\"back\"><div class=\"in\">Neubestellung nach Entfernung<div class=\"loader\"><\/div><\/div><\/div><\/div><div class=\"branch flipper branch-728\" data-lat=\"9.5707806\" data-lng=\"100.0808962\"><div class=\"branch_inner animated front\"><div class=\"image cursor-pointer\" style=\"border-right-width: 1px;\"><img decoding=\"async\" width=\"300\" height=\"300\" src=\"https:\/\/www.nakee.spa\/wp-content\/uploads\/2025\/01\/Nakee-Thai-Massage-7-Spa-Choengmon-Beach-300x300.webp\" class=\"attachment-medium size-medium\" alt=\"Choengmon Beach Branch\" srcset=\"https:\/\/www.nakee.spa\/wp-content\/uploads\/2025\/01\/Nakee-Thai-Massage-7-Spa-Choengmon-Beach-300x300.webp 300w, https:\/\/www.nakee.spa\/wp-content\/uploads\/2025\/01\/Nakee-Thai-Massage-7-Spa-Choengmon-Beach-100x100.webp 100w, https:\/\/www.nakee.spa\/wp-content\/uploads\/2025\/01\/Nakee-Thai-Massage-7-Spa-Choengmon-Beach-600x600.webp 600w, https:\/\/www.nakee.spa\/wp-content\/uploads\/2025\/01\/Nakee-Thai-Massage-7-Spa-Choengmon-Beach-150x150.webp 150w, https:\/\/www.nakee.spa\/wp-content\/uploads\/2025\/01\/Nakee-Thai-Massage-7-Spa-Choengmon-Beach-768x768.webp 768w, https:\/\/www.nakee.spa\/wp-content\/uploads\/2025\/01\/Nakee-Thai-Massage-7-Spa-Choengmon-Beach.webp 1024w\" sizes=\"(max-width: 300px) 100vw, 300px\" \/><\/div><div class=\"info\"><p class=\"city\">Ko Samui, Thailand<\/p><h2 class=\"name\"><a class=\"target-page\" href=\"https:\/\/www.nakee.spa\/de\/branch\/choengmon-beach\/\">Choengmon Strand<\/a><\/h2><p class=\"landmark\">Neben dem Amazon Cafe<\/p><div class=\"distance\"><div class=\"nav-actions\"><span class=\"centerBranch\" onclick=\"centerBranch(728)\"><\/span> <a class=\"navigateBranch\" target=\"_blank\" rel=\"noopener noreferrer\" href=\"https:\/\/www.google.com\/maps\/dir\/\/9.5707806,100.0808962\/@9.5707806,100.0808962,16.04z\"><\/a><\/div><span class=\"help\" title=\"Ungef\u00e4hre Entfernung\">Entfernung: ~<\/span> <span class=\"value\">-<\/span><\/div><\/div><div class=\"actions elementor-button-wrapper\"><button onclick=\"goTobranch(this)\" class=\"target-page elementor-button elementor-button-link elementor-size-sm\">Details zur Filiale<\/button><\/div><\/div><div class=\"back\"><div class=\"in\">Neubestellung nach Entfernung<div class=\"loader\"><\/div><\/div><\/div><\/div><div class=\"branch flipper branch-729\" data-lat=\"9.561369\" data-lng=\"100.021842\"><div class=\"branch_inner animated front\"><div class=\"image cursor-pointer\" style=\"border-right-width: 1px;\"><img decoding=\"async\" width=\"300\" height=\"300\" src=\"https:\/\/www.nakee.spa\/wp-content\/uploads\/2025\/02\/bo-phut-beach-branch-1-300x300.webp\" class=\"attachment-medium size-medium\" alt=\"Bo Phut Beach Branch\" srcset=\"https:\/\/www.nakee.spa\/wp-content\/uploads\/2025\/02\/bo-phut-beach-branch-1-300x300.webp 300w, https:\/\/www.nakee.spa\/wp-content\/uploads\/2025\/02\/bo-phut-beach-branch-1-100x100.webp 100w, https:\/\/www.nakee.spa\/wp-content\/uploads\/2025\/02\/bo-phut-beach-branch-1-600x600.webp 600w, https:\/\/www.nakee.spa\/wp-content\/uploads\/2025\/02\/bo-phut-beach-branch-1-150x150.webp 150w, https:\/\/www.nakee.spa\/wp-content\/uploads\/2025\/02\/bo-phut-beach-branch-1-768x768.webp 768w, https:\/\/www.nakee.spa\/wp-content\/uploads\/2025\/02\/bo-phut-beach-branch-1.webp 800w\" sizes=\"(max-width: 300px) 100vw, 300px\" \/><\/div><div class=\"info\"><p class=\"city\">Ko Samui, Thailand<\/p><h2 class=\"name\"><a class=\"target-page\" href=\"https:\/\/www.nakee.spa\/de\/branch\/bo-phut-beach\/\">Bo Phut Strand<\/a><\/h2><p class=\"landmark\">Neben dem Agarden Resort<\/p><div class=\"distance\"><div class=\"nav-actions\"><span class=\"centerBranch\" onclick=\"centerBranch(729)\"><\/span> <a class=\"navigateBranch\" target=\"_blank\" rel=\"noopener noreferrer\" href=\"https:\/\/www.google.com\/maps\/dir\/\/9.561369,100.021842\/@9.561369,100.021842,16.04z\"><\/a><\/div><span class=\"help\" title=\"Ungef\u00e4hre Entfernung\">Entfernung: ~<\/span> <span class=\"value\">-<\/span><\/div><\/div><div class=\"actions elementor-button-wrapper\"><button onclick=\"goTobranch(this)\" class=\"target-page elementor-button elementor-button-link elementor-size-sm\">Details zur Filiale<\/button><\/div><\/div><div class=\"back\"><div class=\"in\">Neubestellung nach Entfernung<div class=\"loader\"><\/div><\/div><\/div><\/div><\/div><div class=\"branch-list flip-container branches\"><\/div><script>const google_map_key = \"AIzaSyDME14DZNAzbgAFzu3_9ixh96SfqOrXR14\";let map,myLocation=null, bounds, infoWindow, nakeeMarkers = {911:{ id: \"911\", name: \"Lamai Beach\",status: \"active\", title: \"Lamai Beach\", position: { lat: 9.4714865, lng: 100.0545024 } },728:{ id: \"728\", name: \"Choengmon Strand\",status: \"active\", title: \"Choengmon Beach\", position: { lat: 9.5707806, lng: 100.0808962 } },729:{ id: \"729\", name: \"Bo Phut Strand\",status: \"active\", title: \"Bo Phut Beach\", position: { lat: 9.561369, lng: 100.021842 } },};const bls = {branch: \"Filiale\", km: \"KM\", arUhere: \"Sie sind hier\", vistedBr: \"Ihre letzte Buchung\"};<\/script><\/div>\n\t\t\t\t\t\t<\/div>\n\t\t\t\t\t<\/div>\n\t\t\t\t<\/div>\n\t\t\t\t<\/div>\n\t\t\t\t<\/div>\n\t\t","protected":false},"excerpt":{"rendered":"<p>Behandeln Sie wie kein anderer Liste Unserer Filialen W\u00e4hlen Sie die n\u00e4chstgelegene Filiale<\/p>\n","protected":false},"author":1,"featured_media":0,"parent":0,"menu_order":0,"comment_status":"closed","ping_status":"closed","template":"","meta":{"_acf_changed":false,"footnotes":""},"class_list":["post-8798","page","type-page","status-publish","hentry"],"acf":[],"_links":{"self":[{"href":"https:\/\/www.nakee.spa\/de\/wp-json\/wp\/v2\/pages\/8798","targetHints":{"allow":["GET"]}}],"collection":[{"href":"https:\/\/www.nakee.spa\/de\/wp-json\/wp\/v2\/pages"}],"about":[{"href":"https:\/\/www.nakee.spa\/de\/wp-json\/wp\/v2\/types\/page"}],"author":[{"embeddable":true,"href":"https:\/\/www.nakee.spa\/de\/wp-json\/wp\/v2\/users\/1"}],"replies":[{"embeddable":true,"href":"https:\/\/www.nakee.spa\/de\/wp-json\/wp\/v2\/comments?post=8798"}],"version-history":[{"count":6,"href":"https:\/\/www.nakee.spa\/de\/wp-json\/wp\/v2\/pages\/8798\/revisions"}],"predecessor-version":[{"id":9483,"href":"https:\/\/www.nakee.spa\/de\/wp-json\/wp\/v2\/pages\/8798\/revisions\/9483"}],"wp:attachment":[{"href":"https:\/\/www.nakee.spa\/de\/wp-json\/wp\/v2\/media?parent=8798"}],"curies":[{"name":"wp","href":"https:\/\/api.w.org\/{rel}","templated":true}]}}