{"id":12386,"date":"2025-11-08T17:20:09","date_gmt":"2025-11-08T10:20:09","guid":{"rendered":"https:\/\/www.nakee.spa\/?post_type=product&#038;p=12386"},"modified":"2025-11-14T00:06:23","modified_gmt":"2025-11-13T17:06:23","slug":"kokosnussol-massage-copy","status":"publish","type":"product","link":"https:\/\/www.nakee.spa\/de\/produkt\/kokosnussol-massage-copy\/","title":{"rendered":"Kokosnuss- oder Aroma-Hei\u00df\u00f6l-Massage"},"content":{"rendered":"<h3>Was ist eine Kokosnuss- oder Aroma-Hei\u00df\u00f6l-Massage?<\/h3>\n<p>Die Kokosnuss- oder Aroma-Warm\u00f6l-Massage ist eine tief entspannende Behandlung, die die Vorteile von sanfter W\u00e4rme, sanften Massagestrichen und pflegenden \u00d6len kombiniert. Warmes Kokosnuss\u00f6l oder aromatische \u00e4therische \u00d6le werden auf den K\u00f6rper aufgetragen, um die Muskeln zu lockern, die Durchblutung zu verbessern und den Geist zu beruhigen. Die W\u00e4rme tr\u00e4gt dazu bei, dass die \u00d6le tief in den K\u00f6rper einziehen, so dass Ihre Haut mit Feuchtigkeit versorgt wird und Ihr K\u00f6rper v\u00f6llig entspannt ist.  <\/p>\n<h3>Vorteile einer Kokosnuss- oder Aroma-Hei\u00df\u00f6l-Massage<\/h3>\n<ol>\n<li><strong>Entspannung der Muskeln<\/strong>: W\u00e4rme und Massage lindern Steifheit und Verspannungen.<\/li>\n<li><strong>Hautnahrung<\/strong>: Kokosnuss\u00f6l spendet der Haut viel Feuchtigkeit und macht sie geschmeidig.<\/li>\n<li><strong>Verbesserte Durchblutung<\/strong>: F\u00f6rdert den Blutfluss und den Energiehaushalt.<\/li>\n<li><strong>Stressabbau<\/strong>: Beruhigendes Aroma und W\u00e4rme entspannen den Geist.<\/li>\n<li><strong>Entgiftung<\/strong>: Regt den Lymphfluss an und reinigt den K\u00f6rper.<\/li>\n<li><strong>Verbesserte Schlafqualit\u00e4t<\/strong>: F\u00f6rdert einen erholsamen und tieferen Schlaf.<\/li>\n<\/ol>\n<h3>Warum eine Kokosnuss- oder Aroma-Hei\u00df\u00f6lmassage?<\/h3>\n<p>W\u00e4hlen Sie diese Behandlung, um vollkommene Entspannung und Hautverj\u00fcngung zu erleben. Das reichhaltige Kokosnuss\u00f6l aus Koh Samui spendet tiefe Feuchtigkeit und einen tropischen Duft, w\u00e4hrend das Aroma\u00f6l mit seinen thail\u00e4ndisch inspirierten Mischungen f\u00fcr eine sanfte, sensorische Entspannung sorgt. Beide Optionen beruhigen Ihren K\u00f6rper und heben Ihre Stimmung.  <\/p>\n<h3>Vorschl\u00e4ge<\/h3>\n<ul>\n<li>Ideal f\u00fcr alle, die sich Entspannung f\u00fcr den ganzen K\u00f6rper und eine glattere Haut w\u00fcnschen.<\/li>\n<li>Perfekt zum Abbau von Stress und Anspannung nach einem langen Tag.<\/li>\n<li>Empfohlen bei trockener Haut oder Muskelverspannungen.<\/li>\n<\/ul>\n<h3>Erleben Sie eine Kokosnuss- oder Aroma-Hei\u00df\u00f6l-Massage bei Nakee Massage &amp; Spa<\/h3>\n<p>Tauchen Sie ein in W\u00e4rme und Ruhe mit unserer Kokosnuss- oder Aroma-Hei\u00df\u00f6lmassage. Unsere erfahrenen Therapeuten verwenden hochwertige \u00d6le und sanfte W\u00e4rme, um Ihren K\u00f6rper und Geist zu pflegen. Sp\u00fcren Sie, wie sich Ihre Muskeln lockern, Ihre Haut strahlt und Ihr Geist sich entspannt &#8211; nur bei Nakee Thai Massage &amp; Spa.  <\/p>\n","protected":false},"excerpt":{"rendered":"<p>Die Kokosnuss\u00f6lmassage kombiniert wohltuende Massagetechniken mit den feuchtigkeitsspendenden und n\u00e4hrenden Eigenschaften von reinem, nat\u00fcrlichem Kokosnuss\u00f6l. Diese Behandlung f\u00f6rdert die Entspannung, lindert Muskelverspannungen und hinterl\u00e4sst ein weiches und hydratisiertes Hautgef\u00fchl.<\/p>\n","protected":false},"featured_media":12465,"template":"","meta":{"_acf_changed":false,"wds_primary_product_brand":0,"wds_primary_product_cat":0},"product_brand":[],"product_cat":[175],"product_tag":[659,661,750,663,769,662,654,657,650,652,653,655,656,660,664,834,873,782,658,651],"class_list":{"0":"post-12386","1":"product","2":"type-product","3":"status-publish","4":"has-post-thumbnail","6":"product_cat-massagen","7":"product_tag-beste-massage-in-meiner-nahe","8":"product_tag-beste-massage-chaweng","9":"product_tag-beste-massage-in-bo-phut","10":"product_tag-beste-massage-in-chaweng","11":"product_tag-beste-massage-in-choengmon","12":"product_tag-beste-massage-in-koh-samui","13":"product_tag-beste-massage-koh-samui","14":"product_tag-ganzkorpermassage","15":"product_tag-koh-samui-massage-de","16":"product_tag-koh-samui-massage-preise","17":"product_tag-koh-samui-massage-salon","18":"product_tag-koh-samui-thailandische-massage","19":"product_tag-korper-massage-koh-samui","20":"product_tag-massage-in-koh-samui-de","21":"product_tag-massage-in-koh-samui-thailand-de","22":"product_tag-massagesalon","23":"product_tag-thai-massage-bo-phut-de","24":"product_tag-thai-massage-choengmon-de","25":"product_tag-thailandische-massage-in-meiner-nahe","26":"product_tag-thailandische-massage-koh-samui","27":"pa_duration-120-minuten","28":"pa_duration-60-minuten","29":"pa_duration-90-minuten","30":"pa_massage-kokosnussol","31":"pa_menu-category-ol-aroma-entspannung","32":"pa_types-entspannen-beruhigen","34":"first","35":"instock","36":"shipping-taxable","37":"purchasable","38":"product-type-variable"},"acf":[],"_links":{"self":[{"href":"https:\/\/www.nakee.spa\/de\/wp-json\/wp\/v2\/product\/12386","targetHints":{"allow":["GET"]}}],"collection":[{"href":"https:\/\/www.nakee.spa\/de\/wp-json\/wp\/v2\/product"}],"about":[{"href":"https:\/\/www.nakee.spa\/de\/wp-json\/wp\/v2\/types\/product"}],"wp:featuredmedia":[{"embeddable":true,"href":"https:\/\/www.nakee.spa\/de\/wp-json\/wp\/v2\/media\/12465"}],"wp:attachment":[{"href":"https:\/\/www.nakee.spa\/de\/wp-json\/wp\/v2\/media?parent=12386"}],"wp:term":[{"taxonomy":"product_brand","embeddable":true,"href":"https:\/\/www.nakee.spa\/de\/wp-json\/wp\/v2\/product_brand?post=12386"},{"taxonomy":"product_cat","embeddable":true,"href":"https:\/\/www.nakee.spa\/de\/wp-json\/wp\/v2\/product_cat?post=12386"},{"taxonomy":"product_tag","embeddable":true,"href":"https:\/\/www.nakee.spa\/de\/wp-json\/wp\/v2\/product_tag?post=12386"}],"curies":[{"name":"wp","href":"https:\/\/api.w.org\/{rel}","templated":true}]}}