{"id":12773,"date":"2025-11-08T18:18:15","date_gmt":"2025-11-08T11:18:15","guid":{"rendered":"https:\/\/www.nakee.spa\/?post_type=product&#038;p=12773"},"modified":"2025-11-14T00:05:19","modified_gmt":"2025-11-13T17:05:19","slug":"hot-stone-massage-copy","status":"publish","type":"product","link":"https:\/\/www.nakee.spa\/de\/produkt\/hot-stone-massage-copy\/","title":{"rendered":"Hot Stone Massage mit Kokosnuss\u00f6l"},"content":{"rendered":"<h3>Was ist eine Hot Stone Massage mit Kokosnuss\u00f6l?<\/h3>\n<p>Die Hot-Stone-Massage mit Kokosnuss\u00f6l ist die charakteristische Therapie von Nakee, die die uralte Kunst der Heilung mit hei\u00dfen Steinen mit der pflegenden Wirkung von reinem Kokosnuss\u00f6l aus Koh Samui verbindet. Warme Vulkansteine werden aufgelegt und gleiten sanft \u00fcber den K\u00f6rper, um Verspannungen zu l\u00f6sen, w\u00e4hrend das Kokosnuss\u00f6l die Haut intensiv mit Feuchtigkeit versorgt. Diese Behandlung bringt W\u00e4rme, Entspannung und Ausgeglichenheit f\u00fcr K\u00f6rper und Geist, was sie zu einem unserer beliebtesten Erlebnisse macht.  <\/p>\n<h3>Vorteile der Hot Stone Massage mit Kokosnuss\u00f6l<\/h3>\n<ol>\n<li><strong>Tiefenentspannung<\/strong>: Die W\u00e4rme der Steine l\u00f6st Muskelverspannungen und Stress.<\/li>\n<li><strong>Verbesserte Durchblutung<\/strong>: F\u00f6rdert die gesunde Durchblutung und Entgiftung.<\/li>\n<li><strong>Feuchtigkeit und N\u00e4hrstoffe<\/strong>: Kokosnuss\u00f6l macht die Haut weich und versorgt sie mit N\u00e4hrstoffen.<\/li>\n<li><strong>Schmerzlinderung<\/strong>: Lindert Muskelverspannungen und chronische Beschwerden.<\/li>\n<li><strong>Energie-Balance<\/strong>: Stellt die Harmonie durch die thail\u00e4ndisch inspirierte Platzierung warmer Steine wieder her.<\/li>\n<li><strong>Geistige Gelassenheit<\/strong>: W\u00e4rme und Aroma f\u00f6rdern eine tiefe geistige Entspannung.<\/li>\n<\/ol>\n<h3>Warum eine Hot Stone Massage mit Kokosnuss\u00f6l?<\/h3>\n<p>W\u00e4hlen Sie Nakee&#8217;s Signature Hot Stone Massage, um die perfekte Mischung aus W\u00e4rmetherapie und tropischer Pflege zu erleben. Die warmen Steine entspannen die Muskeln auf einer tieferen Ebene, w\u00e4hrend unser handgefertigtes Bio-Kokosnuss\u00f6l aus Koh Samui Ihrer Haut eine nat\u00fcrliche Weichheit und einen strahlenden Glanz verleiht. Es ist eine tief erdende Behandlung, die K\u00f6rper und Geist wieder aufl\u00e4dt.  <\/p>\n<h3>Vorschl\u00e4ge<\/h3>\n<ul>\n<li>Perfekt f\u00fcr Stressabbau und tiefe Entspannung.<\/li>\n<li>Ideal f\u00fcr Menschen mit Muskelverspannungen oder schlechter Durchblutung.<\/li>\n<li>Empfehlenswert f\u00fcr alle, die das unverwechselbare Spa-Erlebnis von Nakee suchen.<\/li>\n<\/ul>\n<h3>Erleben Sie eine Hot Stone Massage mit Kokosnuss\u00f6l bei Nakee Massage &amp; Spa<\/h3>\n<p>Tauchen Sie ein in die W\u00e4rme und Gelassenheit unserer Signature Hot Stone Massage. Bei Nakee Massage &amp; Spa kombinieren unsere erfahrenen Therapeuten die wohltuende Kraft von erhitzten Steinen mit der Reichhaltigkeit von reinem Kokosnuss\u00f6l und sorgen so f\u00fcr absolute Entspannung. F\u00fchlen Sie, wie Ihre Verspannungen dahinschmelzen und Ihr K\u00f6rper sich in der Essenz wahrer thail\u00e4ndischer Wellness erneuert.  <\/p>\n","protected":false},"excerpt":{"rendered":"<p>Die Hot Stone Massage ist eine einzigartige therapeutische Behandlung, die die Vorteile von beheizten Steinen und Massagetechniken kombiniert. Sie hilft dabei, Muskelverspannungen zu l\u00f6sen, die Durchblutung zu verbessern und die Entspannung zu f\u00f6rdern. Diese Massage ist ideal f\u00fcr Menschen mit chronischen Schmerzen oder hohem Stresslevel und sorgt f\u00fcr tiefe Muskelentspannung und allgemeines Wohlbefinden.  <\/p>\n","protected":false},"featured_media":13009,"template":"","meta":{"_acf_changed":false,"wds_primary_product_brand":0,"wds_primary_product_cat":0},"product_brand":[],"product_cat":[175],"product_tag":[659,661,750,663,769,662,654,657,650,652,653,655,656,660,664,834,873,782,658,651],"class_list":{"0":"post-12773","1":"product","2":"type-product","3":"status-publish","4":"has-post-thumbnail","6":"product_cat-massagen","7":"product_tag-beste-massage-in-meiner-nahe","8":"product_tag-beste-massage-chaweng","9":"product_tag-beste-massage-in-bo-phut","10":"product_tag-beste-massage-in-chaweng","11":"product_tag-beste-massage-in-choengmon","12":"product_tag-beste-massage-in-koh-samui","13":"product_tag-beste-massage-koh-samui","14":"product_tag-ganzkorpermassage","15":"product_tag-koh-samui-massage-de","16":"product_tag-koh-samui-massage-preise","17":"product_tag-koh-samui-massage-salon","18":"product_tag-koh-samui-thailandische-massage","19":"product_tag-korper-massage-koh-samui","20":"product_tag-massage-in-koh-samui-de","21":"product_tag-massage-in-koh-samui-thailand-de","22":"product_tag-massagesalon","23":"product_tag-thai-massage-bo-phut-de","24":"product_tag-thai-massage-choengmon-de","25":"product_tag-thailandische-massage-in-meiner-nahe","26":"product_tag-thailandische-massage-koh-samui","27":"pa_duration-120-minuten","28":"pa_duration-90-minuten","29":"pa_massage-heiser-stein","30":"pa_massage-kokosnussol","31":"pa_menu-category-nakee-signature-steintherapien","32":"pa_types-entspannen-beruhigen","34":"first","35":"instock","36":"shipping-taxable","37":"purchasable","38":"product-type-variable"},"acf":[],"_links":{"self":[{"href":"https:\/\/www.nakee.spa\/de\/wp-json\/wp\/v2\/product\/12773","targetHints":{"allow":["GET"]}}],"collection":[{"href":"https:\/\/www.nakee.spa\/de\/wp-json\/wp\/v2\/product"}],"about":[{"href":"https:\/\/www.nakee.spa\/de\/wp-json\/wp\/v2\/types\/product"}],"wp:featuredmedia":[{"embeddable":true,"href":"https:\/\/www.nakee.spa\/de\/wp-json\/wp\/v2\/media\/13009"}],"wp:attachment":[{"href":"https:\/\/www.nakee.spa\/de\/wp-json\/wp\/v2\/media?parent=12773"}],"wp:term":[{"taxonomy":"product_brand","embeddable":true,"href":"https:\/\/www.nakee.spa\/de\/wp-json\/wp\/v2\/product_brand?post=12773"},{"taxonomy":"product_cat","embeddable":true,"href":"https:\/\/www.nakee.spa\/de\/wp-json\/wp\/v2\/product_cat?post=12773"},{"taxonomy":"product_tag","embeddable":true,"href":"https:\/\/www.nakee.spa\/de\/wp-json\/wp\/v2\/product_tag?post=12773"}],"curies":[{"name":"wp","href":"https:\/\/api.w.org\/{rel}","templated":true}]}}