{"id":3626,"date":"2024-07-06T09:25:27","date_gmt":"2024-07-06T09:25:27","guid":{"rendered":"https:\/\/www.nakee.spa\/product\/thai-massage\/"},"modified":"2025-11-14T01:22:05","modified_gmt":"2025-11-13T18:22:05","slug":"thai-massage","status":"publish","type":"product","link":"https:\/\/www.nakee.spa\/de\/produkt\/thai-massage\/","title":{"rendered":"Thai-Massage"},"content":{"rendered":"<h3>Was ist Thai-Massage?<\/h3>\n<p>Die Thai-Massage ist eine uralte Heilmethode, die Akupressur, indische ayurvedische Prinzipien und unterst\u00fctzte Yogastellungen kombiniert. Im Gegensatz zu typischen westlichen Massagen wird die Thai-Massage auf einer Matte auf dem Boden durchgef\u00fchrt, wobei der Kunde vollst\u00e4ndig bekleidet bleibt. Der Therapeut setzt H\u00e4nde, Ellbogen, Knie und F\u00fc\u00dfe ein, um Druck auszu\u00fcben und den K\u00f6rper zu dehnen, mit dem Ziel, die Flexibilit\u00e4t zu erh\u00f6hen, Spannungen abzubauen und den Energiefluss zu verbessern.<\/p>\n<h3>Vorteile der Thai-Massage<\/h3>\n<ol>\n<li><strong>Verbessert die Beweglichkeit<\/strong>: Verbessert die Flexibilit\u00e4t der Gelenke und Muskeln.<\/li>\n<li><strong>Reduziert Stress<\/strong>: Lindert Stress und f\u00f6rdert die Entspannung.<\/li>\n<li><strong>Steigert die Energie<\/strong>: Erh\u00f6ht das Energieniveau und die geistige Klarheit.<\/li>\n<li><strong>Schmerzlinderung<\/strong>: Lindert chronische Schmerzen und Muskelkater.<\/li>\n<li><strong>Verbessert die Durchblutung<\/strong>: Verbessert die Blut- und Lymphzirkulation.<\/li>\n<li><strong>Gleicht die Energie aus<\/strong>: F\u00f6rdert das Gleichgewicht der K\u00f6rperenergie.<\/li>\n<\/ol>\n<h3>Warum eine Thai-Massage?<\/h3>\n<p>W\u00e4hlen Sie die Thai-Massage wegen ihrer einzigartigen Kombination aus k\u00f6rperlichen und energetischen Vorteilen. Dieser therapeutische Ansatz behandelt nicht nur k\u00f6rperliche Beschwerden, sondern verbessert auch das allgemeine Wohlbefinden. Es ist die ideale Wahl f\u00fcr diejenigen, die eine ganzheitliche Therapie suchen, die k\u00f6rperliche, geistige und spirituelle Gesundheit integriert.<\/p>\n<h3>Vorschl\u00e4ge<\/h3>\n<ul>\n<li>Geeignet f\u00fcr alle, die unter Muskelsteifheit und Gelenkschmerzen leiden.<\/li>\n<li>Ideal f\u00fcr Personen, die ihre Flexibilit\u00e4t und ihren Energiefluss verbessern m\u00f6chten.<\/li>\n<li>Wohltuend f\u00fcr alle, die eine tief entspannende und ganzheitliche Heilerfahrung suchen.<\/li>\n<\/ul>\n<h3>Erleben Sie eine Thai-Massage bei Nakee Massage &amp; Spa<\/h3>\n<p>Bei Nakee Massage &amp; Spa erleben Sie die beste und authentischste Thai-Massage. Unsere erfahrenen Therapeuten sind in traditionellen Techniken geschult, um eine umfassende Heilerfahrung zu bieten. Ganz gleich, ob Sie sich von Muskelverspannungen befreien, Ihre Beweglichkeit verbessern oder Ihren Energiehaushalt wieder ins Gleichgewicht bringen m\u00f6chten, unsere Thai-Massage bietet Ihnen tiefgreifende Vorteile. Die ruhige Spa-Umgebung tr\u00e4gt zur Entspannung bei und sorgt daf\u00fcr, dass Sie sich revitalisiert und ausgeglichen f\u00fchlen.<\/p>\n","protected":false},"excerpt":{"rendered":"<p>Erleben Sie die beste und authentischste Thai-Massage bei Nakee Massage &amp; Spa. Unsere erfahrenen Therapeuten wenden traditionelle Techniken an, um Ihnen ein tief entspannendes und verj\u00fcngendes Erlebnis zu bieten. Die Thai-Massage kombiniert Akupressur, tiefe Dehnung und rhythmische Kompression, um die Flexibilit\u00e4t zu verbessern, Muskelverspannungen zu l\u00f6sen und das allgemeine Wohlbefinden zu steigern. Genie\u00dfen Sie die ultimative Entspannung mit unserer authentischen Thai-Massage, die auf Ihre Bed\u00fcrfnisse zugeschnitten ist, um das bestm\u00f6gliche Ergebnis zu erzielen. Entdecken Sie, warum Nakee Massage &amp; Spa die beste Thai-Massage-Erfahrung in der Region bietet.<\/p>\n","protected":false},"featured_media":13001,"template":"","meta":{"_acf_changed":false,"wds_primary_product_brand":0,"wds_primary_product_cat":0},"product_brand":[],"product_cat":[175],"product_tag":[659,661,750,663,769,662,654,657,650,652,653,655,656,660,664,834,873,782,658,651],"class_list":{"0":"post-3626","1":"product","2":"type-product","3":"status-publish","4":"has-post-thumbnail","6":"product_cat-massagen","7":"product_tag-beste-massage-in-meiner-nahe","8":"product_tag-beste-massage-chaweng","9":"product_tag-beste-massage-in-bo-phut","10":"product_tag-beste-massage-in-chaweng","11":"product_tag-beste-massage-in-choengmon","12":"product_tag-beste-massage-in-koh-samui","13":"product_tag-beste-massage-koh-samui","14":"product_tag-ganzkorpermassage","15":"product_tag-koh-samui-massage-de","16":"product_tag-koh-samui-massage-preise","17":"product_tag-koh-samui-massage-salon","18":"product_tag-koh-samui-thailandische-massage","19":"product_tag-korper-massage-koh-samui","20":"product_tag-massage-in-koh-samui-de","21":"product_tag-massage-in-koh-samui-thailand-de","22":"product_tag-massagesalon","23":"product_tag-thai-massage-bo-phut-de","24":"product_tag-thai-massage-choengmon-de","25":"product_tag-thailandische-massage-in-meiner-nahe","26":"product_tag-thailandische-massage-koh-samui","27":"pa_duration-120-minuten","28":"pa_duration-60-minuten","29":"pa_duration-90-minuten","30":"pa_massage-thai-massage-de","31":"pa_menu-category-traditionelle-thai-therapien","32":"pa_types-stretch-thai-stil","34":"first","35":"instock","36":"shipping-taxable","37":"purchasable","38":"product-type-variable"},"acf":[],"_links":{"self":[{"href":"https:\/\/www.nakee.spa\/de\/wp-json\/wp\/v2\/product\/3626","targetHints":{"allow":["GET"]}}],"collection":[{"href":"https:\/\/www.nakee.spa\/de\/wp-json\/wp\/v2\/product"}],"about":[{"href":"https:\/\/www.nakee.spa\/de\/wp-json\/wp\/v2\/types\/product"}],"wp:featuredmedia":[{"embeddable":true,"href":"https:\/\/www.nakee.spa\/de\/wp-json\/wp\/v2\/media\/13001"}],"wp:attachment":[{"href":"https:\/\/www.nakee.spa\/de\/wp-json\/wp\/v2\/media?parent=3626"}],"wp:term":[{"taxonomy":"product_brand","embeddable":true,"href":"https:\/\/www.nakee.spa\/de\/wp-json\/wp\/v2\/product_brand?post=3626"},{"taxonomy":"product_cat","embeddable":true,"href":"https:\/\/www.nakee.spa\/de\/wp-json\/wp\/v2\/product_cat?post=3626"},{"taxonomy":"product_tag","embeddable":true,"href":"https:\/\/www.nakee.spa\/de\/wp-json\/wp\/v2\/product_tag?post=3626"}],"curies":[{"name":"wp","href":"https:\/\/api.w.org\/{rel}","templated":true}]}}