{"id":5468,"date":"2024-07-06T09:26:59","date_gmt":"2024-07-06T09:26:59","guid":{"rendered":"https:\/\/www.nakee.spa\/product\/oel-massage\/"},"modified":"2025-11-14T01:22:15","modified_gmt":"2025-11-13T18:22:15","slug":"oel-massage","status":"publish","type":"product","link":"https:\/\/www.nakee.spa\/de\/produkt\/oel-massage\/","title":{"rendered":"\u00d6l-Massage"},"content":{"rendered":"<h3>Was ist eine \u00d6lmassage?<\/h3>\n<p>Die \u00d6lmassage ist eine therapeutische Technik, bei der Massage\u00f6l verwendet wird, um das Gleiten der H\u00e4nde des Therapeuten \u00fcber den K\u00f6rper zu verbessern. Diese Art der Massage kombiniert die beruhigenden Eigenschaften von \u00d6len mit traditionellen Massagetechniken, um die Entspannung zu f\u00f6rdern, Muskelverspannungen zu l\u00f6sen und die Durchblutung zu verbessern. Die verwendeten \u00d6le k\u00f6nnen mit verschiedenen \u00e4therischen \u00d6len versetzt werden, um zus\u00e4tzliche aromatherapeutische Wirkungen zu erzielen.  <\/p>\n<h3>Vorteile der \u00d6lmassage<\/h3>\n<ol>\n<li><strong>Entspannung<\/strong>: Entspannt K\u00f6rper und Geist tief.<\/li>\n<li><strong>Entlastung der Muskeln<\/strong>: Reduziert Muskelverspannungen und Muskelkater.<\/li>\n<li><strong>Gesundheit der Haut<\/strong>: N\u00e4hrt und hydratisiert die Haut.<\/li>\n<li><strong>Verbesserte Durchblutung<\/strong>: Verbessert den Blutfluss und die Lymphdrainage.<\/li>\n<li><strong>Stressabbau<\/strong>: Hilft bei Stress und Angstzust\u00e4nden.<\/li>\n<li><strong>Aromatherapie Vorteile<\/strong>: Bietet therapeutische Vorteile durch die Verwendung von \u00e4therischen \u00d6len.<\/li>\n<\/ol>\n<h3>Warum eine \u00d6lmassage?<\/h3>\n<p>Entscheiden Sie sich f\u00fcr die \u00d6lmassage wegen ihrer umfassenden Vorteile, darunter tiefe Entspannung, verbesserte Hautgesundheit und Stressabbau. Diese Massage ist perfekt f\u00fcr alle, die sich entspannen und K\u00f6rper und Geist verj\u00fcngen m\u00f6chten. Die Verwendung von \u00d6l erm\u00f6glicht sanftere und flie\u00dfendere Bewegungen, die das Massageerlebnis insgesamt verbessern.  <\/p>\n<h3>Vorschl\u00e4ge<\/h3>\n<ul>\n<li>Ideal f\u00fcr alle, die Entspannung und Stressabbau suchen.<\/li>\n<li>Dank der feuchtigkeitsspendenden Eigenschaften der \u00d6le besonders gut f\u00fcr trockene oder empfindliche Haut geeignet.<\/li>\n<li>Perfekt, um das gesamte Spa-Erlebnis mit einer Aromatherapie zu bereichern.<\/li>\n<\/ul>\n<h3>Erleben Sie eine \u00d6lmassage bei Nakee Massage &amp; Spa<\/h3>\n<p>Erleben Sie die beste \u00d6lmassage bei Nakee Massage &amp; Spa. Unsere geschulten Therapeuten verwenden hochwertige \u00d6le, um eine wohltuende und therapeutische Massageerfahrung zu bieten. Ganz gleich, ob Sie Muskelverspannungen l\u00f6sen, Ihre Haut mit Feuchtigkeit versorgen oder einfach nur entspannen m\u00f6chten, unsere \u00d6lmassage bietet die perfekte L\u00f6sung. Die beruhigende Umgebung und die fachkundigen Techniken sorgen daf\u00fcr, dass Sie sich erfrischt und verj\u00fcngt f\u00fchlen.   <\/p>\n","protected":false},"excerpt":{"rendered":"<p>Erleben Sie die beste und authentischste \u00d6lmassage bei Nakee Massage &amp; Spa. Unsere geschulten Therapeuten verwenden hochwertige nat\u00fcrliche \u00d6le, um Ihnen ein tief entspannendes und verj\u00fcngendes Erlebnis zu bieten. Diese Massage lockert nicht nur Muskelverspannungen und verbessert die Durchblutung, sondern hinterl\u00e4sst auch ein gepflegtes und hydratisiertes Hautgef\u00fchl. Genie\u00dfen Sie die ultimative Entspannung mit unserer authentischen \u00d6lmassage, die auf Ihre Bed\u00fcrfnisse zugeschnitten ist, um die bestm\u00f6glichen Ergebnisse zu erzielen.   <\/p>\n","protected":false},"featured_media":13026,"template":"","meta":{"_acf_changed":false,"wds_primary_product_brand":0,"wds_primary_product_cat":0},"product_brand":[],"product_cat":[175],"product_tag":[659,661,750,663,769,662,654,657,650,652,653,655,656,660,664,834,873,782,658,651],"class_list":{"0":"post-5468","1":"product","2":"type-product","3":"status-publish","4":"has-post-thumbnail","6":"product_cat-massagen","7":"product_tag-beste-massage-in-meiner-nahe","8":"product_tag-beste-massage-chaweng","9":"product_tag-beste-massage-in-bo-phut","10":"product_tag-beste-massage-in-chaweng","11":"product_tag-beste-massage-in-choengmon","12":"product_tag-beste-massage-in-koh-samui","13":"product_tag-beste-massage-koh-samui","14":"product_tag-ganzkorpermassage","15":"product_tag-koh-samui-massage-de","16":"product_tag-koh-samui-massage-preise","17":"product_tag-koh-samui-massage-salon","18":"product_tag-koh-samui-thailandische-massage","19":"product_tag-korper-massage-koh-samui","20":"product_tag-massage-in-koh-samui-de","21":"product_tag-massage-in-koh-samui-thailand-de","22":"product_tag-massagesalon","23":"product_tag-thai-massage-bo-phut-de","24":"product_tag-thai-massage-choengmon-de","25":"product_tag-thailandische-massage-in-meiner-nahe","26":"product_tag-thailandische-massage-koh-samui","27":"pa_duration-120-minuten","28":"pa_duration-60-minuten","29":"pa_duration-90-minuten","30":"pa_massage-ol-massage","31":"pa_menu-category-ol-aroma-entspannung","32":"pa_types-entspannen-beruhigen","34":"first","35":"instock","36":"shipping-taxable","37":"purchasable","38":"product-type-variable"},"acf":[],"_links":{"self":[{"href":"https:\/\/www.nakee.spa\/de\/wp-json\/wp\/v2\/product\/5468","targetHints":{"allow":["GET"]}}],"collection":[{"href":"https:\/\/www.nakee.spa\/de\/wp-json\/wp\/v2\/product"}],"about":[{"href":"https:\/\/www.nakee.spa\/de\/wp-json\/wp\/v2\/types\/product"}],"wp:featuredmedia":[{"embeddable":true,"href":"https:\/\/www.nakee.spa\/de\/wp-json\/wp\/v2\/media\/13026"}],"wp:attachment":[{"href":"https:\/\/www.nakee.spa\/de\/wp-json\/wp\/v2\/media?parent=5468"}],"wp:term":[{"taxonomy":"product_brand","embeddable":true,"href":"https:\/\/www.nakee.spa\/de\/wp-json\/wp\/v2\/product_brand?post=5468"},{"taxonomy":"product_cat","embeddable":true,"href":"https:\/\/www.nakee.spa\/de\/wp-json\/wp\/v2\/product_cat?post=5468"},{"taxonomy":"product_tag","embeddable":true,"href":"https:\/\/www.nakee.spa\/de\/wp-json\/wp\/v2\/product_tag?post=5468"}],"curies":[{"name":"wp","href":"https:\/\/api.w.org\/{rel}","templated":true}]}}