{"id":5511,"date":"2024-07-11T09:27:45","date_gmt":"2024-07-11T09:27:45","guid":{"rendered":"https:\/\/www.nakee.spa\/product\/aloe-vera-massage\/"},"modified":"2025-11-14T00:45:53","modified_gmt":"2025-11-13T17:45:53","slug":"aloe-vera-massage","status":"publish","type":"product","link":"https:\/\/www.nakee.spa\/de\/produkt\/aloe-vera-massage\/","title":{"rendered":"Aloe Vera Massage"},"content":{"rendered":"<h3>Was ist eine Aloe Vera Massage?<\/h3>\n<p>Die Aloe Vera Massage ist eine beruhigende und feuchtigkeitsspendende Behandlung, bei der reines Aloe Vera Gel verwendet wird, um die Haut zu n\u00e4hren und zu verj\u00fcngen. Aloe vera, die f\u00fcr ihre heilenden Eigenschaften bekannt ist, wird w\u00e4hrend der Massage aufgetragen, um die Haut zu k\u00fchlen und zu beruhigen, Entz\u00fcndungen zu lindern und sie mit Feuchtigkeit zu versorgen. Diese Behandlung ist ideal f\u00fcr Menschen mit empfindlicher Haut oder Menschen, die der Sonne ausgesetzt waren, denn sie hilft, die Haut zu reparieren und zu revitalisieren.  <\/p>\n<h3>Vorteile der Aloe Vera Massage<\/h3>\n<ol>\n<li><strong>Tiefe Hydratation<\/strong>: Versorgt die Haut intensiv mit Feuchtigkeit und beugt Trockenheit und Schuppenbildung vor.<\/li>\n<li><strong>Heilung der Haut<\/strong>: F\u00f6rdert die Heilung von Sonnenbr\u00e4nden, kleineren Schnitt- und Sch\u00fcrfwunden.<\/li>\n<li><strong>Entz\u00fcndungshemmend<\/strong>: Reduziert Entz\u00fcndungen und beruhigt gereizte Haut.<\/li>\n<li><strong>N\u00e4hrstoffreich<\/strong>: Reich an Vitaminen und Mineralien, die die Haut n\u00e4hren.<\/li>\n<li><strong>K\u00fchlende Wirkung<\/strong>: Sorgt f\u00fcr ein k\u00fchlendes Gef\u00fchl, das zur Entspannung von K\u00f6rper und Geist beitr\u00e4gt.<\/li>\n<li><strong>Verbesserte Hauttextur<\/strong>: Die Haut f\u00fchlt sich weich, glatt und revitalisiert an.<\/li>\n<\/ol>\n<h3>Warum eine Aloe Vera Massage?<\/h3>\n<p>Entscheiden Sie sich f\u00fcr eine Aloe Vera-Massage wegen ihrer au\u00dfergew\u00f6hnlichen Vorteile f\u00fcr die Haut und ihrer F\u00e4higkeit, eine tief entspannende Erfahrung zu bieten. Diese Massage ist perfekt f\u00fcr Menschen mit empfindlicher Haut oder f\u00fcr diejenigen, die ihre Haut nach der Sonneneinstrahlung reparieren und mit Feuchtigkeit versorgen m\u00f6chten. Die nat\u00fcrlichen Eigenschaften der Aloe Vera machen diese Behandlung sowohl beruhigend als auch verj\u00fcngend.  <\/p>\n<h3>Vorschl\u00e4ge<\/h3>\n<ul>\n<li>Ideal nach der Sonnenexposition, um die Haut zu reparieren und zu beruhigen.<\/li>\n<li>Perfekt f\u00fcr Menschen mit empfindlicher oder gereizter Haut.<\/li>\n<li>Kombinieren Sie es mit anderen Behandlungen, wie z.B. einer Gesichtsbehandlung, f\u00fcr eine umfassende Hautpflege.<\/li>\n<\/ul>\n<h3>Erleben Sie die Aloe Vera Massage bei Nakee Massage &amp; Spa<\/h3>\n<p>Erleben Sie die beste Aloe-Vera-Massage bei Nakee Massage &amp; Spa, wo unsere erfahrenen Therapeuten reines, hochwertiges Aloe-Vera-Gel verwenden, um eine maximale Wirkung zu gew\u00e4hrleisten. Unsere ruhige Umgebung tr\u00e4gt zur Entspannung bei und erm\u00f6glicht es Ihnen, sich zu erholen und zu verj\u00fcngen. <\/p>\n","protected":false},"excerpt":{"rendered":"<p>Die Aloe Vera Massage verwendet reines Aloe Vera Gel, um die Haut tiefgehend zu hydratisieren, zu beruhigen und zu heilen. Diese Behandlung ist ideal f\u00fcr Menschen mit empfindlicher Haut oder nach Sonneneinstrahlung. Sie wirkt k\u00fchlend, reduziert Entz\u00fcndungen und hinterl\u00e4sst ein revitalisiertes und gepflegtes Hautgef\u00fchl. <\/p>\n","protected":false},"featured_media":13011,"template":"","meta":{"_acf_changed":false,"wds_primary_product_brand":0,"wds_primary_product_cat":0},"product_brand":[],"product_cat":[175],"product_tag":[659,661,750,663,769,662,654,657,650,652,653,655,656,660,664,834,873,782,658,651],"class_list":{"0":"post-5511","1":"product","2":"type-product","3":"status-publish","4":"has-post-thumbnail","6":"product_cat-massagen","7":"product_tag-beste-massage-in-meiner-nahe","8":"product_tag-beste-massage-chaweng","9":"product_tag-beste-massage-in-bo-phut","10":"product_tag-beste-massage-in-chaweng","11":"product_tag-beste-massage-in-choengmon","12":"product_tag-beste-massage-in-koh-samui","13":"product_tag-beste-massage-koh-samui","14":"product_tag-ganzkorpermassage","15":"product_tag-koh-samui-massage-de","16":"product_tag-koh-samui-massage-preise","17":"product_tag-koh-samui-massage-salon","18":"product_tag-koh-samui-thailandische-massage","19":"product_tag-korper-massage-koh-samui","20":"product_tag-massage-in-koh-samui-de","21":"product_tag-massage-in-koh-samui-thailand-de","22":"product_tag-massagesalon","23":"product_tag-thai-massage-bo-phut-de","24":"product_tag-thai-massage-choengmon-de","25":"product_tag-thailandische-massage-in-meiner-nahe","26":"product_tag-thailandische-massage-koh-samui","27":"pa_duration-120-minuten","28":"pa_duration-60-minuten","29":"pa_duration-90-minuten","30":"pa_massage-aloe-vera-de","31":"pa_menu-category-pflege-nach-der-sonne","32":"pa_types-kuhlen-erfrischen","34":"first","35":"instock","36":"shipping-taxable","37":"purchasable","38":"product-type-variable"},"acf":[],"_links":{"self":[{"href":"https:\/\/www.nakee.spa\/de\/wp-json\/wp\/v2\/product\/5511","targetHints":{"allow":["GET"]}}],"collection":[{"href":"https:\/\/www.nakee.spa\/de\/wp-json\/wp\/v2\/product"}],"about":[{"href":"https:\/\/www.nakee.spa\/de\/wp-json\/wp\/v2\/types\/product"}],"wp:featuredmedia":[{"embeddable":true,"href":"https:\/\/www.nakee.spa\/de\/wp-json\/wp\/v2\/media\/13011"}],"wp:attachment":[{"href":"https:\/\/www.nakee.spa\/de\/wp-json\/wp\/v2\/media?parent=5511"}],"wp:term":[{"taxonomy":"product_brand","embeddable":true,"href":"https:\/\/www.nakee.spa\/de\/wp-json\/wp\/v2\/product_brand?post=5511"},{"taxonomy":"product_cat","embeddable":true,"href":"https:\/\/www.nakee.spa\/de\/wp-json\/wp\/v2\/product_cat?post=5511"},{"taxonomy":"product_tag","embeddable":true,"href":"https:\/\/www.nakee.spa\/de\/wp-json\/wp\/v2\/product_tag?post=5511"}],"curies":[{"name":"wp","href":"https:\/\/api.w.org\/{rel}","templated":true}]}}