{"id":6390,"date":"2024-07-11T09:00:59","date_gmt":"2024-07-11T09:00:59","guid":{"rendered":"https:\/\/www.nakee.spa\/product\/sport-massage\/"},"modified":"2025-11-14T01:32:49","modified_gmt":"2025-11-13T18:32:49","slug":"sport-massage","status":"publish","type":"product","link":"https:\/\/www.nakee.spa\/de\/produkt\/sport-massage\/","title":{"rendered":"Sport Massage"},"content":{"rendered":"<h3>Was ist eine Sportmassage?<\/h3>\n<p>Die Sportmassage ist eine spezielle Form der Massagetherapie, die auf die Bed\u00fcrfnisse von Sportlern und aktiven Menschen zugeschnitten ist. Sie zielt darauf ab, die sportliche Leistung zu verbessern, Verletzungen vorzubeugen und den Erholungsprozess zu unterst\u00fctzen. Diese Massagetechnik kombiniert tiefe Gewebemanipulation, Dehnung und andere therapeutische Methoden, um die bei k\u00f6rperlicher Aktivit\u00e4t am meisten beanspruchten Muskelgruppen zu behandeln.  <\/p>\n<h3>Vorteile der Sportmassage<\/h3>\n<ol>\n<li><strong>Verletzungsvorbeugung<\/strong>: Hilft, das Verletzungsrisiko zu verringern, indem es die Muskeln flexibel h\u00e4lt und Muskelverspannungen reduziert.<\/li>\n<li><strong>Verbesserte Leistung<\/strong>: Verbessert die Muskelfunktion und den Bewegungsumfang, was zu einer besseren Leistung f\u00fchrt.<\/li>\n<li><strong>Schnellere Erholung<\/strong>: Hilft bei der schnellen Erholung der Muskeln, indem es die Blutzirkulation verbessert und Milchs\u00e4ureansammlungen abbaut.<\/li>\n<li><strong>Schmerzlinderung<\/strong>: Lindert Muskelkater und Gelenkschmerzen, die durch intensive k\u00f6rperliche Aktivit\u00e4t verursacht werden.<\/li>\n<li><strong>Erh\u00f6hte Flexibilit\u00e4t<\/strong>: Verbessert die Flexibilit\u00e4t von Muskeln und Gelenken, was f\u00fcr Sportler entscheidend ist.<\/li>\n<li><strong>Stressabbau<\/strong>: Reduziert Stress und Anspannung und f\u00f6rdert das allgemeine geistige Wohlbefinden.<\/li>\n<\/ol>\n<h3>Warum eine Sportmassage?<\/h3>\n<p>Entscheiden Sie sich f\u00fcr die Sportmassage, weil sie einen umfassenden Ansatz verfolgt, der auf die speziellen Bed\u00fcrfnisse von Sportlern und aktiven Menschen eingeht. Ganz gleich, ob Sie sich auf ein gro\u00dfes Ereignis vorbereiten, sich von einem intensiven Training erholen oder einfach nur Ihre k\u00f6rperliche Gesundheit aufrechterhalten, Sportmassage kann Ihnen helfen, Ihre Leistung zu verbessern, Verletzungen vorzubeugen und die Genesung zu beschleunigen. <\/p>\n<h3>Vorschl\u00e4ge<\/h3>\n<ul>\n<li>Ideal f\u00fcr Sportler und k\u00f6rperlich aktive Personen.<\/li>\n<li>Wohltuend vor oder nach einem Training oder einer Sportveranstaltung.<\/li>\n<li>Kann individuell angepasst werden, um sich auf bestimmte Muskelgruppen oder Problembereiche zu konzentrieren.<\/li>\n<\/ul>\n<h3>Erleben Sie eine Sportmassage bei Nakee Massage &amp; Spa<\/h3>\n<p>Erleben Sie die beste Sportmassage bei Nakee Massage &amp; Spa. Unsere professionellen Therapeuten sind in Sportmassagetechniken geschult, um Ihnen zu helfen, Ihre Leistung zu steigern, Verletzungen vorzubeugen und sich schneller zu erholen. Ganz gleich, ob Sie ein Sportler sind oder einfach nur einen aktiven Lebensstil pflegen, unsere Sportmassage ist auf Ihre speziellen Bed\u00fcrfnisse zugeschnitten und hilft Ihnen, Ihre Fitnessziele zu erreichen.  <\/p>\n","protected":false},"excerpt":{"rendered":"<p>Die Sportmassage wurde entwickelt, um die sportliche Leistung zu verbessern, Verletzungen vorzubeugen und die Genesung durch tiefe Gewebemanipulationen und Dehnungstechniken zu beschleunigen.<\/p>\n","protected":false},"featured_media":13015,"template":"","meta":{"_acf_changed":false,"wds_primary_product_brand":0,"wds_primary_product_cat":0},"product_brand":[],"product_cat":[175],"product_tag":[659,661,750,663,769,662,654,657,650,652,653,655,656,660,664,834,873,782,658,651],"class_list":{"0":"post-6390","1":"product","2":"type-product","3":"status-publish","4":"has-post-thumbnail","6":"product_cat-massagen","7":"product_tag-beste-massage-in-meiner-nahe","8":"product_tag-beste-massage-chaweng","9":"product_tag-beste-massage-in-bo-phut","10":"product_tag-beste-massage-in-chaweng","11":"product_tag-beste-massage-in-choengmon","12":"product_tag-beste-massage-in-koh-samui","13":"product_tag-beste-massage-koh-samui","14":"product_tag-ganzkorpermassage","15":"product_tag-koh-samui-massage-de","16":"product_tag-koh-samui-massage-preise","17":"product_tag-koh-samui-massage-salon","18":"product_tag-koh-samui-thailandische-massage","19":"product_tag-korper-massage-koh-samui","20":"product_tag-massage-in-koh-samui-de","21":"product_tag-massage-in-koh-samui-thailand-de","22":"product_tag-massagesalon","23":"product_tag-thai-massage-bo-phut-de","24":"product_tag-thai-massage-choengmon-de","25":"product_tag-thailandische-massage-in-meiner-nahe","26":"product_tag-thailandische-massage-koh-samui","27":"pa_duration-120-minuten","28":"pa_duration-60-minuten","29":"pa_duration-90-minuten","30":"pa_massage-thai-massage-de","31":"pa_menu-category-spezialisierte-korperarbeit","32":"pa_types-linderung-von-muskelschmerzen","34":"first","35":"instock","36":"shipping-taxable","37":"purchasable","38":"product-type-variable"},"acf":[],"_links":{"self":[{"href":"https:\/\/www.nakee.spa\/de\/wp-json\/wp\/v2\/product\/6390","targetHints":{"allow":["GET"]}}],"collection":[{"href":"https:\/\/www.nakee.spa\/de\/wp-json\/wp\/v2\/product"}],"about":[{"href":"https:\/\/www.nakee.spa\/de\/wp-json\/wp\/v2\/types\/product"}],"wp:featuredmedia":[{"embeddable":true,"href":"https:\/\/www.nakee.spa\/de\/wp-json\/wp\/v2\/media\/13015"}],"wp:attachment":[{"href":"https:\/\/www.nakee.spa\/de\/wp-json\/wp\/v2\/media?parent=6390"}],"wp:term":[{"taxonomy":"product_brand","embeddable":true,"href":"https:\/\/www.nakee.spa\/de\/wp-json\/wp\/v2\/product_brand?post=6390"},{"taxonomy":"product_cat","embeddable":true,"href":"https:\/\/www.nakee.spa\/de\/wp-json\/wp\/v2\/product_cat?post=6390"},{"taxonomy":"product_tag","embeddable":true,"href":"https:\/\/www.nakee.spa\/de\/wp-json\/wp\/v2\/product_tag?post=6390"}],"curies":[{"name":"wp","href":"https:\/\/api.w.org\/{rel}","templated":true}]}}