{"id":6499,"date":"2024-07-09T13:29:07","date_gmt":"2024-07-09T13:29:07","guid":{"rendered":"https:\/\/www.nakee.spa\/product\/ultimatives-entspannungspaket\/"},"modified":"2025-11-14T01:32:06","modified_gmt":"2025-11-13T18:32:06","slug":"ultimatives-entspannungspaket","status":"publish","type":"product","link":"https:\/\/www.nakee.spa\/de\/produkt\/ultimatives-entspannungspaket\/","title":{"rendered":"Ultimatives Entspannungspaket"},"content":{"rendered":"<p><strong>Was ist das Ultimative Entspannungspaket?<\/strong><\/p>\n<p>Das Ultimative Entspannungspaket ist eine luxuri\u00f6se Kombination von Behandlungen, die das Beste an Entspannung und Verj\u00fcngung bieten. Dieses Paket umfasst ein Fu\u00dfpeeling, ein 60-min\u00fctiges K\u00f6rperpeeling und eine Kokosnuss\u00f6lmassage und sorgt f\u00fcr ein umfassendes und authentisches Spa-Erlebnis. <\/p>\n<p><strong>Vorteile des Ultimativen Entspannungspakets<\/strong><\/p>\n<ul>\n<li><strong>Fu\u00dfpeeling:<\/strong> Die Behandlung beginnt mit einem Fu\u00dfpeeling, das die m\u00fcden F\u00fc\u00dfe exfoliert und revitalisiert und sie auf eine tiefere Entspannung vorbereitet.<\/li>\n<li><strong>K\u00f6rperpeeling:<\/strong> Es folgt ein 60-min\u00fctiges K\u00f6rperpeeling mit sanften, aber effektiven Peelings, die abgestorbene Hautzellen entfernen und Ihre Haut glatt, weich und strahlend machen.<\/li>\n<li><strong>Kokosnuss\u00f6l-Massage:<\/strong> Das Erlebnis wird mit einer wohltuenden Kokosnuss\u00f6lmassage abgerundet. Unser spezielles Kokosnuss\u00f6l wird aus Kokosn\u00fcssen hergestellt, die auf der Insel Koh Samui angebaut werden. Es ist 100% nat\u00fcrlich und rein biologisch und frei von jeglichen chemischen Zus\u00e4tzen. Der angenehme Duft f\u00f6rdert die Entspannung und macht die Massage noch angenehmer.  <\/li>\n<\/ul>\n<p><strong>Warum sollten Sie das Ultimative Entspannungspaket w\u00e4hlen?<\/strong><\/p>\n<p>Dieses Paket bietet das Beste aus beiden Welten und kombiniert ein effektives Peeling mit tiefer Entspannung. Das Fu\u00dfpeeling erfrischt und verj\u00fcngt, das K\u00f6rperpeeling l\u00e4sst Ihre Haut strahlen und die Kokosnuss\u00f6lmassage n\u00e4hrt und spendet Feuchtigkeit und f\u00f6rdert das allgemeine Wohlbefinden. Es ist perfekt f\u00fcr alle, die sich entspannen und eine strahlende, gesunde Haut haben m\u00f6chten.  <\/p>\n<p><strong>\u00dcber Nakee Kokosnuss\u00f6l<\/strong> Unser spezielles Kokosnuss\u00f6l wird aus Kokosn\u00fcssen hergestellt, die auf der Insel Koh Samui wachsen. Dieses hausgemachte, 100% nat\u00fcrliche, native Bio-Kokosnuss\u00f6l sorgt f\u00fcr ein reines und authentisches Erlebnis. Der angenehme Duft f\u00f6rdert die Entspannung und macht Ihre Massage noch angenehmer.  <\/p>\n","protected":false},"excerpt":{"rendered":"<p>G\u00f6nnen Sie sich das ultimative Entspannungserlebnis mit unserem Paket \u201eUltimative Entspannung\u201c. Diese luxuri\u00f6se Behandlung kombiniert ein verj\u00fcngendes Fu\u00dfpeeling mit einem 60-min\u00fctigen K\u00f6rperpeeling und einer beruhigenden Kokosnuss\u00f6lmassage. Dieses Paket ist perfekt f\u00fcr alle, die ein komplettes und authentisches Spa-Erlebnis suchen, denn es verspricht, Ihre Haut strahlen zu lassen und Ihren K\u00f6rper zu entspannen. Genie\u00dfen Sie das Beste an ganzheitlicher Wellness und Verw\u00f6hnung mit dieser umfassenden Behandlung, die den Stress wegschmelzen und Ihren ganzen K\u00f6rper verj\u00fcngen l\u00e4sst.   <\/p>\n","protected":false},"featured_media":959,"template":"","meta":{"_acf_changed":false,"wds_primary_product_brand":0,"wds_primary_product_cat":0},"product_brand":[],"product_cat":[460],"product_tag":[659,661,750,663,769,662,654,657,650,652,653,655,656,660,664,834,873,782,658,651],"class_list":{"0":"post-6499","1":"product","2":"type-product","3":"status-publish","4":"has-post-thumbnail","6":"product_cat-pakete","7":"product_tag-beste-massage-in-meiner-nahe","8":"product_tag-beste-massage-chaweng","9":"product_tag-beste-massage-in-bo-phut","10":"product_tag-beste-massage-in-chaweng","11":"product_tag-beste-massage-in-choengmon","12":"product_tag-beste-massage-in-koh-samui","13":"product_tag-beste-massage-koh-samui","14":"product_tag-ganzkorpermassage","15":"product_tag-koh-samui-massage-de","16":"product_tag-koh-samui-massage-preise","17":"product_tag-koh-samui-massage-salon","18":"product_tag-koh-samui-thailandische-massage","19":"product_tag-korper-massage-koh-samui","20":"product_tag-massage-in-koh-samui-de","21":"product_tag-massage-in-koh-samui-thailand-de","22":"product_tag-massagesalon","23":"product_tag-thai-massage-bo-phut-de","24":"product_tag-thai-massage-choengmon-de","25":"product_tag-thailandische-massage-in-meiner-nahe","26":"product_tag-thailandische-massage-koh-samui","27":"pa_duration-150-minuten","28":"pa_massage-kokosnussol","29":"pa_massage-scrub-de","30":"pa_menu-category-behandlungen-fur-korper-und-schonheitspflege","31":"pa_types-glatt-schon","33":"first","34":"instock","35":"shipping-taxable","36":"purchasable","37":"product-type-variable"},"acf":[],"_links":{"self":[{"href":"https:\/\/www.nakee.spa\/de\/wp-json\/wp\/v2\/product\/6499","targetHints":{"allow":["GET"]}}],"collection":[{"href":"https:\/\/www.nakee.spa\/de\/wp-json\/wp\/v2\/product"}],"about":[{"href":"https:\/\/www.nakee.spa\/de\/wp-json\/wp\/v2\/types\/product"}],"wp:featuredmedia":[{"embeddable":true,"href":"https:\/\/www.nakee.spa\/de\/wp-json\/wp\/v2\/media\/959"}],"wp:attachment":[{"href":"https:\/\/www.nakee.spa\/de\/wp-json\/wp\/v2\/media?parent=6499"}],"wp:term":[{"taxonomy":"product_brand","embeddable":true,"href":"https:\/\/www.nakee.spa\/de\/wp-json\/wp\/v2\/product_brand?post=6499"},{"taxonomy":"product_cat","embeddable":true,"href":"https:\/\/www.nakee.spa\/de\/wp-json\/wp\/v2\/product_cat?post=6499"},{"taxonomy":"product_tag","embeddable":true,"href":"https:\/\/www.nakee.spa\/de\/wp-json\/wp\/v2\/product_tag?post=6499"}],"curies":[{"name":"wp","href":"https:\/\/api.w.org\/{rel}","templated":true}]}}