{"id":6543,"date":"2024-07-06T09:20:12","date_gmt":"2024-07-06T09:20:12","guid":{"rendered":"https:\/\/www.nakee.spa\/product\/fussmassage\/"},"modified":"2025-11-14T01:13:25","modified_gmt":"2025-11-13T18:13:25","slug":"fussmassage","status":"publish","type":"product","link":"https:\/\/www.nakee.spa\/de\/produkt\/fussmassage\/","title":{"rendered":"Fu\u00dfmassage"},"content":{"rendered":"<h3>Was ist eine Fu\u00dfmassage?<\/h3>\n<p>Bei der Fu\u00dfmassage, die auch als Reflexzonenmassage bezeichnet wird, wird Druck auf bestimmte Punkte an den F\u00fc\u00dfen ausge\u00fcbt, die verschiedenen Teilen des K\u00f6rpers entsprechen. Diese therapeutische Praxis zielt darauf ab, Gesundheit und Wohlbefinden zu f\u00f6rdern, indem diese Reflexpunkte stimuliert werden, von denen angenommen wird, dass sie verschiedene Organe und Systeme beeinflussen. Die Fu\u00dfmassage kann tief entspannend und verj\u00fcngend wirken und bietet sowohl k\u00f6rperliche als auch geistige Vorteile.  <\/p>\n<h3>Vorteile der Fu\u00dfmassage<\/h3>\n<ol>\n<li><strong>Lindert Stress<\/strong>: Reduziert Stress und f\u00f6rdert die Entspannung.<\/li>\n<li><strong>Verbessert die Durchblutung<\/strong>: Verbessert den Blut- und Lymphfluss.<\/li>\n<li><strong>Lindert Schmerzen<\/strong>: Lindert Schmerzen und Beschwerden in den F\u00fc\u00dfen und Unterschenkeln.<\/li>\n<li><strong>Steigert die Energie<\/strong>: Erh\u00f6ht das Energieniveau und verringert die M\u00fcdigkeit.<\/li>\n<li><strong>F\u00f6rdert den Schlaf<\/strong>: Verbessert die Schlafqualit\u00e4t und -dauer.<\/li>\n<li><strong>Verbessert die Stimmung<\/strong>: Hebt die Stimmung und reduziert \u00c4ngste.<\/li>\n<\/ol>\n<h3>Warum eine Fu\u00dfmassage?<\/h3>\n<p>Entscheiden Sie sich f\u00fcr eine Fu\u00dfmassage, denn sie bietet umfassende gesundheitliche Vorteile, die \u00fcber die F\u00fc\u00dfe hinausgehen. Sie hilft nicht nur bei Fu\u00dfschmerzen und Unwohlsein, sondern f\u00f6rdert auch das allgemeine Wohlbefinden, indem sie Reflexpunkte stimuliert, die mit verschiedenen K\u00f6rpersystemen korrespondieren. Sie ist eine ausgezeichnete Wahl f\u00fcr alle, die einen ganzheitlichen Ansatz f\u00fcr Gesundheit und Entspannung suchen.  <\/p>\n<h3>Vorschl\u00e4ge<\/h3>\n<ul>\n<li>Ideal f\u00fcr Personen mit Fu\u00dfschmerzen, Plantarfasziitis oder m\u00fcden F\u00fc\u00dfen.<\/li>\n<li>Geeignet f\u00fcr alle, die Stress abbauen und besser schlafen m\u00f6chten.<\/li>\n<li>F\u00f6rdert die Durchblutung und das allgemeine Energieniveau.<\/li>\n<\/ul>\n<h3>Erleben Sie eine Fu\u00dfmassage bei Nakee Massage &amp; Spa<\/h3>\n<p>Bei Nakee Massage &amp; Spa bieten unsere erfahrenen Therapeuten die beste und authentischste Fu\u00dfmassage an. Mit traditionellen Reflexologietechniken stimulieren sie bestimmte Punkte an Ihren F\u00fc\u00dfen, um die Gesundheit und Entspannung Ihres gesamten K\u00f6rpers zu f\u00f6rdern. Genie\u00dfen Sie eine tief entspannende und verj\u00fcngende Erfahrung in unserer ruhigen Spa-Umgebung, die Sie erfrischt und revitalisiert zur\u00fcckl\u00e4sst.  <\/p>\n<p>&nbsp;<\/p>\n","protected":false},"excerpt":{"rendered":"<p>Die Fu\u00dfmassage stimuliert Reflexpunkte an den F\u00fc\u00dfen, um Stress abzubauen, die Durchblutung zu verbessern und das allgemeine Wohlbefinden zu steigern.<\/p>\n<p>&nbsp;<\/p>\n","protected":false},"featured_media":13006,"template":"","meta":{"_acf_changed":false,"wds_primary_product_brand":0,"wds_primary_product_cat":0},"product_brand":[],"product_cat":[175],"product_tag":[659,661,750,663,769,662,654,657,650,652,653,655,656,660,664,834,873,782,658,651],"class_list":{"0":"post-6543","1":"product","2":"type-product","3":"status-publish","4":"has-post-thumbnail","6":"product_cat-massagen","7":"product_tag-beste-massage-in-meiner-nahe","8":"product_tag-beste-massage-chaweng","9":"product_tag-beste-massage-in-bo-phut","10":"product_tag-beste-massage-in-chaweng","11":"product_tag-beste-massage-in-choengmon","12":"product_tag-beste-massage-in-koh-samui","13":"product_tag-beste-massage-koh-samui","14":"product_tag-ganzkorpermassage","15":"product_tag-koh-samui-massage-de","16":"product_tag-koh-samui-massage-preise","17":"product_tag-koh-samui-massage-salon","18":"product_tag-koh-samui-thailandische-massage","19":"product_tag-korper-massage-koh-samui","20":"product_tag-massage-in-koh-samui-de","21":"product_tag-massage-in-koh-samui-thailand-de","22":"product_tag-massagesalon","23":"product_tag-thai-massage-bo-phut-de","24":"product_tag-thai-massage-choengmon-de","25":"product_tag-thailandische-massage-in-meiner-nahe","26":"product_tag-thailandische-massage-koh-samui","27":"pa_duration-120-minuten","28":"pa_duration-60-minuten","29":"pa_duration-90-minuten","30":"pa_massage-ol-massage","31":"pa_menu-category-traditionelle-thai-therapien","32":"pa_types-entspannen-beruhigen","34":"first","35":"instock","36":"shipping-taxable","37":"purchasable","38":"product-type-variable"},"acf":[],"_links":{"self":[{"href":"https:\/\/www.nakee.spa\/de\/wp-json\/wp\/v2\/product\/6543","targetHints":{"allow":["GET"]}}],"collection":[{"href":"https:\/\/www.nakee.spa\/de\/wp-json\/wp\/v2\/product"}],"about":[{"href":"https:\/\/www.nakee.spa\/de\/wp-json\/wp\/v2\/types\/product"}],"wp:featuredmedia":[{"embeddable":true,"href":"https:\/\/www.nakee.spa\/de\/wp-json\/wp\/v2\/media\/13006"}],"wp:attachment":[{"href":"https:\/\/www.nakee.spa\/de\/wp-json\/wp\/v2\/media?parent=6543"}],"wp:term":[{"taxonomy":"product_brand","embeddable":true,"href":"https:\/\/www.nakee.spa\/de\/wp-json\/wp\/v2\/product_brand?post=6543"},{"taxonomy":"product_cat","embeddable":true,"href":"https:\/\/www.nakee.spa\/de\/wp-json\/wp\/v2\/product_cat?post=6543"},{"taxonomy":"product_tag","embeddable":true,"href":"https:\/\/www.nakee.spa\/de\/wp-json\/wp\/v2\/product_tag?post=6543"}],"curies":[{"name":"wp","href":"https:\/\/api.w.org\/{rel}","templated":true}]}}