{"id":6739,"date":"2024-07-09T11:30:24","date_gmt":"2024-07-09T11:30:24","guid":{"rendered":"https:\/\/www.nakee.spa\/product\/erfrischungspaket-fuer-die-fuesse\/"},"modified":"2025-11-14T01:31:15","modified_gmt":"2025-11-13T18:31:15","slug":"erfrischungspaket-fuer-die-fuesse","status":"publish","type":"product","link":"https:\/\/www.nakee.spa\/de\/produkt\/erfrischungspaket-fuer-die-fuesse\/","title":{"rendered":"Erfrischungspaket f\u00fcr die F\u00fc\u00dfe"},"content":{"rendered":"<p><strong>Erleben Sie die beste Fu\u00dfpflege mit unserem Paket Refreshed Feet, einer authentischen Kombination aus einem Fu\u00dfpeeling und einer 60-min\u00fctigen Fu\u00dfmassage, die Ihre F\u00fc\u00dfe verj\u00fcngt und revitalisiert.<\/strong><\/p>\n<h4>Was ist Refreshed Feet?<\/h4>\n<p>Das Paket Refreshed Feet bietet eine umfassende Fu\u00dfbehandlung, die mit einem belebenden Fu\u00dfpeeling beginnt, das Ihre F\u00fc\u00dfe reinigt, abgestorbene Hautzellen entfernt und Ihre Haut glatt und erfrischt macht. Danach folgt eine entspannende 60-min\u00fctige Fu\u00dfmassage, die Druckpunkte anspricht, Stress abbaut und die Durchblutung verbessert. <\/p>\n<h4>Vorteile von erfrischten F\u00fc\u00dfen:<\/h4>\n<ul>\n<li><strong>Ultimative Entspannung<\/strong>: Die Fu\u00dfmassage hilft, Verspannungen zu l\u00f6sen und f\u00f6rdert die Tiefenentspannung.<\/li>\n<li><strong>Verbesserte Durchblutung<\/strong>: Die Stimulierung der Druckpunkte verbessert die Durchblutung und reduziert Schwellungen und M\u00fcdigkeit.<\/li>\n<li><strong>Weiche, glatte F\u00fc\u00dfe<\/strong>: Das Fu\u00dfpeeling peelt und verj\u00fcngt Ihre Haut und macht sie weich und geschmeidig.<\/li>\n<li><strong>Stressabbau<\/strong>: Die therapeutische Massage baut Stress ab und steigert das allgemeine Wohlbefinden.<\/li>\n<\/ul>\n<h4>Warum Refreshed Feet w\u00e4hlen?<\/h4>\n<p>Dieses Paket ist perfekt f\u00fcr alle, die ein umfassendes Fu\u00dfpflegeerlebnis suchen. Die Kombination aus einem Fu\u00dfpeeling und einer therapeutischen Fu\u00dfmassage bietet die ultimative Verw\u00f6hnung und Entspannung f\u00fcr Ihre F\u00fc\u00dfe und ist damit die beste Wahl f\u00fcr eine authentische Fu\u00dfpflege. <\/p>\n<p>G\u00f6nnen Sie sich das Paket Refreshed Feet und g\u00f6nnen Sie Ihren F\u00fc\u00dfen die Pflege, die sie verdienen. Perfekt, um gesunde, sch\u00f6ne F\u00fc\u00dfe zu erhalten und sicherzustellen, dass Sie sich v\u00f6llig erfrischt und verj\u00fcngt f\u00fchlen. <\/p>\n","protected":false},"excerpt":{"rendered":"<p>Erleben Sie das Nonplusultra der Fu\u00dfpflege mit unserem Paket \u201eErfrischte F\u00fc\u00dfe\u201c. Diese Behandlung kombiniert ein verj\u00fcngendes Fu\u00dfpeeling mit einer 60-min\u00fctigen Fu\u00dfmassage und sorgt daf\u00fcr, dass sich Ihre F\u00fc\u00dfe erfrischt und revitalisiert f\u00fchlen. Unsere geschulten Therapeuten wenden die besten Techniken an, um Ihre F\u00fc\u00dfe zu peelen und zu entspannen. Sie erhalten eine glatte, weiche Haut und ein Gef\u00fchl der v\u00f6lligen Entspannung. Dieses Paket ist perfekt, um Stress abzubauen und die allgemeine Gesundheit der F\u00fc\u00dfe zu verbessern, und bietet ein authentisches und wohltuendes Erlebnis.   <\/p>\n<p>Ideal f\u00fcr alle, die das Beste an Fu\u00dfpflege und Entspannung suchen.<\/p>\n","protected":false},"featured_media":953,"template":"","meta":{"_acf_changed":false,"wds_primary_product_brand":0,"wds_primary_product_cat":0},"product_brand":[],"product_cat":[460],"product_tag":[659,661,750,663,769,662,654,657,650,652,653,655,656,660,664,834,873,782,658,651],"class_list":{"0":"post-6739","1":"product","2":"type-product","3":"status-publish","4":"has-post-thumbnail","6":"product_cat-pakete","7":"product_tag-beste-massage-in-meiner-nahe","8":"product_tag-beste-massage-chaweng","9":"product_tag-beste-massage-in-bo-phut","10":"product_tag-beste-massage-in-chaweng","11":"product_tag-beste-massage-in-choengmon","12":"product_tag-beste-massage-in-koh-samui","13":"product_tag-beste-massage-koh-samui","14":"product_tag-ganzkorpermassage","15":"product_tag-koh-samui-massage-de","16":"product_tag-koh-samui-massage-preise","17":"product_tag-koh-samui-massage-salon","18":"product_tag-koh-samui-thailandische-massage","19":"product_tag-korper-massage-koh-samui","20":"product_tag-massage-in-koh-samui-de","21":"product_tag-massage-in-koh-samui-thailand-de","22":"product_tag-massagesalon","23":"product_tag-thai-massage-bo-phut-de","24":"product_tag-thai-massage-choengmon-de","25":"product_tag-thailandische-massage-in-meiner-nahe","26":"product_tag-thailandische-massage-koh-samui","27":"pa_duration-90-minuten","28":"pa_massage-scrub-de","29":"pa_menu-category-behandlungen-fur-korper-und-schonheitspflege","30":"pa_types-glatt-schon","32":"first","33":"instock","34":"shipping-taxable","35":"purchasable","36":"product-type-variable"},"acf":[],"_links":{"self":[{"href":"https:\/\/www.nakee.spa\/de\/wp-json\/wp\/v2\/product\/6739","targetHints":{"allow":["GET"]}}],"collection":[{"href":"https:\/\/www.nakee.spa\/de\/wp-json\/wp\/v2\/product"}],"about":[{"href":"https:\/\/www.nakee.spa\/de\/wp-json\/wp\/v2\/types\/product"}],"wp:featuredmedia":[{"embeddable":true,"href":"https:\/\/www.nakee.spa\/de\/wp-json\/wp\/v2\/media\/953"}],"wp:attachment":[{"href":"https:\/\/www.nakee.spa\/de\/wp-json\/wp\/v2\/media?parent=6739"}],"wp:term":[{"taxonomy":"product_brand","embeddable":true,"href":"https:\/\/www.nakee.spa\/de\/wp-json\/wp\/v2\/product_brand?post=6739"},{"taxonomy":"product_cat","embeddable":true,"href":"https:\/\/www.nakee.spa\/de\/wp-json\/wp\/v2\/product_cat?post=6739"},{"taxonomy":"product_tag","embeddable":true,"href":"https:\/\/www.nakee.spa\/de\/wp-json\/wp\/v2\/product_tag?post=6739"}],"curies":[{"name":"wp","href":"https:\/\/api.w.org\/{rel}","templated":true}]}}