{"id":6889,"date":"2024-07-11T10:01:07","date_gmt":"2024-07-11T10:01:07","guid":{"rendered":"https:\/\/www.nakee.spa\/product\/kopfmassage\/"},"modified":"2025-11-14T00:47:47","modified_gmt":"2025-11-13T17:47:47","slug":"kopfmassage","status":"publish","type":"product","link":"https:\/\/www.nakee.spa\/de\/produkt\/kopfmassage\/","title":{"rendered":"Kopfmassage"},"content":{"rendered":"<h3>Was ist eine Kopfmassage?<\/h3>\n<p>Die Kopfmassage ist eine therapeutische Praxis, die sich auf den Kopf, den Nacken und die Schultern konzentriert. Dabei werden sanfte, aber feste Streichungen, Knetungen und Akupressurtechniken eingesetzt, um Spannungen und Stress abzubauen. Diese Massage soll die Durchblutung anregen, die Entspannung f\u00f6rdern und Kopfschmerzen und Migr\u00e4ne lindern.  <\/p>\n<h3>Vorteile der Kopfmassage<\/h3>\n<ol>\n<li><strong>Stressabbau<\/strong>: Reduziert Stress und f\u00f6rdert die Entspannung.<\/li>\n<li><strong>Verbesserte Durchblutung<\/strong>: Verbessert die Durchblutung der Kopfhaut und des Gehirns.<\/li>\n<li><strong>Linderung von Kopfschmerzen<\/strong>: Hilft bei Spannungskopfschmerzen und Migr\u00e4ne.<\/li>\n<li><strong>Verbesserte geistige Klarheit<\/strong>: F\u00f6rdert eine bessere Konzentration und geistige Klarheit.<\/li>\n<li><strong>Gesundheit der Haare<\/strong>: Stimuliert die Haarfollikel und f\u00f6rdert ein ges\u00fcnderes Haarwachstum.<\/li>\n<li><strong>Schmerzlinderung<\/strong>: Lindert Nacken- und Schulterschmerzen.<\/li>\n<\/ol>\n<h3>Warum eine Kopfmassage?<\/h3>\n<p>W\u00e4hlen Sie eine Kopfmassage, um sofortige Linderung von Stress und Kopfschmerzen zu erfahren. Diese Massage ist ideal f\u00fcr Menschen mit einem sitzenden Lebensstil, hohem Stresslevel oder chronischen Kopfschmerzen. Sie f\u00f6rdert das allgemeine Wohlbefinden, indem sie die Durchblutung und die geistige Klarheit verbessert.  <\/p>\n<h3>Vorschl\u00e4ge<\/h3>\n<ul>\n<li>Planen Sie regelm\u00e4\u00dfige Sitzungen f\u00fcr einen nachhaltigen Nutzen.<\/li>\n<li>Kombinieren Sie mit einer Ganzk\u00f6rpermassage f\u00fcr umfassende Entspannung.<\/li>\n<li>Trinken Sie vor und nach der Massage, um die Entgiftung zu f\u00f6rdern.<\/li>\n<\/ul>\n<h3>Erleben Sie eine Kopfmassage bei Nakee Massage &amp; Spa<\/h3>\n<p>Bei Nakee Massage &amp; Spa bietet unsere Kopfmassage die beste therapeutische Linderung. Unsere erfahrenen Therapeuten wenden authentische Techniken an, um eine wohltuende und effektive Behandlung zu gew\u00e4hrleisten. Die ruhige Umgebung unseres Spas f\u00f6rdert die Entspannung und hilft Ihnen, sich zu erholen und zu verj\u00fcngen.  <\/p>\n","protected":false},"excerpt":{"rendered":"<p>Die Kopfmassage konzentriert sich auf den Kopf, den Nacken und die Schultern. Mit sanften, aber festen Streichungen, Knetungen und Akupressurtechniken werden Verspannungen und Stress gel\u00f6st. Sie regt die Durchblutung an, lindert Kopfschmerzen, f\u00f6rdert die Entspannung und steigert die geistige Klarheit. Ideal f\u00fcr Menschen mit hohem Stresslevel, chronischen Kopfschmerzen oder auf der Suche nach allgemeinem Wohlbefinden.  <\/p>\n","protected":false},"featured_media":13005,"template":"","meta":{"_acf_changed":false,"wds_primary_product_brand":0,"wds_primary_product_cat":0},"product_brand":[],"product_cat":[175],"product_tag":[659,661,750,663,769,662,654,657,650,652,653,655,656,660,664,834,873,782,658,651],"class_list":{"0":"post-6889","1":"product","2":"type-product","3":"status-publish","4":"has-post-thumbnail","6":"product_cat-massagen","7":"product_tag-beste-massage-in-meiner-nahe","8":"product_tag-beste-massage-chaweng","9":"product_tag-beste-massage-in-bo-phut","10":"product_tag-beste-massage-in-chaweng","11":"product_tag-beste-massage-in-choengmon","12":"product_tag-beste-massage-in-koh-samui","13":"product_tag-beste-massage-koh-samui","14":"product_tag-ganzkorpermassage","15":"product_tag-koh-samui-massage-de","16":"product_tag-koh-samui-massage-preise","17":"product_tag-koh-samui-massage-salon","18":"product_tag-koh-samui-thailandische-massage","19":"product_tag-korper-massage-koh-samui","20":"product_tag-massage-in-koh-samui-de","21":"product_tag-massage-in-koh-samui-thailand-de","22":"product_tag-massagesalon","23":"product_tag-thai-massage-bo-phut-de","24":"product_tag-thai-massage-choengmon-de","25":"product_tag-thailandische-massage-in-meiner-nahe","26":"product_tag-thailandische-massage-koh-samui","27":"pa_duration-120-minuten","28":"pa_duration-60-minuten","29":"pa_duration-90-minuten","30":"pa_massage-ol-massage","31":"pa_menu-category-traditionelle-thai-therapien","32":"pa_types-entspannen-beruhigen","34":"first","35":"instock","36":"shipping-taxable","37":"purchasable","38":"product-type-variable"},"acf":[],"_links":{"self":[{"href":"https:\/\/www.nakee.spa\/de\/wp-json\/wp\/v2\/product\/6889","targetHints":{"allow":["GET"]}}],"collection":[{"href":"https:\/\/www.nakee.spa\/de\/wp-json\/wp\/v2\/product"}],"about":[{"href":"https:\/\/www.nakee.spa\/de\/wp-json\/wp\/v2\/types\/product"}],"wp:featuredmedia":[{"embeddable":true,"href":"https:\/\/www.nakee.spa\/de\/wp-json\/wp\/v2\/media\/13005"}],"wp:attachment":[{"href":"https:\/\/www.nakee.spa\/de\/wp-json\/wp\/v2\/media?parent=6889"}],"wp:term":[{"taxonomy":"product_brand","embeddable":true,"href":"https:\/\/www.nakee.spa\/de\/wp-json\/wp\/v2\/product_brand?post=6889"},{"taxonomy":"product_cat","embeddable":true,"href":"https:\/\/www.nakee.spa\/de\/wp-json\/wp\/v2\/product_cat?post=6889"},{"taxonomy":"product_tag","embeddable":true,"href":"https:\/\/www.nakee.spa\/de\/wp-json\/wp\/v2\/product_tag?post=6889"}],"curies":[{"name":"wp","href":"https:\/\/api.w.org\/{rel}","templated":true}]}}