{"id":7049,"date":"2024-07-09T12:26:39","date_gmt":"2024-07-09T12:26:39","guid":{"rendered":"https:\/\/www.nakee.spa\/product\/ganzkoerper-glow-paket\/"},"modified":"2025-11-14T12:06:23","modified_gmt":"2025-11-14T05:06:23","slug":"ganzkoerper-glow-paket","status":"publish","type":"product","link":"https:\/\/www.nakee.spa\/de\/produkt\/ganzkoerper-glow-paket\/","title":{"rendered":"Ganzk\u00f6rper-Glow-Paket"},"content":{"rendered":"<p><strong>Erleben Sie das Beste an Hautpflege und Entspannung mit unserem Full Body Glow Paket, einer authentischen Mischung aus einem 60-min\u00fctigen K\u00f6rperpeeling und einer 60-min\u00fctigen Kokosnuss\u00f6lmassage, die Ihre Haut verj\u00fcngt und Ihre Sinne beruhigt.<\/strong><\/p>\n<h4>Was ist Full Body Glow?<\/h4>\n<p>Das Full Body Glow-Paket beginnt mit einem gr\u00fcndlichen K\u00f6rperpeeling, das Ihre Haut exfoliert, abgestorbene Hautzellen entfernt und Ihren K\u00f6rper glatt und erfrischt zur\u00fcckl\u00e4sst. Genie\u00dfen Sie anschlie\u00dfend eine 60-min\u00fctige Kokosnuss\u00f6lmassage, die Ihre Haut tief n\u00e4hrt und mit Feuchtigkeit versorgt und gleichzeitig ein beruhigendes und entspannendes Erlebnis bietet. <\/p>\n<h4>Vorteile von Full Body Glow:<\/h4>\n<ul>\n<li><strong>Strahlende Haut<\/strong>: Das K\u00f6rperpeeling verj\u00fcngt Ihre Haut und l\u00e4sst sie revitalisiert aussehen und sich auch so anf\u00fchlen.<\/li>\n<li><strong>Tiefenentspannung<\/strong>: Die Kokosnuss\u00f6lmassage hilft, Muskelverspannungen zu l\u00f6sen und f\u00f6rdert die allgemeine Entspannung.<\/li>\n<li><strong>Mit Feuchtigkeit versorgte und gen\u00e4hrte Haut<\/strong>: Das nat\u00fcrliche Kokosnuss\u00f6l spendet Ihrer Haut viel Feuchtigkeit und sorgt daf\u00fcr, dass sie weich und geschmeidig bleibt.<\/li>\n<li><strong>Stressabbau<\/strong>: Sowohl das Peeling als auch die Massage wirken zusammen, um Stress abzubauen und Ihr allgemeines Wohlbefinden zu steigern.<\/li>\n<\/ul>\n<h4>Warum Full Body Glow w\u00e4hlen?<\/h4>\n<p>Dieses Paket ist perfekt f\u00fcr alle, die ihr Hautbild verbessern und eine tief entspannende Massage genie\u00dfen m\u00f6chten. Die Kombination aus Peeling und Feuchtigkeitszufuhr bietet das ultimative Pflege- und Entspannungserlebnis und ist damit die beste Wahl f\u00fcr eine authentische K\u00f6rperbehandlung. <\/p>\n<p>G\u00f6nnen Sie sich das Full Body Glow-Paket und verw\u00f6hnen Sie Ihren K\u00f6rper mit der Pflege, die er verdient. Perfekt, um eine gesunde, strahlende Haut zu erhalten und sicherzustellen, dass Sie sich v\u00f6llig erfrischt und verj\u00fcngt f\u00fchlen. <\/p>\n<hr>\n<p><strong>\u00dcber Nakee Kokosnuss\u00f6l<\/strong>: Unser spezielles Kokosnuss\u00f6l wird aus Kokosn\u00fcssen hergestellt, die auf der Insel Koh Samui wachsen. Dieses hausgemachte, 100% nat\u00fcrliche, native Bio-Kokosnuss\u00f6l sorgt f\u00fcr ein reines und authentisches Erlebnis. Der angenehme Duft f\u00f6rdert die Entspannung und macht Ihre Massage noch angenehmer.  <\/p>\n","protected":false},"excerpt":{"rendered":"<p>Erleben Sie das Beste an Entspannung und Verj\u00fcngung mit unserem Paket \u201eFull Body Glow\u201c. Diese authentische Behandlung kombiniert ein 60-min\u00fctiges K\u00f6rperpeeling mit einer 60-min\u00fctigen Kokosnuss\u00f6lmassage und l\u00e4sst Ihre Haut strahlen und erfrischen. Das K\u00f6rperpeeling entfernt abgestorbene Hautsch\u00fcppchen, w\u00e4hrend die Kokosnuss\u00f6lmassage Ihre Haut n\u00e4hrt und mit Feuchtigkeit versorgt und so Ihr allgemeines Wohlbefinden steigert. Perfekt f\u00fcr eine strahlende, gesunde Haut.   <\/p>\n","protected":false},"featured_media":954,"template":"","meta":{"_acf_changed":false,"wds_primary_product_brand":0,"wds_primary_product_cat":0},"product_brand":[],"product_cat":[460],"product_tag":[659,661,750,663,769,662,654,657,650,652,653,655,656,660,664,834,873,782,658,651],"class_list":{"0":"post-7049","1":"product","2":"type-product","3":"status-publish","4":"has-post-thumbnail","6":"product_cat-pakete","7":"product_tag-beste-massage-in-meiner-nahe","8":"product_tag-beste-massage-chaweng","9":"product_tag-beste-massage-in-bo-phut","10":"product_tag-beste-massage-in-chaweng","11":"product_tag-beste-massage-in-choengmon","12":"product_tag-beste-massage-in-koh-samui","13":"product_tag-beste-massage-koh-samui","14":"product_tag-ganzkorpermassage","15":"product_tag-koh-samui-massage-de","16":"product_tag-koh-samui-massage-preise","17":"product_tag-koh-samui-massage-salon","18":"product_tag-koh-samui-thailandische-massage","19":"product_tag-korper-massage-koh-samui","20":"product_tag-massage-in-koh-samui-de","21":"product_tag-massage-in-koh-samui-thailand-de","22":"product_tag-massagesalon","23":"product_tag-thai-massage-bo-phut-de","24":"product_tag-thai-massage-choengmon-de","25":"product_tag-thailandische-massage-in-meiner-nahe","26":"product_tag-thailandische-massage-koh-samui","27":"pa_duration-120-minuten","28":"pa_massage-kokosnussol","29":"pa_massage-scrub-de","30":"pa_menu-category-behandlungen-fur-korper-und-schonheitspflege","31":"pa_types-glatt-schon","33":"first","34":"instock","35":"shipping-taxable","36":"purchasable","37":"product-type-variable"},"acf":[],"_links":{"self":[{"href":"https:\/\/www.nakee.spa\/de\/wp-json\/wp\/v2\/product\/7049","targetHints":{"allow":["GET"]}}],"collection":[{"href":"https:\/\/www.nakee.spa\/de\/wp-json\/wp\/v2\/product"}],"about":[{"href":"https:\/\/www.nakee.spa\/de\/wp-json\/wp\/v2\/types\/product"}],"wp:featuredmedia":[{"embeddable":true,"href":"https:\/\/www.nakee.spa\/de\/wp-json\/wp\/v2\/media\/954"}],"wp:attachment":[{"href":"https:\/\/www.nakee.spa\/de\/wp-json\/wp\/v2\/media?parent=7049"}],"wp:term":[{"taxonomy":"product_brand","embeddable":true,"href":"https:\/\/www.nakee.spa\/de\/wp-json\/wp\/v2\/product_brand?post=7049"},{"taxonomy":"product_cat","embeddable":true,"href":"https:\/\/www.nakee.spa\/de\/wp-json\/wp\/v2\/product_cat?post=7049"},{"taxonomy":"product_tag","embeddable":true,"href":"https:\/\/www.nakee.spa\/de\/wp-json\/wp\/v2\/product_tag?post=7049"}],"curies":[{"name":"wp","href":"https:\/\/api.w.org\/{rel}","templated":true}]}}