{"id":7091,"date":"2024-07-11T09:16:08","date_gmt":"2024-07-11T09:16:08","guid":{"rendered":"https:\/\/www.nakee.spa\/product\/aromaoel-massage\/"},"modified":"2025-11-14T00:45:18","modified_gmt":"2025-11-13T17:45:18","slug":"aromaoel-massage","status":"publish","type":"product","link":"https:\/\/www.nakee.spa\/de\/produkt\/aromaoel-massage\/","title":{"rendered":"Aroma-Massage"},"content":{"rendered":"<h3>Was ist eine Aroma\u00f6lmassage?<\/h3>\n<p>Die Aroma\u00f6lmassage ist eine therapeutische Behandlung, die die Vorteile einer Massage mit den heilenden Eigenschaften \u00e4therischer \u00d6le kombiniert. Bei dieser Massage werden hochwertige \u00e4therische \u00d6le mit einem Tr\u00e4ger\u00f6l gemischt und mit verschiedenen Massagetechniken auf die Haut aufgetragen. Die \u00e4therischen \u00d6le werden aufgrund ihrer spezifischen therapeutischen Eigenschaften ausgew\u00e4hlt, wie z.B. Entspannung, Verj\u00fcngung oder Kr\u00e4ftigung, und verbessern das Gesamterlebnis der Massage.  <\/p>\n<h3>Vorteile der Aroma\u00f6lmassage<\/h3>\n<ol>\n<li><strong>Entspannung<\/strong>: F\u00f6rdert die Tiefenentspannung und baut Stress ab.<\/li>\n<li><strong>Verbesserte Stimmung<\/strong>: Verbessert die Stimmung und das emotionale Wohlbefinden durch den Einsatz von aromatischen \u00e4therischen \u00d6len.<\/li>\n<li><strong>Schmerzlinderung<\/strong>: Hilft bei Muskelschmerzen und Verspannungen.<\/li>\n<li><strong>Verbesserte Durchblutung<\/strong>: Verbessert den Blutfluss und die Lymphdrainage.<\/li>\n<li><strong>Hautnahrung<\/strong>: Macht die Haut weich, glatt und hydratisiert.<\/li>\n<li><strong>St\u00e4rkt das Immunsystem<\/strong>: Unterst\u00fctzt die allgemeine Gesundheit und das Wohlbefinden.<\/li>\n<\/ol>\n<h3>Warum eine Aroma\u00f6lmassage?<\/h3>\n<p>Entscheiden Sie sich f\u00fcr die Aroma\u00f6l-Massage wegen ihres ganzheitlichen Ansatzes f\u00fcr Ihr Wohlbefinden. Diese Behandlung behandelt nicht nur k\u00f6rperliche Beschwerden, sondern f\u00f6rdert auch die emotionale Gesundheit durch die Kraft \u00e4therischer \u00d6le. Sie ist perfekt f\u00fcr alle, die ein umfassendes Entspannungserlebnis suchen, das auch der Haut und der allgemeinen Gesundheit zugute kommt.  <\/p>\n<h3>Vorschl\u00e4ge<\/h3>\n<ul>\n<li>Ideal f\u00fcr Stressabbau und emotionales Gleichgewicht.<\/li>\n<li>Gro\u00dfartig, um die Haut mit Feuchtigkeit zu versorgen und zu n\u00e4hren.<\/li>\n<li>Kombinieren Sie es mit einer Gesichtsbehandlung oder einem K\u00f6rperpeeling f\u00fcr ein noch besseres Spa-Erlebnis.<\/li>\n<\/ul>\n<h3>Erleben Sie eine Aroma\u00f6lmassage bei Nakee Massage &amp; Spa<\/h3>\n<p>Erleben Sie die beste Aroma\u00f6lmassage bei Nakee Massage &amp; Spa, wo unsere erfahrenen Therapeuten die feinsten \u00e4therischen \u00d6le verwenden, um Ihnen ein tief entspannendes und verj\u00fcngendes Erlebnis zu bieten. Unsere ruhige Umgebung verst\u00e4rkt den therapeutischen Nutzen und sorgt daf\u00fcr, dass Sie sich erfrischt und belebt f\u00fchlen. <\/p>\n","protected":false},"excerpt":{"rendered":"<p>Die Aroma\u00f6lmassage kombiniert Massagetechniken mit den heilenden Eigenschaften \u00e4therischer \u00d6le, um die Entspannung zu f\u00f6rdern, die Stimmung zu verbessern, Schmerzen zu lindern und die Haut zu pflegen. Diese ganzheitliche Behandlung ist perfekt f\u00fcr alle, die sowohl k\u00f6rperliches als auch emotionales Wohlbefinden suchen. <\/p>\n<p>&nbsp;<\/p>\n","protected":false},"featured_media":13018,"template":"","meta":{"_acf_changed":false,"wds_primary_product_brand":0,"wds_primary_product_cat":0},"product_brand":[],"product_cat":[175],"product_tag":[659,661,750,663,769,662,654,657,650,652,653,655,656,660,664,834,873,782,658,651],"class_list":{"0":"post-7091","1":"product","2":"type-product","3":"status-publish","4":"has-post-thumbnail","6":"product_cat-massagen","7":"product_tag-beste-massage-in-meiner-nahe","8":"product_tag-beste-massage-chaweng","9":"product_tag-beste-massage-in-bo-phut","10":"product_tag-beste-massage-in-chaweng","11":"product_tag-beste-massage-in-choengmon","12":"product_tag-beste-massage-in-koh-samui","13":"product_tag-beste-massage-koh-samui","14":"product_tag-ganzkorpermassage","15":"product_tag-koh-samui-massage-de","16":"product_tag-koh-samui-massage-preise","17":"product_tag-koh-samui-massage-salon","18":"product_tag-koh-samui-thailandische-massage","19":"product_tag-korper-massage-koh-samui","20":"product_tag-massage-in-koh-samui-de","21":"product_tag-massage-in-koh-samui-thailand-de","22":"product_tag-massagesalon","23":"product_tag-thai-massage-bo-phut-de","24":"product_tag-thai-massage-choengmon-de","25":"product_tag-thailandische-massage-in-meiner-nahe","26":"product_tag-thailandische-massage-koh-samui","27":"pa_duration-120-minuten","28":"pa_duration-60-minuten","29":"pa_duration-90-minuten","30":"pa_massage-aromaol","31":"pa_menu-category-ol-aroma-entspannung","32":"pa_types-entspannen-beruhigen","33":"pa_types-weich-aroma","35":"first","36":"instock","37":"shipping-taxable","38":"purchasable","39":"product-type-variable"},"acf":[],"_links":{"self":[{"href":"https:\/\/www.nakee.spa\/de\/wp-json\/wp\/v2\/product\/7091","targetHints":{"allow":["GET"]}}],"collection":[{"href":"https:\/\/www.nakee.spa\/de\/wp-json\/wp\/v2\/product"}],"about":[{"href":"https:\/\/www.nakee.spa\/de\/wp-json\/wp\/v2\/types\/product"}],"wp:featuredmedia":[{"embeddable":true,"href":"https:\/\/www.nakee.spa\/de\/wp-json\/wp\/v2\/media\/13018"}],"wp:attachment":[{"href":"https:\/\/www.nakee.spa\/de\/wp-json\/wp\/v2\/media?parent=7091"}],"wp:term":[{"taxonomy":"product_brand","embeddable":true,"href":"https:\/\/www.nakee.spa\/de\/wp-json\/wp\/v2\/product_brand?post=7091"},{"taxonomy":"product_cat","embeddable":true,"href":"https:\/\/www.nakee.spa\/de\/wp-json\/wp\/v2\/product_cat?post=7091"},{"taxonomy":"product_tag","embeddable":true,"href":"https:\/\/www.nakee.spa\/de\/wp-json\/wp\/v2\/product_tag?post=7091"}],"curies":[{"name":"wp","href":"https:\/\/api.w.org\/{rel}","templated":true}]}}