{"id":10579,"date":"2024-06-22T12:29:42","date_gmt":"2024-06-22T05:29:42","guid":{"rendered":"https:\/\/www.nakee.spa\/politica-de-privacidad\/"},"modified":"2025-07-19T22:07:15","modified_gmt":"2025-07-19T15:07:15","slug":"politica-de-privacidad","status":"publish","type":"page","link":"https:\/\/www.nakee.spa\/es\/politica-de-privacidad\/","title":{"rendered":"Pol\u00edtica de privacidad"},"content":{"rendered":"<noscript><iframe src=\"https:\/\/www.googletagmanager.com\/ns.html?id=GTM-WM2WH3P6\" height=\"0\" width=\"0\" style=\"display:none;visibility:hidden\"><\/iframe><\/noscript>\t\t<div data-elementor-type=\"wp-page\" data-elementor-id=\"10579\" class=\"elementor elementor-10579 elementor-3\" data-elementor-post-type=\"page\">\n\t\t\t\t<div class=\"elementor-element elementor-element-7ee8dfc1 e-flex e-con-boxed e-con e-parent\" data-id=\"7ee8dfc1\" data-element_type=\"container\" data-e-type=\"container\">\n\t\t\t\t\t<div class=\"e-con-inner\">\n\t\t\t\t<div class=\"elementor-element elementor-element-3034ade policy-tabs e-n-tabs-mobile elementor-widget elementor-widget-n-tabs\" data-id=\"3034ade\" data-element_type=\"widget\" data-e-type=\"widget\" data-settings=\"{&quot;horizontal_scroll&quot;:&quot;disable&quot;}\" data-widget_type=\"nested-tabs.default\">\n\t\t\t\t\t\t\t<div class=\"e-n-tabs\" data-widget-number=\"50547422\" aria-label=\"Pesta\u00f1as. Abre elementos con Intro o Espacio, ci\u00e9rralos con Escape y navega con las fechas.\">\n\t\t\t<div class=\"e-n-tabs-heading\" role=\"tablist\">\n\t\t\t\t\t<button id=\"e-n-tab-title-505474221\" data-tab-title-id=\"e-n-tab-title-505474221\" class=\"e-n-tab-title\" aria-selected=\"true\" data-tab-index=\"1\" role=\"tab\" tabindex=\"0\" aria-controls=\"e-n-tab-content-505474221\" style=\"--n-tabs-title-order: 1;\">\n\t\t\t\t\t\t<span class=\"e-n-tab-title-text\">\n\t\t\t\tSimplificado\t\t\t<\/span>\n\t\t<\/button>\n\t\t\t\t<button id=\"e-n-tab-title-505474222\" data-tab-title-id=\"e-n-tab-title-505474222\" class=\"e-n-tab-title\" aria-selected=\"false\" data-tab-index=\"2\" role=\"tab\" tabindex=\"-1\" aria-controls=\"e-n-tab-content-505474222\" style=\"--n-tabs-title-order: 2;\">\n\t\t\t\t\t\t<span class=\"e-n-tab-title-text\">\n\t\t\t\tLegal\t\t\t<\/span>\n\t\t<\/button>\n\t\t\t\t\t<\/div>\n\t\t\t<div class=\"e-n-tabs-content\">\n\t\t\t\t<div id=\"e-n-tab-content-505474221\" role=\"tabpanel\" aria-labelledby=\"e-n-tab-title-505474221\" data-tab-index=\"1\" style=\"--n-tabs-title-order: 1;\" class=\"e-active elementor-element elementor-element-21d3adc e-con-full e-flex e-con e-child\" data-id=\"21d3adc\" data-element_type=\"container\" data-e-type=\"container\">\n\t\t<div class=\"elementor-element elementor-element-49ba1ff e-flex e-con-boxed e-con e-child\" data-id=\"49ba1ff\" data-element_type=\"container\" data-e-type=\"container\" data-settings=\"{&quot;background_background&quot;:&quot;classic&quot;}\">\n\t\t\t\t\t<div class=\"e-con-inner\">\n\t\t\t\t<div class=\"elementor-element elementor-element-371d520 elementor-widget elementor-widget-text-editor\" data-id=\"371d520\" data-element_type=\"widget\" data-e-type=\"widget\" data-widget_type=\"text-editor.default\">\n\t\t\t\t\t\t\t\t\t<p data-start=\"161\" data-end=\"199\"><strong data-start=\"161\" data-end=\"180\">Fecha de entrada en vigor:<\/strong> 1-Ene-2025<\/p><p data-start=\"201\" data-end=\"419\">En  <strong data-start=\"204\" data-end=\"234\">Nakee Masaje Tailand\u00e9s CO. LTD <\/strong>tu privacidad es importante para nosotros. Esta p\u00e1gina explica qu\u00e9 informaci\u00f3n personal recogemos y c\u00f3mo la utilizamos cuando nos visitas o te pones en contacto con nosotros a trav\u00e9s de <a class=\"\" href=\"https:\/\/www.nakee.spa\/es\/\" target=\"_new\" rel=\"noopener\" data-start=\"380\" data-end=\"418\">www.nakee.spa.<\/a> <\/p><hr data-start=\"421\" data-end=\"424\"><h2 data-start=\"426\" data-end=\"442\">1. Qui\u00e9nes somos<\/h2><p data-start=\"444\" data-end=\"618\">Nuestro nombre comercial es  <strong data-start=\"204\" data-end=\"234\">Nakee Masaje Tailand\u00e9s CO. LTD <\/strong>. Puedes encontrar nuestras direcciones f\u00edsicas en esta p\u00e1gina:<br data-start=\"553\" data-end=\"556\">\ud83d\udc49 <a class=\"\" href=\"https:\/\/www.nakee.spa\/es\/ramas\/\" target=\"_new\" rel=\"noopener\" data-start=\"559\" data-end=\"618\">Todas las Sucursales y Ubicaciones<\/a><\/p><hr data-start=\"620\" data-end=\"623\"><h2 data-start=\"625\" data-end=\"658\">2. Qu\u00e9 informaci\u00f3n recogemos<\/h2><p data-start=\"660\" data-end=\"711\">Recogemos informaci\u00f3n limitada para servirte mejor:<\/p><ul data-start=\"712\" data-end=\"958\"><li data-start=\"712\" data-end=\"786\"><p data-start=\"714\" data-end=\"786\"><strong data-start=\"714\" data-end=\"744\">Tu nombre y n\u00famero de tel\u00e9fono<\/strong> cuando te pongas en contacto con nosotros a trav\u00e9s de WhatsApp o Line.<\/p><\/li><li data-start=\"787\" data-end=\"893\"><p data-start=\"789\" data-end=\"893\"><strong data-start=\"789\" data-end=\"806\">Datos de localizaci\u00f3n<\/strong> para ayudarte a encontrar la sucursal m\u00e1s cercana o calcular el precio de los servicios de masajes externos.<\/p><\/li><li data-start=\"894\" data-end=\"958\"><p data-start=\"896\" data-end=\"958\"><strong data-start=\"896\" data-end=\"912\">Historial de chat<\/strong> con nuestro equipo (a trav\u00e9s de WhatsApp, Line o uChat).<\/p><\/li><\/ul><p data-start=\"960\" data-end=\"1128\"><strong data-start=\"963\" data-end=\"1014\">No recogemos ni almacenamos ning\u00fan dato relacionado con la salud<\/strong>. Nuestros terapeutas pueden preguntarte si tienes alg\u00fan problema de salud antes del tratamiento, pero esta informaci\u00f3n no se registra. <\/p><p data-start=\"1130\" data-end=\"1237\"><strong data-start=\"1133\" data-end=\"1174\">No recopilamos datos de pago en l\u00ednea<\/strong>. Todos los pagos se realizan <strong data-start=\"1201\" data-end=\"1236\">\u00fanicamente en efectivo o por transferencia bancaria tailandesa<\/strong>. <\/p><hr data-start=\"1239\" data-end=\"1242\"><h2 data-start=\"1244\" data-end=\"1277\">3. C\u00f3mo utilizamos tu informaci\u00f3n<\/h2><p data-start=\"1279\" data-end=\"1306\">Utilizamos tu informaci\u00f3n para:<\/p><ul data-start=\"1307\" data-end=\"1450\"><li data-start=\"1307\" data-end=\"1341\"><p data-start=\"1309\" data-end=\"1341\">Gestiona tus <strong data-start=\"1321\" data-end=\"1341\">solicitudes de Reserva<\/strong><\/p><\/li><li data-start=\"1342\" data-end=\"1372\"><p data-start=\"1344\" data-end=\"1372\">Proporcionar <strong data-start=\"1352\" data-end=\"1372\">asistencia al cliente<\/strong><\/p><\/li><li data-start=\"1373\" data-end=\"1407\"><p data-start=\"1375\" data-end=\"1407\">Mejorar nuestros servicios y nuestro sitio web<\/p><\/li><li data-start=\"1408\" data-end=\"1450\"><p data-start=\"1410\" data-end=\"1450\">Ejecuta <strong data-start=\"1414\" data-end=\"1450\">an\u00e1lisis e informes internos<\/strong><\/p><\/li><\/ul><p data-start=\"1452\" data-end=\"1528\">Actualmente <strong data-start=\"1465\" data-end=\"1499\">no enviamos mensajes de marketing<\/strong> por WhatsApp, correo electr\u00f3nico o SMS.<\/p><hr data-start=\"1530\" data-end=\"1533\"><h2 data-start=\"1535\" data-end=\"1568\">4. Con qui\u00e9n compartimos tus datos<\/h2><p data-start=\"1570\" data-end=\"1653\">Podemos compartir datos limitados con los siguientes servicios para ayudar a operar nuestro negocio:<\/p><ul data-start=\"1654\" data-end=\"1873\"><li data-start=\"1654\" data-end=\"1730\"><p data-start=\"1656\" data-end=\"1730\"><strong data-start=\"1656\" data-end=\"1689\">Google Analytics y Meta Pixel<\/strong> &#8211; para an\u00e1lisis del sitio web y publicidad.<\/p><\/li><li data-start=\"1731\" data-end=\"1797\"><p data-start=\"1733\" data-end=\"1797\"><strong data-start=\"1733\" data-end=\"1748\">Webotic.One<\/strong> &#8211; para contabilidad interna y gesti\u00f3n de revisiones.<\/p><\/li><li data-start=\"1798\" data-end=\"1873\"><p data-start=\"1800\" data-end=\"1873\">Nuestro equipo interno y los sistemas que apoyan las reservas y el servicio al cliente.<\/p><\/li><\/ul><hr data-start=\"1875\" data-end=\"1878\"><h2 data-start=\"1880\" data-end=\"1897\">5. Tus derechos<\/h2><p data-start=\"1899\" data-end=\"1969\"><strong data-start=\"1905\" data-end=\"1939\">No mantenemos registros<\/strong> o archivos de datos personales <strong data-start=\"1905\" data-end=\"1939\">a largo plazo<\/strong>.<\/p><p data-start=\"1971\" data-end=\"1987\">Por ello:<\/p><ul data-start=\"1988\" data-end=\"2121\"><li data-start=\"1988\" data-end=\"2033\"><p data-start=\"1990\" data-end=\"2033\"><strong data-start=\"1994\" data-end=\"2019\">No puedes solicitar una copia<\/strong> de tus datos.<\/p><\/li><li data-start=\"2034\" data-end=\"2121\"><p data-start=\"2036\" data-end=\"2121\"><strong data-start=\"2040\" data-end=\"2067\">No puedes solicitar la eliminaci\u00f3n<\/strong> de datos anteriores, ya que s\u00f3lo los almacenamos durante un breve per\u00edodo.<\/p><\/li><\/ul><p data-start=\"2123\" data-end=\"2201\">Si tienes preguntas o dudas, siempre puedes ponerte en contacto con nosotros por <strong data-start=\"2188\" data-end=\"2200\">WhatsApp<\/strong>.<\/p><hr data-start=\"2203\" data-end=\"2206\"><h2 data-start=\"2208\" data-end=\"2239\">6. Almacenamiento de datos y seguridad<\/h2><ul data-start=\"2241\" data-end=\"2387\"><li data-start=\"2241\" data-end=\"2292\"><p data-start=\"2243\" data-end=\"2292\">Almacenamos los datos de los clientes s\u00f3lo <strong data-start=\"2266\" data-end=\"2286\">durante 1 semana<\/strong>.<\/p><\/li><li data-start=\"2293\" data-end=\"2387\"><p data-start=\"2295\" data-end=\"2387\">Nuestro sitio web utiliza <strong data-start=\"2312\" data-end=\"2321\">HTTPS<\/strong>, y el acceso a los datos de los clientes est\u00e1 limitado \u00fanicamente al personal autorizado.<\/p><\/li><\/ul><hr data-start=\"2389\" data-end=\"2392\"><h2 data-start=\"2394\" data-end=\"2418\">7. Rese\u00f1as y fotos<\/h2><ul data-start=\"2420\" data-end=\"2581\"><li data-start=\"2420\" data-end=\"2523\"><p data-start=\"2422\" data-end=\"2523\">Podemos mostrar <strong data-start=\"2437\" data-end=\"2475\">rese\u00f1as<\/strong> y <strong data-start=\"2480\" data-end=\"2507\">fotos de<\/strong> <strong data-start=\"2437\" data-end=\"2475\">Google Maps o TripAdvisor<\/strong> <strong data-start=\"2480\" data-end=\"2507\">de nuestras ubicaciones<\/strong> en nuestro sitio web.<\/p><\/li><li data-start=\"2524\" data-end=\"2581\"><p data-start=\"2526\" data-end=\"2581\"><strong data-start=\"2532\" data-end=\"2564\">No recopilamos opiniones directamente<\/strong> en este sitio web.<\/p><\/li><\/ul><hr data-start=\"2583\" data-end=\"2586\"><p data-start=\"2588\" data-end=\"2672\">Si tienes alguna pregunta sobre esta pol\u00edtica, ponte en contacto con nosotros directamente por WhatsApp.<\/p>\t\t\t\t\t\t\t\t<\/div>\n\t\t\t\t\t<\/div>\n\t\t\t\t<\/div>\n\t\t\t\t<\/div>\n\t\t<div id=\"e-n-tab-content-505474222\" role=\"tabpanel\" aria-labelledby=\"e-n-tab-title-505474222\" data-tab-index=\"2\" style=\"--n-tabs-title-order: 2;\" class=\" elementor-element elementor-element-6f146af e-con-full e-flex e-con e-child\" data-id=\"6f146af\" data-element_type=\"container\" data-e-type=\"container\">\n\t\t<div class=\"elementor-element elementor-element-62499a1 e-flex e-con-boxed e-con e-child\" data-id=\"62499a1\" data-element_type=\"container\" data-e-type=\"container\" data-settings=\"{&quot;background_background&quot;:&quot;classic&quot;}\">\n\t\t\t\t\t<div class=\"e-con-inner\">\n\t\t\t\t<div class=\"elementor-element elementor-element-af488b2 elementor-widget elementor-widget-text-editor\" data-id=\"af488b2\" data-element_type=\"widget\" data-e-type=\"widget\" data-widget_type=\"text-editor.default\">\n\t\t\t\t\t\t\t\t\t<p data-start=\"236\" data-end=\"302\"><strong data-start=\"269\" data-end=\"288\">Fecha de entrada en vigor:<\/strong> 1-Ene-2025<\/p><p data-start=\"304\" data-end=\"561\">Esta Pol\u00edtica de privacidad describe c\u00f3mo  <strong data-start=\"204\" data-end=\"234\">Nakee Masaje Tailand\u00e9s CO. LTD <\/strong>  (\u00abnosotros\u00bb, \u00abnos\u00bb o \u00abnuestro\u00bb) recopila, utiliza, almacena y protege tu informaci\u00f3n personal cuando interact\u00faas con nuestros servicios a trav\u00e9s de nuestro sitio web en <a class=\"\" href=\"https:\/\/www.nakee.spa\/es\/\" target=\"_new\" rel=\"noopener\" data-start=\"514\" data-end=\"560\">https:\/\/www.nakee.spa.<\/a><\/p><hr data-start=\"563\" data-end=\"566\"><h2 data-start=\"568\" data-end=\"594\">1. Informaci\u00f3n empresarial<\/h2><ul data-start=\"596\" data-end=\"747\"><li data-start=\"596\" data-end=\"645\"><p data-start=\"598\" data-end=\"645\">Nombre comercial:  <strong data-start=\"204\" data-end=\"234\">Nakee Masaje Tailand\u00e9s CO. LTD <\/strong><\/p><\/li><li data-start=\"646\" data-end=\"747\"><p data-start=\"648\" data-end=\"747\">Direcciones f\u00edsicas: Disponibles en <a class=\"\" href=\"https:\/\/www.nakee.spa\/es\/ramas\/\" target=\"_new\" rel=\"noopener\" data-start=\"681\" data-end=\"747\">https:\/\/www.nakee.spa\/branches\/<\/a><\/p><\/li><\/ul><hr data-start=\"749\" data-end=\"752\"><h2 data-start=\"754\" data-end=\"775\">2. Datos que recogemos<\/h2><p data-start=\"777\" data-end=\"828\">Recogemos informaci\u00f3n personal limitada de la siguiente manera:<\/p><h3 data-start=\"830\" data-end=\"851\">2.1 Datos personales<\/h3><ul data-start=\"852\" data-end=\"1038\"><li data-start=\"852\" data-end=\"919\"><p data-start=\"854\" data-end=\"919\"><strong data-start=\"854\" data-end=\"879\">Nombre y n\u00famero de tel\u00e9fono<\/strong> cuando te comuniques por WhatsApp o Line<\/p><\/li><li data-start=\"920\" data-end=\"1038\"><p data-start=\"922\" data-end=\"1038\"><strong data-start=\"922\" data-end=\"939\">Ubicaci\u00f3n del usuario<\/strong>, utilizada para identificar la sucursal m\u00e1s cercana y calcular los gastos de desplazamiento para los servicios de masajes externos.<\/p><\/li><\/ul><h3 data-start=\"1040\" data-end=\"1066\">2.2 Informaci\u00f3n sanitaria<\/h3><ul data-start=\"1067\" data-end=\"1254\"><li data-start=\"1067\" data-end=\"1254\"><p data-start=\"1069\" data-end=\"1254\"><strong data-start=\"1075\" data-end=\"1100\">No recogemos ni registramos<\/strong> ninguna informaci\u00f3n relacionada con la salud. Los terapeutas pueden preguntar verbalmente a los clientes sobre cuestiones de salud relevantes antes del tratamiento, \u00fanicamente por motivos de seguridad y calidad. <\/p><\/li><\/ul><h3 data-start=\"1256\" data-end=\"1283\">2.3 Informaci\u00f3n sobre el pago<\/h3><ul data-start=\"1284\" data-end=\"1382\"><li data-start=\"1284\" data-end=\"1382\"><p data-start=\"1286\" data-end=\"1382\">No procesamos pagos en l\u00ednea. Los pagos s\u00f3lo se realizan en <strong data-start=\"1342\" data-end=\"1376\">efectivo o mediante transferencia bancaria tailandesa<\/strong>. <\/p><\/li><\/ul><h3 data-start=\"1384\" data-end=\"1406\">2.4 Datos t\u00e9cnicos<\/h3><ul data-start=\"1407\" data-end=\"1516\"><li data-start=\"1407\" data-end=\"1516\"><p data-start=\"1409\" data-end=\"1516\">La direcci\u00f3n IP y la informaci\u00f3n del dispositivo\/navegador pueden recopilarse a trav\u00e9s de <strong data-start=\"1476\" data-end=\"1496\">Google Analytics<\/strong> y <strong data-start=\"1501\" data-end=\"1515\">Meta Pixel<\/strong>.<\/p><\/li><\/ul><hr data-start=\"1518\" data-end=\"1521\"><h2 data-start=\"1523\" data-end=\"1555\">3. Finalidad del tratamiento de datos<\/h2><p data-start=\"1557\" data-end=\"1605\">Tratamos tus datos para los siguientes fines:<\/p><ul data-start=\"1606\" data-end=\"1809\"><li data-start=\"1606\" data-end=\"1651\"><p data-start=\"1608\" data-end=\"1651\">Programaci\u00f3n de citas y atenci\u00f3n al cliente<\/p><\/li><li data-start=\"1652\" data-end=\"1697\"><p data-start=\"1654\" data-end=\"1697\">An\u00e1lisis interno y mejora empresarial<\/p><\/li><li data-start=\"1698\" data-end=\"1809\"><p data-start=\"1700\" data-end=\"1809\">Marketing y seguimiento del rendimiento (s\u00f3lo a trav\u00e9s de plataformas de an\u00e1lisis; actualmente no se practica el marketing directo).<\/p><\/li><\/ul><p data-start=\"1811\" data-end=\"1911\"><strong data-start=\"1817\" data-end=\"1824\">No<\/strong> enviamos contenido promocional no solicitado a trav\u00e9s de WhatsApp, correo electr\u00f3nico u otros servicios de mensajer\u00eda.<\/p><hr data-start=\"1913\" data-end=\"1916\"><h2 data-start=\"1918\" data-end=\"1936\">4. Compartir datos<\/h2><p data-start=\"1938\" data-end=\"1967\">Tus datos pueden ser compartidos con:<\/p><ul data-start=\"1968\" data-end=\"2203\"><li data-start=\"1968\" data-end=\"2036\"><p data-start=\"1970\" data-end=\"2036\"><strong data-start=\"1970\" data-end=\"1990\">Google Analytics<\/strong> y <strong data-start=\"1995\" data-end=\"2009\">Meta Pixel<\/strong> (para an\u00e1lisis de uso del sitio)<\/p><\/li><li data-start=\"2037\" data-end=\"2123\"><p data-start=\"2039\" data-end=\"2123\"><strong data-start=\"2039\" data-end=\"2054\">Webotic.One<\/strong>, nuestro proveedor interno de soluciones para la gesti\u00f3n de la contabilidad y la revisi\u00f3n<\/p><\/li><li data-start=\"2124\" data-end=\"2203\"><p data-start=\"2126\" data-end=\"2203\">Sistemas internos y personal autorizado para la atenci\u00f3n al cliente y la programaci\u00f3n<\/p><\/li><\/ul><p data-start=\"2205\" data-end=\"2296\"><strong data-start=\"2211\" data-end=\"2239\">No vendemos, alquilamos ni compartimos<\/strong> datos personales con terceros para fines no relacionados.<\/p><hr data-start=\"2298\" data-end=\"2301\"><h2 data-start=\"2303\" data-end=\"2323\">5. Conservaci\u00f3n de datos<\/h2><p data-start=\"2325\" data-end=\"2459\">Conservamos los datos personales <strong data-start=\"2349\" data-end=\"2376\">durante un m\u00e1ximo de 1 semana<\/strong> a partir de la fecha de recogida. Despu\u00e9s, los datos se eliminan o se convierten en an\u00f3nimos. <\/p><hr data-start=\"2461\" data-end=\"2464\"><h2 data-start=\"2466\" data-end=\"2483\">6. Derechos del usuario<\/h2><p data-start=\"2485\" data-end=\"2585\">Debido a nuestra pol\u00edtica de conservaci\u00f3n a corto plazo, <strong data-start=\"2531\" data-end=\"2556\">no mantenemos archivos<\/strong> de datos personales. Por tanto: <\/p><ul data-start=\"2586\" data-end=\"2749\"><li data-start=\"2586\" data-end=\"2659\"><p data-start=\"2588\" data-end=\"2659\"><strong data-start=\"2595\" data-end=\"2623\">No podemos facilitarte copias<\/strong> de tus datos personales si lo solicitas.<\/p><\/li><li data-start=\"2660\" data-end=\"2749\"><p data-start=\"2662\" data-end=\"2749\"><strong data-start=\"2669\" data-end=\"2708\">No podemos procesar solicitudes de eliminaci\u00f3n<\/strong> m\u00e1s all\u00e1 de nuestra ventana de retenci\u00f3n de datos de 1 semana.<\/p><\/li><\/ul><p data-start=\"2751\" data-end=\"2856\">Para cualquier consulta, puedes ponerte en contacto con nosotros a trav\u00e9s de WhatsApp utilizando la informaci\u00f3n de contacto proporcionada en nuestro sitio web.<\/p><hr data-start=\"2858\" data-end=\"2861\"><h2 data-start=\"2863\" data-end=\"2877\">7. Seguridad<\/h2><p data-start=\"2879\" data-end=\"2940\">Tomamos las medidas apropiadas para proteger tus datos, incluyendo:<\/p><ul data-start=\"2941\" data-end=\"3093\"><li data-start=\"2941\" data-end=\"2970\"><p data-start=\"2943\" data-end=\"2970\">Uso del <strong data-start=\"2950\" data-end=\"2970\">cifrado HTTPS<\/strong><\/p><\/li><li data-start=\"2971\" data-end=\"3036\"><p data-start=\"2973\" data-end=\"3036\">Acceso restringido a los datos personales s\u00f3lo por personal autorizado<\/p><\/li><li data-start=\"3037\" data-end=\"3093\"><p data-start=\"3039\" data-end=\"3093\">Controles administrativos para impedir el acceso no autorizado<\/p><\/li><\/ul><hr data-start=\"3095\" data-end=\"3098\"><h2 data-start=\"3100\" data-end=\"3126\">8. Cookies y rastreo<\/h2><p data-start=\"3128\" data-end=\"3185\">Nuestro sitio web puede utilizar cookies y tecnolog\u00edas similares para:<\/p><ul data-start=\"3186\" data-end=\"3243\"><li data-start=\"3186\" data-end=\"3206\"><p data-start=\"3188\" data-end=\"3206\">Gesti\u00f3n de la sesi\u00f3n<\/p><\/li><li data-start=\"3207\" data-end=\"3243\"><p data-start=\"3209\" data-end=\"3243\">An\u00e1lisis y seguimiento del rendimiento<\/p><\/li><\/ul><p data-start=\"3245\" data-end=\"3299\">Puedes controlar las cookies a trav\u00e9s de la configuraci\u00f3n de tu navegador.<\/p><hr data-start=\"3301\" data-end=\"3304\"><h2 data-start=\"3306\" data-end=\"3331\">9. Contenidos de terceros<\/h2><p data-start=\"3333\" data-end=\"3519\">Nuestro sitio web puede contener contenido incrustado (por ejemplo, v\u00eddeos de YouTube, Google Maps) que puede recopilar datos de forma independiente. \u00c9stos se rigen por las pol\u00edticas de privacidad de las respectivas plataformas. <\/p><hr data-start=\"3521\" data-end=\"3524\"><h2 data-start=\"3526\" data-end=\"3557\">10. Rese\u00f1as y contenido de los usuarios<\/h2><p data-start=\"3559\" data-end=\"3712\">Podemos mostrar opiniones y fotos de clientes obtenidas de <strong data-start=\"3615\" data-end=\"3630\">Google Maps<\/strong> y <strong data-start=\"3635\" data-end=\"3650\">TripAdvisor<\/strong>. No recopilamos opiniones ni fotos directamente en el sitio web. <\/p><hr data-start=\"3714\" data-end=\"3717\"><h2 data-start=\"3719\" data-end=\"3733\">11. Contacta con<\/h2><p data-start=\"3735\" data-end=\"3905\">Si tienes preguntas sobre esta Pol\u00edtica de Privacidad, ponte en contacto con nosotros a trav\u00e9s de nuestro <strong data-start=\"3823\" data-end=\"3843\">canal<\/strong> oficial <strong data-start=\"3823\" data-end=\"3843\">de WhatsApp<\/strong>, disponible en <a class=\"\" href=\"https:\/\/www.nakee.spa\/es\/\" target=\"_new\" rel=\"noopener\" data-start=\"3858\" data-end=\"3904\">https:\/\/www.nakee.spa.<\/a><\/p>\t\t\t\t\t\t\t\t<\/div>\n\t\t\t\t\t<\/div>\n\t\t\t\t<\/div>\n\t\t\t\t<\/div>\n\t\t\t\t\t<\/div>\n\t\t<\/div>\n\t\t\t\t\t\t<\/div>\n\t\t\t\t\t<\/div>\n\t\t\t\t<\/div>\n\t\t\t\t<\/div>\n\t\t","protected":false},"excerpt":{"rendered":"<p>Simplificado Legal Fecha de entrada en vigor: 1-Ene-2025 En Nakee Masaje Tailand\u00e9s CO. LTD tu privacidad es importante para nosotros. Esta p\u00e1gina explica qu\u00e9 informaci\u00f3n personal recogemos y c\u00f3mo la utilizamos cuando nos visitas o te pones en contacto con nosotros a trav\u00e9s de www.nakee.spa. 1. Qui\u00e9nes somos Nuestro nombre comercial es Nakee Masaje Tailand\u00e9s [&hellip;]<\/p>\n","protected":false},"author":1,"featured_media":0,"parent":0,"menu_order":0,"comment_status":"closed","ping_status":"closed","template":"","meta":{"_acf_changed":false,"footnotes":""},"class_list":["post-10579","page","type-page","status-publish","hentry"],"acf":[],"_links":{"self":[{"href":"https:\/\/www.nakee.spa\/es\/wp-json\/wp\/v2\/pages\/10579","targetHints":{"allow":["GET"]}}],"collection":[{"href":"https:\/\/www.nakee.spa\/es\/wp-json\/wp\/v2\/pages"}],"about":[{"href":"https:\/\/www.nakee.spa\/es\/wp-json\/wp\/v2\/types\/page"}],"author":[{"embeddable":true,"href":"https:\/\/www.nakee.spa\/es\/wp-json\/wp\/v2\/users\/1"}],"replies":[{"embeddable":true,"href":"https:\/\/www.nakee.spa\/es\/wp-json\/wp\/v2\/comments?post=10579"}],"version-history":[{"count":3,"href":"https:\/\/www.nakee.spa\/es\/wp-json\/wp\/v2\/pages\/10579\/revisions"}],"predecessor-version":[{"id":11311,"href":"https:\/\/www.nakee.spa\/es\/wp-json\/wp\/v2\/pages\/10579\/revisions\/11311"}],"wp:attachment":[{"href":"https:\/\/www.nakee.spa\/es\/wp-json\/wp\/v2\/media?parent=10579"}],"curies":[{"name":"wp","href":"https:\/\/api.w.org\/{rel}","templated":true}]}}