{"id":10613,"date":"2025-06-04T01:16:08","date_gmt":"2025-06-03T18:16:08","guid":{"rendered":"https:\/\/www.nakee.spa\/politica-de-devoluciones-y-reembolsos\/"},"modified":"2025-06-08T15:13:17","modified_gmt":"2025-06-08T08:13:17","slug":"politica-de-devoluciones-y-reembolsos","status":"publish","type":"page","link":"https:\/\/www.nakee.spa\/es\/politica-de-devoluciones-y-reembolsos\/","title":{"rendered":"Pol\u00edtica de devoluciones y reembolsos"},"content":{"rendered":"<noscript><iframe src=\"https:\/\/www.googletagmanager.com\/ns.html?id=GTM-WM2WH3P6\" height=\"0\" width=\"0\" style=\"display:none;visibility:hidden\"><\/iframe><\/noscript>\t\t<div data-elementor-type=\"wp-page\" data-elementor-id=\"10613\" class=\"elementor elementor-10613 elementor-513\" data-elementor-post-type=\"page\">\n\t\t\t\t<div class=\"elementor-element elementor-element-77d6257a policy-tabs e-flex e-con-boxed e-con e-parent\" data-id=\"77d6257a\" data-element_type=\"container\" data-e-type=\"container\">\n\t\t\t\t\t<div class=\"e-con-inner\">\n\t\t\t\t<div class=\"elementor-element elementor-element-59fff250 elementor-widget elementor-widget-text-editor\" data-id=\"59fff250\" data-element_type=\"widget\" data-e-type=\"widget\" data-widget_type=\"text-editor.default\">\n\t\t\t\t\t\t\t\t\t<p>Fecha de entrada en vigor: 1-Ene-2025<\/p>\n<p>En Nakee Thai Massage and Spa estamos especializados en prestar servicios de bienestar en persona, como masaje tailand\u00e9s, masaje con aceite, masaje de pies y tratamientos relacionados.<\/p>\n<hr><h2>1. Pol\u00edtica de no devoluci\u00f3n ni reembolso<\/h2>\n<p>No ofrecemos reembolsos ni devoluciones por ninguno de nuestros servicios. Todos los servicios se prestan directamente en persona en nuestras Sucursales o mediante visitas de masaje externas previamente programadas. Dado que no vendemos ni entregamos bienes f\u00edsicos, no hay art\u00edculos susceptibles de devoluci\u00f3n.  <\/p>\n<hr><h2>2. Preocupaciones de servicio<\/h2>\n<p>Si tienes alg\u00fan problema durante o despu\u00e9s de una sesi\u00f3n, te animamos a que hables con nuestro personal o te pongas en contacto con nosotros directamente. Nos comprometemos a mantener un alto nivel de servicio y revisaremos las preocupaciones caso por caso. <\/p>\n<hr><h2>3. Informaci\u00f3n de contacto<\/h2>\n<p>Para cualquier pregunta relacionada con nuestra pol\u00edtica de reembolsos y devoluciones, ponte en contacto con nosotros a trav\u00e9s de WhatsApp en el n\u00famero que aparece en nuestro sitio web: https:\/\/www.nakee.spa.<\/p>\n<p><\/p>\t\t\t\t\t\t\t\t<\/div>\n\t\t\t\t\t<\/div>\n\t\t\t\t<\/div>\n\t\t\t\t<\/div>\n\t\t","protected":false},"excerpt":{"rendered":"<p>Fecha de entrada en vigor: 1-Ene-2025 En Nakee Thai Massage and Spa estamos especializados en prestar servicios de bienestar en persona, como masaje tailand\u00e9s, masaje con aceite, masaje de pies y tratamientos relacionados. 1. Pol\u00edtica de no devoluci\u00f3n ni reembolso No ofrecemos reembolsos ni devoluciones por ninguno de nuestros servicios. Todos los servicios se prestan [&hellip;]<\/p>\n","protected":false},"author":1,"featured_media":0,"parent":0,"menu_order":0,"comment_status":"closed","ping_status":"closed","template":"","meta":{"_acf_changed":false,"footnotes":""},"class_list":["post-10613","page","type-page","status-publish","hentry"],"acf":[],"_links":{"self":[{"href":"https:\/\/www.nakee.spa\/es\/wp-json\/wp\/v2\/pages\/10613","targetHints":{"allow":["GET"]}}],"collection":[{"href":"https:\/\/www.nakee.spa\/es\/wp-json\/wp\/v2\/pages"}],"about":[{"href":"https:\/\/www.nakee.spa\/es\/wp-json\/wp\/v2\/types\/page"}],"author":[{"embeddable":true,"href":"https:\/\/www.nakee.spa\/es\/wp-json\/wp\/v2\/users\/1"}],"replies":[{"embeddable":true,"href":"https:\/\/www.nakee.spa\/es\/wp-json\/wp\/v2\/comments?post=10613"}],"version-history":[{"count":1,"href":"https:\/\/www.nakee.spa\/es\/wp-json\/wp\/v2\/pages\/10613\/revisions"}],"predecessor-version":[{"id":10615,"href":"https:\/\/www.nakee.spa\/es\/wp-json\/wp\/v2\/pages\/10613\/revisions\/10615"}],"wp:attachment":[{"href":"https:\/\/www.nakee.spa\/es\/wp-json\/wp\/v2\/media?parent=10613"}],"curies":[{"name":"wp","href":"https:\/\/api.w.org\/{rel}","templated":true}]}}