{"id":8782,"date":"2025-01-27T02:54:31","date_gmt":"2025-01-26T19:54:31","guid":{"rendered":"https:\/\/www.nakee.spa\/ramas\/"},"modified":"2025-02-09T20:45:23","modified_gmt":"2025-02-09T13:45:23","slug":"ramas","status":"publish","type":"page","link":"https:\/\/www.nakee.spa\/es\/ramas\/","title":{"rendered":"Sucursales"},"content":{"rendered":"<noscript><iframe src=\"https:\/\/www.googletagmanager.com\/ns.html?id=GTM-WM2WH3P6\" height=\"0\" width=\"0\" style=\"display:none;visibility:hidden\"><\/iframe><\/noscript>\t\t<div data-elementor-type=\"wp-page\" data-elementor-id=\"8782\" class=\"elementor elementor-8782 elementor-8761\" data-elementor-post-type=\"page\">\n\t\t\t\t<div class=\"elementor-element elementor-element-63e4d2c6 e-flex e-con-boxed e-con e-parent\" data-id=\"63e4d2c6\" data-element_type=\"container\" data-e-type=\"container\" data-settings=\"{&quot;background_background&quot;:&quot;classic&quot;}\">\n\t\t\t\t\t<div class=\"e-con-inner\">\n\t\t\t\t<div class=\"elementor-element elementor-element-3f9864e4 elementor-widget elementor-widget-woocommerce-breadcrumb\" data-id=\"3f9864e4\" data-element_type=\"widget\" data-e-type=\"widget\" data-widget_type=\"woocommerce-breadcrumb.default\">\n\t\t\t\t\t<nav class=\"woocommerce-breadcrumb\" aria-label=\"Breadcrumb\">Inicio<\/nav>\t\t\t\t<\/div>\n\t\t\t\t\t<\/div>\n\t\t\t\t<\/div>\n\t\t<div class=\"elementor-element elementor-element-a640724 e-flex e-con-boxed e-con e-parent\" data-id=\"a640724\" data-element_type=\"container\" data-e-type=\"container\" data-settings=\"{&quot;background_background&quot;:&quot;classic&quot;}\">\n\t\t\t\t\t<div class=\"e-con-inner\">\n\t\t\t\t<div class=\"elementor-element elementor-element-642b05d f-nas elementor-widget elementor-widget-text-editor\" data-id=\"642b05d\" data-element_type=\"widget\" data-e-type=\"widget\" data-widget_type=\"text-editor.default\">\n\t\t\t\t\t\t\t\t\t<p>Trata como a nadie<\/p>\n\t\t\t\t\t\t\t\t<\/div>\n\t\t\t\t<div class=\"elementor-element elementor-element-566b7ae elementor-widget elementor-widget-heading\" data-id=\"566b7ae\" data-element_type=\"widget\" data-e-type=\"widget\" data-widget_type=\"heading.default\">\n\t\t\t\t\t<h5 class=\"elementor-heading-title elementor-size-default\">Lista de nuestras Sucursales<\/h5>\t\t\t\t<\/div>\n\t\t\t\t<div class=\"elementor-element elementor-element-23bbc0cf elementor-widget elementor-widget-heading\" data-id=\"23bbc0cf\" data-element_type=\"widget\" data-e-type=\"widget\" data-widget_type=\"heading.default\">\n\t\t\t\t\t<h2 class=\"elementor-heading-title elementor-size-default\">Elige tu Sucursal m\u00e1s cercana<\/h2>\t\t\t\t<\/div>\n\t\t\t\t\t<\/div>\n\t\t\t\t<\/div>\n\t\t<div class=\"elementor-element elementor-element-3575113d e-con-full e-flex e-con e-parent\" data-id=\"3575113d\" data-element_type=\"container\" data-e-type=\"container\" data-settings=\"{&quot;background_background&quot;:&quot;classic&quot;,&quot;shape_divider_top&quot;:&quot;tilt&quot;}\">\n\t\t\t\t<div class=\"elementor-shape elementor-shape-top\" aria-hidden=\"true\" data-negative=\"false\">\n\t\t\t<svg xmlns=\"http:\/\/www.w3.org\/2000\/svg\" viewBox=\"0 0 1000 100\" preserveAspectRatio=\"none\">\n\t<path class=\"elementor-shape-fill\" d=\"M0,6V0h1000v100L0,6z\"\/>\n<\/svg>\t\t<\/div>\n\t\t<div class=\"elementor-element elementor-element-baf4161 e-flex e-con-boxed e-con e-child\" data-id=\"baf4161\" data-element_type=\"container\" data-e-type=\"container\">\n\t\t\t\t\t<div class=\"e-con-inner\">\n\t\t\t\t<div class=\"elementor-element elementor-element-ea5cfee elementor-widget elementor-widget-shortcode\" data-id=\"ea5cfee\" data-element_type=\"widget\" data-e-type=\"widget\" data-widget_type=\"shortcode.default\">\n\t\t\t\t\t\t\t<div class=\"elementor-shortcode\"><div id=\"map\"><\/div><div class=\"map-alerts\"><div class=\"alert permit-location\"><div class=\"alert-inner\"><div class=\"center update-btn\"><button onclick=\"updateMapDistances()\">\ud83d\udccd Haz clic para actualizar las distancias desde tu ubicaci\u00f3n<\/button><\/div><div class=\"center loading\"><div class=\"loader\"><\/div><\/div><\/div><\/div><div class=\"alert permission-required center\" style=\"display:none;\"><div><b>ERROR<\/b><\/div><div>Acceso a la ubicaci\u00f3n denegado<\/div><div><b>Activa<\/b> los permisos de localizaci\u00f3n en tu navegador para ayudarnos a sugerirte las sucursales m\u00e1s cercanas.<\/div><\/div><div class=\"alert no-support\" style=\"display:none\"><center><b>ERROR<\/b><\/center>Lamentablemente, parece que tu navegador no es compatible con la funci\u00f3n de localizaci\u00f3n. No podemos calcular y mostrar la sucursal m\u00e1s cercana. No dudes en utilizar el mapa de arriba para encontrar la sucursal m\u00e1s cercana manualmente, o prueba a utilizar un navegador moderno como Chrome.  <\/div><p class=\"order-message\">Ordenados por Sucursal m\u00e1s cercana a tu ubicaci\u00f3n<\/p><\/div><div class=\"branch-list flip-container branches\"><div class=\"branch flipper branch-911\" data-lat=\"9.4714865\" data-lng=\"100.0545024\"><div class=\"branch_inner animated front\"><div class=\"image cursor-pointer\" style=\"border-right-width: 1px;\"><img fetchpriority=\"high\" decoding=\"async\" width=\"300\" height=\"300\" src=\"https:\/\/www.nakee.spa\/wp-content\/uploads\/2025\/08\/Nakee-Thai-Massage-Lamai-Branch-Foot-Massage-e1753996270806-300x300.webp\" class=\"attachment-medium size-medium\" alt=\"Nakee Thai Massage - Lamai Branch - Foot Massage\" srcset=\"https:\/\/www.nakee.spa\/wp-content\/uploads\/2025\/08\/Nakee-Thai-Massage-Lamai-Branch-Foot-Massage-e1753996270806-300x300.webp 300w, https:\/\/www.nakee.spa\/wp-content\/uploads\/2025\/08\/Nakee-Thai-Massage-Lamai-Branch-Foot-Massage-e1753996270806-100x100.webp 100w, https:\/\/www.nakee.spa\/wp-content\/uploads\/2025\/08\/Nakee-Thai-Massage-Lamai-Branch-Foot-Massage-e1753996270806-600x600.webp 600w, https:\/\/www.nakee.spa\/wp-content\/uploads\/2025\/08\/Nakee-Thai-Massage-Lamai-Branch-Foot-Massage-e1753996270806-1024x1024.webp 1024w, https:\/\/www.nakee.spa\/wp-content\/uploads\/2025\/08\/Nakee-Thai-Massage-Lamai-Branch-Foot-Massage-e1753996270806-150x150.webp 150w, https:\/\/www.nakee.spa\/wp-content\/uploads\/2025\/08\/Nakee-Thai-Massage-Lamai-Branch-Foot-Massage-e1753996270806-768x768.webp 768w, https:\/\/www.nakee.spa\/wp-content\/uploads\/2025\/08\/Nakee-Thai-Massage-Lamai-Branch-Foot-Massage-e1753996270806.webp 1200w\" sizes=\"(max-width: 300px) 100vw, 300px\" \/><\/div><div class=\"info\"><p class=\"city\">Ko Samui, Tailandia<\/p><h2 class=\"name\"><a class=\"target-page\" href=\"https:\/\/www.nakee.spa\/es\/branch\/lamai-beach\/\">Lamai Beach<\/a><\/h2><p class=\"landmark\">Near Samui Harmony Resort<\/p><div class=\"distance\"><div class=\"nav-actions\"><span class=\"centerBranch\" onclick=\"centerBranch(911)\"><\/span> <a class=\"navigateBranch\" target=\"_blank\" rel=\"noopener noreferrer\" href=\"https:\/\/www.google.com\/maps\/dir\/\/9.4714865,100.0545024\/@9.4714865,100.0545024,16.04z\"><\/a><\/div><span class=\"help\" title=\"Distancia aproximada\">Distancia: ~<\/span> <span class=\"value\">-<\/span><\/div><\/div><div class=\"actions elementor-button-wrapper\"><button onclick=\"goTobranch(this)\" class=\"target-page elementor-button elementor-button-link elementor-size-sm\">Sucursales<\/button><\/div><\/div><div class=\"back\"><div class=\"in\">Reordenar por distancia<div class=\"loader\"><\/div><\/div><\/div><\/div><div class=\"branch flipper branch-728\" data-lat=\"9.5707806\" data-lng=\"100.0808962\"><div class=\"branch_inner animated front\"><div class=\"image cursor-pointer\" style=\"border-right-width: 1px;\"><img decoding=\"async\" width=\"300\" height=\"300\" src=\"https:\/\/www.nakee.spa\/wp-content\/uploads\/2025\/01\/Nakee-Thai-Massage-7-Spa-Choengmon-Beach-300x300.webp\" class=\"attachment-medium size-medium\" alt=\"Choengmon Beach Branch\" srcset=\"https:\/\/www.nakee.spa\/wp-content\/uploads\/2025\/01\/Nakee-Thai-Massage-7-Spa-Choengmon-Beach-300x300.webp 300w, https:\/\/www.nakee.spa\/wp-content\/uploads\/2025\/01\/Nakee-Thai-Massage-7-Spa-Choengmon-Beach-100x100.webp 100w, https:\/\/www.nakee.spa\/wp-content\/uploads\/2025\/01\/Nakee-Thai-Massage-7-Spa-Choengmon-Beach-600x600.webp 600w, https:\/\/www.nakee.spa\/wp-content\/uploads\/2025\/01\/Nakee-Thai-Massage-7-Spa-Choengmon-Beach-150x150.webp 150w, https:\/\/www.nakee.spa\/wp-content\/uploads\/2025\/01\/Nakee-Thai-Massage-7-Spa-Choengmon-Beach-768x768.webp 768w, https:\/\/www.nakee.spa\/wp-content\/uploads\/2025\/01\/Nakee-Thai-Massage-7-Spa-Choengmon-Beach.webp 1024w\" sizes=\"(max-width: 300px) 100vw, 300px\" \/><\/div><div class=\"info\"><p class=\"city\">Ko Samui, Tailandia<\/p><h2 class=\"name\"><a class=\"target-page\" href=\"https:\/\/www.nakee.spa\/es\/branch\/choengmon-beach\/\">Playa de Choengmon<\/a><\/h2><p class=\"landmark\">Junto a Amazon Cafe<\/p><div class=\"distance\"><div class=\"nav-actions\"><span class=\"centerBranch\" onclick=\"centerBranch(728)\"><\/span> <a class=\"navigateBranch\" target=\"_blank\" rel=\"noopener noreferrer\" href=\"https:\/\/www.google.com\/maps\/dir\/\/9.5707806,100.0808962\/@9.5707806,100.0808962,16.04z\"><\/a><\/div><span class=\"help\" title=\"Distancia aproximada\">Distancia: ~<\/span> <span class=\"value\">-<\/span><\/div><\/div><div class=\"actions elementor-button-wrapper\"><button onclick=\"goTobranch(this)\" class=\"target-page elementor-button elementor-button-link elementor-size-sm\">Sucursales<\/button><\/div><\/div><div class=\"back\"><div class=\"in\">Reordenar por distancia<div class=\"loader\"><\/div><\/div><\/div><\/div><div class=\"branch flipper branch-729\" data-lat=\"9.561369\" data-lng=\"100.021842\"><div class=\"branch_inner animated front\"><div class=\"image cursor-pointer\" style=\"border-right-width: 1px;\"><img decoding=\"async\" width=\"300\" height=\"300\" src=\"https:\/\/www.nakee.spa\/wp-content\/uploads\/2025\/02\/bo-phut-beach-branch-1-300x300.webp\" class=\"attachment-medium size-medium\" alt=\"Bo Phut Beach Branch\" srcset=\"https:\/\/www.nakee.spa\/wp-content\/uploads\/2025\/02\/bo-phut-beach-branch-1-300x300.webp 300w, https:\/\/www.nakee.spa\/wp-content\/uploads\/2025\/02\/bo-phut-beach-branch-1-100x100.webp 100w, https:\/\/www.nakee.spa\/wp-content\/uploads\/2025\/02\/bo-phut-beach-branch-1-600x600.webp 600w, https:\/\/www.nakee.spa\/wp-content\/uploads\/2025\/02\/bo-phut-beach-branch-1-150x150.webp 150w, https:\/\/www.nakee.spa\/wp-content\/uploads\/2025\/02\/bo-phut-beach-branch-1-768x768.webp 768w, https:\/\/www.nakee.spa\/wp-content\/uploads\/2025\/02\/bo-phut-beach-branch-1.webp 800w\" sizes=\"(max-width: 300px) 100vw, 300px\" \/><\/div><div class=\"info\"><p class=\"city\">Ko Samui, Tailandia<\/p><h2 class=\"name\"><a class=\"target-page\" href=\"https:\/\/www.nakee.spa\/es\/branch\/bo-phut-beach\/\">Playa de Bo Phut<\/a><\/h2><p class=\"landmark\">Junto al complejo Agarden<\/p><div class=\"distance\"><div class=\"nav-actions\"><span class=\"centerBranch\" onclick=\"centerBranch(729)\"><\/span> <a class=\"navigateBranch\" target=\"_blank\" rel=\"noopener noreferrer\" href=\"https:\/\/www.google.com\/maps\/dir\/\/9.561369,100.021842\/@9.561369,100.021842,16.04z\"><\/a><\/div><span class=\"help\" title=\"Distancia aproximada\">Distancia: ~<\/span> <span class=\"value\">-<\/span><\/div><\/div><div class=\"actions elementor-button-wrapper\"><button onclick=\"goTobranch(this)\" class=\"target-page elementor-button elementor-button-link elementor-size-sm\">Sucursales<\/button><\/div><\/div><div class=\"back\"><div class=\"in\">Reordenar por distancia<div class=\"loader\"><\/div><\/div><\/div><\/div><\/div><div class=\"branch-list flip-container branches\"><\/div><script>const google_map_key = \"AIzaSyDME14DZNAzbgAFzu3_9ixh96SfqOrXR14\";let map,myLocation=null, bounds, infoWindow, nakeeMarkers = {911:{ id: \"911\", name: \"Lamai Beach\",status: \"active\", title: \"Lamai Beach\", position: { lat: 9.4714865, lng: 100.0545024 } },728:{ id: \"728\", name: \"Playa de Choengmon\",status: \"active\", title: \"Choengmon Beach\", position: { lat: 9.5707806, lng: 100.0808962 } },729:{ id: \"729\", name: \"Playa de Bo Phut\",status: \"active\", title: \"Bo Phut Beach\", position: { lat: 9.561369, lng: 100.021842 } },};const bls = {branch: \"Rama\", km: \"KM\", arUhere: \"Est\u00e1s aqu\u00ed\", vistedBr: \"Tu \u00faltima Reserva\"};<\/script><\/div>\n\t\t\t\t\t\t<\/div>\n\t\t\t\t\t<\/div>\n\t\t\t\t<\/div>\n\t\t\t\t<\/div>\n\t\t\t\t<\/div>\n\t\t","protected":false},"excerpt":{"rendered":"<p>Trata como a nadie Lista de nuestras Sucursales Elige tu Sucursal m\u00e1s cercana<\/p>\n","protected":false},"author":1,"featured_media":0,"parent":0,"menu_order":0,"comment_status":"closed","ping_status":"closed","template":"","meta":{"_acf_changed":false,"footnotes":""},"class_list":["post-8782","page","type-page","status-publish","hentry"],"acf":[],"_links":{"self":[{"href":"https:\/\/www.nakee.spa\/es\/wp-json\/wp\/v2\/pages\/8782","targetHints":{"allow":["GET"]}}],"collection":[{"href":"https:\/\/www.nakee.spa\/es\/wp-json\/wp\/v2\/pages"}],"about":[{"href":"https:\/\/www.nakee.spa\/es\/wp-json\/wp\/v2\/types\/page"}],"author":[{"embeddable":true,"href":"https:\/\/www.nakee.spa\/es\/wp-json\/wp\/v2\/users\/1"}],"replies":[{"embeddable":true,"href":"https:\/\/www.nakee.spa\/es\/wp-json\/wp\/v2\/comments?post=8782"}],"version-history":[{"count":6,"href":"https:\/\/www.nakee.spa\/es\/wp-json\/wp\/v2\/pages\/8782\/revisions"}],"predecessor-version":[{"id":9489,"href":"https:\/\/www.nakee.spa\/es\/wp-json\/wp\/v2\/pages\/8782\/revisions\/9489"}],"wp:attachment":[{"href":"https:\/\/www.nakee.spa\/es\/wp-json\/wp\/v2\/media?parent=8782"}],"curies":[{"name":"wp","href":"https:\/\/api.w.org\/{rel}","templated":true}]}}