{"id":12605,"date":"2025-11-08T17:59:01","date_gmt":"2025-11-08T10:59:01","guid":{"rendered":"https:\/\/www.nakee.spa\/?post_type=product&#038;p=12605"},"modified":"2025-11-14T00:06:46","modified_gmt":"2025-11-13T17:06:46","slug":"masaje-con-aloe-vera-copy-copy","status":"publish","type":"product","link":"https:\/\/www.nakee.spa\/es\/producto\/masaje-con-aloe-vera-copy-copy\/","title":{"rendered":"Masaje de pies con aloe vera"},"content":{"rendered":"<h3>\u00bfQu\u00e9 es el masaje de pies con aloe vera?<\/h3>\n<p>El Masaje de Pies con Aloe Vera es una terapia refrescante y refrescante dise\u00f1ada para rejuvenecer los pies cansados y calmar la piel. Utilizando gel puro de Aloe Vera, este tratamiento combina suaves t\u00e9cnicas de masaje de pies con las propiedades curativas naturales del Aloe Vera. Hidrata la piel en profundidad, reduce la inflamaci\u00f3n y alivia el dolor, dejando tus pies suaves, relajados y frescos.  <\/p>\n<h3>Beneficios del masaje de pies con aloe vera<\/h3>\n<ol>\n<li><strong>Confort refrescante<\/strong>: Alivia y refresca los pies cansados o recalentados.<\/li>\n<li><strong>Hidrataci\u00f3n<\/strong> profunda: Hidrata la piel seca y restaura la suavidad.<\/li>\n<li><strong>Alivia la fatiga<\/strong>: Alivia la tensi\u00f3n y la hinchaz\u00f3n al caminar o estar de pie.<\/li>\n<li><strong>Mejora la Circulaci\u00f3n<\/strong>: Estimula el flujo sangu\u00edneo para unas piernas m\u00e1s ligeras y sanas.<\/li>\n<li><strong>Curaci\u00f3n de la piel<\/strong>: El aloe vera ayuda a reparar y calmar la piel irritada.<\/li>\n<li><strong>Alivia el estr\u00e9s<\/strong>: El tacto suave relaja el cuerpo y despeja la mente.<\/li>\n<\/ol>\n<h3>\u00bfPor qu\u00e9 elegir el masaje podal con aloe vera?<\/h3>\n<p>Elige el Masaje de Pies con Aloe Vera por sus beneficios refrescantes y reconstituyentes naturales. Es la elecci\u00f3n perfecta despu\u00e9s de largas caminatas, d\u00edas de playa o viajes. El gel calmante de Aloe Vera nutre la piel mientras nuestros terapeutas liberan suavemente la tensi\u00f3n y la fatiga de tus pies.  <\/p>\n<h3>Sugerencias<\/h3>\n<ul>\n<li>Perfecta para despu\u00e9s del sol o para largas jornadas de paseo.<\/li>\n<li>Ideal para pies secos, cansados o sensibles.<\/li>\n<li>Puede combinarse con un masaje corporal completo para una relajaci\u00f3n total.<\/li>\n<\/ul>\n<h3>Experimenta el masaje de pies con aloe vera en Nakee Massage &amp; Spa<\/h3>\n<p>Refresca tus pies y recupera el equilibrio con nuestro Masaje de Pies con Aloe Vera. Nuestros terapeutas utilizan gel puro de Aloe Vera para refrescar, hidratar y relajar, ayud\u00e1ndote a sentirte m\u00e1s ligero y renovado. Mima tus pies con este cuidado calmante s\u00f3lo en Nakee Thai Massage &amp; Spa.  <\/p>\n","protected":false},"excerpt":{"rendered":"<p>El Masaje con Aloe Vera utiliza gel de aloe vera puro para hidratar, calmar y curar la piel en profundidad. Ideal para quienes tienen la piel sensible o despu\u00e9s de la exposici\u00f3n al sol, este tratamiento proporciona un efecto refrescante, reduce la inflamaci\u00f3n y deja la piel con una sensaci\u00f3n revitalizada y nutrida. <\/p>\n","protected":false},"featured_media":13017,"template":"","meta":{"_acf_changed":false,"wds_primary_product_brand":0,"wds_primary_product_cat":0},"product_brand":[],"product_cat":[159],"product_tag":[540,544,543,538,537,531,539,879,788,536,532,541,545,542,756,775,535,533,840,534],"class_list":{"0":"post-12605","1":"product","2":"type-product","3":"status-publish","4":"has-post-thumbnail","6":"product_cat-masajes","7":"product_tag-el-mejor-masaje-cerca-de-mi","8":"product_tag-los-mejores-masajes-en-chaweng","9":"product_tag-los-mejores-masajes-en-koh-samui","10":"product_tag-masaje-corporal-completo","11":"product_tag-masaje-corporal-koh-samui","12":"product_tag-masaje-en-koh-samui","13":"product_tag-masaje-tailandes-cerca-de-mi","14":"product_tag-masaje-tailandes-en-bo-phut","15":"product_tag-masaje-tailandes-en-choengmon","16":"product_tag-masaje-tailandes-en-koh-samui","17":"product_tag-masaje-tailandes-koh-samui","18":"product_tag-masajes-en-koh-samui","19":"product_tag-masajes-en-koh-samui-tailandia","20":"product_tag-mejor-masaje-chaweng","21":"product_tag-mejor-masaje-en-bo-phut","22":"product_tag-mejor-masaje-en-choengmon","23":"product_tag-mejores-masajes-koh-samui","24":"product_tag-precios-masajes-koh-samui","25":"product_tag-salon-de-masajes","26":"product_tag-salon-de-masajes-koh-samui","27":"pa_duration-120-minutos","28":"pa_duration-60-minutos","29":"pa_duration-90-minutos","30":"pa_massage-aloe-vera-es","31":"pa_menu-category-cuidado-para-despues-del-sol","32":"pa_types-refresca-y-refresca","34":"first","35":"instock","36":"shipping-taxable","37":"purchasable","38":"product-type-variable"},"acf":[],"_links":{"self":[{"href":"https:\/\/www.nakee.spa\/es\/wp-json\/wp\/v2\/product\/12605","targetHints":{"allow":["GET"]}}],"collection":[{"href":"https:\/\/www.nakee.spa\/es\/wp-json\/wp\/v2\/product"}],"about":[{"href":"https:\/\/www.nakee.spa\/es\/wp-json\/wp\/v2\/types\/product"}],"wp:featuredmedia":[{"embeddable":true,"href":"https:\/\/www.nakee.spa\/es\/wp-json\/wp\/v2\/media\/13017"}],"wp:attachment":[{"href":"https:\/\/www.nakee.spa\/es\/wp-json\/wp\/v2\/media?parent=12605"}],"wp:term":[{"taxonomy":"product_brand","embeddable":true,"href":"https:\/\/www.nakee.spa\/es\/wp-json\/wp\/v2\/product_brand?post=12605"},{"taxonomy":"product_cat","embeddable":true,"href":"https:\/\/www.nakee.spa\/es\/wp-json\/wp\/v2\/product_cat?post=12605"},{"taxonomy":"product_tag","embeddable":true,"href":"https:\/\/www.nakee.spa\/es\/wp-json\/wp\/v2\/product_tag?post=12605"}],"curies":[{"name":"wp","href":"https:\/\/api.w.org\/{rel}","templated":true}]}}