{"id":12701,"date":"2025-11-08T18:01:51","date_gmt":"2025-11-08T11:01:51","guid":{"rendered":"https:\/\/www.nakee.spa\/?post_type=product&#038;p=12701"},"modified":"2025-11-14T00:08:57","modified_gmt":"2025-11-13T17:08:57","slug":"masaje-con-aloe-vera-copy-copy-copy","status":"publish","type":"product","link":"https:\/\/www.nakee.spa\/es\/producto\/masaje-con-aloe-vera-copy-copy-copy\/","title":{"rendered":"Masaje facial con aloe vera"},"content":{"rendered":"<h3>\u00bfQu\u00e9 es el masaje facial con aloe vera?<\/h3>\n<p>El Masaje Facial de Aloe Vera es un tratamiento facial suave y refrescante que hidrata y refresca la piel en profundidad. Utilizando gel puro de Aloe Vera, este masaje alivia la irritaci\u00f3n, reduce las rojeces y ayuda a restaurar tu brillo natural. Los ligeros y r\u00edtmicos movimientos faciales estimulan la circulaci\u00f3n y alivian la tensi\u00f3n de los m\u00fasculos faciales, dejando tu piel suave, calmada y revitalizada.  <\/p>\n<h3>Beneficios del masaje facial con aloe vera<\/h3>\n<ol>\n<li><strong>Refuerzo de hidrataci\u00f3n<\/strong>: Hidrata en profundidad y suaviza la piel seca o expuesta al sol.<\/li>\n<li><strong>Confort refrescante<\/strong>: Calma la irritaci\u00f3n, el enrojecimiento y el calor de la piel.<\/li>\n<li><strong>Mejora la circulaci\u00f3n<\/strong>: Favorece una tez sana y radiante.<\/li>\n<li><strong>Renovaci\u00f3n de la piel<\/strong>: Favorece la cicatrizaci\u00f3n y la regeneraci\u00f3n celular natural.<\/li>\n<li><strong>Relajaci\u00f3n<\/strong>: Alivia la tensi\u00f3n facial y favorece un estado de paz mental.<\/li>\n<li><strong>Brillo natural<\/strong>: Deja la piel suave, fresca y rejuvenecida.<\/li>\n<\/ol>\n<h3>\u00bfPor qu\u00e9 elegir el masaje facial con aloe vera?<\/h3>\n<p>Elige este tratamiento por sus cualidades calmantes y curativas naturales. El gel de aloe vera es rico en vitaminas y antioxidantes, por lo que es ideal para pieles sensibles, expuestas al sol o deshidratadas. Combinado con suaves t\u00e9cnicas faciales, realza tanto la belleza como la relajaci\u00f3n en una experiencia refrescante.  <\/p>\n<h3>Sugerencias<\/h3>\n<ul>\n<li>Ideal tras la exposici\u00f3n al sol o las actividades al aire libre.<\/li>\n<li>Perfecto para pieles secas, irritadas o sensibles.<\/li>\n<li>Puede combinarse con un masaje corporal para una relajaci\u00f3n completa.<\/li>\n<\/ul>\n<h3>Experimenta el masaje facial con aloe vera en Nakee Massage &amp; Spa<\/h3>\n<p>Del\u00e9itate con el cuidado refrescante del Aloe Vera en Nakee Massage &amp; Spa. Nuestros terapeutas utilizan gel puro de Aloe Vera y t\u00e9cnicas relajantes para refrescar tu piel, calmar los sentidos y restablecer el equilibrio natural. Disfruta de un suave toque que deja tu rostro radiante, suave y profundamente nutrido.  <\/p>\n","protected":false},"excerpt":{"rendered":"<p>El Masaje con Aloe Vera utiliza gel de aloe vera puro para hidratar, calmar y curar la piel en profundidad. Ideal para quienes tienen la piel sensible o despu\u00e9s de la exposici\u00f3n al sol, este tratamiento proporciona un efecto refrescante, reduce la inflamaci\u00f3n y deja la piel con una sensaci\u00f3n revitalizada y nutrida. <\/p>\n","protected":false},"featured_media":13024,"template":"","meta":{"_acf_changed":false,"wds_primary_product_brand":0,"wds_primary_product_cat":0},"product_brand":[],"product_cat":[159],"product_tag":[540,544,543,538,537,531,539,879,788,536,532,541,545,542,756,775,535,533,840,534],"class_list":{"0":"post-12701","1":"product","2":"type-product","3":"status-publish","4":"has-post-thumbnail","6":"product_cat-masajes","7":"product_tag-el-mejor-masaje-cerca-de-mi","8":"product_tag-los-mejores-masajes-en-chaweng","9":"product_tag-los-mejores-masajes-en-koh-samui","10":"product_tag-masaje-corporal-completo","11":"product_tag-masaje-corporal-koh-samui","12":"product_tag-masaje-en-koh-samui","13":"product_tag-masaje-tailandes-cerca-de-mi","14":"product_tag-masaje-tailandes-en-bo-phut","15":"product_tag-masaje-tailandes-en-choengmon","16":"product_tag-masaje-tailandes-en-koh-samui","17":"product_tag-masaje-tailandes-koh-samui","18":"product_tag-masajes-en-koh-samui","19":"product_tag-masajes-en-koh-samui-tailandia","20":"product_tag-mejor-masaje-chaweng","21":"product_tag-mejor-masaje-en-bo-phut","22":"product_tag-mejor-masaje-en-choengmon","23":"product_tag-mejores-masajes-koh-samui","24":"product_tag-precios-masajes-koh-samui","25":"product_tag-salon-de-masajes","26":"product_tag-salon-de-masajes-koh-samui","27":"pa_duration-60-minutos","28":"pa_massage-aloe-vera-es","29":"pa_menu-category-cuidado-para-despues-del-sol","30":"pa_types-refresca-y-refresca","32":"first","33":"instock","34":"shipping-taxable","35":"purchasable","36":"product-type-variable"},"acf":[],"_links":{"self":[{"href":"https:\/\/www.nakee.spa\/es\/wp-json\/wp\/v2\/product\/12701","targetHints":{"allow":["GET"]}}],"collection":[{"href":"https:\/\/www.nakee.spa\/es\/wp-json\/wp\/v2\/product"}],"about":[{"href":"https:\/\/www.nakee.spa\/es\/wp-json\/wp\/v2\/types\/product"}],"wp:featuredmedia":[{"embeddable":true,"href":"https:\/\/www.nakee.spa\/es\/wp-json\/wp\/v2\/media\/13024"}],"wp:attachment":[{"href":"https:\/\/www.nakee.spa\/es\/wp-json\/wp\/v2\/media?parent=12701"}],"wp:term":[{"taxonomy":"product_brand","embeddable":true,"href":"https:\/\/www.nakee.spa\/es\/wp-json\/wp\/v2\/product_brand?post=12701"},{"taxonomy":"product_cat","embeddable":true,"href":"https:\/\/www.nakee.spa\/es\/wp-json\/wp\/v2\/product_cat?post=12701"},{"taxonomy":"product_tag","embeddable":true,"href":"https:\/\/www.nakee.spa\/es\/wp-json\/wp\/v2\/product_tag?post=12701"}],"curies":[{"name":"wp","href":"https:\/\/api.w.org\/{rel}","templated":true}]}}