{"id":12797,"date":"2025-11-08T18:18:15","date_gmt":"2025-11-08T11:18:15","guid":{"rendered":"https:\/\/www.nakee.spa\/?post_type=product&#038;p=12797"},"modified":"2025-11-14T00:05:18","modified_gmt":"2025-11-13T17:05:18","slug":"masaje-con-piedras-calientes-copy","status":"publish","type":"product","link":"https:\/\/www.nakee.spa\/es\/producto\/masaje-con-piedras-calientes-copy\/","title":{"rendered":"Masaje con piedras calientes y aceite de coco"},"content":{"rendered":"<h3>\u00bfQu\u00e9 es el masaje con piedras calientes y aceite de coco?<\/h3>\n<p>El Masaje con Piedras Calientes y Aceite de Coco es la terapia caracter\u00edstica de Nakee, que combina el antiguo arte de la curaci\u00f3n con piedras calientes con el toque nutritivo del aceite de coco puro de Koh Samui. Se colocan piedras volc\u00e1nicas calientes y se deslizan suavemente por el cuerpo para derretir la tensi\u00f3n, mientras el aceite de coco hidrata profundamente la piel. Este tratamiento aporta calidez, relajaci\u00f3n y equilibrio tanto al cuerpo como a la mente, por lo que es una de nuestras experiencias m\u00e1s queridas.  <\/p>\n<h3>Beneficios del masaje con piedras calientes y aceite de coco<\/h3>\n<ol>\n<li><strong>Relajaci\u00f3n<\/strong> profunda: El calor de las piedras libera la tensi\u00f3n muscular y el estr\u00e9s.<\/li>\n<li><strong>Mejora la circulaci\u00f3n<\/strong>: Favorece un flujo sangu\u00edneo sano y la desintoxicaci\u00f3n.<\/li>\n<li><strong>Hidrataci\u00f3n y nutrici\u00f3n<\/strong>: El aceite de coco suaviza y repone la piel.<\/li>\n<li><strong>Alivia el dolor<\/strong>: Alivia la rigidez muscular y las molestias cr\u00f3nicas.<\/li>\n<li><strong>Equilibrio Energ\u00e9tico<\/strong>: Restablece la armon\u00eda mediante la colocaci\u00f3n de piedras calientes de inspiraci\u00f3n tailandesa.<\/li>\n<li><strong>Calma Mental<\/strong>: El calor y el aroma favorecen una profunda relajaci\u00f3n mental.<\/li>\n<\/ol>\n<h3>\u00bfPor qu\u00e9 elegir el masaje con piedras calientes y aceite de coco?<\/h3>\n<p>Elige el Masaje con Piedras Calientes Exclusivo de Nakee para experimentar la mezcla perfecta de terapia de calor y nutrici\u00f3n tropical. Las piedras calientes relajan los m\u00fasculos a un nivel m\u00e1s profundo, mientras que nuestro aceite de coco org\u00e1nico hecho a mano en Koh Samui a\u00f1ade suavidad y brillo natural a tu piel. Es un tratamiento profundamente enraizante que recarga tanto el cuerpo como el esp\u00edritu.  <\/p>\n<h3>Sugerencias<\/h3>\n<ul>\n<li>Perfecto para aliviar el estr\u00e9s y relajarse profundamente.<\/li>\n<li>Ideal para las personas con rigidez muscular o mala circulaci\u00f3n.<\/li>\n<li>Recomendado para cualquiera que busque la experiencia de spa caracter\u00edstica de Nakee.<\/li>\n<\/ul>\n<h3>Experimenta el masaje con piedras calientes y aceite de coco en Nakee Massage &amp; Spa<\/h3>\n<p>Sum\u00e9rgete en la calidez y serenidad de nuestro Masaje con Piedras Calientes de Autor. En Nakee Massage &amp; Spa, nuestros expertos terapeutas combinan el poder calmante de las piedras calientes con la riqueza del aceite de coco puro para proporcionarte una relajaci\u00f3n total. Siente c\u00f3mo desaparece tu tensi\u00f3n y tu cuerpo se renueva en la esencia del verdadero bienestar tailand\u00e9s.  <\/p>\n","protected":false},"excerpt":{"rendered":"<p>El Masaje con Piedras Calientes es un tratamiento terap\u00e9utico \u00fanico que combina los beneficios de las piedras calientes y las t\u00e9cnicas de masaje. Ayuda a aliviar la tensi\u00f3n muscular, mejora la circulaci\u00f3n y favorece la relajaci\u00f3n. Ideal para quienes padecen dolor cr\u00f3nico o altos niveles de estr\u00e9s, este masaje proporciona una profunda relajaci\u00f3n muscular y bienestar general.  <\/p>\n","protected":false},"featured_media":13009,"template":"","meta":{"_acf_changed":false,"wds_primary_product_brand":0,"wds_primary_product_cat":0},"product_brand":[],"product_cat":[159],"product_tag":[540,544,543,538,537,531,539,879,788,536,532,541,545,542,756,775,535,533,840,534],"class_list":{"0":"post-12797","1":"product","2":"type-product","3":"status-publish","4":"has-post-thumbnail","6":"product_cat-masajes","7":"product_tag-el-mejor-masaje-cerca-de-mi","8":"product_tag-los-mejores-masajes-en-chaweng","9":"product_tag-los-mejores-masajes-en-koh-samui","10":"product_tag-masaje-corporal-completo","11":"product_tag-masaje-corporal-koh-samui","12":"product_tag-masaje-en-koh-samui","13":"product_tag-masaje-tailandes-cerca-de-mi","14":"product_tag-masaje-tailandes-en-bo-phut","15":"product_tag-masaje-tailandes-en-choengmon","16":"product_tag-masaje-tailandes-en-koh-samui","17":"product_tag-masaje-tailandes-koh-samui","18":"product_tag-masajes-en-koh-samui","19":"product_tag-masajes-en-koh-samui-tailandia","20":"product_tag-mejor-masaje-chaweng","21":"product_tag-mejor-masaje-en-bo-phut","22":"product_tag-mejor-masaje-en-choengmon","23":"product_tag-mejores-masajes-koh-samui","24":"product_tag-precios-masajes-koh-samui","25":"product_tag-salon-de-masajes","26":"product_tag-salon-de-masajes-koh-samui","27":"pa_duration-120-minutos","28":"pa_duration-90-minutos","29":"pa_massage-aceite-de-coco","30":"pa_massage-piedra-caliente","31":"pa_menu-category-terapias-con-piedras-nakee-signature","32":"pa_types-relajate-y-tranquilizate","34":"first","35":"instock","36":"shipping-taxable","37":"purchasable","38":"product-type-variable"},"acf":[],"_links":{"self":[{"href":"https:\/\/www.nakee.spa\/es\/wp-json\/wp\/v2\/product\/12797","targetHints":{"allow":["GET"]}}],"collection":[{"href":"https:\/\/www.nakee.spa\/es\/wp-json\/wp\/v2\/product"}],"about":[{"href":"https:\/\/www.nakee.spa\/es\/wp-json\/wp\/v2\/types\/product"}],"wp:featuredmedia":[{"embeddable":true,"href":"https:\/\/www.nakee.spa\/es\/wp-json\/wp\/v2\/media\/13009"}],"wp:attachment":[{"href":"https:\/\/www.nakee.spa\/es\/wp-json\/wp\/v2\/media?parent=12797"}],"wp:term":[{"taxonomy":"product_brand","embeddable":true,"href":"https:\/\/www.nakee.spa\/es\/wp-json\/wp\/v2\/product_brand?post=12797"},{"taxonomy":"product_cat","embeddable":true,"href":"https:\/\/www.nakee.spa\/es\/wp-json\/wp\/v2\/product_cat?post=12797"},{"taxonomy":"product_tag","embeddable":true,"href":"https:\/\/www.nakee.spa\/es\/wp-json\/wp\/v2\/product_tag?post=12797"}],"curies":[{"name":"wp","href":"https:\/\/api.w.org\/{rel}","templated":true}]}}