{"id":6315,"date":"2024-07-10T13:28:57","date_gmt":"2024-07-10T13:28:57","guid":{"rendered":"https:\/\/www.nakee.spa\/product\/paquete-completo-de-renovacion\/"},"modified":"2025-11-14T01:32:24","modified_gmt":"2025-11-13T18:32:24","slug":"paquete-completo-de-renovacion","status":"publish","type":"product","link":"https:\/\/www.nakee.spa\/es\/producto\/paquete-completo-de-renovacion\/","title":{"rendered":"Paquete completo de renovaci\u00f3n"},"content":{"rendered":"<p><strong>\u00bfQu\u00e9 es el Paquete Renovaci\u00f3n Completa?<\/strong><\/p>\n<p>El Paquete Renovaci\u00f3n Completa es la experiencia de spa definitiva, meticulosamente dise\u00f1ada para rejuvenecer todo tu cuerpo. Este paquete premium incluye una exfoliaci\u00f3n de pies, una exfoliaci\u00f3n facial de 60 minutos, una exfoliaci\u00f3n corporal de 60 minutos y un masaje con aceite de coco de 60 minutos, proporcionando un cuidado integral de la cabeza a los pies. <\/p>\n<p><strong>Ventajas del Paquete Renovaci\u00f3n Completa<\/strong><\/p>\n<ul>\n<li><strong>Exfoliante de Pies:<\/strong> Comienza con un refrescante exfoliante para pies que los exfolia y revitaliza, dej\u00e1ndolos suaves y vigorizados.<\/li>\n<li><strong>Exfoliante facial:<\/strong> El exfoliante facial de 60 minutos limpia y exfolia tu piel en profundidad, eliminando las impurezas y las c\u00e9lulas muertas para revelar un cutis radiante y joven.<\/li>\n<li><strong>Exfoliaci\u00f3n corporal:<\/strong> El exfoliante corporal de 60 minutos ofrece una exfoliaci\u00f3n a fondo, revitalizando tu piel y dej\u00e1ndola suave y resplandeciente.<\/li>\n<li><strong>Masaje con Aceite de Coco:<\/strong> Concluye con un masaje de 60 minutos con aceite de coco que nutre profundamente tu piel, aumenta la relajaci\u00f3n y alivia la tensi\u00f3n muscular.<\/li>\n<\/ul>\n<p><strong>\u00bfPor qu\u00e9 elegir el Paquete Renovaci\u00f3n Completa?<\/strong><\/p>\n<p>Este paquete es la mejor elecci\u00f3n para quienes buscan una experiencia de spa aut\u00e9ntica y lujosa. La combinaci\u00f3n de tratamientos garantiza una renovaci\u00f3n completa de tu cuerpo, centr\u00e1ndose en cada parte, desde los pies hasta la cara. Tu piel quedar\u00e1 suave, radiante y rejuvenecida, mientras que el masaje con aceite de coco proporciona una profunda relajaci\u00f3n y alivio del estr\u00e9s. El Paquete Renovaci\u00f3n Completa es perfecto para cualquiera que desee disfrutar de lo mejor en belleza y bienestar, por lo que la inversi\u00f3n merece la pena.   <\/p>\n<p><strong>Acerca del aceite de coco Nakee<\/strong> Nuestro aceite de coco especial se elabora con cocos cultivados en la isla de Koh Samui. Este aceite de coco virgen ecol\u00f3gico, casero y 100% natural, garantiza una experiencia pura y aut\u00e9ntica. Su agradable aroma aumenta la relajaci\u00f3n y hace que tu masaje sea a\u00fan m\u00e1s placentero.  <\/p>\n","protected":false},"excerpt":{"rendered":"<p>Disfruta de la mejor y m\u00e1s aut\u00e9ntica experiencia de spa con nuestro paquete \u201cRenovaci\u00f3n completa\u201d. Este completo tratamiento incluye una exfoliaci\u00f3n revitalizante de pies, una refrescante exfoliaci\u00f3n facial de 60 minutos, una rejuvenecedora exfoliaci\u00f3n corporal de 60 minutos y un relajante masaje con aceite de coco de 60 minutos. Dise\u00f1ado para limpiar, exfoliar y nutrir tu piel, este paquete te dejar\u00e1 renovada y resplandeciente de pies a cabeza. Experimenta una relajaci\u00f3n y rejuvenecimiento sin igual con nuestro paquete \u201cRenovaci\u00f3n Completa\u201d, perfecto para una revitalizaci\u00f3n de todo el cuerpo.   <\/p>\n","protected":false},"featured_media":961,"template":"","meta":{"_acf_changed":false,"wds_primary_product_brand":0,"wds_primary_product_cat":0},"product_brand":[],"product_cat":[466],"product_tag":[540,544,543,538,537,531,539,879,788,536,532,541,545,542,756,775,535,533,840,534],"class_list":{"0":"post-6315","1":"product","2":"type-product","3":"status-publish","4":"has-post-thumbnail","6":"product_cat-paquetes","7":"product_tag-el-mejor-masaje-cerca-de-mi","8":"product_tag-los-mejores-masajes-en-chaweng","9":"product_tag-los-mejores-masajes-en-koh-samui","10":"product_tag-masaje-corporal-completo","11":"product_tag-masaje-corporal-koh-samui","12":"product_tag-masaje-en-koh-samui","13":"product_tag-masaje-tailandes-cerca-de-mi","14":"product_tag-masaje-tailandes-en-bo-phut","15":"product_tag-masaje-tailandes-en-choengmon","16":"product_tag-masaje-tailandes-en-koh-samui","17":"product_tag-masaje-tailandes-koh-samui","18":"product_tag-masajes-en-koh-samui","19":"product_tag-masajes-en-koh-samui-tailandia","20":"product_tag-mejor-masaje-chaweng","21":"product_tag-mejor-masaje-en-bo-phut","22":"product_tag-mejor-masaje-en-choengmon","23":"product_tag-mejores-masajes-koh-samui","24":"product_tag-precios-masajes-koh-samui","25":"product_tag-salon-de-masajes","26":"product_tag-salon-de-masajes-koh-samui","27":"pa_duration-210-minutos","28":"pa_massage-aceite-de-coco","29":"pa_massage-fregado","30":"pa_menu-category-tratamientos-corporales-y-de-belleza","31":"pa_types-suavidad-y-belleza","33":"first","34":"instock","35":"shipping-taxable","36":"purchasable","37":"product-type-variable"},"acf":[],"_links":{"self":[{"href":"https:\/\/www.nakee.spa\/es\/wp-json\/wp\/v2\/product\/6315","targetHints":{"allow":["GET"]}}],"collection":[{"href":"https:\/\/www.nakee.spa\/es\/wp-json\/wp\/v2\/product"}],"about":[{"href":"https:\/\/www.nakee.spa\/es\/wp-json\/wp\/v2\/types\/product"}],"wp:featuredmedia":[{"embeddable":true,"href":"https:\/\/www.nakee.spa\/es\/wp-json\/wp\/v2\/media\/961"}],"wp:attachment":[{"href":"https:\/\/www.nakee.spa\/es\/wp-json\/wp\/v2\/media?parent=6315"}],"wp:term":[{"taxonomy":"product_brand","embeddable":true,"href":"https:\/\/www.nakee.spa\/es\/wp-json\/wp\/v2\/product_brand?post=6315"},{"taxonomy":"product_cat","embeddable":true,"href":"https:\/\/www.nakee.spa\/es\/wp-json\/wp\/v2\/product_cat?post=6315"},{"taxonomy":"product_tag","embeddable":true,"href":"https:\/\/www.nakee.spa\/es\/wp-json\/wp\/v2\/product_tag?post=6315"}],"curies":[{"name":"wp","href":"https:\/\/api.w.org\/{rel}","templated":true}]}}