{"id":6461,"date":"2024-07-11T09:16:08","date_gmt":"2024-07-11T09:16:08","guid":{"rendered":"https:\/\/www.nakee.spa\/product\/masaje-con-aceite-aromatico\/"},"modified":"2025-11-14T00:45:06","modified_gmt":"2025-11-13T17:45:06","slug":"masaje-con-aceite-aromatico","status":"publish","type":"product","link":"https:\/\/www.nakee.spa\/es\/producto\/masaje-con-aceite-aromatico\/","title":{"rendered":"Masaje Arom\u00e1tico"},"content":{"rendered":"<h3>\u00bfQu\u00e9 es el masaje con aceites arom\u00e1ticos?<\/h3>\n<p>El Masaje con Aceites Arom\u00e1ticos es un tratamiento terap\u00e9utico que combina los beneficios del masaje con las propiedades curativas de los aceites esenciales. Durante este masaje, se mezclan aceites esenciales de alta calidad con un aceite portador y se aplican sobre la piel mediante diversas t\u00e9cnicas de masaje. Los aceites esenciales se eligen en funci\u00f3n de sus propiedades terap\u00e9uticas espec\u00edficas, como la relajaci\u00f3n, el rejuvenecimiento o la tonificaci\u00f3n, lo que mejora la experiencia global del masaje.  <\/p>\n<h3>Beneficios del masaje con aceites arom\u00e1ticos<\/h3>\n<ol>\n<li><strong>Relajaci\u00f3n<\/strong>: Favorece la relajaci\u00f3n profunda y reduce el estr\u00e9s.<\/li>\n<li><strong>Mejora del estado de \u00e1nimo<\/strong>: Mejora el estado de \u00e1nimo y el bienestar emocional mediante el uso de aceites esenciales arom\u00e1ticos.<\/li>\n<li><strong>Alivio del dolor<\/strong>: Alivia el dolor y la tensi\u00f3n musculares.<\/li>\n<li><strong>Mejora la circulaci\u00f3n<\/strong>: Mejora el flujo sangu\u00edneo y el drenaje linf\u00e1tico.<\/li>\n<li><strong>Nutrici\u00f3n de la piel<\/strong>: Deja la piel suave, tersa e hidratada.<\/li>\n<li><strong>Refuerza el sistema inmunitario<\/strong>: Favorece la salud y el bienestar general.<\/li>\n<\/ol>\n<h3>\u00bfPor qu\u00e9 elegir el masaje con aceites arom\u00e1ticos?<\/h3>\n<p>Elige el Masaje con Aceites Arom\u00e1ticos por su enfoque hol\u00edstico del bienestar. Este tratamiento no s\u00f3lo aborda el malestar f\u00edsico, sino que tambi\u00e9n nutre la salud emocional mediante el poder de los aceites esenciales. Es perfecto para quienes buscan una experiencia de relajaci\u00f3n integral que tambi\u00e9n beneficie a la piel y a la salud en general.  <\/p>\n<h3>Sugerencias<\/h3>\n<ul>\n<li>Ideal para aliviar el estr\u00e9s y equilibrar las emociones.<\/li>\n<li>Excelente para hidratar y nutrir la piel.<\/li>\n<li>Comb\u00ednalo con un exfoliante facial o corporal para una experiencia de spa mejorada.<\/li>\n<\/ul>\n<h3>Experimenta el masaje con aceites arom\u00e1ticos en Nakee Massage &amp; Spa<\/h3>\n<p>Experimenta el mejor Masaje con Aceites Arom\u00e1ticos en Nakee Massage &amp; Spa, donde nuestros expertos terapeutas utilizan los mejores aceites esenciales para proporcionarte una experiencia profundamente relajante y rejuvenecedora. Nuestro tranquilo entorno potencia los beneficios terap\u00e9uticos, garantizando que te marches sinti\u00e9ndote renovado y revitalizado. <\/p>\n","protected":false},"excerpt":{"rendered":"<p>El Masaje con Aceites Arom\u00e1ticos combina t\u00e9cnicas de masaje con las propiedades curativas de los aceites esenciales para fomentar la relajaci\u00f3n, mejorar el estado de \u00e1nimo, aliviar el dolor y nutrir la piel. Este tratamiento hol\u00edstico es perfecto para quienes buscan bienestar tanto f\u00edsico como emocional. <\/p>\n<p>&nbsp;<\/p>\n","protected":false},"featured_media":13018,"template":"","meta":{"_acf_changed":false,"wds_primary_product_brand":0,"wds_primary_product_cat":0},"product_brand":[],"product_cat":[159],"product_tag":[540,544,543,538,537,531,539,879,788,536,532,541,545,542,756,775,535,533,840,534],"class_list":{"0":"post-6461","1":"product","2":"type-product","3":"status-publish","4":"has-post-thumbnail","6":"product_cat-masajes","7":"product_tag-el-mejor-masaje-cerca-de-mi","8":"product_tag-los-mejores-masajes-en-chaweng","9":"product_tag-los-mejores-masajes-en-koh-samui","10":"product_tag-masaje-corporal-completo","11":"product_tag-masaje-corporal-koh-samui","12":"product_tag-masaje-en-koh-samui","13":"product_tag-masaje-tailandes-cerca-de-mi","14":"product_tag-masaje-tailandes-en-bo-phut","15":"product_tag-masaje-tailandes-en-choengmon","16":"product_tag-masaje-tailandes-en-koh-samui","17":"product_tag-masaje-tailandes-koh-samui","18":"product_tag-masajes-en-koh-samui","19":"product_tag-masajes-en-koh-samui-tailandia","20":"product_tag-mejor-masaje-chaweng","21":"product_tag-mejor-masaje-en-bo-phut","22":"product_tag-mejor-masaje-en-choengmon","23":"product_tag-mejores-masajes-koh-samui","24":"product_tag-precios-masajes-koh-samui","25":"product_tag-salon-de-masajes","26":"product_tag-salon-de-masajes-koh-samui","27":"pa_duration-120-minutos","28":"pa_duration-60-minutos","29":"pa_duration-90-minutos","30":"pa_massage-aceite-aromatico","31":"pa_menu-category-aceite-y-aroma-relajacion","32":"pa_types-relajate-y-tranquilizate","33":"pa_types-suave-y-aromatico","35":"first","36":"instock","37":"shipping-taxable","38":"purchasable","39":"product-type-variable"},"acf":[],"_links":{"self":[{"href":"https:\/\/www.nakee.spa\/es\/wp-json\/wp\/v2\/product\/6461","targetHints":{"allow":["GET"]}}],"collection":[{"href":"https:\/\/www.nakee.spa\/es\/wp-json\/wp\/v2\/product"}],"about":[{"href":"https:\/\/www.nakee.spa\/es\/wp-json\/wp\/v2\/types\/product"}],"wp:featuredmedia":[{"embeddable":true,"href":"https:\/\/www.nakee.spa\/es\/wp-json\/wp\/v2\/media\/13018"}],"wp:attachment":[{"href":"https:\/\/www.nakee.spa\/es\/wp-json\/wp\/v2\/media?parent=6461"}],"wp:term":[{"taxonomy":"product_brand","embeddable":true,"href":"https:\/\/www.nakee.spa\/es\/wp-json\/wp\/v2\/product_brand?post=6461"},{"taxonomy":"product_cat","embeddable":true,"href":"https:\/\/www.nakee.spa\/es\/wp-json\/wp\/v2\/product_cat?post=6461"},{"taxonomy":"product_tag","embeddable":true,"href":"https:\/\/www.nakee.spa\/es\/wp-json\/wp\/v2\/product_tag?post=6461"}],"curies":[{"name":"wp","href":"https:\/\/api.w.org\/{rel}","templated":true}]}}