{"id":6511,"date":"2024-07-06T09:20:12","date_gmt":"2024-07-06T09:20:12","guid":{"rendered":"https:\/\/www.nakee.spa\/product\/masaje-de-pies\/"},"modified":"2025-11-14T01:13:09","modified_gmt":"2025-11-13T18:13:09","slug":"masaje-de-pies","status":"publish","type":"product","link":"https:\/\/www.nakee.spa\/es\/producto\/masaje-de-pies\/","title":{"rendered":"Masaje de pies"},"content":{"rendered":"<h3>\u00bfQu\u00e9 es el masaje podal?<\/h3>\n<p>El masaje de pies, tambi\u00e9n conocido como reflexolog\u00eda, consiste en aplicar presi\u00f3n en puntos espec\u00edficos de los pies que corresponden a distintas partes del cuerpo. Esta pr\u00e1ctica terap\u00e9utica pretende promover la salud y el bienestar estimulando estos puntos reflejos, que se cree que afectan a diversos \u00f3rganos y sistemas. El masaje de pies puede ser profundamente relajante y rejuvenecedor, y ofrece beneficios tanto f\u00edsicos como mentales.  <\/p>\n<h3>Beneficios del masaje de pies<\/h3>\n<ol>\n<li><strong>Alivia el Estr\u00e9s<\/strong>: Reduce el estr\u00e9s y favorece la relajaci\u00f3n.<\/li>\n<li><strong>Mejora la circulaci\u00f3n<\/strong>: Mejora el flujo sangu\u00edneo y linf\u00e1tico.<\/li>\n<li><strong>Alivia el dolor<\/strong>: Alivia el dolor y las molestias en los pies y la parte inferior de las piernas.<\/li>\n<li><strong>Aumenta la energ\u00eda<\/strong>: Aumenta los niveles de energ\u00eda y reduce la fatiga.<\/li>\n<li><strong>Favorece el sue\u00f1o<\/strong>: Mejora la calidad y la duraci\u00f3n del sue\u00f1o.<\/li>\n<li><strong>Mejora el estado de \u00e1nimo<\/strong>: Eleva el estado de \u00e1nimo y reduce la ansiedad.<\/li>\n<\/ol>\n<h3>\u00bfPor qu\u00e9 elegir el masaje podal?<\/h3>\n<p>Elige el Masaje Podal por sus amplios beneficios para la salud, que van m\u00e1s all\u00e1 de los pies. Esta pr\u00e1ctica no s\u00f3lo trata el dolor y las molestias de los pies, sino que tambi\u00e9n fomenta el bienestar general estimulando puntos reflejos que corresponden a diversos sistemas corporales. Es una opci\u00f3n excelente para quienes buscan un enfoque hol\u00edstico de la salud y la relajaci\u00f3n.  <\/p>\n<h3>Sugerencias<\/h3>\n<ul>\n<li>Ideal para personas con dolor de pies, fascitis plantar o pies cansados.<\/li>\n<li>Adecuado para quienes buscan aliviar el estr\u00e9s y mejorar el sue\u00f1o.<\/li>\n<li>Beneficioso para mejorar la circulaci\u00f3n y los niveles generales de energ\u00eda.<\/li>\n<\/ul>\n<h3>Experimenta el masaje de pies en Nakee Massage &amp; Spa<\/h3>\n<p>En Nakee Massage &amp; Spa, nuestros expertos terapeutas proporcionan el mejor y m\u00e1s aut\u00e9ntico Masaje de Pies. Utilizando t\u00e9cnicas tradicionales de reflexolog\u00eda, estimulan puntos espec\u00edficos de tus pies para promover la salud y la relajaci\u00f3n en todo tu cuerpo. Disfruta de una experiencia profundamente relajante y rejuvenecedora en nuestro sereno entorno de spa, que te dejar\u00e1 renovado y revitalizado.  <\/p>\n<p>&nbsp;<\/p>\n","protected":false},"excerpt":{"rendered":"<p>El masaje podal estimula los puntos reflejos de los pies para aliviar el estr\u00e9s, mejorar la circulaci\u00f3n y aumentar el bienestar general.<\/p>\n<p>&nbsp;<\/p>\n","protected":false},"featured_media":13006,"template":"","meta":{"_acf_changed":false,"wds_primary_product_brand":0,"wds_primary_product_cat":0},"product_brand":[],"product_cat":[159],"product_tag":[540,544,543,538,537,531,539,879,788,536,532,541,545,542,756,775,535,533,840,534],"class_list":{"0":"post-6511","1":"product","2":"type-product","3":"status-publish","4":"has-post-thumbnail","6":"product_cat-masajes","7":"product_tag-el-mejor-masaje-cerca-de-mi","8":"product_tag-los-mejores-masajes-en-chaweng","9":"product_tag-los-mejores-masajes-en-koh-samui","10":"product_tag-masaje-corporal-completo","11":"product_tag-masaje-corporal-koh-samui","12":"product_tag-masaje-en-koh-samui","13":"product_tag-masaje-tailandes-cerca-de-mi","14":"product_tag-masaje-tailandes-en-bo-phut","15":"product_tag-masaje-tailandes-en-choengmon","16":"product_tag-masaje-tailandes-en-koh-samui","17":"product_tag-masaje-tailandes-koh-samui","18":"product_tag-masajes-en-koh-samui","19":"product_tag-masajes-en-koh-samui-tailandia","20":"product_tag-mejor-masaje-chaweng","21":"product_tag-mejor-masaje-en-bo-phut","22":"product_tag-mejor-masaje-en-choengmon","23":"product_tag-mejores-masajes-koh-samui","24":"product_tag-precios-masajes-koh-samui","25":"product_tag-salon-de-masajes","26":"product_tag-salon-de-masajes-koh-samui","27":"pa_duration-120-minutos","28":"pa_duration-60-minutos","29":"pa_duration-90-minutos","30":"pa_massage-masaje-con-aceite","31":"pa_menu-category-terapias-tradicionales-tailandesas","32":"pa_types-relajate-y-tranquilizate","34":"first","35":"instock","36":"shipping-taxable","37":"purchasable","38":"product-type-variable"},"acf":[],"_links":{"self":[{"href":"https:\/\/www.nakee.spa\/es\/wp-json\/wp\/v2\/product\/6511","targetHints":{"allow":["GET"]}}],"collection":[{"href":"https:\/\/www.nakee.spa\/es\/wp-json\/wp\/v2\/product"}],"about":[{"href":"https:\/\/www.nakee.spa\/es\/wp-json\/wp\/v2\/types\/product"}],"wp:featuredmedia":[{"embeddable":true,"href":"https:\/\/www.nakee.spa\/es\/wp-json\/wp\/v2\/media\/13006"}],"wp:attachment":[{"href":"https:\/\/www.nakee.spa\/es\/wp-json\/wp\/v2\/media?parent=6511"}],"wp:term":[{"taxonomy":"product_brand","embeddable":true,"href":"https:\/\/www.nakee.spa\/es\/wp-json\/wp\/v2\/product_brand?post=6511"},{"taxonomy":"product_cat","embeddable":true,"href":"https:\/\/www.nakee.spa\/es\/wp-json\/wp\/v2\/product_cat?post=6511"},{"taxonomy":"product_tag","embeddable":true,"href":"https:\/\/www.nakee.spa\/es\/wp-json\/wp\/v2\/product_tag?post=6511"}],"curies":[{"name":"wp","href":"https:\/\/api.w.org\/{rel}","templated":true}]}}