{"id":6558,"date":"2024-07-06T11:01:51","date_gmt":"2024-07-06T11:01:51","guid":{"rendered":"https:\/\/www.nakee.spa\/product\/paquete-gozo-exotico\/"},"modified":"2025-11-14T11:56:42","modified_gmt":"2025-11-14T04:56:42","slug":"paquete-gozo-exotico","status":"publish","type":"product","link":"https:\/\/www.nakee.spa\/es\/producto\/paquete-gozo-exotico\/","title":{"rendered":"Paquete Gozo Ex\u00f3tico"},"content":{"rendered":"<h3>\u00bfQu\u00e9 es el Paquete Gozo Ex\u00f3tico?<\/h3>\n<p>El paquete Gozo Ex\u00f3tico combina lo mejor de ambos mundos: el aut\u00e9ntico Masaje Tailand\u00e9s y el relajante Masaje con Aceite de Coco. Este paquete \u00fanico ofrece un enfoque hol\u00edstico de la relajaci\u00f3n y el rejuvenecimiento. <\/p>\n<h3>Ventajas del Paquete Gozo Ex\u00f3tico<\/h3>\n<p>El componente Masaje Tailand\u00e9s utiliza t\u00e9cnicas tradicionales para mejorar la flexibilidad, aliviar la tensi\u00f3n muscular y promover el bienestar general. El Masaje con Aceite de Coco, que utiliza aceite de coco casero 100% natural de Koh Samui, hidrata la piel, aumenta la relajaci\u00f3n y te deja una sensaci\u00f3n de frescor y revitalizaci\u00f3n. <\/p>\n<h3>\u00bfPor qu\u00e9 elegir el Paquete Gozo Ex\u00f3tico?<\/h3>\n<p>Elegir el paquete Gozo Ex\u00f3tico te garantiza experimentar lo mejor de las aut\u00e9nticas pr\u00e1cticas de bienestar tailandesas. La combinaci\u00f3n de Masaje Tailand\u00e9s y Masaje con Aceite de Coco no s\u00f3lo proporciona alivio f\u00edsico, sino que tambi\u00e9n favorece la relajaci\u00f3n mental, por lo que es la elecci\u00f3n perfecta para una experiencia integral y rejuvenecedora en Nakee Massage &amp; Spa. <\/p>\n<p><strong>Acerca del aceite de coco Nakee<\/strong>: Nuestro aceite de coco especial se elabora con cocos cultivados en la isla de Koh Samui. Este aceite de coco virgen ecol\u00f3gico, casero y 100% natural, garantiza una experiencia pura y aut\u00e9ntica. Su agradable aroma aumenta la relajaci\u00f3n y hace que tu masaje sea a\u00fan m\u00e1s placentero.  <\/p>\n<p>Experimenta lo \u00faltimo en relajaci\u00f3n con nuestro paquete Exotic Bliss, donde la autenticidad se une al lujo para tu bienestar.<\/p>\n","protected":false},"excerpt":{"rendered":"<p>Descubre lo mejor de ambos mundos con nuestro paquete Gozo Ex\u00f3tico, una mezcla perfecta de aut\u00e9ntico Masaje Tailand\u00e9s y Masaje con Aceite de Coco. Esta combinaci\u00f3n \u00fanica proporciona una experiencia profundamente relajante, utilizando t\u00e9cnicas tailandesas tradicionales y los beneficios calmantes del aceite de coco casero 100% natural de Koh Samui. Aumenta tu bienestar y rejuvenece tu cuerpo con el mejor paquete de masajes aut\u00e9nticos. Experimenta lo \u00faltimo en relajaci\u00f3n y siente la diferencia con el paquete Exotic Bliss de Nakee Massage &amp; Spa.   <\/p>\n","protected":false},"featured_media":908,"template":"","meta":{"_acf_changed":false,"wds_primary_product_brand":0,"wds_primary_product_cat":0},"product_brand":[],"product_cat":[466],"product_tag":[540,544,543,538,537,531,539,879,788,536,532,541,545,542,756,775,535,533,840,534],"class_list":{"0":"post-6558","1":"product","2":"type-product","3":"status-publish","4":"has-post-thumbnail","6":"product_cat-paquetes","7":"product_tag-el-mejor-masaje-cerca-de-mi","8":"product_tag-los-mejores-masajes-en-chaweng","9":"product_tag-los-mejores-masajes-en-koh-samui","10":"product_tag-masaje-corporal-completo","11":"product_tag-masaje-corporal-koh-samui","12":"product_tag-masaje-en-koh-samui","13":"product_tag-masaje-tailandes-cerca-de-mi","14":"product_tag-masaje-tailandes-en-bo-phut","15":"product_tag-masaje-tailandes-en-choengmon","16":"product_tag-masaje-tailandes-en-koh-samui","17":"product_tag-masaje-tailandes-koh-samui","18":"product_tag-masajes-en-koh-samui","19":"product_tag-masajes-en-koh-samui-tailandia","20":"product_tag-mejor-masaje-chaweng","21":"product_tag-mejor-masaje-en-bo-phut","22":"product_tag-mejor-masaje-en-choengmon","23":"product_tag-mejores-masajes-koh-samui","24":"product_tag-precios-masajes-koh-samui","25":"product_tag-salon-de-masajes","26":"product_tag-salon-de-masajes-koh-samui","27":"pa_duration-120-minutos","28":"pa_duration-60-minutos","29":"pa_massage-aceite-de-coco","30":"pa_massage-masaje-tailandes","31":"pa_menu-category-aceite-y-aroma-relajacion","32":"pa_types-estiramiento-y-estilo-tailandes","34":"first","35":"instock","36":"shipping-taxable","37":"purchasable","38":"product-type-variable"},"acf":[],"_links":{"self":[{"href":"https:\/\/www.nakee.spa\/es\/wp-json\/wp\/v2\/product\/6558","targetHints":{"allow":["GET"]}}],"collection":[{"href":"https:\/\/www.nakee.spa\/es\/wp-json\/wp\/v2\/product"}],"about":[{"href":"https:\/\/www.nakee.spa\/es\/wp-json\/wp\/v2\/types\/product"}],"wp:featuredmedia":[{"embeddable":true,"href":"https:\/\/www.nakee.spa\/es\/wp-json\/wp\/v2\/media\/908"}],"wp:attachment":[{"href":"https:\/\/www.nakee.spa\/es\/wp-json\/wp\/v2\/media?parent=6558"}],"wp:term":[{"taxonomy":"product_brand","embeddable":true,"href":"https:\/\/www.nakee.spa\/es\/wp-json\/wp\/v2\/product_brand?post=6558"},{"taxonomy":"product_cat","embeddable":true,"href":"https:\/\/www.nakee.spa\/es\/wp-json\/wp\/v2\/product_cat?post=6558"},{"taxonomy":"product_tag","embeddable":true,"href":"https:\/\/www.nakee.spa\/es\/wp-json\/wp\/v2\/product_tag?post=6558"}],"curies":[{"name":"wp","href":"https:\/\/api.w.org\/{rel}","templated":true}]}}