{"id":6559,"date":"2024-07-09T09:57:58","date_gmt":"2024-07-09T09:57:58","guid":{"rendered":"https:\/\/www.nakee.spa\/product\/paquete-toque-de-aloe-vera\/"},"modified":"2025-11-14T01:24:11","modified_gmt":"2025-11-13T18:24:11","slug":"paquete-toque-de-aloe-vera","status":"publish","type":"product","link":"https:\/\/www.nakee.spa\/es\/producto\/paquete-toque-de-aloe-vera\/","title":{"rendered":"Paquete Toque de Aloe Vera"},"content":{"rendered":"<p><strong>\u00bfQu\u00e9 es el Paquete Toque de Aloe Vera?<\/strong>  El Paquete Toque de Aloe Vera es una mezcla \u00fanica de nuestro mejor Masaje Tailand\u00e9s aut\u00e9ntico y el rejuvenecedor Masaje de Aloe Vera. Esta sesi\u00f3n de 60 minutos combina las t\u00e9cnicas tradicionales tailandesas con las propiedades calmantes del Aloe Vera para proporcionar una experiencia completa de relajaci\u00f3n y curaci\u00f3n. <\/p>\n<p><strong>Ventajas del Paquete Toque de Aloe Vera<\/strong><\/p>\n<ul>\n<li><strong>Relajaci\u00f3n Profunda<\/strong>: La combinaci\u00f3n de los estiramientos y la acupresi\u00f3n del masaje tailand\u00e9s con el efecto refrescante del Aloe Vera ayuda a relajar profundamente los m\u00fasculos y la mente.<\/li>\n<li><strong>Rejuvenecimiento de la piel<\/strong>: El aloe vera es famoso por sus propiedades calmantes e hidratantes, por lo que este envase es perfecto para revitalizar tu piel.<\/li>\n<li><strong>Alivio del Estr\u00e9s<\/strong>: Las propiedades terap\u00e9uticas del masaje tailand\u00e9s combinadas con la ayuda curativa natural del Aloe Vera reducen el estr\u00e9s y fomentan el bienestar general.<\/li>\n<\/ul>\n<p><strong>\u00bfPor qu\u00e9 elegir el Paquete Toque de Aloe Vera?<\/strong>  Experimenta lo mejor de ambos mundos con el Paquete Toque de Aloe Vera. Es perfecto para quienes buscan un enfoque aut\u00e9ntico y hol\u00edstico de la relajaci\u00f3n y el rejuvenecimiento. Los beneficios naturales del Aloe Vera combinados con la experiencia de nuestros masajistas tailandeses garantizan una experiencia \u00fanica y revitalizante.  <\/p>\n<p><strong>Sugerencia<\/strong> Prueba este paquete si quieres regalar a tu cuerpo la experiencia definitiva de relajaci\u00f3n y rejuvenecimiento de la piel, dej\u00e1ndote una sensaci\u00f3n de frescor y revitalizaci\u00f3n.<\/p>\n","protected":false},"excerpt":{"rendered":"<p>Experimenta lo mejor de la relajaci\u00f3n con nuestro aut\u00e9ntico Paquete Toque de Aloe Vera. Este tratamiento combina los beneficios terap\u00e9uticos del Masaje Tailand\u00e9s con las propiedades calmantes del Masaje Aloe Vera. Perfecto para rejuvenecer la piel y aliviar el estr\u00e9s, el Paquete Toque de Aloe Vera ofrece sesiones de 60 y 120 minutos. Disfruta de una profunda relajaci\u00f3n muscular, una mejor hidrataci\u00f3n de la piel y una experiencia \u00fanica y hol\u00edstica que combina las t\u00e9cnicas tradicionales tailandesas con los poderes curativos naturales del Aloe Vera. Elige este paquete para disfrutar del rejuvenecimiento definitivo y de una aut\u00e9ntica experiencia de spa tailandesa.    <\/p>\n","protected":false},"featured_media":912,"template":"","meta":{"_acf_changed":false,"wds_primary_product_brand":0,"wds_primary_product_cat":0},"product_brand":[],"product_cat":[466],"product_tag":[540,544,543,538,537,531,539,879,788,536,532,541,545,542,756,775,535,533,840,534],"class_list":{"0":"post-6559","1":"product","2":"type-product","3":"status-publish","4":"has-post-thumbnail","6":"product_cat-paquetes","7":"product_tag-el-mejor-masaje-cerca-de-mi","8":"product_tag-los-mejores-masajes-en-chaweng","9":"product_tag-los-mejores-masajes-en-koh-samui","10":"product_tag-masaje-corporal-completo","11":"product_tag-masaje-corporal-koh-samui","12":"product_tag-masaje-en-koh-samui","13":"product_tag-masaje-tailandes-cerca-de-mi","14":"product_tag-masaje-tailandes-en-bo-phut","15":"product_tag-masaje-tailandes-en-choengmon","16":"product_tag-masaje-tailandes-en-koh-samui","17":"product_tag-masaje-tailandes-koh-samui","18":"product_tag-masajes-en-koh-samui","19":"product_tag-masajes-en-koh-samui-tailandia","20":"product_tag-mejor-masaje-chaweng","21":"product_tag-mejor-masaje-en-bo-phut","22":"product_tag-mejor-masaje-en-choengmon","23":"product_tag-mejores-masajes-koh-samui","24":"product_tag-precios-masajes-koh-samui","25":"product_tag-salon-de-masajes","26":"product_tag-salon-de-masajes-koh-samui","27":"pa_duration-120-minutos","28":"pa_duration-60-minutos","29":"pa_massage-aloe-vera-es","30":"pa_massage-masaje-tailandes","31":"pa_menu-category-cuidado-para-despues-del-sol","32":"pa_types-estiramiento-y-estilo-tailandes","34":"first","35":"instock","36":"shipping-taxable","37":"purchasable","38":"product-type-variable"},"acf":[],"_links":{"self":[{"href":"https:\/\/www.nakee.spa\/es\/wp-json\/wp\/v2\/product\/6559","targetHints":{"allow":["GET"]}}],"collection":[{"href":"https:\/\/www.nakee.spa\/es\/wp-json\/wp\/v2\/product"}],"about":[{"href":"https:\/\/www.nakee.spa\/es\/wp-json\/wp\/v2\/types\/product"}],"wp:featuredmedia":[{"embeddable":true,"href":"https:\/\/www.nakee.spa\/es\/wp-json\/wp\/v2\/media\/912"}],"wp:attachment":[{"href":"https:\/\/www.nakee.spa\/es\/wp-json\/wp\/v2\/media?parent=6559"}],"wp:term":[{"taxonomy":"product_brand","embeddable":true,"href":"https:\/\/www.nakee.spa\/es\/wp-json\/wp\/v2\/product_brand?post=6559"},{"taxonomy":"product_cat","embeddable":true,"href":"https:\/\/www.nakee.spa\/es\/wp-json\/wp\/v2\/product_cat?post=6559"},{"taxonomy":"product_tag","embeddable":true,"href":"https:\/\/www.nakee.spa\/es\/wp-json\/wp\/v2\/product_tag?post=6559"}],"curies":[{"name":"wp","href":"https:\/\/api.w.org\/{rel}","templated":true}]}}