{"id":6709,"date":"2024-07-09T11:30:24","date_gmt":"2024-07-09T11:30:24","guid":{"rendered":"https:\/\/www.nakee.spa\/product\/paquete-pies-refrescados\/"},"modified":"2025-11-14T01:26:49","modified_gmt":"2025-11-13T18:26:49","slug":"paquete-pies-refrescados","status":"publish","type":"product","link":"https:\/\/www.nakee.spa\/es\/producto\/paquete-pies-refrescados\/","title":{"rendered":"Paquete Pies Refrescados"},"content":{"rendered":"<p><strong>Experimenta el mejor cuidado de los pies con nuestro paquete Pies Rejuvenecidos, una aut\u00e9ntica combinaci\u00f3n de un Exfoliante de Pies y un Masaje de Pies de 60 minutos dise\u00f1ado para rejuvenecer y revitalizar tus pies.<\/strong><\/p>\n<h4>\u00bfQu\u00e9 son los Pies Refrescados?<\/h4>\n<p>El paquete Pies Refrescados ofrece un tratamiento integral de los pies que comienza con una exfoliaci\u00f3n tonificante para exfoliar y limpiar los pies, eliminando las c\u00e9lulas muertas y dejando la piel suave y fresca. Le sigue un relajante masaje de pies de 60 minutos que act\u00faa sobre los puntos de presi\u00f3n, alivia el estr\u00e9s y mejora la circulaci\u00f3n. <\/p>\n<h4>Beneficios de unos pies renovados:<\/h4>\n<ul>\n<li><strong>Relajaci\u00f3n definitiva<\/strong>: El masaje de pies ayuda a aliviar la tensi\u00f3n y favorece la relajaci\u00f3n profunda.<\/li>\n<li><strong>Mejora la circulaci\u00f3n<\/strong>: La estimulaci\u00f3n de los puntos de presi\u00f3n mejora el flujo sangu\u00edneo, reduciendo la hinchaz\u00f3n y la fatiga.<\/li>\n<li><strong>Pies suaves y tersos<\/strong>: El exfoliante para pies exfolia y rejuvenece tu piel, dej\u00e1ndola suave y flexible.<\/li>\n<li><strong>Alivio del estr\u00e9s<\/strong>: El masaje terap\u00e9utico reduce el estr\u00e9s y aumenta el bienestar general.<\/li>\n<\/ul>\n<h4>\u00bfPor qu\u00e9 elegir Refreshed Feet?<\/h4>\n<p>Este paquete es perfecto para quienes buscan una experiencia integral de cuidado de los pies. La combinaci\u00f3n de un exfoliante para pies y un masaje terap\u00e9utico de pies proporciona el m\u00e1ximo mimo y relajaci\u00f3n para tus pies, lo que lo convierte en la mejor opci\u00f3n para un aut\u00e9ntico cuidado de los pies. <\/p>\n<p>Disfruta del paquete Pies Rejuvenecidos y mima tus pies como se merecen. Perfecto para mantener unos pies sanos y bonitos, y para que te sientas completamente renovada y rejuvenecida. <\/p>\n","protected":false},"excerpt":{"rendered":"<p>Experimenta lo \u00faltimo en cuidado de los pies con nuestro paquete \u201cPies Rejuvenecidos\u201d. Este tratamiento combina una exfoliaci\u00f3n rejuvenecedora de los pies con un masaje de 60 minutos, para que tus pies se sientan frescos y revitalizados. Nuestros expertos terapeutas utilizan las mejores t\u00e9cnicas para exfoliar y relajar tus pies, dej\u00e1ndote una piel suave y tersa y una sensaci\u00f3n de relajaci\u00f3n total. Perfecto para aliviar el estr\u00e9s y mejorar la salud general de los pies, este paquete ofrece una experiencia aut\u00e9ntica y relajante.   <\/p>\n<p>Ideal para quienes buscan lo mejor en cuidado de los pies y relajaci\u00f3n.<\/p>\n","protected":false},"featured_media":953,"template":"","meta":{"_acf_changed":false,"wds_primary_product_brand":0,"wds_primary_product_cat":0},"product_brand":[],"product_cat":[466],"product_tag":[540,544,543,538,537,531,539,879,788,536,532,541,545,542,756,775,535,533,840,534],"class_list":{"0":"post-6709","1":"product","2":"type-product","3":"status-publish","4":"has-post-thumbnail","6":"product_cat-paquetes","7":"product_tag-el-mejor-masaje-cerca-de-mi","8":"product_tag-los-mejores-masajes-en-chaweng","9":"product_tag-los-mejores-masajes-en-koh-samui","10":"product_tag-masaje-corporal-completo","11":"product_tag-masaje-corporal-koh-samui","12":"product_tag-masaje-en-koh-samui","13":"product_tag-masaje-tailandes-cerca-de-mi","14":"product_tag-masaje-tailandes-en-bo-phut","15":"product_tag-masaje-tailandes-en-choengmon","16":"product_tag-masaje-tailandes-en-koh-samui","17":"product_tag-masaje-tailandes-koh-samui","18":"product_tag-masajes-en-koh-samui","19":"product_tag-masajes-en-koh-samui-tailandia","20":"product_tag-mejor-masaje-chaweng","21":"product_tag-mejor-masaje-en-bo-phut","22":"product_tag-mejor-masaje-en-choengmon","23":"product_tag-mejores-masajes-koh-samui","24":"product_tag-precios-masajes-koh-samui","25":"product_tag-salon-de-masajes","26":"product_tag-salon-de-masajes-koh-samui","27":"pa_duration-90-minutos","28":"pa_massage-fregado","29":"pa_menu-category-tratamientos-corporales-y-de-belleza","30":"pa_types-suavidad-y-belleza","32":"first","33":"instock","34":"shipping-taxable","35":"purchasable","36":"product-type-variable"},"acf":[],"_links":{"self":[{"href":"https:\/\/www.nakee.spa\/es\/wp-json\/wp\/v2\/product\/6709","targetHints":{"allow":["GET"]}}],"collection":[{"href":"https:\/\/www.nakee.spa\/es\/wp-json\/wp\/v2\/product"}],"about":[{"href":"https:\/\/www.nakee.spa\/es\/wp-json\/wp\/v2\/types\/product"}],"wp:featuredmedia":[{"embeddable":true,"href":"https:\/\/www.nakee.spa\/es\/wp-json\/wp\/v2\/media\/953"}],"wp:attachment":[{"href":"https:\/\/www.nakee.spa\/es\/wp-json\/wp\/v2\/media?parent=6709"}],"wp:term":[{"taxonomy":"product_brand","embeddable":true,"href":"https:\/\/www.nakee.spa\/es\/wp-json\/wp\/v2\/product_brand?post=6709"},{"taxonomy":"product_cat","embeddable":true,"href":"https:\/\/www.nakee.spa\/es\/wp-json\/wp\/v2\/product_cat?post=6709"},{"taxonomy":"product_tag","embeddable":true,"href":"https:\/\/www.nakee.spa\/es\/wp-json\/wp\/v2\/product_tag?post=6709"}],"curies":[{"name":"wp","href":"https:\/\/api.w.org\/{rel}","templated":true}]}}