{"id":6745,"date":"2024-07-09T13:30:34","date_gmt":"2024-07-09T13:30:34","guid":{"rendered":"https:\/\/www.nakee.spa\/product\/paquete-belleza-radiante\/"},"modified":"2025-11-14T01:32:14","modified_gmt":"2025-11-13T18:32:14","slug":"paquete-belleza-radiante","status":"publish","type":"product","link":"https:\/\/www.nakee.spa\/es\/producto\/paquete-belleza-radiante\/","title":{"rendered":"Paquete Belleza Radiante"},"content":{"rendered":"<p><strong>\u00bfQu\u00e9 es el Paquete Belleza Radiante?<\/strong><\/p>\n<p>El Paquete Belleza Radiante es una experiencia de spa integral dise\u00f1ada para la m\u00e1xima relajaci\u00f3n y rejuvenecimiento. Este paquete premium incluye una exfoliaci\u00f3n de pies, una exfoliaci\u00f3n facial de 60 minutos y un masaje de pies de 60 minutos, ofreciendo una revitalizaci\u00f3n de pies a cabeza que saca a relucir tu brillo interior. <\/p>\n<p><strong>Ventajas del Pack Belleza Radiante<\/strong><\/p>\n<ul>\n<li><strong>Exfoliante de Pies:<\/strong> Inicia la experiencia con una meticulosa exfoliaci\u00f3n de los pies, exfoli\u00e1ndolos y rejuveneci\u00e9ndolos, dej\u00e1ndolos suaves y frescos.<\/li>\n<li><strong>Exfoliaci\u00f3n facial:<\/strong> Seguido de un minucioso exfoliante facial de 60 minutos, este tratamiento limpia en profundidad, exfolia e ilumina tu cutis, eliminando las impurezas y las c\u00e9lulas muertas de la piel para revelar un resplandor radiante y juvenil.<\/li>\n<li><strong>Masaje de pies:<\/strong> Concluye con un masaje de pies de 60 minutos que favorece la relajaci\u00f3n profunda, alivia el estr\u00e9s y mejora la circulaci\u00f3n. Este masaje no s\u00f3lo alivia los pies cansados, sino que mejora el bienestar general. <\/li>\n<\/ul>\n<p><strong>\u00bfPor qu\u00e9 elegir el Paquete Belleza Radiante?<\/strong><\/p>\n<p>Este paquete es la mejor elecci\u00f3n para quienes buscan una experiencia de spa aut\u00e9ntica y lujosa. La combinaci\u00f3n de tratamientos garantiza un cuidado integral, dirigido tanto al rostro como a los pies. Tu piel quedar\u00e1 suave, radiante y rejuvenecida, mientras que el masaje de pies proporciona una profunda relajaci\u00f3n y alivio del estr\u00e9s. El Paquete Belleza Radiante es perfecto para cualquiera que desee disfrutar de lo mejor en belleza y bienestar, por lo que la inversi\u00f3n merece la pena.   <\/p>\n","protected":false},"excerpt":{"rendered":"<p>Experimenta lo \u00faltimo en belleza y relajaci\u00f3n con nuestro paquete \u201cBelleza Radiante\u201d. Este lujoso tratamiento incluye una exfoliaci\u00f3n rejuvenecedora de pies, una refrescante exfoliaci\u00f3n facial de 60 minutos y un relajante masaje de pies de 60 minutos. Dise\u00f1ado para realzar tu brillo natural y dejarte mimada, este paquete ofrece lo mejor de los aut\u00e9nticos tratamientos de spa. Perfecto para quienes buscan una experiencia integral de belleza y bienestar, nuestro paquete \u201cBelleza Radiante\u201d promete rejuvenecer tu piel y refrescar tu esp\u00edritu.   <\/p>\n","protected":false},"featured_media":960,"template":"","meta":{"_acf_changed":false,"wds_primary_product_brand":0,"wds_primary_product_cat":0},"product_brand":[],"product_cat":[466],"product_tag":[540,544,543,538,537,531,539,879,788,536,532,541,545,542,756,775,535,533,840,534],"class_list":{"0":"post-6745","1":"product","2":"type-product","3":"status-publish","4":"has-post-thumbnail","6":"product_cat-paquetes","7":"product_tag-el-mejor-masaje-cerca-de-mi","8":"product_tag-los-mejores-masajes-en-chaweng","9":"product_tag-los-mejores-masajes-en-koh-samui","10":"product_tag-masaje-corporal-completo","11":"product_tag-masaje-corporal-koh-samui","12":"product_tag-masaje-en-koh-samui","13":"product_tag-masaje-tailandes-cerca-de-mi","14":"product_tag-masaje-tailandes-en-bo-phut","15":"product_tag-masaje-tailandes-en-choengmon","16":"product_tag-masaje-tailandes-en-koh-samui","17":"product_tag-masaje-tailandes-koh-samui","18":"product_tag-masajes-en-koh-samui","19":"product_tag-masajes-en-koh-samui-tailandia","20":"product_tag-mejor-masaje-chaweng","21":"product_tag-mejor-masaje-en-bo-phut","22":"product_tag-mejor-masaje-en-choengmon","23":"product_tag-mejores-masajes-koh-samui","24":"product_tag-precios-masajes-koh-samui","25":"product_tag-salon-de-masajes","26":"product_tag-salon-de-masajes-koh-samui","27":"pa_duration-150-minutos","28":"pa_massage-fregado","29":"pa_menu-category-tratamientos-corporales-y-de-belleza","30":"pa_types-suavidad-y-belleza","32":"first","33":"instock","34":"shipping-taxable","35":"purchasable","36":"product-type-variable"},"acf":[],"_links":{"self":[{"href":"https:\/\/www.nakee.spa\/es\/wp-json\/wp\/v2\/product\/6745","targetHints":{"allow":["GET"]}}],"collection":[{"href":"https:\/\/www.nakee.spa\/es\/wp-json\/wp\/v2\/product"}],"about":[{"href":"https:\/\/www.nakee.spa\/es\/wp-json\/wp\/v2\/types\/product"}],"wp:featuredmedia":[{"embeddable":true,"href":"https:\/\/www.nakee.spa\/es\/wp-json\/wp\/v2\/media\/960"}],"wp:attachment":[{"href":"https:\/\/www.nakee.spa\/es\/wp-json\/wp\/v2\/media?parent=6745"}],"wp:term":[{"taxonomy":"product_brand","embeddable":true,"href":"https:\/\/www.nakee.spa\/es\/wp-json\/wp\/v2\/product_brand?post=6745"},{"taxonomy":"product_cat","embeddable":true,"href":"https:\/\/www.nakee.spa\/es\/wp-json\/wp\/v2\/product_cat?post=6745"},{"taxonomy":"product_tag","embeddable":true,"href":"https:\/\/www.nakee.spa\/es\/wp-json\/wp\/v2\/product_tag?post=6745"}],"curies":[{"name":"wp","href":"https:\/\/api.w.org\/{rel}","templated":true}]}}