{"id":6751,"date":"2024-07-09T12:26:39","date_gmt":"2024-07-09T12:26:39","guid":{"rendered":"https:\/\/www.nakee.spa\/product\/paquete-resplandor-corporal-completo\/"},"modified":"2025-11-14T12:06:21","modified_gmt":"2025-11-14T05:06:21","slug":"paquete-resplandor-corporal-completo","status":"publish","type":"product","link":"https:\/\/www.nakee.spa\/es\/producto\/paquete-resplandor-corporal-completo\/","title":{"rendered":"Paquete Resplandor corporal completo"},"content":{"rendered":"<p><strong>Experimenta lo mejor del cuidado de la piel y la relajaci\u00f3n con nuestro paquete Resplandor Corporal Completo, una aut\u00e9ntica mezcla de un Exfoliante Corporal de 60 minutos y un Masaje con Aceite de Coco de 60 minutos dise\u00f1ados para rejuvenecer tu piel y calmar tus sentidos.<\/strong><\/p>\n<h4>\u00bfQu\u00e9 es el Resplandor Corporal?<\/h4>\n<p>El paquete Resplandor Corporal Completo comienza con una exfoliaci\u00f3n corporal completa, que exfolia tu piel, elimina las c\u00e9lulas muertas y deja tu cuerpo suave y fresco. A continuaci\u00f3n, disfruta de un masaje con aceite de coco de 60 minutos que nutre e hidrata tu piel en profundidad a la vez que te proporciona una experiencia calmante y relajante. <\/p>\n<h4>Beneficios del Resplandor Corporal:<\/h4>\n<ul>\n<li><strong>Piel radiante<\/strong>: El exfoliante corporal rejuvenece tu piel, d\u00e1ndole un aspecto y un tacto revitalizados.<\/li>\n<li><strong>Relajaci\u00f3n profunda<\/strong>: El masaje con aceite de coco ayuda a aliviar la tensi\u00f3n muscular y favorece la relajaci\u00f3n general.<\/li>\n<li><strong>Piel hidratada y nutrida<\/strong>: El aceite de coco natural hidrata tu piel en profundidad, asegurando que permanezca suave y flexible.<\/li>\n<li><strong>Alivio del estr\u00e9s<\/strong>: Tanto el exfoliante como el masaje act\u00faan conjuntamente para reducir el estr\u00e9s y mejorar tu bienestar general.<\/li>\n<\/ul>\n<h4>\u00bfPor qu\u00e9 elegir Full Body Glow?<\/h4>\n<p>Este paquete es perfecto para quienes buscan mejorar el aspecto de su piel y disfrutar de un masaje profundamente relajante. La combinaci\u00f3n de exfoliaci\u00f3n e hidrataci\u00f3n proporciona la experiencia definitiva de cuidado de la piel y relajaci\u00f3n, por lo que es la mejor opci\u00f3n para un aut\u00e9ntico tratamiento corporal. <\/p>\n<p>Date un capricho con el paquete Resplandor Corporal Completo y cuida tu cuerpo como se merece. Perfecto para mantener una piel sana y radiante, y para que te sientas completamente renovada y rejuvenecida. <\/p>\n<hr>\n<p><strong>Acerca del aceite de coco Nakee<\/strong>: Nuestro aceite de coco especial se elabora con cocos cultivados en la isla de Koh Samui. Este aceite de coco virgen ecol\u00f3gico, casero y 100% natural, garantiza una experiencia pura y aut\u00e9ntica. Su agradable aroma aumenta la relajaci\u00f3n y hace que tu masaje sea a\u00fan m\u00e1s placentero.  <\/p>\n","protected":false},"excerpt":{"rendered":"<p>Experimenta lo mejor de la relajaci\u00f3n y el rejuvenecimiento con nuestro paquete \u201cResplandor corporal completo\u201d. Combinando una exfoliaci\u00f3n corporal de 60 minutos con un masaje de aceite de coco de 60 minutos, este aut\u00e9ntico tratamiento dejar\u00e1 tu piel resplandeciente y fresca. El exfoliante corporal exfolia y elimina las c\u00e9lulas muertas de la piel, mientras que el masaje con aceite de coco nutre e hidrata, mejorando tu bienestar general. Perfecto para conseguir una piel radiante y sana.   <\/p>\n","protected":false},"featured_media":954,"template":"","meta":{"_acf_changed":false,"wds_primary_product_brand":0,"wds_primary_product_cat":0},"product_brand":[],"product_cat":[466],"product_tag":[540,544,543,538,537,531,539,879,788,536,532,541,545,542,756,775,535,533,840,534],"class_list":{"0":"post-6751","1":"product","2":"type-product","3":"status-publish","4":"has-post-thumbnail","6":"product_cat-paquetes","7":"product_tag-el-mejor-masaje-cerca-de-mi","8":"product_tag-los-mejores-masajes-en-chaweng","9":"product_tag-los-mejores-masajes-en-koh-samui","10":"product_tag-masaje-corporal-completo","11":"product_tag-masaje-corporal-koh-samui","12":"product_tag-masaje-en-koh-samui","13":"product_tag-masaje-tailandes-cerca-de-mi","14":"product_tag-masaje-tailandes-en-bo-phut","15":"product_tag-masaje-tailandes-en-choengmon","16":"product_tag-masaje-tailandes-en-koh-samui","17":"product_tag-masaje-tailandes-koh-samui","18":"product_tag-masajes-en-koh-samui","19":"product_tag-masajes-en-koh-samui-tailandia","20":"product_tag-mejor-masaje-chaweng","21":"product_tag-mejor-masaje-en-bo-phut","22":"product_tag-mejor-masaje-en-choengmon","23":"product_tag-mejores-masajes-koh-samui","24":"product_tag-precios-masajes-koh-samui","25":"product_tag-salon-de-masajes","26":"product_tag-salon-de-masajes-koh-samui","27":"pa_duration-120-minutos","28":"pa_massage-aceite-de-coco","29":"pa_massage-fregado","30":"pa_menu-category-tratamientos-corporales-y-de-belleza","31":"pa_types-suavidad-y-belleza","33":"first","34":"instock","35":"shipping-taxable","36":"purchasable","37":"product-type-variable"},"acf":[],"_links":{"self":[{"href":"https:\/\/www.nakee.spa\/es\/wp-json\/wp\/v2\/product\/6751","targetHints":{"allow":["GET"]}}],"collection":[{"href":"https:\/\/www.nakee.spa\/es\/wp-json\/wp\/v2\/product"}],"about":[{"href":"https:\/\/www.nakee.spa\/es\/wp-json\/wp\/v2\/types\/product"}],"wp:featuredmedia":[{"embeddable":true,"href":"https:\/\/www.nakee.spa\/es\/wp-json\/wp\/v2\/media\/954"}],"wp:attachment":[{"href":"https:\/\/www.nakee.spa\/es\/wp-json\/wp\/v2\/media?parent=6751"}],"wp:term":[{"taxonomy":"product_brand","embeddable":true,"href":"https:\/\/www.nakee.spa\/es\/wp-json\/wp\/v2\/product_brand?post=6751"},{"taxonomy":"product_cat","embeddable":true,"href":"https:\/\/www.nakee.spa\/es\/wp-json\/wp\/v2\/product_cat?post=6751"},{"taxonomy":"product_tag","embeddable":true,"href":"https:\/\/www.nakee.spa\/es\/wp-json\/wp\/v2\/product_tag?post=6751"}],"curies":[{"name":"wp","href":"https:\/\/api.w.org\/{rel}","templated":true}]}}