{"id":6785,"date":"2024-07-11T10:01:07","date_gmt":"2024-07-11T10:01:07","guid":{"rendered":"https:\/\/www.nakee.spa\/product\/masaje-de-cabeza\/"},"modified":"2025-11-14T00:46:12","modified_gmt":"2025-11-13T17:46:12","slug":"masaje-de-cabeza","status":"publish","type":"product","link":"https:\/\/www.nakee.spa\/es\/producto\/masaje-de-cabeza\/","title":{"rendered":"Masaje de cabeza"},"content":{"rendered":"<h3>\u00bfQu\u00e9 es el masaje craneal?<\/h3>\n<p>El Masaje de Cabeza es una pr\u00e1ctica terap\u00e9utica centrada en la cabeza, el cuello y los hombros. Consiste en utilizar caricias suaves pero firmes, amasamientos y t\u00e9cnicas de acupresi\u00f3n para liberar la tensi\u00f3n y el estr\u00e9s. Este masaje est\u00e1 dise\u00f1ado para estimular el flujo sangu\u00edneo, favorecer la relajaci\u00f3n y aliviar los dolores de cabeza y las migra\u00f1as.  <\/p>\n<h3>Beneficios del masaje craneal<\/h3>\n<ol>\n<li><strong>Alivia el estr\u00e9s<\/strong>: Reduce el estr\u00e9s y favorece la relajaci\u00f3n.<\/li>\n<li><strong>Mejora la Circulaci\u00f3n<\/strong>: Mejora el flujo sangu\u00edneo al cuero cabelludo y al cerebro.<\/li>\n<li><strong>Alivio del dolor de cabeza<\/strong>: Alivia las cefaleas tensionales y las migra\u00f1as.<\/li>\n<li><strong>Mayor claridad mental<\/strong>: Favorece una mayor concentraci\u00f3n y claridad mental.<\/li>\n<li><strong>Salud capilar<\/strong>: Estimula los fol\u00edculos pilosos, favoreciendo un crecimiento m\u00e1s sano del cabello.<\/li>\n<li><strong>Alivia el dolor<\/strong>: Reduce el dolor de cuello y hombros.<\/li>\n<\/ol>\n<h3>\u00bfPor qu\u00e9 elegir el masaje craneal?<\/h3>\n<p>Elige un Masaje de Cabeza para experimentar un alivio inmediato del estr\u00e9s y los dolores de cabeza. Este masaje es ideal para quienes tienen un estilo de vida sedentario, altos niveles de estr\u00e9s o dolores de cabeza cr\u00f3nicos. Fomenta el bienestar general mejorando la circulaci\u00f3n y la claridad mental.  <\/p>\n<h3>Sugerencias<\/h3>\n<ul>\n<li>Programa sesiones regulares para obtener beneficios sostenidos.<\/li>\n<li>Comb\u00ednalo con un masaje corporal completo para una relajaci\u00f3n integral.<\/li>\n<li>Hidr\u00e1tate antes y despu\u00e9s del masaje para potenciar la desintoxicaci\u00f3n.<\/li>\n<\/ul>\n<h3>Experimenta el masaje de cabeza en Nakee Massage &amp; Spa<\/h3>\n<p>En Nakee Massage &amp; Spa, nuestro Masaje de Cabeza ofrece el mejor alivio terap\u00e9utico. Nuestros expertos terapeutas utilizan t\u00e9cnicas aut\u00e9nticas para garantizar un tratamiento calmante y eficaz. El ambiente sereno de nuestro spa aumenta la relajaci\u00f3n, ayud\u00e1ndote a desconectar y rejuvenecer.  <\/p>\n","protected":false},"excerpt":{"rendered":"<p>El Masaje de Cabeza se centra en la cabeza, el cuello y los hombros, mediante suaves pero firmes caricias, amasamientos y t\u00e9cnicas de acupresi\u00f3n para liberar la tensi\u00f3n y el estr\u00e9s. Estimula el flujo sangu\u00edneo, alivia los dolores de cabeza, favorece la relajaci\u00f3n y aumenta la claridad mental. Ideal para quienes tienen altos niveles de estr\u00e9s, dolores de cabeza cr\u00f3nicos o buscan el bienestar general.  <\/p>\n","protected":false},"featured_media":13005,"template":"","meta":{"_acf_changed":false,"wds_primary_product_brand":0,"wds_primary_product_cat":0},"product_brand":[],"product_cat":[159],"product_tag":[540,544,543,538,537,531,539,879,788,536,532,541,545,542,756,775,535,533,840,534],"class_list":{"0":"post-6785","1":"product","2":"type-product","3":"status-publish","4":"has-post-thumbnail","6":"product_cat-masajes","7":"product_tag-el-mejor-masaje-cerca-de-mi","8":"product_tag-los-mejores-masajes-en-chaweng","9":"product_tag-los-mejores-masajes-en-koh-samui","10":"product_tag-masaje-corporal-completo","11":"product_tag-masaje-corporal-koh-samui","12":"product_tag-masaje-en-koh-samui","13":"product_tag-masaje-tailandes-cerca-de-mi","14":"product_tag-masaje-tailandes-en-bo-phut","15":"product_tag-masaje-tailandes-en-choengmon","16":"product_tag-masaje-tailandes-en-koh-samui","17":"product_tag-masaje-tailandes-koh-samui","18":"product_tag-masajes-en-koh-samui","19":"product_tag-masajes-en-koh-samui-tailandia","20":"product_tag-mejor-masaje-chaweng","21":"product_tag-mejor-masaje-en-bo-phut","22":"product_tag-mejor-masaje-en-choengmon","23":"product_tag-mejores-masajes-koh-samui","24":"product_tag-precios-masajes-koh-samui","25":"product_tag-salon-de-masajes","26":"product_tag-salon-de-masajes-koh-samui","27":"pa_duration-120-minutos","28":"pa_duration-60-minutos","29":"pa_duration-90-minutos","30":"pa_massage-masaje-con-aceite","31":"pa_menu-category-terapias-tradicionales-tailandesas","32":"pa_types-relajate-y-tranquilizate","34":"first","35":"instock","36":"shipping-taxable","37":"purchasable","38":"product-type-variable"},"acf":[],"_links":{"self":[{"href":"https:\/\/www.nakee.spa\/es\/wp-json\/wp\/v2\/product\/6785","targetHints":{"allow":["GET"]}}],"collection":[{"href":"https:\/\/www.nakee.spa\/es\/wp-json\/wp\/v2\/product"}],"about":[{"href":"https:\/\/www.nakee.spa\/es\/wp-json\/wp\/v2\/types\/product"}],"wp:featuredmedia":[{"embeddable":true,"href":"https:\/\/www.nakee.spa\/es\/wp-json\/wp\/v2\/media\/13005"}],"wp:attachment":[{"href":"https:\/\/www.nakee.spa\/es\/wp-json\/wp\/v2\/media?parent=6785"}],"wp:term":[{"taxonomy":"product_brand","embeddable":true,"href":"https:\/\/www.nakee.spa\/es\/wp-json\/wp\/v2\/product_brand?post=6785"},{"taxonomy":"product_cat","embeddable":true,"href":"https:\/\/www.nakee.spa\/es\/wp-json\/wp\/v2\/product_cat?post=6785"},{"taxonomy":"product_tag","embeddable":true,"href":"https:\/\/www.nakee.spa\/es\/wp-json\/wp\/v2\/product_tag?post=6785"}],"curies":[{"name":"wp","href":"https:\/\/api.w.org\/{rel}","templated":true}]}}