{"id":6809,"date":"2024-07-09T13:29:07","date_gmt":"2024-07-09T13:29:07","guid":{"rendered":"https:\/\/www.nakee.spa\/product\/paquete-relax-definitivo\/"},"modified":"2025-11-14T01:32:04","modified_gmt":"2025-11-13T18:32:04","slug":"paquete-relax-definitivo","status":"publish","type":"product","link":"https:\/\/www.nakee.spa\/es\/producto\/paquete-relax-definitivo\/","title":{"rendered":"Paquete Relax Definitivo"},"content":{"rendered":"<p><strong>\u00bfQu\u00e9 es el Paquete Relax Definitivo?<\/strong><\/p>\n<p>El Paquete Relajaci\u00f3n Definitiva es una lujosa combinaci\u00f3n de tratamientos dise\u00f1ados para proporcionar lo mejor en relajaci\u00f3n y rejuvenecimiento. Este paquete incluye una exfoliaci\u00f3n de pies, una exfoliaci\u00f3n corporal de 60 minutos y un masaje con aceite de coco, lo que garantiza una experiencia de spa completa y aut\u00e9ntica. <\/p>\n<p><strong>Ventajas del Paquete Relax Definitivo<\/strong><\/p>\n<ul>\n<li><strong>Exfoliaci\u00f3n de pies:<\/strong> El tratamiento comienza con un exfoliante de pies, que exfolia y revitaliza los pies cansados, prepar\u00e1ndolos para una relajaci\u00f3n m\u00e1s profunda.<\/li>\n<li><strong>Exfoliaci\u00f3n corporal:<\/strong> A continuaci\u00f3n se realiza una exfoliaci\u00f3n corporal de 60 minutos, en la que se utilizan exfoliantes suaves pero eficaces para eliminar las c\u00e9lulas muertas de la piel, dej\u00e1ndola tersa, suave y radiante.<\/li>\n<li><strong>Masaje con aceite de coco:<\/strong> La experiencia se completa con un relajante masaje con aceite de coco. Nuestro aceite de coco especial, elaborado con cocos cultivados en la isla de Koh Samui, es 100% natural y virgen org\u00e1nico, sin ning\u00fan producto qu\u00edmico a\u00f1adido. Su agradable aroma aumenta la relajaci\u00f3n y hace que el masaje sea a\u00fan m\u00e1s placentero.  <\/li>\n<\/ul>\n<p><strong>\u00bfPor qu\u00e9 elegir el Paquete Relax Definitivo?<\/strong><\/p>\n<p>Este paquete ofrece lo mejor de ambos mundos, combinando una exfoliaci\u00f3n eficaz con una relajaci\u00f3n profunda. El exfoliante de pies refresca y rejuvenece, el exfoliante corporal deja tu piel resplandeciente, y el masaje con aceite de coco nutre e hidrata, promoviendo el bienestar general. Es perfecto para quienes buscan relajarse y conseguir una piel radiante y sana.  <\/p>\n<p><strong>Acerca del aceite de coco Nakee<\/strong> Nuestro aceite de coco especial se elabora con cocos cultivados en la isla de Koh Samui. Este aceite de coco virgen ecol\u00f3gico, casero y 100% natural, garantiza una experiencia pura y aut\u00e9ntica. Su agradable aroma aumenta la relajaci\u00f3n y hace que tu masaje sea a\u00fan m\u00e1s placentero.  <\/p>\n","protected":false},"excerpt":{"rendered":"<p>Disfruta de la experiencia de relajaci\u00f3n definitiva con nuestro paquete \u201cRelajaci\u00f3n Definitiva\u201d. Este lujoso tratamiento combina una exfoliaci\u00f3n rejuvenecedora de pies con una exfoliaci\u00f3n corporal de 60 minutos y un relajante masaje con aceite de coco. Perfecto para quienes buscan una experiencia de spa completa y aut\u00e9ntica, este paquete promete dejar tu piel resplandeciente y tu cuerpo relajado. Disfruta de lo mejor del bienestar hol\u00edstico y los mimos con este tratamiento integral, dise\u00f1ado para derretir el estr\u00e9s y rejuvenecer todo tu cuerpo.   <\/p>\n","protected":false},"featured_media":959,"template":"","meta":{"_acf_changed":false,"wds_primary_product_brand":0,"wds_primary_product_cat":0},"product_brand":[],"product_cat":[466],"product_tag":[540,544,543,538,537,531,539,879,788,536,532,541,545,542,756,775,535,533,840,534],"class_list":{"0":"post-6809","1":"product","2":"type-product","3":"status-publish","4":"has-post-thumbnail","6":"product_cat-paquetes","7":"product_tag-el-mejor-masaje-cerca-de-mi","8":"product_tag-los-mejores-masajes-en-chaweng","9":"product_tag-los-mejores-masajes-en-koh-samui","10":"product_tag-masaje-corporal-completo","11":"product_tag-masaje-corporal-koh-samui","12":"product_tag-masaje-en-koh-samui","13":"product_tag-masaje-tailandes-cerca-de-mi","14":"product_tag-masaje-tailandes-en-bo-phut","15":"product_tag-masaje-tailandes-en-choengmon","16":"product_tag-masaje-tailandes-en-koh-samui","17":"product_tag-masaje-tailandes-koh-samui","18":"product_tag-masajes-en-koh-samui","19":"product_tag-masajes-en-koh-samui-tailandia","20":"product_tag-mejor-masaje-chaweng","21":"product_tag-mejor-masaje-en-bo-phut","22":"product_tag-mejor-masaje-en-choengmon","23":"product_tag-mejores-masajes-koh-samui","24":"product_tag-precios-masajes-koh-samui","25":"product_tag-salon-de-masajes","26":"product_tag-salon-de-masajes-koh-samui","27":"pa_duration-150-minutos","28":"pa_massage-aceite-de-coco","29":"pa_massage-fregado","30":"pa_menu-category-tratamientos-corporales-y-de-belleza","31":"pa_types-suavidad-y-belleza","33":"first","34":"instock","35":"shipping-taxable","36":"purchasable","37":"product-type-variable"},"acf":[],"_links":{"self":[{"href":"https:\/\/www.nakee.spa\/es\/wp-json\/wp\/v2\/product\/6809","targetHints":{"allow":["GET"]}}],"collection":[{"href":"https:\/\/www.nakee.spa\/es\/wp-json\/wp\/v2\/product"}],"about":[{"href":"https:\/\/www.nakee.spa\/es\/wp-json\/wp\/v2\/types\/product"}],"wp:featuredmedia":[{"embeddable":true,"href":"https:\/\/www.nakee.spa\/es\/wp-json\/wp\/v2\/media\/959"}],"wp:attachment":[{"href":"https:\/\/www.nakee.spa\/es\/wp-json\/wp\/v2\/media?parent=6809"}],"wp:term":[{"taxonomy":"product_brand","embeddable":true,"href":"https:\/\/www.nakee.spa\/es\/wp-json\/wp\/v2\/product_brand?post=6809"},{"taxonomy":"product_cat","embeddable":true,"href":"https:\/\/www.nakee.spa\/es\/wp-json\/wp\/v2\/product_cat?post=6809"},{"taxonomy":"product_tag","embeddable":true,"href":"https:\/\/www.nakee.spa\/es\/wp-json\/wp\/v2\/product_tag?post=6809"}],"curies":[{"name":"wp","href":"https:\/\/api.w.org\/{rel}","templated":true}]}}