{"id":6817,"date":"2024-07-11T10:14:39","date_gmt":"2024-07-11T10:14:39","guid":{"rendered":"https:\/\/www.nakee.spa\/product\/espalda-cabeza-y-hombros\/"},"modified":"2025-11-14T00:47:53","modified_gmt":"2025-11-13T17:47:53","slug":"espalda-cabeza-y-hombros","status":"publish","type":"product","link":"https:\/\/www.nakee.spa\/es\/producto\/espalda-cabeza-y-hombros\/","title":{"rendered":"Masaje de espalda, cabeza y hombros"},"content":{"rendered":"<h3>\u00bfQu\u00e9 es el masaje de espalda\/cabeza y hombros?<\/h3>\n<p>El Masaje de Espalda\/Cabeza y Hombros es un tratamiento terap\u00e9utico centrado en aliviar la tensi\u00f3n y el estr\u00e9s de la parte superior del cuerpo. Este masaje se dirige a los m\u00fasculos de la espalda, la cabeza y los hombros mediante una combinaci\u00f3n de amasamientos, t\u00e9cnicas de tejido profundo y suaves caricias. Est\u00e1 dise\u00f1ado para aliviar el dolor, reducir el estr\u00e9s y favorecer la relajaci\u00f3n.  <\/p>\n<h3>Beneficios del masaje de espalda\/cabeza y hombros<\/h3>\n<ol>\n<li><strong>Alivia el dolor<\/strong>: Reduce la tensi\u00f3n muscular y alivia el dolor en la parte superior del cuerpo.<\/li>\n<li><strong>Reducci\u00f3n del estr\u00e9s<\/strong>: Favorece la relajaci\u00f3n y disminuye los niveles de estr\u00e9s.<\/li>\n<li><strong>Mejora la postura<\/strong>: Ayuda a corregir la postura liberando los m\u00fasculos tensos.<\/li>\n<li><strong>Circulaci\u00f3n mejorada<\/strong>: Aumenta el flujo sangu\u00edneo, mejorando la salud muscular general.<\/li>\n<li><strong>Alivia los dolores de cabeza<\/strong>: Reduce la frecuencia e intensidad de los dolores de cabeza.<\/li>\n<li><strong>Aumento de la Flexibilidad<\/strong>: Mejora la amplitud de movimiento de los hombros y el cuello.<\/li>\n<\/ol>\n<h3>\u00bfPor qu\u00e9 elegir el masaje de espalda\/cabeza y hombros?<\/h3>\n<p>Este masaje es ideal para las personas con estilos de vida sedentarios, las que sufren estr\u00e9s o cualquiera que padezca dolor en la parte superior del cuerpo. Ofrece un alivio espec\u00edfico para las zonas de tensi\u00f3n m\u00e1s comunes y ayuda a fomentar el bienestar general. <\/p>\n<h3>Sugerencias<\/h3>\n<ul>\n<li>Las sesiones regulares pueden ayudar a mantener la flexibilidad muscular y reducir el dolor cr\u00f3nico.<\/li>\n<li>Comb\u00ednalo con otros tratamientos, como un masaje corporal completo, para una relajaci\u00f3n integral.<\/li>\n<li>Mantente hidratado antes y despu\u00e9s del masaje para ayudar a eliminar las toxinas.<\/li>\n<\/ul>\n<h3>Experimenta el masaje de espalda\/cabeza y hombros en Nakee Massage &amp; Spa<\/h3>\n<p>En Nakee Massage &amp; Spa, nuestro Masaje de Espalda\/Cabeza y Hombros proporciona el mejor alivio terap\u00e9utico. Nuestros expertos terapeutas utilizan t\u00e9cnicas aut\u00e9nticas para garantizar un tratamiento relajante y eficaz. El ambiente sereno de nuestro spa mejora la experiencia de relajaci\u00f3n, ayud\u00e1ndote a desconectar y a sentirte revitalizado.  <\/p>\n","protected":false},"excerpt":{"rendered":"<p>El Masaje de Espalda\/Cabeza y Hombros se centra en aliviar la tensi\u00f3n y el estr\u00e9s de la parte superior del cuerpo. Utiliza amasamientos, t\u00e9cnicas de tejido profundo y suaves caricias para aliviar el dolor, reducir el estr\u00e9s y fomentar la relajaci\u00f3n. Ideal para quienes llevan un estilo de vida sedentario o sufren dolores en la parte superior del cuerpo, ayuda a mejorar la postura, la circulaci\u00f3n y el bienestar general.  <\/p>\n","protected":false},"featured_media":13004,"template":"","meta":{"_acf_changed":false,"wds_primary_product_brand":0,"wds_primary_product_cat":0},"product_brand":[],"product_cat":[159],"product_tag":[540,544,543,538,537,531,539,879,788,536,532,541,545,542,756,775,535,533,840,534],"class_list":{"0":"post-6817","1":"product","2":"type-product","3":"status-publish","4":"has-post-thumbnail","6":"product_cat-masajes","7":"product_tag-el-mejor-masaje-cerca-de-mi","8":"product_tag-los-mejores-masajes-en-chaweng","9":"product_tag-los-mejores-masajes-en-koh-samui","10":"product_tag-masaje-corporal-completo","11":"product_tag-masaje-corporal-koh-samui","12":"product_tag-masaje-en-koh-samui","13":"product_tag-masaje-tailandes-cerca-de-mi","14":"product_tag-masaje-tailandes-en-bo-phut","15":"product_tag-masaje-tailandes-en-choengmon","16":"product_tag-masaje-tailandes-en-koh-samui","17":"product_tag-masaje-tailandes-koh-samui","18":"product_tag-masajes-en-koh-samui","19":"product_tag-masajes-en-koh-samui-tailandia","20":"product_tag-mejor-masaje-chaweng","21":"product_tag-mejor-masaje-en-bo-phut","22":"product_tag-mejor-masaje-en-choengmon","23":"product_tag-mejores-masajes-koh-samui","24":"product_tag-precios-masajes-koh-samui","25":"product_tag-salon-de-masajes","26":"product_tag-salon-de-masajes-koh-samui","27":"pa_duration-120-minutos","28":"pa_duration-60-minutos","29":"pa_duration-90-minutos","30":"pa_massage-masaje-con-aceite","31":"pa_menu-category-terapias-tradicionales-tailandesas","32":"pa_types-estiramiento-y-estilo-tailandes","34":"first","35":"instock","36":"shipping-taxable","37":"purchasable","38":"product-type-variable"},"acf":[],"_links":{"self":[{"href":"https:\/\/www.nakee.spa\/es\/wp-json\/wp\/v2\/product\/6817","targetHints":{"allow":["GET"]}}],"collection":[{"href":"https:\/\/www.nakee.spa\/es\/wp-json\/wp\/v2\/product"}],"about":[{"href":"https:\/\/www.nakee.spa\/es\/wp-json\/wp\/v2\/types\/product"}],"wp:featuredmedia":[{"embeddable":true,"href":"https:\/\/www.nakee.spa\/es\/wp-json\/wp\/v2\/media\/13004"}],"wp:attachment":[{"href":"https:\/\/www.nakee.spa\/es\/wp-json\/wp\/v2\/media?parent=6817"}],"wp:term":[{"taxonomy":"product_brand","embeddable":true,"href":"https:\/\/www.nakee.spa\/es\/wp-json\/wp\/v2\/product_brand?post=6817"},{"taxonomy":"product_cat","embeddable":true,"href":"https:\/\/www.nakee.spa\/es\/wp-json\/wp\/v2\/product_cat?post=6817"},{"taxonomy":"product_tag","embeddable":true,"href":"https:\/\/www.nakee.spa\/es\/wp-json\/wp\/v2\/product_tag?post=6817"}],"curies":[{"name":"wp","href":"https:\/\/api.w.org\/{rel}","templated":true}]}}