{"id":7201,"date":"2024-07-09T09:21:06","date_gmt":"2024-07-09T09:21:06","guid":{"rendered":"https:\/\/www.nakee.spa\/product\/paquete-serenidad-aromatica\/"},"modified":"2025-11-14T11:59:26","modified_gmt":"2025-11-14T04:59:26","slug":"paquete-serenidad-aromatica","status":"publish","type":"product","link":"https:\/\/www.nakee.spa\/es\/producto\/paquete-serenidad-aromatica\/","title":{"rendered":"Paquete Serenidad Arom\u00e1tica"},"content":{"rendered":"<p>Del\u00e9itate con lo mejor del aut\u00e9ntico bienestar tailand\u00e9s con nuestro paquete Serenidad Arom\u00e1tica. Este lujoso tratamiento combina los beneficios terap\u00e9uticos del masaje tailand\u00e9s tradicional y las propiedades calmantes del masaje con aceites arom\u00e1ticos para una experiencia integral. <\/p>\n<p><strong>\u00bfQu\u00e9 es la Serenidad Arom\u00e1tica?<\/strong><\/p>\n<p>Un tratamiento hol\u00edstico dise\u00f1ado para aliviar la tensi\u00f3n muscular, aumentar la relajaci\u00f3n y promover el bienestar general.<\/p>\n<p><strong>Beneficios de la Serenidad Arom\u00e1tica:<\/strong><\/p>\n<ul>\n<li>Alivia el estr\u00e9s y la ansiedad<\/li>\n<li>Mejora la circulaci\u00f3n y la flexibilidad<\/li>\n<li>Proporciona relajaci\u00f3n profunda y rejuvenecimiento<\/li>\n<\/ul>\n<p><strong>\u00bfPor qu\u00e9 elegir Serenidad Arom\u00e1tica?<\/strong><\/p>\n<p>La mezcla de t\u00e9cnicas de masaje tailand\u00e9s y aceites arom\u00e1ticos garantiza una experiencia profundamente rejuvenecedora. Elige Serenidad Arom\u00e1tica para un viaje revitalizante y calmante, perfecto para quienes buscan la m\u00e1xima relajaci\u00f3n. <\/p>\n","protected":false},"excerpt":{"rendered":"<p>Descubre lo mejor del aut\u00e9ntico bienestar tailand\u00e9s con nuestro paquete Serenidad Arom\u00e1tica. Esta lujosa experiencia de 120 minutos combina los beneficios terap\u00e9uticos del masaje tailand\u00e9s tradicional con las propiedades calmantes del masaje con aceites arom\u00e1ticos.  \u00bfQu\u00e9 es la Serenidad Arom\u00e1tica? Es un tratamiento hol\u00edstico que alivia la tensi\u00f3n muscular, aumenta la relajaci\u00f3n y fomenta el bienestar general. La mezcla de t\u00e9cnicas tailandesas y aceites arom\u00e1ticos garantiza una experiencia profundamente rejuvenecedora. Elige Serenidad Arom\u00e1tica para un viaje verdaderamente revitalizante y calmante, perfecto para quienes buscan la m\u00e1xima relajaci\u00f3n.  <\/p>\n","protected":false},"featured_media":889,"template":"","meta":{"_acf_changed":false,"wds_primary_product_brand":0,"wds_primary_product_cat":0},"product_brand":[],"product_cat":[466],"product_tag":[540,544,543,538,537,531,539,879,788,536,532,541,545,542,756,775,535,533,840,534],"class_list":{"0":"post-7201","1":"product","2":"type-product","3":"status-publish","4":"has-post-thumbnail","6":"product_cat-paquetes","7":"product_tag-el-mejor-masaje-cerca-de-mi","8":"product_tag-los-mejores-masajes-en-chaweng","9":"product_tag-los-mejores-masajes-en-koh-samui","10":"product_tag-masaje-corporal-completo","11":"product_tag-masaje-corporal-koh-samui","12":"product_tag-masaje-en-koh-samui","13":"product_tag-masaje-tailandes-cerca-de-mi","14":"product_tag-masaje-tailandes-en-bo-phut","15":"product_tag-masaje-tailandes-en-choengmon","16":"product_tag-masaje-tailandes-en-koh-samui","17":"product_tag-masaje-tailandes-koh-samui","18":"product_tag-masajes-en-koh-samui","19":"product_tag-masajes-en-koh-samui-tailandia","20":"product_tag-mejor-masaje-chaweng","21":"product_tag-mejor-masaje-en-bo-phut","22":"product_tag-mejor-masaje-en-choengmon","23":"product_tag-mejores-masajes-koh-samui","24":"product_tag-precios-masajes-koh-samui","25":"product_tag-salon-de-masajes","26":"product_tag-salon-de-masajes-koh-samui","27":"pa_duration-120-minutos","28":"pa_duration-60-minutos","29":"pa_massage-aceite-aromatico","30":"pa_massage-masaje-tailandes","31":"pa_menu-category-aceite-y-aroma-relajacion","32":"pa_types-estiramiento-y-estilo-tailandes","34":"first","35":"instock","36":"shipping-taxable","37":"purchasable","38":"product-type-variable"},"acf":[],"_links":{"self":[{"href":"https:\/\/www.nakee.spa\/es\/wp-json\/wp\/v2\/product\/7201","targetHints":{"allow":["GET"]}}],"collection":[{"href":"https:\/\/www.nakee.spa\/es\/wp-json\/wp\/v2\/product"}],"about":[{"href":"https:\/\/www.nakee.spa\/es\/wp-json\/wp\/v2\/types\/product"}],"wp:featuredmedia":[{"embeddable":true,"href":"https:\/\/www.nakee.spa\/es\/wp-json\/wp\/v2\/media\/889"}],"wp:attachment":[{"href":"https:\/\/www.nakee.spa\/es\/wp-json\/wp\/v2\/media?parent=7201"}],"wp:term":[{"taxonomy":"product_brand","embeddable":true,"href":"https:\/\/www.nakee.spa\/es\/wp-json\/wp\/v2\/product_brand?post=7201"},{"taxonomy":"product_cat","embeddable":true,"href":"https:\/\/www.nakee.spa\/es\/wp-json\/wp\/v2\/product_cat?post=7201"},{"taxonomy":"product_tag","embeddable":true,"href":"https:\/\/www.nakee.spa\/es\/wp-json\/wp\/v2\/product_tag?post=7201"}],"curies":[{"name":"wp","href":"https:\/\/api.w.org\/{rel}","templated":true}]}}