{"id":10558,"date":"2024-06-22T12:29:42","date_gmt":"2024-06-22T05:29:42","guid":{"rendered":"https:\/\/www.nakee.spa\/politique-de-confidentialite\/"},"modified":"2025-07-19T22:07:16","modified_gmt":"2025-07-19T15:07:16","slug":"politique-de-confidentialite","status":"publish","type":"page","link":"https:\/\/www.nakee.spa\/fr\/politique-de-confidentialite\/","title":{"rendered":"Politique de confidentialit\u00e9"},"content":{"rendered":"<noscript><iframe src=\"https:\/\/www.googletagmanager.com\/ns.html?id=GTM-WM2WH3P6\" height=\"0\" width=\"0\" style=\"display:none;visibility:hidden\"><\/iframe><\/noscript>\t\t<div data-elementor-type=\"wp-page\" data-elementor-id=\"10558\" class=\"elementor elementor-10558 elementor-3\" data-elementor-post-type=\"page\">\n\t\t\t\t<div class=\"elementor-element elementor-element-7ee8dfc1 e-flex e-con-boxed e-con e-parent\" data-id=\"7ee8dfc1\" data-element_type=\"container\" data-e-type=\"container\">\n\t\t\t\t\t<div class=\"e-con-inner\">\n\t\t\t\t<div class=\"elementor-element elementor-element-3034ade policy-tabs e-n-tabs-mobile elementor-widget elementor-widget-n-tabs\" data-id=\"3034ade\" data-element_type=\"widget\" data-e-type=\"widget\" data-settings=\"{&quot;horizontal_scroll&quot;:&quot;disable&quot;}\" data-widget_type=\"nested-tabs.default\">\n\t\t\t\t\t\t\t<div class=\"e-n-tabs\" data-widget-number=\"50547422\" aria-label=\"Onglets. Ouvrez des \u00e9l\u00e9ments avec Entrer ou Espace, fermez-les avec Echape et naviguez \u00e0 l&#039;aide des touches fl\u00e9ch\u00e9es.\">\n\t\t\t<div class=\"e-n-tabs-heading\" role=\"tablist\">\n\t\t\t\t\t<button id=\"e-n-tab-title-505474221\" data-tab-title-id=\"e-n-tab-title-505474221\" class=\"e-n-tab-title\" aria-selected=\"true\" data-tab-index=\"1\" role=\"tab\" tabindex=\"0\" aria-controls=\"e-n-tab-content-505474221\" style=\"--n-tabs-title-order: 1;\">\n\t\t\t\t\t\t<span class=\"e-n-tab-title-text\">\n\t\t\t\tSimplifi\u00e9\t\t\t<\/span>\n\t\t<\/button>\n\t\t\t\t<button id=\"e-n-tab-title-505474222\" data-tab-title-id=\"e-n-tab-title-505474222\" class=\"e-n-tab-title\" aria-selected=\"false\" data-tab-index=\"2\" role=\"tab\" tabindex=\"-1\" aria-controls=\"e-n-tab-content-505474222\" style=\"--n-tabs-title-order: 2;\">\n\t\t\t\t\t\t<span class=\"e-n-tab-title-text\">\n\t\t\t\tJuridique\t\t\t<\/span>\n\t\t<\/button>\n\t\t\t\t\t<\/div>\n\t\t\t<div class=\"e-n-tabs-content\">\n\t\t\t\t<div id=\"e-n-tab-content-505474221\" role=\"tabpanel\" aria-labelledby=\"e-n-tab-title-505474221\" data-tab-index=\"1\" style=\"--n-tabs-title-order: 1;\" class=\"e-active elementor-element elementor-element-21d3adc e-con-full e-flex e-con e-child\" data-id=\"21d3adc\" data-element_type=\"container\" data-e-type=\"container\">\n\t\t<div class=\"elementor-element elementor-element-49ba1ff e-flex e-con-boxed e-con e-child\" data-id=\"49ba1ff\" data-element_type=\"container\" data-e-type=\"container\" data-settings=\"{&quot;background_background&quot;:&quot;classic&quot;}\">\n\t\t\t\t\t<div class=\"e-con-inner\">\n\t\t\t\t<div class=\"elementor-element elementor-element-371d520 elementor-widget elementor-widget-text-editor\" data-id=\"371d520\" data-element_type=\"widget\" data-e-type=\"widget\" data-widget_type=\"text-editor.default\">\n\t\t\t\t\t\t\t\t\t<p data-start=\"161\" data-end=\"199\"><strong data-start=\"161\" data-end=\"180\">Date d&rsquo;entr\u00e9e en vigueur :<\/strong> 1-Jan-2025<\/p><p data-start=\"201\" data-end=\"419\">Au  <strong data-start=\"204\" data-end=\"234\">Nakee Thai Massage CO. LTD <\/strong>Votre vie priv\u00e9e est importante pour nous. Cette page explique quelles sont les informations personnelles que nous recueillons et comment nous les utilisons lorsque vous visitez notre site ou que vous nous contactez par l&rsquo;interm\u00e9diaire de <a class=\"\" href=\"https:\/\/www.nakee.spa\/fr\/\" target=\"_new\" rel=\"noopener\" data-start=\"380\" data-end=\"418\">www.nakee.spa.<\/a> <\/p><hr data-start=\"421\" data-end=\"424\"><h2 data-start=\"426\" data-end=\"442\">1. Qui sommes-nous ?<\/h2><p data-start=\"444\" data-end=\"618\">Notre nom commercial est  <strong data-start=\"204\" data-end=\"234\">Nakee Thai Massage CO. LTD <\/strong>. Vous trouverez nos adresses physiques sur cette page :<br data-start=\"553\" data-end=\"556\">\ud83d\udc49 <a class=\"\" href=\"https:\/\/www.nakee.spa\/fr\/branches\/\" target=\"_new\" rel=\"noopener\" data-start=\"559\" data-end=\"618\">All Succursales &amp; Locations<\/a><\/p><hr data-start=\"620\" data-end=\"623\"><h2 data-start=\"625\" data-end=\"658\">2. Quelles sont les informations que nous recueillons ?<\/h2><p data-start=\"660\" data-end=\"711\">Nous recueillons des informations limit\u00e9es pour mieux vous servir :<\/p><ul data-start=\"712\" data-end=\"958\"><li data-start=\"712\" data-end=\"786\"><p data-start=\"714\" data-end=\"786\"><strong data-start=\"714\" data-end=\"744\">Votre nom et votre num\u00e9ro de t\u00e9l\u00e9phone<\/strong> lorsque vous nous contactez via WhatsApp ou Line.<\/p><\/li><li data-start=\"787\" data-end=\"893\"><p data-start=\"789\" data-end=\"893\"><strong data-start=\"789\" data-end=\"806\">Donn\u00e9es de localisation<\/strong> pour vous aider \u00e0 trouver la succursale la plus proche ou \u00e0 calculer le prix des services de massage \u00e0 l&rsquo;ext\u00e9rieur.<\/p><\/li><li data-start=\"894\" data-end=\"958\"><p data-start=\"896\" data-end=\"958\"><strong data-start=\"896\" data-end=\"912\">Historique des discussions<\/strong> avec notre \u00e9quipe (via WhatsApp, Line ou uChat).<\/p><\/li><\/ul><p data-start=\"960\" data-end=\"1128\">Nous <strong data-start=\"963\" data-end=\"1014\">ne collectons ni ne conservons aucune donn\u00e9e relative \u00e0 la sant\u00e9<\/strong>. Nos th\u00e9rapeutes peuvent vous demander si vous avez des probl\u00e8mes de sant\u00e9 avant le traitement, mais cette information n&rsquo;est pas enregistr\u00e9e. <\/p><p data-start=\"1130\" data-end=\"1237\">Nous <strong data-start=\"1133\" data-end=\"1174\">ne recueillons pas les d\u00e9tails du paiement en ligne<\/strong>. Tous les paiements sont effectu\u00e9s en <strong data-start=\"1201\" data-end=\"1236\">esp\u00e8ces ou par virement bancaire tha\u00eflandais uniquement<\/strong>. <\/p><hr data-start=\"1239\" data-end=\"1242\"><h2 data-start=\"1244\" data-end=\"1277\">3. Comment nous utilisons vos informations<\/h2><p data-start=\"1279\" data-end=\"1306\">Nous utilisons vos informations pour :<\/p><ul data-start=\"1307\" data-end=\"1450\"><li data-start=\"1307\" data-end=\"1341\"><p data-start=\"1309\" data-end=\"1341\">R\u00e9server pour vos <strong data-start=\"1321\" data-end=\"1341\">r\u00e9servations<\/strong><\/p><\/li><li data-start=\"1342\" data-end=\"1372\"><p data-start=\"1344\" data-end=\"1372\">Fournir une <strong data-start=\"1352\" data-end=\"1372\">assistance \u00e0 la client\u00e8le<\/strong><\/p><\/li><li data-start=\"1373\" data-end=\"1407\"><p data-start=\"1375\" data-end=\"1407\">Am\u00e9liorer nos services et notre site web<\/p><\/li><li data-start=\"1408\" data-end=\"1450\"><p data-start=\"1410\" data-end=\"1450\">Effectuer des <strong data-start=\"1414\" data-end=\"1450\">analyses et des rapports internes<\/strong><\/p><\/li><\/ul><p data-start=\"1452\" data-end=\"1528\">Actuellement, nous <strong data-start=\"1465\" data-end=\"1499\">n&rsquo;envoyons pas de messages marketing<\/strong> par WhatsApp, e-mail ou SMS.<\/p><hr data-start=\"1530\" data-end=\"1533\"><h2 data-start=\"1535\" data-end=\"1568\">4. Avec qui nous partageons vos donn\u00e9es<\/h2><p data-start=\"1570\" data-end=\"1653\">Nous pouvons partager des donn\u00e9es limit\u00e9es avec les services suivants pour nous aider \u00e0 faire fonctionner notre entreprise :<\/p><ul data-start=\"1654\" data-end=\"1873\"><li data-start=\"1654\" data-end=\"1730\"><p data-start=\"1656\" data-end=\"1730\"><strong data-start=\"1656\" data-end=\"1689\">Google Analytics &amp; Meta Pixel<\/strong> &#8211; pour l&rsquo;analyse du site et la publicit\u00e9.<\/p><\/li><li data-start=\"1731\" data-end=\"1797\"><p data-start=\"1733\" data-end=\"1797\"><strong data-start=\"1733\" data-end=\"1748\">Webotic.One<\/strong> &#8211; pour la comptabilit\u00e9 interne et la gestion des r\u00e9visions.<\/p><\/li><li data-start=\"1798\" data-end=\"1873\"><p data-start=\"1800\" data-end=\"1873\">Notre \u00e9quipe interne et les syst\u00e8mes qui soutiennent les r\u00e9servations et le service \u00e0 la client\u00e8le.<\/p><\/li><\/ul><hr data-start=\"1875\" data-end=\"1878\"><h2 data-start=\"1880\" data-end=\"1897\">5. Vos droits<\/h2><p data-start=\"1899\" data-end=\"1969\">Nous <strong data-start=\"1905\" data-end=\"1939\">ne conservons pas de dossiers<\/strong> ou d&rsquo;archives <strong data-start=\"1905\" data-end=\"1939\">\u00e0 long terme<\/strong> sur les donn\u00e9es personnelles.<\/p><p data-start=\"1971\" data-end=\"1987\">Pour cette raison :<\/p><ul data-start=\"1988\" data-end=\"2121\"><li data-start=\"1988\" data-end=\"2033\"><p data-start=\"1990\" data-end=\"2033\">Vous <strong data-start=\"1994\" data-end=\"2019\">ne pouvez pas demander une copie de<\/strong> vos donn\u00e9es.<\/p><\/li><li data-start=\"2034\" data-end=\"2121\"><p data-start=\"2036\" data-end=\"2121\">Vous <strong data-start=\"2040\" data-end=\"2067\">ne pouvez pas demander la suppression des<\/strong> donn\u00e9es ant\u00e9rieures, car nous ne les conservons que pendant une courte p\u00e9riode.<\/p><\/li><\/ul><p data-start=\"2123\" data-end=\"2201\">Si vous avez des questions ou des pr\u00e9occupations, vous pouvez toujours nous contacter par <strong data-start=\"2188\" data-end=\"2200\">WhatsApp.<\/strong><\/p><hr data-start=\"2203\" data-end=\"2206\"><h2 data-start=\"2208\" data-end=\"2239\">6. Stockage et s\u00e9curit\u00e9 des donn\u00e9es<\/h2><ul data-start=\"2241\" data-end=\"2387\"><li data-start=\"2241\" data-end=\"2292\"><p data-start=\"2243\" data-end=\"2292\">Nous conservons les donn\u00e9es des clients pour une <strong data-start=\"2266\" data-end=\"2286\">dur\u00e9e maximale d&rsquo;une semaine<\/strong>.<\/p><\/li><li data-start=\"2293\" data-end=\"2387\"><p data-start=\"2295\" data-end=\"2387\">Notre site web utilise le <strong data-start=\"2312\" data-end=\"2321\">protocole HTTPS<\/strong> et l&rsquo;acc\u00e8s aux donn\u00e9es des clients est limit\u00e9 au personnel autoris\u00e9.<\/p><\/li><\/ul><hr data-start=\"2389\" data-end=\"2392\"><h2 data-start=\"2394\" data-end=\"2418\">7. Critiques et photos<\/h2><ul data-start=\"2420\" data-end=\"2581\"><li data-start=\"2420\" data-end=\"2523\"><p data-start=\"2422\" data-end=\"2523\">Nous pouvons afficher sur notre site web des <strong data-start=\"2437\" data-end=\"2475\">critiques<\/strong> et des <strong data-start=\"2480\" data-end=\"2507\">photos de nos \u00e9tablissements<\/strong> sur <strong data-start=\"2437\" data-end=\"2475\">Google Maps ou TripAdvisor<\/strong>.<\/p><\/li><li data-start=\"2524\" data-end=\"2581\"><p data-start=\"2526\" data-end=\"2581\">Nous <strong data-start=\"2532\" data-end=\"2564\">ne recueillons pas d&rsquo;avis directement<\/strong> sur ce site web.<\/p><\/li><\/ul><hr data-start=\"2583\" data-end=\"2586\"><p data-start=\"2588\" data-end=\"2672\">Si vous avez des questions concernant cette politique, veuillez nous contacter directement sur WhatsApp.<\/p>\t\t\t\t\t\t\t\t<\/div>\n\t\t\t\t\t<\/div>\n\t\t\t\t<\/div>\n\t\t\t\t<\/div>\n\t\t<div id=\"e-n-tab-content-505474222\" role=\"tabpanel\" aria-labelledby=\"e-n-tab-title-505474222\" data-tab-index=\"2\" style=\"--n-tabs-title-order: 2;\" class=\" elementor-element elementor-element-6f146af e-con-full e-flex e-con e-child\" data-id=\"6f146af\" data-element_type=\"container\" data-e-type=\"container\">\n\t\t<div class=\"elementor-element elementor-element-62499a1 e-flex e-con-boxed e-con e-child\" data-id=\"62499a1\" data-element_type=\"container\" data-e-type=\"container\" data-settings=\"{&quot;background_background&quot;:&quot;classic&quot;}\">\n\t\t\t\t\t<div class=\"e-con-inner\">\n\t\t\t\t<div class=\"elementor-element elementor-element-af488b2 elementor-widget elementor-widget-text-editor\" data-id=\"af488b2\" data-element_type=\"widget\" data-e-type=\"widget\" data-widget_type=\"text-editor.default\">\n\t\t\t\t\t\t\t\t\t<p data-start=\"236\" data-end=\"302\"><strong data-start=\"269\" data-end=\"288\">Date d&rsquo;entr\u00e9e en vigueur :<\/strong> 1-Jan-2025<\/p><p data-start=\"304\" data-end=\"561\">La pr\u00e9sente politique de protection de la vie priv\u00e9e d\u00e9crit comment  <strong data-start=\"204\" data-end=\"234\">Nakee Thai Massage CO. LTD <\/strong>  (\u00ab\u00a0nous\u00a0\u00bb, \u00ab\u00a0notre\u00a0\u00bb ou \u00ab\u00a0nos\u00a0\u00bb) recueille, utilise, stocke et prot\u00e8ge vos informations personnelles lorsque vous interagissez avec nos services par l&rsquo;interm\u00e9diaire de notre site web \u00e0 l&rsquo;adresse <a class=\"\" href=\"https:\/\/www.nakee.spa\/fr\/\" target=\"_new\" rel=\"noopener\" data-start=\"514\" data-end=\"560\">https:\/\/www.nakee.spa.<\/a><\/p><hr data-start=\"563\" data-end=\"566\"><h2 data-start=\"568\" data-end=\"594\">1. Informations sur l&rsquo;entreprise<\/h2><ul data-start=\"596\" data-end=\"747\"><li data-start=\"596\" data-end=\"645\"><p data-start=\"598\" data-end=\"645\">Nom de l&rsquo;entreprise :  <strong data-start=\"204\" data-end=\"234\">Nakee Thai Massage CO. LTD <\/strong><\/p><\/li><li data-start=\"646\" data-end=\"747\"><p data-start=\"648\" data-end=\"747\">Adresses physiques : Disponibles sur le site <a class=\"\" href=\"https:\/\/www.nakee.spa\/fr\/branches\/\" target=\"_new\" rel=\"noopener\" data-start=\"681\" data-end=\"747\">https:\/\/www.nakee.spa\/branches\/<\/a><\/p><\/li><\/ul><hr data-start=\"749\" data-end=\"752\"><h2 data-start=\"754\" data-end=\"775\">2. Donn\u00e9es collect\u00e9es<\/h2><p data-start=\"777\" data-end=\"828\">Nous recueillons des informations personnelles limit\u00e9es comme suit :<\/p><h3 data-start=\"830\" data-end=\"851\">2.1 Donn\u00e9es personnelles<\/h3><ul data-start=\"852\" data-end=\"1038\"><li data-start=\"852\" data-end=\"919\"><p data-start=\"854\" data-end=\"919\"><strong data-start=\"854\" data-end=\"879\">Nom et num\u00e9ro de t\u00e9l\u00e9phone<\/strong> en cas de communication via WhatsApp ou Line<\/p><\/li><li data-start=\"920\" data-end=\"1038\"><p data-start=\"922\" data-end=\"1038\"><strong data-start=\"922\" data-end=\"939\">Localisation de l&rsquo;utilisateur<\/strong>, utilis\u00e9e pour identifier la succursale la plus proche et calculer les frais de d\u00e9placement pour les services de massage \u00e0 l&rsquo;ext\u00e9rieur.<\/p><\/li><\/ul><h3 data-start=\"1040\" data-end=\"1066\">2.2 Informations sur la sant\u00e9<\/h3><ul data-start=\"1067\" data-end=\"1254\"><li data-start=\"1067\" data-end=\"1254\"><p data-start=\"1069\" data-end=\"1254\">Nous <strong data-start=\"1075\" data-end=\"1100\">ne recueillons ni n&rsquo;enregistrons<\/strong> aucune information relative \u00e0 la sant\u00e9. Les th\u00e9rapeutes peuvent interroger verbalement les clients sur des questions de sant\u00e9 pertinentes avant le traitement, uniquement \u00e0 des fins de s\u00e9curit\u00e9 et de qualit\u00e9. <\/p><\/li><\/ul><h3 data-start=\"1256\" data-end=\"1283\">2.3 Informations sur les paiements<\/h3><ul data-start=\"1284\" data-end=\"1382\"><li data-start=\"1284\" data-end=\"1382\"><p data-start=\"1286\" data-end=\"1382\">Nous ne traitons pas les paiements en ligne. Les paiements sont effectu\u00e9s en <strong data-start=\"1342\" data-end=\"1376\">esp\u00e8ces ou par virement bancaire tha\u00eflandais<\/strong> uniquement. <\/p><\/li><\/ul><h3 data-start=\"1384\" data-end=\"1406\">2.4 Donn\u00e9es techniques<\/h3><ul data-start=\"1407\" data-end=\"1516\"><li data-start=\"1407\" data-end=\"1516\"><p data-start=\"1409\" data-end=\"1516\">L&rsquo;adresse IP et les informations relatives \u00e0 l&rsquo;appareil\/au navigateur peuvent \u00eatre collect\u00e9es par <strong data-start=\"1476\" data-end=\"1496\">Google Analytics<\/strong> et <strong data-start=\"1501\" data-end=\"1515\">Meta Pixel<\/strong>.<\/p><\/li><\/ul><hr data-start=\"1518\" data-end=\"1521\"><h2 data-start=\"1523\" data-end=\"1555\">3. Finalit\u00e9 du traitement des donn\u00e9es<\/h2><p data-start=\"1557\" data-end=\"1605\">Nous traitons vos donn\u00e9es aux fins suivantes :<\/p><ul data-start=\"1606\" data-end=\"1809\"><li data-start=\"1606\" data-end=\"1651\"><p data-start=\"1608\" data-end=\"1651\">Prise de rendez-vous et service \u00e0 la client\u00e8le<\/p><\/li><li data-start=\"1652\" data-end=\"1697\"><p data-start=\"1654\" data-end=\"1697\">Analyse interne et am\u00e9lioration de l&rsquo;activit\u00e9<\/p><\/li><li data-start=\"1698\" data-end=\"1809\"><p data-start=\"1700\" data-end=\"1809\">Marketing et suivi des performances (uniquement via des plateformes d&rsquo;analyse ; aucun marketing direct n&rsquo;est actuellement pratiqu\u00e9)<\/p><\/li><\/ul><p data-start=\"1811\" data-end=\"1911\">Nous <strong data-start=\"1817\" data-end=\"1824\">n&rsquo;<\/strong> envoyons <strong data-start=\"1817\" data-end=\"1824\">pas<\/strong> de contenu promotionnel non sollicit\u00e9 via WhatsApp, e-mail ou d&rsquo;autres services de messagerie.<\/p><hr data-start=\"1913\" data-end=\"1916\"><h2 data-start=\"1918\" data-end=\"1936\">4. Partage des donn\u00e9es<\/h2><p data-start=\"1938\" data-end=\"1967\">Vos donn\u00e9es peuvent \u00eatre partag\u00e9es avec :<\/p><ul data-start=\"1968\" data-end=\"2203\"><li data-start=\"1968\" data-end=\"2036\"><p data-start=\"1970\" data-end=\"2036\"><strong data-start=\"1970\" data-end=\"1990\">Google Analytics<\/strong> et <strong data-start=\"1995\" data-end=\"2009\">Meta Pixel<\/strong> (pour l&rsquo;analyse de l&rsquo;utilisation du site)<\/p><\/li><li data-start=\"2037\" data-end=\"2123\"><p data-start=\"2039\" data-end=\"2123\"><strong data-start=\"2039\" data-end=\"2054\">Webotic.One<\/strong>, notre fournisseur de solutions internes pour la comptabilit\u00e9 et la gestion des r\u00e9visions<\/p><\/li><li data-start=\"2124\" data-end=\"2203\"><p data-start=\"2126\" data-end=\"2203\">Syst\u00e8mes internes et personnel autoris\u00e9 pour le service \u00e0 la client\u00e8le et la programmation<\/p><\/li><\/ul><p data-start=\"2205\" data-end=\"2296\">Nous <strong data-start=\"2211\" data-end=\"2239\">ne vendons pas, ne louons pas et ne partageons pas les<\/strong> donn\u00e9es personnelles avec des tiers \u00e0 des fins non li\u00e9es.<\/p><hr data-start=\"2298\" data-end=\"2301\"><h2 data-start=\"2303\" data-end=\"2323\">5. Conservation des donn\u00e9es<\/h2><p data-start=\"2325\" data-end=\"2459\">Nous conservons les donn\u00e9es personnelles <strong data-start=\"2349\" data-end=\"2376\">pendant une semaine au maximum<\/strong> \u00e0 compter de la date de leur collecte. Ensuite, les donn\u00e9es sont soit supprim\u00e9es, soit rendues anonymes. <\/p><hr data-start=\"2461\" data-end=\"2464\"><h2 data-start=\"2466\" data-end=\"2483\">6. Droits de l&rsquo;utilisateur<\/h2><p data-start=\"2485\" data-end=\"2585\">En raison de notre politique de conservation \u00e0 court terme, nous <strong data-start=\"2531\" data-end=\"2556\">ne conservons pas d&rsquo;archives<\/strong> de donn\u00e9es \u00e0 caract\u00e8re personnel. C&rsquo;est pourquoi : <\/p><ul data-start=\"2586\" data-end=\"2749\"><li data-start=\"2586\" data-end=\"2659\"><p data-start=\"2588\" data-end=\"2659\">Nous <strong data-start=\"2595\" data-end=\"2623\">ne sommes pas en mesure de fournir des copies de<\/strong> vos donn\u00e9es personnelles sur demande.<\/p><\/li><li data-start=\"2660\" data-end=\"2749\"><p data-start=\"2662\" data-end=\"2749\">Nous <strong data-start=\"2669\" data-end=\"2708\">ne pouvons pas traiter les demandes de suppression<\/strong> au-del\u00e0 de notre fen\u00eatre de conservation des donn\u00e9es d&rsquo;une semaine.<\/p><\/li><\/ul><p data-start=\"2751\" data-end=\"2856\">Pour toute question, vous pouvez nous contacter par WhatsApp en utilisant les coordonn\u00e9es fournies sur notre site web.<\/p><hr data-start=\"2858\" data-end=\"2861\"><h2 data-start=\"2863\" data-end=\"2877\">7. S\u00e9curit\u00e9<\/h2><p data-start=\"2879\" data-end=\"2940\">Nous prenons des mesures appropri\u00e9es pour prot\u00e9ger vos donn\u00e9es, notamment :<\/p><ul data-start=\"2941\" data-end=\"3093\"><li data-start=\"2941\" data-end=\"2970\"><p data-start=\"2943\" data-end=\"2970\">Utilisation du <strong data-start=\"2950\" data-end=\"2970\">cryptage HTTPS<\/strong><\/p><\/li><li data-start=\"2971\" data-end=\"3036\"><p data-start=\"2973\" data-end=\"3036\">Acc\u00e8s limit\u00e9 aux donn\u00e9es personnelles par le personnel autoris\u00e9 uniquement<\/p><\/li><li data-start=\"3037\" data-end=\"3093\"><p data-start=\"3039\" data-end=\"3093\">Contr\u00f4les administratifs visant \u00e0 emp\u00eacher tout acc\u00e8s non autoris\u00e9<\/p><\/li><\/ul><hr data-start=\"3095\" data-end=\"3098\"><h2 data-start=\"3100\" data-end=\"3126\">8. Cookies et tra\u00e7age<\/h2><p data-start=\"3128\" data-end=\"3185\">Notre site web peut utiliser des cookies et des technologies similaires pour :<\/p><ul data-start=\"3186\" data-end=\"3243\"><li data-start=\"3186\" data-end=\"3206\"><p data-start=\"3188\" data-end=\"3206\">Gestion des sessions<\/p><\/li><li data-start=\"3207\" data-end=\"3243\"><p data-start=\"3209\" data-end=\"3243\">Analyse et suivi des performances<\/p><\/li><\/ul><p data-start=\"3245\" data-end=\"3299\">Vous pouvez contr\u00f4ler les cookies par le biais des param\u00e8tres de votre navigateur.<\/p><hr data-start=\"3301\" data-end=\"3304\"><h2 data-start=\"3306\" data-end=\"3331\">9. Contenu de tiers<\/h2><p data-start=\"3333\" data-end=\"3519\">Notre site web peut contenir des contenus int\u00e9gr\u00e9s (par exemple, des vid\u00e9os YouTube, Google Maps) qui peuvent collecter des donn\u00e9es de mani\u00e8re ind\u00e9pendante. Ces contenus sont r\u00e9gis par les politiques de confidentialit\u00e9 des plateformes respectives. <\/p><hr data-start=\"3521\" data-end=\"3524\"><h2 data-start=\"3526\" data-end=\"3557\">10. Critiques et contenu des utilisateurs<\/h2><p data-start=\"3559\" data-end=\"3712\">Nous pouvons afficher des avis de clients et des photos provenant de <strong data-start=\"3615\" data-end=\"3630\">Google Maps<\/strong> et de <strong data-start=\"3635\" data-end=\"3650\">TripAdvisor<\/strong>. Nous ne recueillons pas d&rsquo;avis ou de photos directement sur le site web. <\/p><hr data-start=\"3714\" data-end=\"3717\"><h2 data-start=\"3719\" data-end=\"3733\">11. Contact<\/h2><p data-start=\"3735\" data-end=\"3905\">Si vous avez des questions concernant la pr\u00e9sente politique de confidentialit\u00e9, veuillez nous contacter par l&rsquo;interm\u00e9diaire de notre <strong data-start=\"3823\" data-end=\"3843\">canal WhatsApp<\/strong> officiel, disponible \u00e0 l&rsquo;adresse <a class=\"\" href=\"https:\/\/www.nakee.spa\/fr\/\" target=\"_new\" rel=\"noopener\" data-start=\"3858\" data-end=\"3904\">https:\/\/www.nakee.spa<\/a>.<\/p>\t\t\t\t\t\t\t\t<\/div>\n\t\t\t\t\t<\/div>\n\t\t\t\t<\/div>\n\t\t\t\t<\/div>\n\t\t\t\t\t<\/div>\n\t\t<\/div>\n\t\t\t\t\t\t<\/div>\n\t\t\t\t\t<\/div>\n\t\t\t\t<\/div>\n\t\t\t\t<\/div>\n\t\t","protected":false},"excerpt":{"rendered":"<p>Simplifi\u00e9 Juridique Date d&#8217;entr\u00e9e en vigueur : 1-Jan-2025 Au Nakee Thai Massage CO. LTD Votre vie priv\u00e9e est importante pour nous. Cette page explique quelles sont les informations personnelles que nous recueillons et comment nous les utilisons lorsque vous visitez notre site ou que vous nous contactez par l&#8217;interm\u00e9diaire de www.nakee.spa. 1. Qui sommes-nous ? [&hellip;]<\/p>\n","protected":false},"author":1,"featured_media":0,"parent":0,"menu_order":0,"comment_status":"closed","ping_status":"closed","template":"","meta":{"_acf_changed":false,"footnotes":""},"class_list":["post-10558","page","type-page","status-publish","hentry"],"acf":[],"_links":{"self":[{"href":"https:\/\/www.nakee.spa\/fr\/wp-json\/wp\/v2\/pages\/10558","targetHints":{"allow":["GET"]}}],"collection":[{"href":"https:\/\/www.nakee.spa\/fr\/wp-json\/wp\/v2\/pages"}],"about":[{"href":"https:\/\/www.nakee.spa\/fr\/wp-json\/wp\/v2\/types\/page"}],"author":[{"embeddable":true,"href":"https:\/\/www.nakee.spa\/fr\/wp-json\/wp\/v2\/users\/1"}],"replies":[{"embeddable":true,"href":"https:\/\/www.nakee.spa\/fr\/wp-json\/wp\/v2\/comments?post=10558"}],"version-history":[{"count":3,"href":"https:\/\/www.nakee.spa\/fr\/wp-json\/wp\/v2\/pages\/10558\/revisions"}],"predecessor-version":[{"id":11313,"href":"https:\/\/www.nakee.spa\/fr\/wp-json\/wp\/v2\/pages\/10558\/revisions\/11313"}],"wp:attachment":[{"href":"https:\/\/www.nakee.spa\/fr\/wp-json\/wp\/v2\/media?parent=10558"}],"curies":[{"name":"wp","href":"https:\/\/api.w.org\/{rel}","templated":true}]}}