{"id":10606,"date":"2025-06-04T01:16:08","date_gmt":"2025-06-03T18:16:08","guid":{"rendered":"https:\/\/www.nakee.spa\/politique-de-remboursement-et-de-retour\/"},"modified":"2025-06-08T15:13:13","modified_gmt":"2025-06-08T08:13:13","slug":"politique-de-remboursement-et-de-retour","status":"publish","type":"page","link":"https:\/\/www.nakee.spa\/fr\/politique-de-remboursement-et-de-retour\/","title":{"rendered":"Politique de remboursement et de retour"},"content":{"rendered":"<noscript><iframe src=\"https:\/\/www.googletagmanager.com\/ns.html?id=GTM-WM2WH3P6\" height=\"0\" width=\"0\" style=\"display:none;visibility:hidden\"><\/iframe><\/noscript>\t\t<div data-elementor-type=\"wp-page\" data-elementor-id=\"10606\" class=\"elementor elementor-10606 elementor-513\" data-elementor-post-type=\"page\">\n\t\t\t\t<div class=\"elementor-element elementor-element-77d6257a policy-tabs e-flex e-con-boxed e-con e-parent\" data-id=\"77d6257a\" data-element_type=\"container\" data-e-type=\"container\">\n\t\t\t\t\t<div class=\"e-con-inner\">\n\t\t\t\t<div class=\"elementor-element elementor-element-59fff250 elementor-widget elementor-widget-text-editor\" data-id=\"59fff250\" data-element_type=\"widget\" data-e-type=\"widget\" data-widget_type=\"text-editor.default\">\n\t\t\t\t\t\t\t\t\t<p>Date d&rsquo;entr\u00e9e en vigueur : 1-Jan-2025<\/p>\n<p>Chez Nakee Thai Massage and Spa, nous sommes sp\u00e9cialis\u00e9s dans les services de bien-\u00eatre en personne, notamment les massages tha\u00eflandais, les massages \u00e0 l&rsquo;huile, les massages des pieds et les traitements connexes.<\/p>\n<hr><h2>1. Politique de non-remboursement ou de retour<\/h2>\n<p>Nous n&rsquo;offrons pas de remboursement ou de retour pour aucun de nos services. Tous les services sont fournis directement en personne dans nos Succursales ou par le biais de visites de massage ext\u00e9rieures programm\u00e9es \u00e0 l&rsquo;avance. \u00c9tant donn\u00e9 que nous ne vendons ni ne livrons de biens physiques, aucun article ne peut \u00eatre retourn\u00e9.  <\/p>\n<hr><h2>2. Pr\u00e9occupations en mati\u00e8re de services<\/h2>\n<p>Si vous rencontrez un probl\u00e8me pendant ou apr\u00e8s une s\u00e9ance, nous vous encourageons \u00e0 parler \u00e0 notre personnel ou \u00e0 nous contacter directement. Nous nous engageons \u00e0 maintenir des normes de service \u00e9lev\u00e9es et nous examinerons les probl\u00e8mes au cas par cas. <\/p>\n<hr><h2>3. Informations sur les contacts<\/h2>\n<p>Pour toute question relative \u00e0 notre politique de remboursement et de retour, veuillez nous contacter par WhatsApp au num\u00e9ro indiqu\u00e9 sur notre site web : https:\/\/www.nakee.spa.<\/p>\n<p><\/p>\t\t\t\t\t\t\t\t<\/div>\n\t\t\t\t\t<\/div>\n\t\t\t\t<\/div>\n\t\t\t\t<\/div>\n\t\t","protected":false},"excerpt":{"rendered":"<p>Date d&rsquo;entr\u00e9e en vigueur : 1-Jan-2025 Chez Nakee Thai Massage and Spa, nous sommes sp\u00e9cialis\u00e9s dans les services de bien-\u00eatre en personne, notamment les massages tha\u00eflandais, les massages \u00e0 l&rsquo;huile, les massages des pieds et les traitements connexes. 1. Politique de non-remboursement ou de retour Nous n&rsquo;offrons pas de remboursement ou de retour pour aucun [&hellip;]<\/p>\n","protected":false},"author":1,"featured_media":0,"parent":0,"menu_order":0,"comment_status":"closed","ping_status":"closed","template":"","meta":{"_acf_changed":false,"footnotes":""},"class_list":["post-10606","page","type-page","status-publish","hentry"],"acf":[],"_links":{"self":[{"href":"https:\/\/www.nakee.spa\/fr\/wp-json\/wp\/v2\/pages\/10606","targetHints":{"allow":["GET"]}}],"collection":[{"href":"https:\/\/www.nakee.spa\/fr\/wp-json\/wp\/v2\/pages"}],"about":[{"href":"https:\/\/www.nakee.spa\/fr\/wp-json\/wp\/v2\/types\/page"}],"author":[{"embeddable":true,"href":"https:\/\/www.nakee.spa\/fr\/wp-json\/wp\/v2\/users\/1"}],"replies":[{"embeddable":true,"href":"https:\/\/www.nakee.spa\/fr\/wp-json\/wp\/v2\/comments?post=10606"}],"version-history":[{"count":1,"href":"https:\/\/www.nakee.spa\/fr\/wp-json\/wp\/v2\/pages\/10606\/revisions"}],"predecessor-version":[{"id":10609,"href":"https:\/\/www.nakee.spa\/fr\/wp-json\/wp\/v2\/pages\/10606\/revisions\/10609"}],"wp:attachment":[{"href":"https:\/\/www.nakee.spa\/fr\/wp-json\/wp\/v2\/media?parent=10606"}],"curies":[{"name":"wp","href":"https:\/\/api.w.org\/{rel}","templated":true}]}}