{"id":8800,"date":"2025-01-27T02:54:31","date_gmt":"2025-01-26T19:54:31","guid":{"rendered":"https:\/\/www.nakee.spa\/branches\/"},"modified":"2025-02-09T20:45:22","modified_gmt":"2025-02-09T13:45:22","slug":"branches","status":"publish","type":"page","link":"https:\/\/www.nakee.spa\/fr\/branches\/","title":{"rendered":"Succursales"},"content":{"rendered":"<noscript><iframe src=\"https:\/\/www.googletagmanager.com\/ns.html?id=GTM-WM2WH3P6\" height=\"0\" width=\"0\" style=\"display:none;visibility:hidden\"><\/iframe><\/noscript>\t\t<div data-elementor-type=\"wp-page\" data-elementor-id=\"8800\" class=\"elementor elementor-8800 elementor-8761\" data-elementor-post-type=\"page\">\n\t\t\t\t<div class=\"elementor-element elementor-element-63e4d2c6 e-flex e-con-boxed e-con e-parent\" data-id=\"63e4d2c6\" data-element_type=\"container\" data-e-type=\"container\" data-settings=\"{&quot;background_background&quot;:&quot;classic&quot;}\">\n\t\t\t\t\t<div class=\"e-con-inner\">\n\t\t\t\t<div class=\"elementor-element elementor-element-3f9864e4 elementor-widget elementor-widget-woocommerce-breadcrumb\" data-id=\"3f9864e4\" data-element_type=\"widget\" data-e-type=\"widget\" data-widget_type=\"woocommerce-breadcrumb.default\">\n\t\t\t\t\t<nav class=\"woocommerce-breadcrumb\" aria-label=\"Breadcrumb\">Accueil<\/nav>\t\t\t\t<\/div>\n\t\t\t\t\t<\/div>\n\t\t\t\t<\/div>\n\t\t<div class=\"elementor-element elementor-element-a640724 e-flex e-con-boxed e-con e-parent\" data-id=\"a640724\" data-element_type=\"container\" data-e-type=\"container\" data-settings=\"{&quot;background_background&quot;:&quot;classic&quot;}\">\n\t\t\t\t\t<div class=\"e-con-inner\">\n\t\t\t\t<div class=\"elementor-element elementor-element-642b05d f-nas elementor-widget elementor-widget-text-editor\" data-id=\"642b05d\" data-element_type=\"widget\" data-e-type=\"widget\" data-widget_type=\"text-editor.default\">\n\t\t\t\t\t\t\t\t\t<p>Un traitement unique en son genre<\/p>\n\t\t\t\t\t\t\t\t<\/div>\n\t\t\t\t<div class=\"elementor-element elementor-element-566b7ae elementor-widget elementor-widget-heading\" data-id=\"566b7ae\" data-element_type=\"widget\" data-e-type=\"widget\" data-widget_type=\"heading.default\">\n\t\t\t\t\t<h5 class=\"elementor-heading-title elementor-size-default\">Liste de nos Succursales<\/h5>\t\t\t\t<\/div>\n\t\t\t\t<div class=\"elementor-element elementor-element-23bbc0cf elementor-widget elementor-widget-heading\" data-id=\"23bbc0cf\" data-element_type=\"widget\" data-e-type=\"widget\" data-widget_type=\"heading.default\">\n\t\t\t\t\t<h2 class=\"elementor-heading-title elementor-size-default\">Choisissez la Succursale la plus proche de chez vous<\/h2>\t\t\t\t<\/div>\n\t\t\t\t\t<\/div>\n\t\t\t\t<\/div>\n\t\t<div class=\"elementor-element elementor-element-3575113d e-con-full e-flex e-con e-parent\" data-id=\"3575113d\" data-element_type=\"container\" data-e-type=\"container\" data-settings=\"{&quot;background_background&quot;:&quot;classic&quot;,&quot;shape_divider_top&quot;:&quot;tilt&quot;}\">\n\t\t\t\t<div class=\"elementor-shape elementor-shape-top\" aria-hidden=\"true\" data-negative=\"false\">\n\t\t\t<svg xmlns=\"http:\/\/www.w3.org\/2000\/svg\" viewBox=\"0 0 1000 100\" preserveAspectRatio=\"none\">\n\t<path class=\"elementor-shape-fill\" d=\"M0,6V0h1000v100L0,6z\"\/>\n<\/svg>\t\t<\/div>\n\t\t<div class=\"elementor-element elementor-element-baf4161 e-flex e-con-boxed e-con e-child\" data-id=\"baf4161\" data-element_type=\"container\" data-e-type=\"container\">\n\t\t\t\t\t<div class=\"e-con-inner\">\n\t\t\t\t<div class=\"elementor-element elementor-element-ea5cfee elementor-widget elementor-widget-shortcode\" data-id=\"ea5cfee\" data-element_type=\"widget\" data-e-type=\"widget\" data-widget_type=\"shortcode.default\">\n\t\t\t\t\t\t\t<div class=\"elementor-shortcode\"><div id=\"map\"><\/div><div class=\"map-alerts\"><div class=\"alert permit-location\"><div class=\"alert-inner\"><div class=\"center update-btn\"><button onclick=\"updateMapDistances()\">\ud83d\udccd Cliquez pour mettre \u00e0 jour les distances \u00e0 partir de votre position<\/button><\/div><div class=\"center loading\"><div class=\"loader\"><\/div><\/div><\/div><\/div><div class=\"alert permission-required center\" style=\"display:none;\"><div><b>ERREUR<\/b><\/div><div>Acc\u00e8s au site refus\u00e9<\/div><div>Veuillez <b>activer les<\/b> autorisations de localisation dans votre navigateur pour nous aider \u00e0 vous proposer les agences les plus proches de chez vous.<\/div><\/div><div class=\"alert no-support\" style=\"display:none\"><center><b>ERREUR<\/b><\/center>Malheureusement, il semble que votre navigateur ne prenne pas en charge la fonction de localisation. Nous ne sommes pas en mesure de calculer et d'afficher la succursale la plus proche. N'h\u00e9sitez pas \u00e0 utiliser la carte ci-dessus pour trouver manuellement l'agence la plus proche, ou essayez d'utiliser un navigateur moderne comme Chrome.  <\/div><p class=\"order-message\">Class\u00e9s par succursale la plus proche de votre lieu de r\u00e9sidence<\/p><\/div><div class=\"branch-list flip-container branches\"><div class=\"branch flipper branch-911\" data-lat=\"9.4714865\" data-lng=\"100.0545024\"><div class=\"branch_inner animated front\"><div class=\"image cursor-pointer\" style=\"border-right-width: 1px;\"><img fetchpriority=\"high\" decoding=\"async\" width=\"300\" height=\"300\" src=\"https:\/\/www.nakee.spa\/wp-content\/uploads\/2025\/08\/Nakee-Thai-Massage-Lamai-Branch-Foot-Massage-e1753996270806-300x300.webp\" class=\"attachment-medium size-medium\" alt=\"Nakee Thai Massage - Lamai Branch - Foot Massage\" srcset=\"https:\/\/www.nakee.spa\/wp-content\/uploads\/2025\/08\/Nakee-Thai-Massage-Lamai-Branch-Foot-Massage-e1753996270806-300x300.webp 300w, https:\/\/www.nakee.spa\/wp-content\/uploads\/2025\/08\/Nakee-Thai-Massage-Lamai-Branch-Foot-Massage-e1753996270806-100x100.webp 100w, https:\/\/www.nakee.spa\/wp-content\/uploads\/2025\/08\/Nakee-Thai-Massage-Lamai-Branch-Foot-Massage-e1753996270806-600x600.webp 600w, https:\/\/www.nakee.spa\/wp-content\/uploads\/2025\/08\/Nakee-Thai-Massage-Lamai-Branch-Foot-Massage-e1753996270806-1024x1024.webp 1024w, https:\/\/www.nakee.spa\/wp-content\/uploads\/2025\/08\/Nakee-Thai-Massage-Lamai-Branch-Foot-Massage-e1753996270806-150x150.webp 150w, https:\/\/www.nakee.spa\/wp-content\/uploads\/2025\/08\/Nakee-Thai-Massage-Lamai-Branch-Foot-Massage-e1753996270806-768x768.webp 768w, https:\/\/www.nakee.spa\/wp-content\/uploads\/2025\/08\/Nakee-Thai-Massage-Lamai-Branch-Foot-Massage-e1753996270806.webp 1200w\" sizes=\"(max-width: 300px) 100vw, 300px\" \/><\/div><div class=\"info\"><p class=\"city\">Ko Samui, Tha\u00eflande<\/p><h2 class=\"name\"><a class=\"target-page\" href=\"https:\/\/www.nakee.spa\/fr\/branch\/lamai-beach\/\">Lamai Beach<\/a><\/h2><p class=\"landmark\">Near Samui Harmony Resort<\/p><div class=\"distance\"><div class=\"nav-actions\"><span class=\"centerBranch\" onclick=\"centerBranch(911)\"><\/span> <a class=\"navigateBranch\" target=\"_blank\" rel=\"noopener noreferrer\" href=\"https:\/\/www.google.com\/maps\/dir\/\/9.4714865,100.0545024\/@9.4714865,100.0545024,16.04z\"><\/a><\/div><span class=\"help\" title=\"Distance approximative\">Distance: ~<\/span> <span class=\"value\">-<\/span><\/div><\/div><div class=\"actions elementor-button-wrapper\"><button onclick=\"goTobranch(this)\" class=\"target-page elementor-button elementor-button-link elementor-size-sm\">Succursales<\/button><\/div><\/div><div class=\"back\"><div class=\"in\">Remise en ordre par distance<div class=\"loader\"><\/div><\/div><\/div><\/div><div class=\"branch flipper branch-728\" data-lat=\"9.5707806\" data-lng=\"100.0808962\"><div class=\"branch_inner animated front\"><div class=\"image cursor-pointer\" style=\"border-right-width: 1px;\"><img decoding=\"async\" width=\"300\" height=\"300\" src=\"https:\/\/www.nakee.spa\/wp-content\/uploads\/2025\/01\/Nakee-Thai-Massage-7-Spa-Choengmon-Beach-300x300.webp\" class=\"attachment-medium size-medium\" alt=\"Choengmon Beach Branch\" srcset=\"https:\/\/www.nakee.spa\/wp-content\/uploads\/2025\/01\/Nakee-Thai-Massage-7-Spa-Choengmon-Beach-300x300.webp 300w, https:\/\/www.nakee.spa\/wp-content\/uploads\/2025\/01\/Nakee-Thai-Massage-7-Spa-Choengmon-Beach-100x100.webp 100w, https:\/\/www.nakee.spa\/wp-content\/uploads\/2025\/01\/Nakee-Thai-Massage-7-Spa-Choengmon-Beach-600x600.webp 600w, https:\/\/www.nakee.spa\/wp-content\/uploads\/2025\/01\/Nakee-Thai-Massage-7-Spa-Choengmon-Beach-150x150.webp 150w, https:\/\/www.nakee.spa\/wp-content\/uploads\/2025\/01\/Nakee-Thai-Massage-7-Spa-Choengmon-Beach-768x768.webp 768w, https:\/\/www.nakee.spa\/wp-content\/uploads\/2025\/01\/Nakee-Thai-Massage-7-Spa-Choengmon-Beach.webp 1024w\" sizes=\"(max-width: 300px) 100vw, 300px\" \/><\/div><div class=\"info\"><p class=\"city\">Ko Samui, Tha\u00eflande<\/p><h2 class=\"name\"><a class=\"target-page\" href=\"https:\/\/www.nakee.spa\/fr\/branch\/choengmon-beach\/\">Plage de Choengmon<\/a><\/h2><p class=\"landmark\">\u00c0 c\u00f4t\u00e9 de l'Amazon Cafe<\/p><div class=\"distance\"><div class=\"nav-actions\"><span class=\"centerBranch\" onclick=\"centerBranch(728)\"><\/span> <a class=\"navigateBranch\" target=\"_blank\" rel=\"noopener noreferrer\" href=\"https:\/\/www.google.com\/maps\/dir\/\/9.5707806,100.0808962\/@9.5707806,100.0808962,16.04z\"><\/a><\/div><span class=\"help\" title=\"Distance approximative\">Distance: ~<\/span> <span class=\"value\">-<\/span><\/div><\/div><div class=\"actions elementor-button-wrapper\"><button onclick=\"goTobranch(this)\" class=\"target-page elementor-button elementor-button-link elementor-size-sm\">Succursales<\/button><\/div><\/div><div class=\"back\"><div class=\"in\">Remise en ordre par distance<div class=\"loader\"><\/div><\/div><\/div><\/div><div class=\"branch flipper branch-729\" data-lat=\"9.561369\" data-lng=\"100.021842\"><div class=\"branch_inner animated front\"><div class=\"image cursor-pointer\" style=\"border-right-width: 1px;\"><img decoding=\"async\" width=\"300\" height=\"300\" src=\"https:\/\/www.nakee.spa\/wp-content\/uploads\/2025\/02\/bo-phut-beach-branch-1-300x300.webp\" class=\"attachment-medium size-medium\" alt=\"Bo Phut Beach Branch\" srcset=\"https:\/\/www.nakee.spa\/wp-content\/uploads\/2025\/02\/bo-phut-beach-branch-1-300x300.webp 300w, https:\/\/www.nakee.spa\/wp-content\/uploads\/2025\/02\/bo-phut-beach-branch-1-100x100.webp 100w, https:\/\/www.nakee.spa\/wp-content\/uploads\/2025\/02\/bo-phut-beach-branch-1-600x600.webp 600w, https:\/\/www.nakee.spa\/wp-content\/uploads\/2025\/02\/bo-phut-beach-branch-1-150x150.webp 150w, https:\/\/www.nakee.spa\/wp-content\/uploads\/2025\/02\/bo-phut-beach-branch-1-768x768.webp 768w, https:\/\/www.nakee.spa\/wp-content\/uploads\/2025\/02\/bo-phut-beach-branch-1.webp 800w\" sizes=\"(max-width: 300px) 100vw, 300px\" \/><\/div><div class=\"info\"><p class=\"city\">Ko Samui, Tha\u00eflande<\/p><h2 class=\"name\"><a class=\"target-page\" href=\"https:\/\/www.nakee.spa\/fr\/branch\/bo-phut-beach\/\">Plage de Bo Phut<\/a><\/h2><p class=\"landmark\">A c\u00f4t\u00e9 de Agarden Resort<\/p><div class=\"distance\"><div class=\"nav-actions\"><span class=\"centerBranch\" onclick=\"centerBranch(729)\"><\/span> <a class=\"navigateBranch\" target=\"_blank\" rel=\"noopener noreferrer\" href=\"https:\/\/www.google.com\/maps\/dir\/\/9.561369,100.021842\/@9.561369,100.021842,16.04z\"><\/a><\/div><span class=\"help\" title=\"Distance approximative\">Distance: ~<\/span> <span class=\"value\">-<\/span><\/div><\/div><div class=\"actions elementor-button-wrapper\"><button onclick=\"goTobranch(this)\" class=\"target-page elementor-button elementor-button-link elementor-size-sm\">Succursales<\/button><\/div><\/div><div class=\"back\"><div class=\"in\">Remise en ordre par distance<div class=\"loader\"><\/div><\/div><\/div><\/div><\/div><div class=\"branch-list flip-container branches\"><\/div><script>const google_map_key = \"AIzaSyDME14DZNAzbgAFzu3_9ixh96SfqOrXR14\";let map,myLocation=null, bounds, infoWindow, nakeeMarkers = {911:{ id: \"911\", name: \"Lamai Beach\",status: \"active\", title: \"Lamai Beach\", position: { lat: 9.4714865, lng: 100.0545024 } },728:{ id: \"728\", name: \"Plage de Choengmon\",status: \"active\", title: \"Choengmon Beach\", position: { lat: 9.5707806, lng: 100.0808962 } },729:{ id: \"729\", name: \"Plage de Bo Phut\",status: \"active\", title: \"Bo Phut Beach\", position: { lat: 9.561369, lng: 100.021842 } },};const bls = {branch: \"Branche\", km: \"KM\", arUhere: \"Vous \u00eates ici\", vistedBr: \"Votre derni\u00e8re R\u00e9servation\"};<\/script><\/div>\n\t\t\t\t\t\t<\/div>\n\t\t\t\t\t<\/div>\n\t\t\t\t<\/div>\n\t\t\t\t<\/div>\n\t\t\t\t<\/div>\n\t\t","protected":false},"excerpt":{"rendered":"<p>Un traitement unique en son genre Liste de nos Succursales Choisissez la Succursale la plus proche de chez vous<\/p>\n","protected":false},"author":1,"featured_media":0,"parent":0,"menu_order":0,"comment_status":"closed","ping_status":"closed","template":"","meta":{"_acf_changed":false,"footnotes":""},"class_list":["post-8800","page","type-page","status-publish","hentry"],"acf":[],"_links":{"self":[{"href":"https:\/\/www.nakee.spa\/fr\/wp-json\/wp\/v2\/pages\/8800","targetHints":{"allow":["GET"]}}],"collection":[{"href":"https:\/\/www.nakee.spa\/fr\/wp-json\/wp\/v2\/pages"}],"about":[{"href":"https:\/\/www.nakee.spa\/fr\/wp-json\/wp\/v2\/types\/page"}],"author":[{"embeddable":true,"href":"https:\/\/www.nakee.spa\/fr\/wp-json\/wp\/v2\/users\/1"}],"replies":[{"embeddable":true,"href":"https:\/\/www.nakee.spa\/fr\/wp-json\/wp\/v2\/comments?post=8800"}],"version-history":[{"count":6,"href":"https:\/\/www.nakee.spa\/fr\/wp-json\/wp\/v2\/pages\/8800\/revisions"}],"predecessor-version":[{"id":9482,"href":"https:\/\/www.nakee.spa\/fr\/wp-json\/wp\/v2\/pages\/8800\/revisions\/9482"}],"wp:attachment":[{"href":"https:\/\/www.nakee.spa\/fr\/wp-json\/wp\/v2\/media?parent=8800"}],"curies":[{"name":"wp","href":"https:\/\/api.w.org\/{rel}","templated":true}]}}