{"id":12174,"date":"2025-11-08T16:43:17","date_gmt":"2025-11-08T09:43:17","guid":{"rendered":"https:\/\/www.nakee.spa\/?post_type=product&#038;p=12174"},"modified":"2025-11-14T00:06:10","modified_gmt":"2025-11-13T17:06:10","slug":"massage-thailandais-profond-copy","status":"publish","type":"product","link":"https:\/\/www.nakee.spa\/fr\/produit\/massage-thailandais-profond-copy\/","title":{"rendered":"Massage tha\u00eflandais profond avec baume tha\u00eflandais"},"content":{"rendered":"<h3>Qu&rsquo;est-ce que le massage tha\u00eflandais profond au baume tha\u00eflandais ?<\/h3>\n<p>Le massage tha\u00eflandais profond avec baume tha\u00eflandais associe la puissance du massage tha\u00eflandais traditionnel aux propri\u00e9t\u00e9s curatives du baume \u00e0 base de plantes. Gr\u00e2ce \u00e0 une pression profonde et rythm\u00e9e le long des lignes \u00e9nerg\u00e9tiques, ce traitement soulage les raideurs et les tensions musculaires, tandis que le baume tha\u00ef p\u00e9n\u00e8tre en profondeur pour favoriser la relaxation et la r\u00e9cup\u00e9ration. Vous pouvez choisir entre le <strong>baume vert<\/strong>, connu pour son effet chaud et apaisant, et le <strong>baume blanc<\/strong>, c\u00e9l\u00e8bre pour son effet rafra\u00eechissant.  <\/p>\n<h3>Les bienfaits du massage tha\u00eflandais profond avec le baume tha\u00ef<\/h3>\n<ol>\n<li><strong>Soulagement des muscles profonds<\/strong>: Soulage les tensions chroniques et la fatigue musculaire.<\/li>\n<li><strong>Am\u00e9lioration de la circulation<\/strong>: Favorise la circulation sanguine et la cicatrisation.<\/li>\n<li><strong>Th\u00e9rapie apaisante \u00e0 base de plantes<\/strong>: Le baume tha\u00eflandais renforce la chaleur ou la fra\u00eecheur en fonction de la s\u00e9lection.<\/li>\n<li><strong>Flexibilit\u00e9 accrue<\/strong>: aide \u00e0 am\u00e9liorer la mobilit\u00e9 des articulations et l&rsquo;alignement du corps.<\/li>\n<li><strong>R\u00e9duction du stress<\/strong>: La pression profonde et l&rsquo;ar\u00f4me des plantes calment le corps et l&rsquo;esprit.<\/li>\n<li><strong>Gestion de la douleur<\/strong>: Id\u00e9al en cas d&rsquo;inconfort au niveau du dos, des \u00e9paules ou des jambes.<\/li>\n<li><strong>R\u00e9cup\u00e9ration am\u00e9lior\u00e9e<\/strong>: Favorise la r\u00e9cup\u00e9ration musculaire apr\u00e8s une activit\u00e9 physique.<\/li>\n<\/ol>\n<h3>Pourquoi choisir le massage tha\u00eflandais profond avec le baume tha\u00eflandais ?<\/h3>\n<p>Choisissez ce massage pour un renouvellement complet du corps qui combine des \u00e9tirements tha\u00eflandais profonds et un soulagement naturel \u00e0 base de plantes. Le <g id=\"gid_0\">baume vert<\/g> est parfait pour les muscles endoloris et les personnes actives, offrant une douce chaleur et une relaxation. Le <strong>baume blanc<\/strong> apporte une touche de fra\u00eecheur, soulageant les tensions et rafra\u00eechissant les muscles fatigu\u00e9s. Ensemble, ils apportent harmonie et \u00e9quilibre au corps et \u00e0 l&rsquo;esprit.   <\/p>\n<h3>Suggestions<\/h3>\n<ul>\n<li>Parfait pour les personnes souffrant de tensions ou de raideurs musculaires profondes.<\/li>\n<li>Recommand\u00e9 pour la r\u00e9cup\u00e9ration apr\u00e8s le sport ou une activit\u00e9 intense.<\/li>\n<li>Convient \u00e0 ceux qui recherchent une gu\u00e9rison naturelle \u00e0 base de plantes.<\/li>\n<\/ul>\n<h3>Faites l&rsquo;exp\u00e9rience d&rsquo;un massage tha\u00eflandais profond avec du baume tha\u00eflandais chez Nakee Massage &amp; Spa<\/h3>\n<p>Faites l&rsquo;exp\u00e9rience de la gu\u00e9rison authentique de la tradition tha\u00eflandaise avec notre massage tha\u00eflandais profond utilisant le baume vert ou le baume blanc. Nos th\u00e9rapeutes qualifi\u00e9s utilisent des techniques de pression expertes et des baumes apaisants \u00e0 base d&rsquo;herbes tha\u00eflandaises pour restaurer l&rsquo;\u00e9nergie, la flexibilit\u00e9 et la paix. Laissez votre corps se d\u00e9tendre profond\u00e9ment et ressentez la chaleur ou la fra\u00eecheur de la th\u00e9rapie aux herbes, uniquement chez Nakee Thai Massage &amp; Spa.  <\/p>\n","protected":false},"excerpt":{"rendered":"<p>Le massage tha\u00eflandais profond combine des techniques de pression profonde et des \u00e9tirements tha\u00eflandais traditionnels pour soulager les douleurs chroniques, am\u00e9liorer la flexibilit\u00e9 et renforcer la sant\u00e9 musculaire.<\/p>\n","protected":false},"featured_media":13004,"template":"","meta":{"_acf_changed":false,"wds_primary_product_brand":0,"wds_primary_product_cat":0},"product_brand":[],"product_cat":[179],"product_tag":[674,670,677,665,675,679,672,671,872,781,666,673,749,678,768,676,669,667,833,668],"class_list":{"0":"post-12174","1":"product","2":"type-product","3":"status-publish","4":"has-post-thumbnail","6":"product_cat-massages-fr","7":"product_tag-le-meilleur-massage-pres-de-chez-moi","8":"product_tag-koh-samui-thai-massage-fr","9":"product_tag-le-meilleur-massage-a-koh-samui","10":"product_tag-massage-a-koh-samui","11":"product_tag-massage-a-koh-samui-fr","12":"product_tag-massage-a-koh-samui-thailande","13":"product_tag-massage-complet","14":"product_tag-massage-corporel-koh-samui","15":"product_tag-massage-thai-a-bo-phut","16":"product_tag-massage-thai-a-choengmon","17":"product_tag-massage-thailandais-a-koh-samui","18":"product_tag-massage-thailandais-pres-de-chez-moi","19":"product_tag-meilleur-massage-a-bo-phut","20":"product_tag-meilleur-massage-a-chaweng","21":"product_tag-meilleur-massage-a-choengmon","22":"product_tag-meilleur-massage-chaweng","23":"product_tag-meilleur-massage-koh-samui","24":"product_tag-prix-des-massages-a-koh-samui","25":"product_tag-salon-de-massage","26":"product_tag-salon-de-massage-de-koh-samui","27":"pa_duration-120-minutes-fr","28":"pa_duration-60-minutes-fr","29":"pa_duration-90-minutes-fr","30":"pa_massage-massage-thailandais","31":"pa_menu-category-therapies-traditionnelles-thailandaises","32":"pa_types-soulagement-des-douleurs-musculaires","34":"first","35":"instock","36":"shipping-taxable","37":"purchasable","38":"product-type-variable"},"acf":[],"_links":{"self":[{"href":"https:\/\/www.nakee.spa\/fr\/wp-json\/wp\/v2\/product\/12174","targetHints":{"allow":["GET"]}}],"collection":[{"href":"https:\/\/www.nakee.spa\/fr\/wp-json\/wp\/v2\/product"}],"about":[{"href":"https:\/\/www.nakee.spa\/fr\/wp-json\/wp\/v2\/types\/product"}],"wp:featuredmedia":[{"embeddable":true,"href":"https:\/\/www.nakee.spa\/fr\/wp-json\/wp\/v2\/media\/13004"}],"wp:attachment":[{"href":"https:\/\/www.nakee.spa\/fr\/wp-json\/wp\/v2\/media?parent=12174"}],"wp:term":[{"taxonomy":"product_brand","embeddable":true,"href":"https:\/\/www.nakee.spa\/fr\/wp-json\/wp\/v2\/product_brand?post=12174"},{"taxonomy":"product_cat","embeddable":true,"href":"https:\/\/www.nakee.spa\/fr\/wp-json\/wp\/v2\/product_cat?post=12174"},{"taxonomy":"product_tag","embeddable":true,"href":"https:\/\/www.nakee.spa\/fr\/wp-json\/wp\/v2\/product_tag?post=12174"}],"curies":[{"name":"wp","href":"https:\/\/api.w.org\/{rel}","templated":true}]}}