{"id":12769,"date":"2025-11-08T18:18:15","date_gmt":"2025-11-08T11:18:15","guid":{"rendered":"https:\/\/www.nakee.spa\/?post_type=product&#038;p=12769"},"modified":"2025-11-14T00:10:22","modified_gmt":"2025-11-13T17:10:22","slug":"massage-aux-pierres-chaudes-copy","status":"publish","type":"product","link":"https:\/\/www.nakee.spa\/fr\/produit\/massage-aux-pierres-chaudes-copy\/","title":{"rendered":"Massage aux pierres chaudes et \u00e0 l&rsquo;huile de coco"},"content":{"rendered":"<h3>Qu&rsquo;est-ce que le massage aux pierres chaudes \u00e0 l&rsquo;huile de coco ?<\/h3>\n<p>Le massage aux pierres chaudes et \u00e0 l&rsquo;huile de coco est la th\u00e9rapie embl\u00e9matique de Nakee, qui associe l&rsquo;art ancestral de la gu\u00e9rison par les pierres chaudes au toucher nourrissant de l&rsquo;huile de coco pure de Koh Samui. Des pierres volcaniques chaudes sont plac\u00e9es et gliss\u00e9es doucement sur le corps pour faire fondre les tensions tandis que l&rsquo;huile de coco hydrate la peau en profondeur. Ce traitement apporte chaleur, relaxation et \u00e9quilibre au corps et \u00e0 l&rsquo;esprit, ce qui en fait l&rsquo;une de nos exp\u00e9riences les plus appr\u00e9ci\u00e9es.  <\/p>\n<h3>Les bienfaits du massage aux pierres chaudes \u00e0 l&rsquo;huile de coco<\/h3>\n<ol>\n<li><strong>Relaxation profonde<\/strong>: La chaleur des pierres lib\u00e8re les tensions musculaires et le stress.<\/li>\n<li><strong>Am\u00e9lioration de la circulation<\/strong>: Favorise la circulation sanguine et la d\u00e9sintoxication.<\/li>\n<li><strong>Hydratation et nutrition<\/strong>: L&rsquo;huile de noix de coco adoucit et r\u00e9g\u00e9n\u00e8re la peau.<\/li>\n<li><strong>Soulagement de la douleur<\/strong>: Soulage la raideur musculaire et l&rsquo;inconfort chronique.<\/li>\n<li><strong>\u00c9quilibre \u00e9nerg\u00e9tique<\/strong>: R\u00e9tablit l&rsquo;harmonie gr\u00e2ce au placement de pierres chaudes d&rsquo;inspiration tha\u00eflandaise.<\/li>\n<li><strong>Calme de l&rsquo;esprit<\/strong>: La chaleur et l&rsquo;ar\u00f4me favorisent une profonde relaxation mentale.<\/li>\n<\/ol>\n<h3>Pourquoi choisir le massage aux pierres chaudes \u00e0 l&rsquo;huile de coco ?<\/h3>\n<p>Choisissez le massage aux pierres chaudes Signature de Nakee pour d\u00e9couvrir le m\u00e9lange parfait de th\u00e9rapie par la chaleur et d&rsquo;alimentation tropicale. Les pierres chaudes d\u00e9tendent les muscles en profondeur, tandis que notre huile de noix de coco biologique fabriqu\u00e9e \u00e0 la main \u00e0 Koh Samui conf\u00e8re \u00e0 votre peau une douceur et un \u00e9clat naturels. Il s&rsquo;agit d&rsquo;un traitement profond\u00e9ment ancr\u00e9 qui recharge le corps et l&rsquo;esprit.  <\/p>\n<h3>Suggestions<\/h3>\n<ul>\n<li>Parfait pour soulager le stress et se d\u00e9tendre en profondeur.<\/li>\n<li>Id\u00e9al pour les personnes souffrant de raideur musculaire ou d&rsquo;une mauvaise circulation.<\/li>\n<li>Recommand\u00e9 \u00e0 tous ceux qui recherchent l&rsquo;exp\u00e9rience thermale propre \u00e0 Nakee.<\/li>\n<\/ul>\n<h3>Faites l&rsquo;exp\u00e9rience d&rsquo;un massage aux pierres chaudes avec de l&rsquo;huile de noix de coco chez Nakee Massage &amp; Spa<\/h3>\n<p>Plongez dans la chaleur et la s\u00e9r\u00e9nit\u00e9 de notre massage aux pierres chaudes. Au Nakee Massage &amp; Spa, nos th\u00e9rapeutes experts combinent le pouvoir apaisant des pierres chauff\u00e9es avec la richesse de l&rsquo;huile de noix de coco pure pour vous offrir une relaxation totale. Sentez votre tension dispara\u00eetre et votre corps se renouveler dans l&rsquo;essence du v\u00e9ritable bien-\u00eatre tha\u00eflandais.  <\/p>\n","protected":false},"excerpt":{"rendered":"<p>Le massage aux pierres chaudes est un traitement th\u00e9rapeutique unique qui combine les bienfaits des pierres chauff\u00e9es et des techniques de massage. Il permet de soulager les tensions musculaires, d&rsquo;am\u00e9liorer la circulation et de favoriser la relaxation. Id\u00e9al pour les personnes souffrant de douleurs chroniques ou d&rsquo;un niveau de stress \u00e9lev\u00e9, ce massage procure une profonde relaxation musculaire et un bien-\u00eatre g\u00e9n\u00e9ral.  <\/p>\n","protected":false},"featured_media":13009,"template":"","meta":{"_acf_changed":false,"wds_primary_product_brand":0,"wds_primary_product_cat":0},"product_brand":[],"product_cat":[179],"product_tag":[674,670,677,665,675,679,672,671,872,781,666,673,749,678,768,676,669,667,833,668],"class_list":{"0":"post-12769","1":"product","2":"type-product","3":"status-publish","4":"has-post-thumbnail","6":"product_cat-massages-fr","7":"product_tag-le-meilleur-massage-pres-de-chez-moi","8":"product_tag-koh-samui-thai-massage-fr","9":"product_tag-le-meilleur-massage-a-koh-samui","10":"product_tag-massage-a-koh-samui","11":"product_tag-massage-a-koh-samui-fr","12":"product_tag-massage-a-koh-samui-thailande","13":"product_tag-massage-complet","14":"product_tag-massage-corporel-koh-samui","15":"product_tag-massage-thai-a-bo-phut","16":"product_tag-massage-thai-a-choengmon","17":"product_tag-massage-thailandais-a-koh-samui","18":"product_tag-massage-thailandais-pres-de-chez-moi","19":"product_tag-meilleur-massage-a-bo-phut","20":"product_tag-meilleur-massage-a-chaweng","21":"product_tag-meilleur-massage-a-choengmon","22":"product_tag-meilleur-massage-chaweng","23":"product_tag-meilleur-massage-koh-samui","24":"product_tag-prix-des-massages-a-koh-samui","25":"product_tag-salon-de-massage","26":"product_tag-salon-de-massage-de-koh-samui","27":"pa_duration-120-minutes-fr","28":"pa_duration-90-minutes-fr","29":"pa_massage-huile-de-coco","30":"pa_massage-pierre-chaude","31":"pa_menu-category-therapies-aux-pierres-signature-nakee","32":"pa_types-detente-et-calme","34":"first","35":"instock","36":"shipping-taxable","37":"purchasable","38":"product-type-variable"},"acf":[],"_links":{"self":[{"href":"https:\/\/www.nakee.spa\/fr\/wp-json\/wp\/v2\/product\/12769","targetHints":{"allow":["GET"]}}],"collection":[{"href":"https:\/\/www.nakee.spa\/fr\/wp-json\/wp\/v2\/product"}],"about":[{"href":"https:\/\/www.nakee.spa\/fr\/wp-json\/wp\/v2\/types\/product"}],"wp:featuredmedia":[{"embeddable":true,"href":"https:\/\/www.nakee.spa\/fr\/wp-json\/wp\/v2\/media\/13009"}],"wp:attachment":[{"href":"https:\/\/www.nakee.spa\/fr\/wp-json\/wp\/v2\/media?parent=12769"}],"wp:term":[{"taxonomy":"product_brand","embeddable":true,"href":"https:\/\/www.nakee.spa\/fr\/wp-json\/wp\/v2\/product_brand?post=12769"},{"taxonomy":"product_cat","embeddable":true,"href":"https:\/\/www.nakee.spa\/fr\/wp-json\/wp\/v2\/product_cat?post=12769"},{"taxonomy":"product_tag","embeddable":true,"href":"https:\/\/www.nakee.spa\/fr\/wp-json\/wp\/v2\/product_tag?post=12769"}],"curies":[{"name":"wp","href":"https:\/\/api.w.org\/{rel}","templated":true}]}}