{"id":3628,"date":"2024-07-06T09:25:27","date_gmt":"2024-07-06T09:25:27","guid":{"rendered":"https:\/\/www.nakee.spa\/product\/massage-thailandais\/"},"modified":"2025-11-14T01:22:07","modified_gmt":"2025-11-13T18:22:07","slug":"massage-thailandais","status":"publish","type":"product","link":"https:\/\/www.nakee.spa\/fr\/produit\/massage-thailandais\/","title":{"rendered":"Massage tha\u00eflandais"},"content":{"rendered":"<h3>Qu&rsquo;est-ce que le massage tha\u00eflandais ?<\/h3>\n<p>Le massage tha\u00eflandais est une pratique th\u00e9rapeutique ancienne qui combine l&rsquo;acupression, les principes ayurv\u00e9diques indiens et les postures de yoga assist\u00e9es. Contrairement aux massages occidentaux typiques, le massage tha\u00eflandais est pratiqu\u00e9 sur une natte pos\u00e9e sur le sol, et le client reste enti\u00e8rement v\u00eatu. Le th\u00e9rapeute utilise les mains, les coudes, les genoux et les pieds pour exercer une pression et \u00e9tirer le corps, dans le but d&rsquo;am\u00e9liorer la flexibilit\u00e9, de r\u00e9duire les tensions et d&rsquo;am\u00e9liorer le flux \u00e9nerg\u00e9tique.<\/p>\n<h3>Les bienfaits du massage tha\u00eflandais<\/h3>\n<ol>\n<li><strong>Am\u00e9liore la flexibilit\u00e9<\/strong>: Am\u00e9liore la flexibilit\u00e9 des articulations et des muscles.<\/li>\n<li><strong>R\u00e9duit le stress<\/strong>: Att\u00e9nue le stress et favorise la relaxation.<\/li>\n<li><strong>Booste l&rsquo;\u00e9nergie<\/strong>: Augmente les niveaux d&rsquo;\u00e9nergie et la clart\u00e9 mentale.<\/li>\n<li><strong>Soulagement de la douleur<\/strong>: Soulage les douleurs chroniques et les courbatures.<\/li>\n<li><strong>Am\u00e9liore la circulation<\/strong>: Am\u00e9liore la circulation sanguine et lymphatique.<\/li>\n<li><strong>\u00c9quilibre l&rsquo;\u00e9nergie<\/strong>: Favorise l&rsquo;\u00e9quilibre de l&rsquo;\u00e9nergie corporelle.<\/li>\n<\/ol>\n<h3>Pourquoi choisir le massage tha\u00eflandais ?<\/h3>\n<p>Choisissez le massage tha\u00eflandais pour sa combinaison unique de bienfaits physiques et \u00e9nerg\u00e9tiques. Cette approche th\u00e9rapeutique permet non seulement de rem\u00e9dier \u00e0 l&rsquo;inconfort physique, mais aussi d&rsquo;am\u00e9liorer le bien-\u00eatre g\u00e9n\u00e9ral. C&rsquo;est un choix id\u00e9al pour ceux qui recherchent une th\u00e9rapie holistique int\u00e9grant la sant\u00e9 physique, mentale et spirituelle.<\/p>\n<h3>Suggestions<\/h3>\n<ul>\n<li>Convient aux personnes souffrant de raideurs musculaires et de douleurs articulaires.<\/li>\n<li>Id\u00e9al pour les personnes cherchant \u00e0 am\u00e9liorer leur flexibilit\u00e9 et leur flux \u00e9nerg\u00e9tique.<\/li>\n<li>B\u00e9n\u00e9fique pour ceux qui recherchent une exp\u00e9rience de gu\u00e9rison holistique et profond\u00e9ment relaxante.<\/li>\n<\/ul>\n<h3>Faites l&rsquo;exp\u00e9rience du massage tha\u00eflandais \u00e0 Nakee Massage &amp; Spa<\/h3>\n<p>Chez Nakee Massage &amp; Spa, faites l&rsquo;exp\u00e9rience du meilleur et du plus authentique des massages tha\u00eflandais. Nos th\u00e9rapeutes qualifi\u00e9s sont form\u00e9s aux techniques traditionnelles afin d&rsquo;offrir une exp\u00e9rience de gu\u00e9rison compl\u00e8te. Que vous recherchiez un soulagement des tensions musculaires, une souplesse accrue ou un \u00e9quilibre \u00e9nerg\u00e9tique, notre massage tha\u00eflandais vous procure de profonds bienfaits. L&rsquo;environnement serein du spa favorise la relaxation et vous permet de repartir revitalis\u00e9 et \u00e9quilibr\u00e9.<\/p>\n","protected":false},"excerpt":{"rendered":"<p>D\u00e9couvrez le meilleur et le plus authentique des massages tha\u00eflandais \u00e0 Nakee Massage &amp; Spa. Nos th\u00e9rapeutes qualifi\u00e9s utilisent des techniques traditionnelles pour vous offrir une exp\u00e9rience profond\u00e9ment relaxante et rajeunissante. Le massage tha\u00eflandais combine l&rsquo;acupression, les \u00e9tirements profonds et la compression rythmique pour am\u00e9liorer la flexibilit\u00e9, soulager la tension musculaire et am\u00e9liorer le bien-\u00eatre g\u00e9n\u00e9ral. Profitez de la relaxation ultime gr\u00e2ce \u00e0 notre authentique massage tha\u00eflandais, adapt\u00e9 \u00e0 vos besoins pour obtenir les meilleurs r\u00e9sultats possibles. D\u00e9couvrez pourquoi Nakee Massage &amp; Spa offre la meilleure exp\u00e9rience de massage tha\u00eflandais de la r\u00e9gion.<\/p>\n","protected":false},"featured_media":13001,"template":"","meta":{"_acf_changed":false,"wds_primary_product_brand":0,"wds_primary_product_cat":0},"product_brand":[],"product_cat":[179],"product_tag":[674,670,677,665,675,679,672,671,872,781,666,673,749,678,768,676,669,667,833,668],"class_list":{"0":"post-3628","1":"product","2":"type-product","3":"status-publish","4":"has-post-thumbnail","6":"product_cat-massages-fr","7":"product_tag-le-meilleur-massage-pres-de-chez-moi","8":"product_tag-koh-samui-thai-massage-fr","9":"product_tag-le-meilleur-massage-a-koh-samui","10":"product_tag-massage-a-koh-samui","11":"product_tag-massage-a-koh-samui-fr","12":"product_tag-massage-a-koh-samui-thailande","13":"product_tag-massage-complet","14":"product_tag-massage-corporel-koh-samui","15":"product_tag-massage-thai-a-bo-phut","16":"product_tag-massage-thai-a-choengmon","17":"product_tag-massage-thailandais-a-koh-samui","18":"product_tag-massage-thailandais-pres-de-chez-moi","19":"product_tag-meilleur-massage-a-bo-phut","20":"product_tag-meilleur-massage-a-chaweng","21":"product_tag-meilleur-massage-a-choengmon","22":"product_tag-meilleur-massage-chaweng","23":"product_tag-meilleur-massage-koh-samui","24":"product_tag-prix-des-massages-a-koh-samui","25":"product_tag-salon-de-massage","26":"product_tag-salon-de-massage-de-koh-samui","27":"pa_duration-120-minutes-fr","28":"pa_duration-60-minutes-fr","29":"pa_duration-90-minutes-fr","30":"pa_massage-massage-thailandais","31":"pa_menu-category-therapies-traditionnelles-thailandaises","32":"pa_types-stretch-et-style-thailandais","34":"first","35":"instock","36":"shipping-taxable","37":"purchasable","38":"product-type-variable"},"acf":[],"_links":{"self":[{"href":"https:\/\/www.nakee.spa\/fr\/wp-json\/wp\/v2\/product\/3628","targetHints":{"allow":["GET"]}}],"collection":[{"href":"https:\/\/www.nakee.spa\/fr\/wp-json\/wp\/v2\/product"}],"about":[{"href":"https:\/\/www.nakee.spa\/fr\/wp-json\/wp\/v2\/types\/product"}],"wp:featuredmedia":[{"embeddable":true,"href":"https:\/\/www.nakee.spa\/fr\/wp-json\/wp\/v2\/media\/13001"}],"wp:attachment":[{"href":"https:\/\/www.nakee.spa\/fr\/wp-json\/wp\/v2\/media?parent=3628"}],"wp:term":[{"taxonomy":"product_brand","embeddable":true,"href":"https:\/\/www.nakee.spa\/fr\/wp-json\/wp\/v2\/product_brand?post=3628"},{"taxonomy":"product_cat","embeddable":true,"href":"https:\/\/www.nakee.spa\/fr\/wp-json\/wp\/v2\/product_cat?post=3628"},{"taxonomy":"product_tag","embeddable":true,"href":"https:\/\/www.nakee.spa\/fr\/wp-json\/wp\/v2\/product_tag?post=3628"}],"curies":[{"name":"wp","href":"https:\/\/api.w.org\/{rel}","templated":true}]}}