{"id":3658,"date":"2024-07-11T09:14:03","date_gmt":"2024-07-11T09:14:03","guid":{"rendered":"https:\/\/www.nakee.spa\/product\/massage-a-lhuile-de-coco\/"},"modified":"2025-11-14T01:05:55","modified_gmt":"2025-11-13T18:05:55","slug":"massage-a-lhuile-de-coco","status":"publish","type":"product","link":"https:\/\/www.nakee.spa\/fr\/produit\/massage-a-lhuile-de-coco\/","title":{"rendered":"Massage \u00e0 l&rsquo;huile de coco"},"content":{"rendered":"<h3>Qu&rsquo;est-ce que le massage \u00e0 l&rsquo;huile de coco ?<\/h3>\n<p>Le massage \u00e0 l&rsquo;huile de coco est un traitement th\u00e9rapeutique qui utilise de l&rsquo;huile de coco pure et naturelle pour am\u00e9liorer les bienfaits d&rsquo;un massage traditionnel. Ce type de massage associe des mouvements apaisants et des techniques de p\u00e9trissage aux propri\u00e9t\u00e9s hydratantes et nourrissantes de l&rsquo;huile de coco, pour une exp\u00e9rience profond\u00e9ment relaxante et rajeunissante. L&rsquo;huile de coco est absorb\u00e9e par la peau, lui apportant des nutriments essentiels et lui donnant une sensation de douceur et d&rsquo;hydratation.<\/p>\n<h3>Les bienfaits du massage \u00e0 l&rsquo;huile de coco<\/h3>\n<ol>\n<li><strong>Hydratation<\/strong>: Hydrate la peau en profondeur, la laissant douce et lisse.<\/li>\n<li><strong>Nourriture<\/strong>: Fournit des nutriments essentiels qui favorisent la sant\u00e9 de la peau.<\/li>\n<li><strong>Relaxation<\/strong>: R\u00e9duit le stress et favorise la relaxation g\u00e9n\u00e9rale.<\/li>\n<li><strong>Soulagement de la douleur<\/strong>: Soulage la tension musculaire et la douleur.<\/li>\n<li><strong>Am\u00e9lioration de la circulation<\/strong>: Am\u00e9liore la circulation sanguine et le drainage lymphatique.<\/li>\n<li><strong>Anti-inflammatoire<\/strong>: L&rsquo;huile de coco poss\u00e8de des propri\u00e9t\u00e9s anti-inflammatoires naturelles qui peuvent aider \u00e0 r\u00e9duire l&rsquo;inflammation et le gonflement.<\/li>\n<\/ol>\n<h3>Pourquoi choisir le massage \u00e0 l&rsquo;huile de coco ?<\/h3>\n<p>Choisissez le massage \u00e0 l&rsquo;huile de coco pour sa combinaison unique d&rsquo;hydratation et de relaxation. Les propri\u00e9t\u00e9s naturelles de l&rsquo;huile de coco am\u00e9liorent l&rsquo;exp\u00e9rience du massage, ce qui le rend id\u00e9al pour ceux qui recherchent un traitement qui non seulement d\u00e9tend le corps, mais aussi nourrit la peau. Ce massage est id\u00e9al pour tous ceux qui souhaitent am\u00e9liorer la sant\u00e9 de leur peau et atteindre un \u00e9tat de relaxation profonde.<\/p>\n<h3>Suggestions<\/h3>\n<ul>\n<li>Parfait pour les peaux s\u00e8ches ou sensibles.<\/li>\n<li>Id\u00e9al pour ceux qui cherchent \u00e0 combiner la relaxation et le soin de la peau.<\/li>\n<li>Ils peuvent \u00eatre compl\u00e9t\u00e9s par des soins suppl\u00e9mentaires tels que des gommages corporels ou des soins du visage.<\/li>\n<\/ul>\n<h3>Faites l&rsquo;exp\u00e9rience d&rsquo;un massage \u00e0 l&rsquo;huile de coco chez Nakee Massage &amp; Spa<\/h3>\n<p>Faites l&rsquo;exp\u00e9rience du meilleur massage \u00e0 l&rsquo;huile de coco chez Nakee Massage &amp; Spa, o\u00f9 nous utilisons de l&rsquo;huile de coco artisanale de haute qualit\u00e9 provenant de l&rsquo;\u00eele de Koh Samui. Nos th\u00e9rapeutes qualifi\u00e9s vous garantissent une exp\u00e9rience relaxante et rajeunissante, laissant votre peau hydrat\u00e9e et votre esprit apais\u00e9. Le parfum agr\u00e9able de l&rsquo;huile de coco renforce la relaxation g\u00e9n\u00e9rale et rend votre massage encore plus agr\u00e9able.<\/p>\n","protected":false},"excerpt":{"rendered":"<p>Le massage \u00e0 l&rsquo;huile de coco associe des techniques de massage apaisantes aux propri\u00e9t\u00e9s hydratantes et nourrissantes de l&rsquo;huile de coco pure et naturelle. Ce traitement favorise la relaxation, soulage les tensions musculaires et laisse la peau douce et hydrat\u00e9e.<\/p>\n","protected":false},"featured_media":1095,"template":"","meta":{"_acf_changed":false,"wds_primary_product_brand":0,"wds_primary_product_cat":0},"product_brand":[],"product_cat":[179],"product_tag":[674,670,677,665,675,679,672,671,872,781,666,673,749,678,768,676,669,667,833,668],"class_list":{"0":"post-3658","1":"product","2":"type-product","3":"status-publish","4":"has-post-thumbnail","6":"product_cat-massages-fr","7":"product_tag-le-meilleur-massage-pres-de-chez-moi","8":"product_tag-koh-samui-thai-massage-fr","9":"product_tag-le-meilleur-massage-a-koh-samui","10":"product_tag-massage-a-koh-samui","11":"product_tag-massage-a-koh-samui-fr","12":"product_tag-massage-a-koh-samui-thailande","13":"product_tag-massage-complet","14":"product_tag-massage-corporel-koh-samui","15":"product_tag-massage-thai-a-bo-phut","16":"product_tag-massage-thai-a-choengmon","17":"product_tag-massage-thailandais-a-koh-samui","18":"product_tag-massage-thailandais-pres-de-chez-moi","19":"product_tag-meilleur-massage-a-bo-phut","20":"product_tag-meilleur-massage-a-chaweng","21":"product_tag-meilleur-massage-a-choengmon","22":"product_tag-meilleur-massage-chaweng","23":"product_tag-meilleur-massage-koh-samui","24":"product_tag-prix-des-massages-a-koh-samui","25":"product_tag-salon-de-massage","26":"product_tag-salon-de-massage-de-koh-samui","27":"pa_duration-120-minutes-fr","28":"pa_duration-60-minutes-fr","29":"pa_duration-90-minutes-fr","30":"pa_massage-huile-de-coco","31":"pa_menu-category-huile-aroma-relaxation","32":"pa_types-detente-et-calme","34":"first","35":"instock","36":"shipping-taxable","37":"purchasable","38":"product-type-variable"},"acf":[],"_links":{"self":[{"href":"https:\/\/www.nakee.spa\/fr\/wp-json\/wp\/v2\/product\/3658","targetHints":{"allow":["GET"]}}],"collection":[{"href":"https:\/\/www.nakee.spa\/fr\/wp-json\/wp\/v2\/product"}],"about":[{"href":"https:\/\/www.nakee.spa\/fr\/wp-json\/wp\/v2\/types\/product"}],"wp:featuredmedia":[{"embeddable":true,"href":"https:\/\/www.nakee.spa\/fr\/wp-json\/wp\/v2\/media\/1095"}],"wp:attachment":[{"href":"https:\/\/www.nakee.spa\/fr\/wp-json\/wp\/v2\/media?parent=3658"}],"wp:term":[{"taxonomy":"product_brand","embeddable":true,"href":"https:\/\/www.nakee.spa\/fr\/wp-json\/wp\/v2\/product_brand?post=3658"},{"taxonomy":"product_cat","embeddable":true,"href":"https:\/\/www.nakee.spa\/fr\/wp-json\/wp\/v2\/product_cat?post=3658"},{"taxonomy":"product_tag","embeddable":true,"href":"https:\/\/www.nakee.spa\/fr\/wp-json\/wp\/v2\/product_tag?post=3658"}],"curies":[{"name":"wp","href":"https:\/\/api.w.org\/{rel}","templated":true}]}}