{"id":5476,"date":"2024-07-06T09:26:59","date_gmt":"2024-07-06T09:26:59","guid":{"rendered":"https:\/\/www.nakee.spa\/product\/massage-a-lhuile\/"},"modified":"2025-11-14T01:22:16","modified_gmt":"2025-11-13T18:22:16","slug":"massage-a-lhuile","status":"publish","type":"product","link":"https:\/\/www.nakee.spa\/fr\/produit\/massage-a-lhuile\/","title":{"rendered":"Massage \u00e0 l&rsquo;huile"},"content":{"rendered":"<h3>Qu&rsquo;est-ce que le massage \u00e0 l&rsquo;huile ?<\/h3>\n<p>Le massage \u00e0 l&rsquo;huile est une technique th\u00e9rapeutique qui utilise de l&rsquo;huile de massage pour am\u00e9liorer le glissement des mains du th\u00e9rapeute sur le corps. Ce type de massage associe les propri\u00e9t\u00e9s apaisantes des huiles aux techniques de massage traditionnelles pour favoriser la relaxation, r\u00e9duire la tension musculaire et am\u00e9liorer la circulation. Les huiles utilis\u00e9es peuvent \u00eatre infus\u00e9es avec diverses huiles essentielles pour apporter des b\u00e9n\u00e9fices aromath\u00e9rapeutiques suppl\u00e9mentaires.  <\/p>\n<h3>Les bienfaits du massage \u00e0 l&rsquo;huile<\/h3>\n<ol>\n<li><strong>Relaxation<\/strong>: D\u00e9tend profond\u00e9ment le corps et l&rsquo;esprit.<\/li>\n<li><strong>Soulagement musculaire<\/strong>: R\u00e9duit les tensions et les douleurs musculaires.<\/li>\n<li><strong>Sant\u00e9 de la peau<\/strong>: Nourrit et hydrate la peau.<\/li>\n<li><strong>Am\u00e9lioration de la circulation<\/strong>: Am\u00e9liore la circulation sanguine et le drainage lymphatique.<\/li>\n<li><strong>R\u00e9duction du stress<\/strong>: Att\u00e9nue le stress et l&rsquo;anxi\u00e9t\u00e9.<\/li>\n<li><strong>Les bienfaits de l&rsquo;aromath\u00e9rapie<\/strong>: L&rsquo;utilisation d&rsquo;huiles essentielles procure des bienfaits th\u00e9rapeutiques.<\/li>\n<\/ol>\n<h3>Pourquoi choisir le massage \u00e0 l&rsquo;huile ?<\/h3>\n<p>Choisissez le massage \u00e0 l&rsquo;huile pour ses nombreux bienfaits, notamment la relaxation profonde, l&rsquo;am\u00e9lioration de la sant\u00e9 de la peau et le soulagement du stress. Ce massage est parfait pour ceux qui cherchent \u00e0 se d\u00e9tendre et \u00e0 rajeunir le corps et l&rsquo;esprit. L&rsquo;utilisation d&rsquo;huile permet des mouvements plus doux et plus fluides, ce qui am\u00e9liore l&rsquo;exp\u00e9rience globale du massage.  <\/p>\n<h3>Suggestions<\/h3>\n<ul>\n<li>Id\u00e9al pour ceux qui cherchent \u00e0 se d\u00e9tendre et \u00e0 soulager le stress.<\/li>\n<li>B\u00e9n\u00e9fique pour les peaux s\u00e8ches ou sensibles gr\u00e2ce aux propri\u00e9t\u00e9s hydratantes des huiles.<\/li>\n<li>Parfait pour am\u00e9liorer l&rsquo;exp\u00e9rience globale du spa en y ajoutant l&rsquo;aromath\u00e9rapie.<\/li>\n<\/ul>\n<h3>Exp\u00e9rimentez le massage \u00e0 l&rsquo;huile chez Nakee Massage &amp; Spa<\/h3>\n<p>Faites l&rsquo;exp\u00e9rience du meilleur massage \u00e0 l&rsquo;huile chez Nakee Massage &amp; Spa. Nos th\u00e9rapeutes qualifi\u00e9s utilisent des huiles de haute qualit\u00e9 pour vous offrir un massage apaisant et th\u00e9rapeutique. Que vous cherchiez \u00e0 soulager les tensions musculaires, \u00e0 hydrater votre peau ou simplement \u00e0 vous d\u00e9tendre, notre massage \u00e0 l&rsquo;huile est la solution id\u00e9ale. L&rsquo;environnement apaisant et les techniques expertes vous permettent de repartir avec une sensation de fra\u00eecheur et de rajeunissement.   <\/p>\n","protected":false},"excerpt":{"rendered":"<p>D\u00e9couvrez le meilleur et le plus authentique des massages \u00e0 l&rsquo;huile chez Nakee Massage &amp; Spa. Nos th\u00e9rapeutes qualifi\u00e9s utilisent des huiles naturelles de premi\u00e8re qualit\u00e9 pour vous offrir une exp\u00e9rience profond\u00e9ment relaxante et rajeunissante. Ce massage ne se contente pas de soulager les tensions musculaires et d&rsquo;am\u00e9liorer la circulation, il laisse \u00e9galement votre peau nourrie et hydrat\u00e9e. Profitez de la relaxation ultime gr\u00e2ce \u00e0 notre authentique massage \u00e0 l&rsquo;huile, adapt\u00e9 \u00e0 vos besoins pour obtenir les meilleurs r\u00e9sultats possibles.   <\/p>\n","protected":false},"featured_media":13026,"template":"","meta":{"_acf_changed":false,"wds_primary_product_brand":0,"wds_primary_product_cat":0},"product_brand":[],"product_cat":[179],"product_tag":[674,670,677,665,675,679,672,671,872,781,666,673,749,678,768,676,669,667,833,668],"class_list":{"0":"post-5476","1":"product","2":"type-product","3":"status-publish","4":"has-post-thumbnail","6":"product_cat-massages-fr","7":"product_tag-le-meilleur-massage-pres-de-chez-moi","8":"product_tag-koh-samui-thai-massage-fr","9":"product_tag-le-meilleur-massage-a-koh-samui","10":"product_tag-massage-a-koh-samui","11":"product_tag-massage-a-koh-samui-fr","12":"product_tag-massage-a-koh-samui-thailande","13":"product_tag-massage-complet","14":"product_tag-massage-corporel-koh-samui","15":"product_tag-massage-thai-a-bo-phut","16":"product_tag-massage-thai-a-choengmon","17":"product_tag-massage-thailandais-a-koh-samui","18":"product_tag-massage-thailandais-pres-de-chez-moi","19":"product_tag-meilleur-massage-a-bo-phut","20":"product_tag-meilleur-massage-a-chaweng","21":"product_tag-meilleur-massage-a-choengmon","22":"product_tag-meilleur-massage-chaweng","23":"product_tag-meilleur-massage-koh-samui","24":"product_tag-prix-des-massages-a-koh-samui","25":"product_tag-salon-de-massage","26":"product_tag-salon-de-massage-de-koh-samui","27":"pa_duration-120-minutes-fr","28":"pa_duration-60-minutes-fr","29":"pa_duration-90-minutes-fr","30":"pa_massage-massage-a-lhuile","31":"pa_menu-category-huile-aroma-relaxation","32":"pa_types-detente-et-calme","34":"first","35":"instock","36":"shipping-taxable","37":"purchasable","38":"product-type-variable"},"acf":[],"_links":{"self":[{"href":"https:\/\/www.nakee.spa\/fr\/wp-json\/wp\/v2\/product\/5476","targetHints":{"allow":["GET"]}}],"collection":[{"href":"https:\/\/www.nakee.spa\/fr\/wp-json\/wp\/v2\/product"}],"about":[{"href":"https:\/\/www.nakee.spa\/fr\/wp-json\/wp\/v2\/types\/product"}],"wp:featuredmedia":[{"embeddable":true,"href":"https:\/\/www.nakee.spa\/fr\/wp-json\/wp\/v2\/media\/13026"}],"wp:attachment":[{"href":"https:\/\/www.nakee.spa\/fr\/wp-json\/wp\/v2\/media?parent=5476"}],"wp:term":[{"taxonomy":"product_brand","embeddable":true,"href":"https:\/\/www.nakee.spa\/fr\/wp-json\/wp\/v2\/product_brand?post=5476"},{"taxonomy":"product_cat","embeddable":true,"href":"https:\/\/www.nakee.spa\/fr\/wp-json\/wp\/v2\/product_cat?post=5476"},{"taxonomy":"product_tag","embeddable":true,"href":"https:\/\/www.nakee.spa\/fr\/wp-json\/wp\/v2\/product_tag?post=5476"}],"curies":[{"name":"wp","href":"https:\/\/api.w.org\/{rel}","templated":true}]}}