{"id":6295,"date":"2024-07-09T13:30:34","date_gmt":"2024-07-09T13:30:34","guid":{"rendered":"https:\/\/www.nakee.spa\/product\/forfait-beaute-rayonnante\/"},"modified":"2025-11-14T01:32:17","modified_gmt":"2025-11-13T18:32:17","slug":"forfait-beaute-rayonnante","status":"publish","type":"product","link":"https:\/\/www.nakee.spa\/fr\/produit\/forfait-beaute-rayonnante\/","title":{"rendered":"Forfait beaut\u00e9 rayonnante"},"content":{"rendered":"<p><strong>Qu&rsquo;est-ce que le forfait Beaut\u00e9 radieuse ?<\/strong><\/p>\n<p>Le forfait Beaut\u00e9 radieuse est une exp\u00e9rience spa compl\u00e8te con\u00e7ue pour une relaxation et un rajeunissement ultimes. Ce forfait haut de gamme comprend un gommage des pieds, un gommage du visage de 60 minutes et un massage des pieds de 60 minutes, offrant une revitalisation de la t\u00eate aux pieds qui fait ressortir votre \u00e9clat int\u00e9rieur. <\/p>\n<p><strong>Avantages du forfait beaut\u00e9 radieuse<\/strong><\/p>\n<ul>\n<li><strong>Gommage des pieds :<\/strong> L&rsquo;exp\u00e9rience commence par un gommage m\u00e9ticuleux des pieds, qui exfolie et rajeunit vos pieds, les laissant doux et rafra\u00eechis.<\/li>\n<li><strong>Gommage du visage :<\/strong> Suivi d&rsquo;un gommage du visage de 60 minutes, ce traitement nettoie en profondeur, exfolie et illumine votre teint, en \u00e9liminant les impuret\u00e9s et les cellules mortes de la peau pour r\u00e9v\u00e9ler un \u00e9clat radieux et jeune.<\/li>\n<li><strong>Massage des pieds :<\/strong> Il se termine par un massage des pieds de 60 minutes qui favorise une relaxation profonde, soulage le stress et am\u00e9liore la circulation sanguine. Ce massage ne se contente pas de soulager les pieds fatigu\u00e9s, il am\u00e9liore \u00e9galement le bien-\u00eatre g\u00e9n\u00e9ral. <\/li>\n<\/ul>\n<p><strong>Pourquoi choisir le forfait Beaut\u00e9 radieuse ?<\/strong><\/p>\n<p>Ce forfait est le meilleur choix pour ceux qui recherchent une exp\u00e9rience spa authentique et luxueuse. La combinaison des traitements garantit un soin complet, ciblant \u00e0 la fois le visage et les pieds. Votre peau sera lisse, radieuse et rajeunie, tandis que le massage des pieds vous procurera une profonde relaxation et un soulagement du stress. Le forfait Beaut\u00e9 radieuse est id\u00e9al pour tous ceux qui souhaitent s&rsquo;offrir ce qui se fait de mieux en mati\u00e8re de beaut\u00e9 et de bien-\u00eatre, et l&rsquo;investissement en vaut la peine.   <\/p>\n","protected":false},"excerpt":{"rendered":"<p>D\u00e9couvrez le summum de la beaut\u00e9 et de la d\u00e9tente avec notre forfait \u00ab\u00a0Beaut\u00e9 radieuse\u00a0\u00bb. Ce traitement luxueux comprend un gommage rajeunissant des pieds, un gommage rafra\u00eechissant du visage de 60 minutes et un massage apaisant des pieds de 60 minutes. Con\u00e7u pour rehausser votre \u00e9clat naturel et vous donner l&rsquo;impression d&rsquo;\u00eatre choy\u00e9e, ce forfait vous offre le meilleur des traitements de spa authentiques. Parfait pour ceux qui recherchent une exp\u00e9rience compl\u00e8te de beaut\u00e9 et de bien-\u00eatre, notre forfait \u00ab\u00a0Radiant Beauty\u00a0\u00bb promet de rajeunir votre peau et de rafra\u00eechir votre esprit.   <\/p>\n","protected":false},"featured_media":960,"template":"","meta":{"_acf_changed":false,"wds_primary_product_brand":0,"wds_primary_product_cat":0},"product_brand":[],"product_cat":[459],"product_tag":[674,670,677,665,675,679,672,671,872,781,666,673,749,678,768,676,669,667,833,668],"class_list":{"0":"post-6295","1":"product","2":"type-product","3":"status-publish","4":"has-post-thumbnail","6":"product_cat-forfaits","7":"product_tag-le-meilleur-massage-pres-de-chez-moi","8":"product_tag-koh-samui-thai-massage-fr","9":"product_tag-le-meilleur-massage-a-koh-samui","10":"product_tag-massage-a-koh-samui","11":"product_tag-massage-a-koh-samui-fr","12":"product_tag-massage-a-koh-samui-thailande","13":"product_tag-massage-complet","14":"product_tag-massage-corporel-koh-samui","15":"product_tag-massage-thai-a-bo-phut","16":"product_tag-massage-thai-a-choengmon","17":"product_tag-massage-thailandais-a-koh-samui","18":"product_tag-massage-thailandais-pres-de-chez-moi","19":"product_tag-meilleur-massage-a-bo-phut","20":"product_tag-meilleur-massage-a-chaweng","21":"product_tag-meilleur-massage-a-choengmon","22":"product_tag-meilleur-massage-chaweng","23":"product_tag-meilleur-massage-koh-samui","24":"product_tag-prix-des-massages-a-koh-samui","25":"product_tag-salon-de-massage","26":"product_tag-salon-de-massage-de-koh-samui","27":"pa_duration-150-minutes-fr","28":"pa_massage-gommage","29":"pa_menu-category-soins-du-corps-et-de-la-beaute","30":"pa_types-douceur-et-beaute","32":"first","33":"instock","34":"shipping-taxable","35":"purchasable","36":"product-type-variable"},"acf":[],"_links":{"self":[{"href":"https:\/\/www.nakee.spa\/fr\/wp-json\/wp\/v2\/product\/6295","targetHints":{"allow":["GET"]}}],"collection":[{"href":"https:\/\/www.nakee.spa\/fr\/wp-json\/wp\/v2\/product"}],"about":[{"href":"https:\/\/www.nakee.spa\/fr\/wp-json\/wp\/v2\/types\/product"}],"wp:featuredmedia":[{"embeddable":true,"href":"https:\/\/www.nakee.spa\/fr\/wp-json\/wp\/v2\/media\/960"}],"wp:attachment":[{"href":"https:\/\/www.nakee.spa\/fr\/wp-json\/wp\/v2\/media?parent=6295"}],"wp:term":[{"taxonomy":"product_brand","embeddable":true,"href":"https:\/\/www.nakee.spa\/fr\/wp-json\/wp\/v2\/product_brand?post=6295"},{"taxonomy":"product_cat","embeddable":true,"href":"https:\/\/www.nakee.spa\/fr\/wp-json\/wp\/v2\/product_cat?post=6295"},{"taxonomy":"product_tag","embeddable":true,"href":"https:\/\/www.nakee.spa\/fr\/wp-json\/wp\/v2\/product_tag?post=6295"}],"curies":[{"name":"wp","href":"https:\/\/api.w.org\/{rel}","templated":true}]}}