{"id":6323,"date":"2024-07-10T13:28:57","date_gmt":"2024-07-10T13:28:57","guid":{"rendered":"https:\/\/www.nakee.spa\/product\/dossier-de-renouvellement-complet\/"},"modified":"2025-11-14T01:32:27","modified_gmt":"2025-11-13T18:32:27","slug":"dossier-de-renouvellement-complet","status":"publish","type":"product","link":"https:\/\/www.nakee.spa\/fr\/produit\/dossier-de-renouvellement-complet\/","title":{"rendered":"Dossier de renouvellement complet"},"content":{"rendered":"<p><strong>Qu&rsquo;est-ce que l&rsquo;offre compl\u00e8te de renouvellement ?<\/strong><\/p>\n<p>Le forfait Renouveau complet est l&rsquo;exp\u00e9rience spa ultime, m\u00e9ticuleusement con\u00e7ue pour rajeunir l&rsquo;ensemble de votre corps. Ce forfait haut de gamme comprend un gommage des pieds, un gommage du visage de 60 minutes, un gommage du corps de 60 minutes et un massage \u00e0 l&rsquo;huile de coco de 60 minutes, pour un soin complet de la t\u00eate aux pieds. <\/p>\n<p><strong>Avantages du programme de renouvellement complet<\/strong><\/p>\n<ul>\n<li><strong>Gommage des pieds :<\/strong> Commencez par un gommage rafra\u00eechissant qui exfolie et revitalise vos pieds, les laissant lisses et revigor\u00e9s.<\/li>\n<li><strong>Gommage du visage :<\/strong> Ce gommage de 60 minutes nettoie et exfolie votre peau en profondeur, \u00e9liminant les impuret\u00e9s et les cellules mortes pour r\u00e9v\u00e9ler un teint radieux et jeune.<\/li>\n<li><strong>Gommage corporel :<\/strong> Le gommage corporel de 60 minutes offre une exfoliation en profondeur, revitalise votre peau et la laisse douce et \u00e9clatante.<\/li>\n<li><strong>Massage \u00e0 l&rsquo;huile de coco :<\/strong> Il se termine par un massage \u00e0 l&rsquo;huile de coco de 60 minutes qui nourrit en profondeur votre peau, favorise la relaxation et apaise les tensions musculaires.<\/li>\n<\/ul>\n<p><strong>Pourquoi choisir l&rsquo;offre compl\u00e8te de renouvellement ?<\/strong><\/p>\n<p>Ce forfait est le meilleur choix pour ceux qui recherchent une exp\u00e9rience spa authentique et luxueuse. La combinaison des traitements garantit un renouvellement complet de votre corps, en ciblant chaque partie, des pieds au visage. Votre peau sera lisse, radieuse et rajeunie, tandis que le massage \u00e0 l&rsquo;huile de noix de coco vous procurera une profonde relaxation et un soulagement du stress. Le forfait Renouveau complet est id\u00e9al pour tous ceux qui souhaitent s&rsquo;offrir ce qui se fait de mieux en mati\u00e8re de beaut\u00e9 et de bien-\u00eatre, et l&rsquo;investissement en vaut la peine.   <\/p>\n<p><strong>\u00c0 propos de l&rsquo;huile de noix de coco Nakee<\/strong> Notre huile de noix de coco sp\u00e9ciale est fabriqu\u00e9e \u00e0 partir de noix de coco cultiv\u00e9es sur l&rsquo;\u00eele de Koh Samui. Cette huile de noix de coco biologique vierge, 100 % naturelle et fabriqu\u00e9e \u00e0 la maison, vous garantit une exp\u00e9rience pure et authentique. Son parfum agr\u00e9able favorise la relaxation et rend votre massage encore plus agr\u00e9able.  <\/p>\n","protected":false},"excerpt":{"rendered":"<p>Offrez-vous la meilleure et la plus authentique des exp\u00e9riences de spa avec notre forfait \u00ab\u00a0Renouveau complet\u00a0\u00bb. Ce traitement complet comprend un gommage revitalisant des pieds, un gommage rafra\u00eechissant du visage de 60 minutes, un gommage rajeunissant du corps de 60 minutes et un massage apaisant \u00e0 l&rsquo;huile de coco de 60 minutes. Con\u00e7u pour nettoyer, exfolier et nourrir votre peau, ce forfait vous laissera un sentiment de renouveau et d&rsquo;\u00e9clat de la t\u00eate aux pieds. Faites l&rsquo;exp\u00e9rience d&rsquo;une relaxation et d&rsquo;un rajeunissement in\u00e9gal\u00e9s avec notre forfait \u00ab\u00a0Renouveau complet\u00a0\u00bb, parfait pour une revitalisation de tout le corps.   <\/p>\n","protected":false},"featured_media":961,"template":"","meta":{"_acf_changed":false,"wds_primary_product_brand":0,"wds_primary_product_cat":0},"product_brand":[],"product_cat":[459],"product_tag":[674,670,677,665,675,679,672,671,872,781,666,673,749,678,768,676,669,667,833,668],"class_list":{"0":"post-6323","1":"product","2":"type-product","3":"status-publish","4":"has-post-thumbnail","6":"product_cat-forfaits","7":"product_tag-le-meilleur-massage-pres-de-chez-moi","8":"product_tag-koh-samui-thai-massage-fr","9":"product_tag-le-meilleur-massage-a-koh-samui","10":"product_tag-massage-a-koh-samui","11":"product_tag-massage-a-koh-samui-fr","12":"product_tag-massage-a-koh-samui-thailande","13":"product_tag-massage-complet","14":"product_tag-massage-corporel-koh-samui","15":"product_tag-massage-thai-a-bo-phut","16":"product_tag-massage-thai-a-choengmon","17":"product_tag-massage-thailandais-a-koh-samui","18":"product_tag-massage-thailandais-pres-de-chez-moi","19":"product_tag-meilleur-massage-a-bo-phut","20":"product_tag-meilleur-massage-a-chaweng","21":"product_tag-meilleur-massage-a-choengmon","22":"product_tag-meilleur-massage-chaweng","23":"product_tag-meilleur-massage-koh-samui","24":"product_tag-prix-des-massages-a-koh-samui","25":"product_tag-salon-de-massage","26":"product_tag-salon-de-massage-de-koh-samui","27":"pa_duration-210-minutes-fr","28":"pa_massage-gommage","29":"pa_massage-huile-de-coco","30":"pa_menu-category-soins-du-corps-et-de-la-beaute","31":"pa_types-douceur-et-beaute","33":"first","34":"instock","35":"shipping-taxable","36":"purchasable","37":"product-type-variable"},"acf":[],"_links":{"self":[{"href":"https:\/\/www.nakee.spa\/fr\/wp-json\/wp\/v2\/product\/6323","targetHints":{"allow":["GET"]}}],"collection":[{"href":"https:\/\/www.nakee.spa\/fr\/wp-json\/wp\/v2\/product"}],"about":[{"href":"https:\/\/www.nakee.spa\/fr\/wp-json\/wp\/v2\/types\/product"}],"wp:featuredmedia":[{"embeddable":true,"href":"https:\/\/www.nakee.spa\/fr\/wp-json\/wp\/v2\/media\/961"}],"wp:attachment":[{"href":"https:\/\/www.nakee.spa\/fr\/wp-json\/wp\/v2\/media?parent=6323"}],"wp:term":[{"taxonomy":"product_brand","embeddable":true,"href":"https:\/\/www.nakee.spa\/fr\/wp-json\/wp\/v2\/product_brand?post=6323"},{"taxonomy":"product_cat","embeddable":true,"href":"https:\/\/www.nakee.spa\/fr\/wp-json\/wp\/v2\/product_cat?post=6323"},{"taxonomy":"product_tag","embeddable":true,"href":"https:\/\/www.nakee.spa\/fr\/wp-json\/wp\/v2\/product_tag?post=6323"}],"curies":[{"name":"wp","href":"https:\/\/api.w.org\/{rel}","templated":true}]}}