{"id":6377,"date":"2024-07-11T08:49:55","date_gmt":"2024-07-11T08:49:55","guid":{"rendered":"https:\/\/www.nakee.spa\/product\/massage-thailandais-profond\/"},"modified":"2025-11-14T01:32:40","modified_gmt":"2025-11-13T18:32:40","slug":"massage-thailandais-profond","status":"publish","type":"product","link":"https:\/\/www.nakee.spa\/fr\/produit\/massage-thailandais-profond\/","title":{"rendered":"Massage des tissus profonds"},"content":{"rendered":"<h3>Qu&rsquo;est-ce que le massage tha\u00eflandais profond ?<\/h3>\n<p>Le massage tha\u00eflandais profond est une technique th\u00e9rapeutique qui combine le massage tha\u00eflandais traditionnel et la manipulation des tissus profonds. Ce massage cible les couches profondes des muscles et du tissu conjonctif en utilisant des mouvements lents et profonds et une pression soutenue. Il est con\u00e7u pour soulager les tensions s\u00e9v\u00e8res, am\u00e9liorer la flexibilit\u00e9 et promouvoir la sant\u00e9 musculaire globale.  <\/p>\n<h3>Les bienfaits du massage tha\u00eflandais en profondeur<\/h3>\n<ol>\n<li><strong>Soulagement de la douleur<\/strong>: Soulage les douleurs et les tensions musculaires chroniques.<\/li>\n<li><strong>Am\u00e9lioration de la flexibilit\u00e9<\/strong>: Am\u00e9liore la souplesse des muscles et des articulations.<\/li>\n<li><strong>R\u00e9cup\u00e9ration des blessures<\/strong>: Aide \u00e0 la r\u00e9cup\u00e9ration des blessures musculaires.<\/li>\n<li><strong>R\u00e9duction du stress<\/strong>: R\u00e9duit le stress et favorise la relaxation.<\/li>\n<li><strong>Am\u00e9lioration de la circulation<\/strong>: Am\u00e9liore la circulation sanguine et r\u00e9duit l&rsquo;inflammation.<\/li>\n<li><strong>Correction de la posture<\/strong>: Aide \u00e0 corriger les probl\u00e8mes de posture en rel\u00e2chant les tensions musculaires.<\/li>\n<\/ol>\n<h3>Pourquoi choisir le massage tha\u00eflandais avec tissus profonds ?<\/h3>\n<p>Choisissez le Deep Tissue Thai Massage pour sa combinaison unique de techniques de tissus profonds et d&rsquo;\u00e9tirements traditionnels tha\u00eflandais. Ce massage est id\u00e9al pour les personnes souffrant de douleurs chroniques, de tensions musculaires ou qui se remettent d&rsquo;une blessure. Il est \u00e9galement b\u00e9n\u00e9fique pour les athl\u00e8tes et les personnes tr\u00e8s stress\u00e9es.  <\/p>\n<h3>Suggestions<\/h3>\n<ul>\n<li>Convient aux personnes souffrant de tensions et de douleurs musculaires chroniques.<\/li>\n<li>Id\u00e9al pour les athl\u00e8tes ou les personnes actives.<\/li>\n<li>B\u00e9n\u00e9fique pour la r\u00e9cup\u00e9ration apr\u00e8s une blessure et la r\u00e9duction du stress.<\/li>\n<\/ul>\n<h3>Faites l&rsquo;exp\u00e9rience d&rsquo;un massage tha\u00eflandais en profondeur \u00e0 Nakee Massage &amp; Spa<\/h3>\n<p>Faites l&rsquo;exp\u00e9rience du meilleur massage tha\u00eflandais profond chez Nakee Massage &amp; Spa. Nos th\u00e9rapeutes qualifi\u00e9s utilisent une combinaison de pressions profondes et de techniques d&rsquo;\u00e9tirement tha\u00ef pour vous offrir une exp\u00e9rience th\u00e9rapeutique et relaxante. Que vous souffriez de douleurs chroniques, que vous vous remettiez d&rsquo;une blessure ou que vous cherchiez simplement \u00e0 soulager votre stress, notre massage tha\u00eflandais profond est con\u00e7u pour r\u00e9pondre \u00e0 vos besoins.  <\/p>\n","protected":false},"excerpt":{"rendered":"<p>Le massage tha\u00eflandais profond combine des techniques de pression profonde et des \u00e9tirements tha\u00eflandais traditionnels pour soulager les douleurs chroniques, am\u00e9liorer la flexibilit\u00e9 et renforcer la sant\u00e9 musculaire.<\/p>\n","protected":false},"featured_media":13016,"template":"","meta":{"_acf_changed":false,"wds_primary_product_brand":0,"wds_primary_product_cat":0},"product_brand":[],"product_cat":[179],"product_tag":[674,670,677,675,665,679,672,671,872,781,666,673,749,678,768,676,669,667,833,668],"class_list":{"0":"post-6377","1":"product","2":"type-product","3":"status-publish","4":"has-post-thumbnail","6":"product_cat-massages-fr","7":"product_tag-le-meilleur-massage-pres-de-chez-moi","8":"product_tag-koh-samui-thai-massage-fr","9":"product_tag-le-meilleur-massage-a-koh-samui","10":"product_tag-massage-a-koh-samui-fr","11":"product_tag-massage-a-koh-samui","12":"product_tag-massage-a-koh-samui-thailande","13":"product_tag-massage-complet","14":"product_tag-massage-corporel-koh-samui","15":"product_tag-massage-thai-a-bo-phut","16":"product_tag-massage-thai-a-choengmon","17":"product_tag-massage-thailandais-a-koh-samui","18":"product_tag-massage-thailandais-pres-de-chez-moi","19":"product_tag-meilleur-massage-a-bo-phut","20":"product_tag-meilleur-massage-a-chaweng","21":"product_tag-meilleur-massage-a-choengmon","22":"product_tag-meilleur-massage-chaweng","23":"product_tag-meilleur-massage-koh-samui","24":"product_tag-prix-des-massages-a-koh-samui","25":"product_tag-salon-de-massage","26":"product_tag-salon-de-massage-de-koh-samui","27":"pa_duration-120-minutes-fr","28":"pa_duration-60-minutes-fr","29":"pa_duration-90-minutes-fr","30":"pa_massage-massage-thailandais","31":"pa_menu-category-travail-corporel-specialise","32":"pa_types-soulagement-des-douleurs-musculaires","34":"first","35":"instock","36":"shipping-taxable","37":"purchasable","38":"product-type-variable"},"acf":[],"_links":{"self":[{"href":"https:\/\/www.nakee.spa\/fr\/wp-json\/wp\/v2\/product\/6377","targetHints":{"allow":["GET"]}}],"collection":[{"href":"https:\/\/www.nakee.spa\/fr\/wp-json\/wp\/v2\/product"}],"about":[{"href":"https:\/\/www.nakee.spa\/fr\/wp-json\/wp\/v2\/types\/product"}],"wp:featuredmedia":[{"embeddable":true,"href":"https:\/\/www.nakee.spa\/fr\/wp-json\/wp\/v2\/media\/13016"}],"wp:attachment":[{"href":"https:\/\/www.nakee.spa\/fr\/wp-json\/wp\/v2\/media?parent=6377"}],"wp:term":[{"taxonomy":"product_brand","embeddable":true,"href":"https:\/\/www.nakee.spa\/fr\/wp-json\/wp\/v2\/product_brand?post=6377"},{"taxonomy":"product_cat","embeddable":true,"href":"https:\/\/www.nakee.spa\/fr\/wp-json\/wp\/v2\/product_cat?post=6377"},{"taxonomy":"product_tag","embeddable":true,"href":"https:\/\/www.nakee.spa\/fr\/wp-json\/wp\/v2\/product_tag?post=6377"}],"curies":[{"name":"wp","href":"https:\/\/api.w.org\/{rel}","templated":true}]}}