{"id":6547,"date":"2024-07-06T09:20:12","date_gmt":"2024-07-06T09:20:12","guid":{"rendered":"https:\/\/www.nakee.spa\/product\/massage-des-pieds\/"},"modified":"2025-11-14T01:13:27","modified_gmt":"2025-11-13T18:13:27","slug":"massage-des-pieds","status":"publish","type":"product","link":"https:\/\/www.nakee.spa\/fr\/produit\/massage-des-pieds\/","title":{"rendered":"Massage des pieds"},"content":{"rendered":"<h3>Qu&rsquo;est-ce que le massage des pieds ?<\/h3>\n<p>Le massage des pieds, \u00e9galement connu sous le nom de r\u00e9flexologie, consiste \u00e0 exercer une pression sur des points sp\u00e9cifiques des pieds correspondant \u00e0 diff\u00e9rentes parties du corps. Cette pratique th\u00e9rapeutique vise \u00e0 promouvoir la sant\u00e9 et le bien-\u00eatre en stimulant ces points r\u00e9flexes, dont on pense qu&rsquo;ils affectent divers organes et syst\u00e8mes. Le massage des pieds peut \u00eatre profond\u00e9ment relaxant et rajeunissant, offrant des avantages \u00e0 la fois physiques et mentaux.  <\/p>\n<h3>Les bienfaits du massage des pieds<\/h3>\n<ol>\n<li><strong>Soulage le stress<\/strong>: R\u00e9duit le stress et favorise la relaxation.<\/li>\n<li><strong>Am\u00e9liore la circulation<\/strong>: Am\u00e9liore la circulation sanguine et lymphatique.<\/li>\n<li><strong>Soulage la douleur<\/strong>: soulage la douleur et l&rsquo;inconfort des pieds et de la partie inf\u00e9rieure des jambes.<\/li>\n<li><strong>Booste l&rsquo;\u00e9nergie<\/strong>: Augmente les niveaux d&rsquo;\u00e9nergie et r\u00e9duit la fatigue.<\/li>\n<li><strong>Favorise le sommeil<\/strong>: Am\u00e9liore la qualit\u00e9 et la dur\u00e9e du sommeil.<\/li>\n<li><strong>Am\u00e9liore l&rsquo;humeur<\/strong>: am\u00e9liore l&rsquo;humeur et r\u00e9duit l&rsquo;anxi\u00e9t\u00e9.<\/li>\n<\/ol>\n<h3>Pourquoi choisir le massage des pieds ?<\/h3>\n<p>Choisissez le massage des pieds pour ses bienfaits sur la sant\u00e9 qui s&rsquo;\u00e9tendent au-del\u00e0 des pieds. Cette pratique permet non seulement de soulager les douleurs et l&rsquo;inconfort des pieds, mais aussi de favoriser le bien-\u00eatre g\u00e9n\u00e9ral en stimulant les points r\u00e9flexes qui correspondent aux diff\u00e9rents syst\u00e8mes de l&rsquo;organisme. C&rsquo;est un excellent choix pour ceux qui recherchent une approche holistique de la sant\u00e9 et de la relaxation.  <\/p>\n<h3>Suggestions<\/h3>\n<ul>\n<li>Id\u00e9al pour les personnes souffrant de douleurs aux pieds, de fasciite plantaire ou de pieds fatigu\u00e9s.<\/li>\n<li>Convient \u00e0 ceux qui cherchent \u00e0 soulager le stress et \u00e0 am\u00e9liorer leur sommeil.<\/li>\n<li>B\u00e9n\u00e9fique pour am\u00e9liorer la circulation et les niveaux d&rsquo;\u00e9nergie globaux.<\/li>\n<\/ul>\n<h3>Faites l&rsquo;exp\u00e9rience d&rsquo;un massage des pieds \u00e0 Nakee Massage &amp; Spa<\/h3>\n<p>Chez Nakee Massage &amp; Spa, nos th\u00e9rapeutes qualifi\u00e9s vous offrent le meilleur et le plus authentique des massages de pieds. En utilisant des techniques traditionnelles de r\u00e9flexologie, ils stimulent des points sp\u00e9cifiques de vos pieds pour promouvoir la sant\u00e9 et la relaxation dans tout votre corps. Profitez d&rsquo;une exp\u00e9rience profond\u00e9ment relaxante et rajeunissante dans l&rsquo;environnement serein de notre spa, qui vous laissera rafra\u00eechi et revitalis\u00e9.  <\/p>\n<p>&nbsp;<\/p>\n","protected":false},"excerpt":{"rendered":"<p>Le massage des pieds stimule les points r\u00e9flexes des pieds afin de soulager le stress, d&rsquo;am\u00e9liorer la circulation et d&rsquo;accro\u00eetre le bien-\u00eatre g\u00e9n\u00e9ral.<\/p>\n<p>&nbsp;<\/p>\n","protected":false},"featured_media":13006,"template":"","meta":{"_acf_changed":false,"wds_primary_product_brand":0,"wds_primary_product_cat":0},"product_brand":[],"product_cat":[179],"product_tag":[674,670,677,675,665,679,672,671,872,781,666,673,749,678,768,676,669,667,833,668],"class_list":{"0":"post-6547","1":"product","2":"type-product","3":"status-publish","4":"has-post-thumbnail","6":"product_cat-massages-fr","7":"product_tag-le-meilleur-massage-pres-de-chez-moi","8":"product_tag-koh-samui-thai-massage-fr","9":"product_tag-le-meilleur-massage-a-koh-samui","10":"product_tag-massage-a-koh-samui-fr","11":"product_tag-massage-a-koh-samui","12":"product_tag-massage-a-koh-samui-thailande","13":"product_tag-massage-complet","14":"product_tag-massage-corporel-koh-samui","15":"product_tag-massage-thai-a-bo-phut","16":"product_tag-massage-thai-a-choengmon","17":"product_tag-massage-thailandais-a-koh-samui","18":"product_tag-massage-thailandais-pres-de-chez-moi","19":"product_tag-meilleur-massage-a-bo-phut","20":"product_tag-meilleur-massage-a-chaweng","21":"product_tag-meilleur-massage-a-choengmon","22":"product_tag-meilleur-massage-chaweng","23":"product_tag-meilleur-massage-koh-samui","24":"product_tag-prix-des-massages-a-koh-samui","25":"product_tag-salon-de-massage","26":"product_tag-salon-de-massage-de-koh-samui","27":"pa_duration-120-minutes-fr","28":"pa_duration-60-minutes-fr","29":"pa_duration-90-minutes-fr","30":"pa_massage-massage-a-lhuile","31":"pa_menu-category-therapies-traditionnelles-thailandaises","32":"pa_types-detente-et-calme","34":"first","35":"instock","36":"shipping-taxable","37":"purchasable","38":"product-type-variable"},"acf":[],"_links":{"self":[{"href":"https:\/\/www.nakee.spa\/fr\/wp-json\/wp\/v2\/product\/6547","targetHints":{"allow":["GET"]}}],"collection":[{"href":"https:\/\/www.nakee.spa\/fr\/wp-json\/wp\/v2\/product"}],"about":[{"href":"https:\/\/www.nakee.spa\/fr\/wp-json\/wp\/v2\/types\/product"}],"wp:featuredmedia":[{"embeddable":true,"href":"https:\/\/www.nakee.spa\/fr\/wp-json\/wp\/v2\/media\/13006"}],"wp:attachment":[{"href":"https:\/\/www.nakee.spa\/fr\/wp-json\/wp\/v2\/media?parent=6547"}],"wp:term":[{"taxonomy":"product_brand","embeddable":true,"href":"https:\/\/www.nakee.spa\/fr\/wp-json\/wp\/v2\/product_brand?post=6547"},{"taxonomy":"product_cat","embeddable":true,"href":"https:\/\/www.nakee.spa\/fr\/wp-json\/wp\/v2\/product_cat?post=6547"},{"taxonomy":"product_tag","embeddable":true,"href":"https:\/\/www.nakee.spa\/fr\/wp-json\/wp\/v2\/product_tag?post=6547"}],"curies":[{"name":"wp","href":"https:\/\/api.w.org\/{rel}","templated":true}]}}