{"id":6575,"date":"2024-07-06T11:01:51","date_gmt":"2024-07-06T11:01:51","guid":{"rendered":"https:\/\/www.nakee.spa\/product\/forfait-bonheur-exotique\/"},"modified":"2025-11-14T11:56:55","modified_gmt":"2025-11-14T04:56:55","slug":"forfait-bonheur-exotique","status":"publish","type":"product","link":"https:\/\/www.nakee.spa\/fr\/produit\/forfait-bonheur-exotique\/","title":{"rendered":"Forfait bonheur exotique"},"content":{"rendered":"<h3>Qu&rsquo;est-ce que le forfait Exotic Bliss ?<\/h3>\n<p>Le forfait Exotic Bliss combine le meilleur des deux mondes : un authentique massage tha\u00eflandais et un massage apaisant \u00e0 l&rsquo;huile de coco. Ce forfait unique offre une approche holistique de la relaxation et du rajeunissement. <\/p>\n<h3>Avantages du forfait Exotic Bliss<\/h3>\n<p>Le massage tha\u00eflandais fait appel \u00e0 des techniques traditionnelles pour am\u00e9liorer la souplesse, soulager les tensions musculaires et favoriser le bien-\u00eatre g\u00e9n\u00e9ral. Le massage \u00e0 l&rsquo;huile de coco, qui utilise de l&rsquo;huile de coco artisanale 100 % naturelle de Koh Samui, hydrate la peau, favorise la relaxation et vous laisse une sensation de fra\u00eecheur et de revitalisation. <\/p>\n<h3>Pourquoi choisir le forfait Exotic Bliss ?<\/h3>\n<p>En choisissant le forfait Exotic Bliss, vous vous assurez d&rsquo;exp\u00e9rimenter le meilleur des pratiques authentiques de bien-\u00eatre tha\u00eflandais. La combinaison du massage tha\u00eflandais et du massage \u00e0 l&rsquo;huile de coco apporte non seulement un soulagement physique, mais favorise \u00e9galement la relaxation mentale, ce qui en fait le choix id\u00e9al pour une exp\u00e9rience compl\u00e8te et rajeunissante \u00e0 Nakee Massage &amp; Spa. <\/p>\n<p><strong>\u00c0 propos de l&rsquo;huile de noix de coco Nakee<\/strong>: Notre huile de coco sp\u00e9ciale est fabriqu\u00e9e \u00e0 partir de noix de coco cultiv\u00e9es sur l&rsquo;\u00eele de Koh Samui. Cette huile de noix de coco biologique vierge, 100% naturelle et faite maison, vous garantit une exp\u00e9rience pure et authentique. Son parfum agr\u00e9able favorise la relaxation et rend votre massage encore plus agr\u00e9able.  <\/p>\n<p>Faites l&rsquo;exp\u00e9rience du summum de la relaxation avec notre forfait Exotic Bliss, o\u00f9 l&rsquo;authenticit\u00e9 rencontre le luxe pour votre bien-\u00eatre.<\/p>\n","protected":false},"excerpt":{"rendered":"<p>D\u00e9couvrez le meilleur des deux mondes avec notre forfait Exotic Bliss, un m\u00e9lange parfait de massage tha\u00eflandais authentique et de massage \u00e0 l&rsquo;huile de coco. Cette combinaison unique offre une exp\u00e9rience profond\u00e9ment relaxante, gr\u00e2ce aux techniques tha\u00eflandaises traditionnelles et aux bienfaits apaisants de l&rsquo;huile de noix de coco 100 % naturelle et artisanale de Koh Samui. Am\u00e9liorez votre bien-\u00eatre et rajeunissez votre corps gr\u00e2ce \u00e0 la meilleure formule de massage authentique. Faites l&rsquo;exp\u00e9rience de la relaxation ultime et sentez la diff\u00e9rence avec le forfait Exotic Bliss de Nakee Massage &amp; Spa.   <\/p>\n","protected":false},"featured_media":908,"template":"","meta":{"_acf_changed":false,"wds_primary_product_brand":0,"wds_primary_product_cat":0},"product_brand":[],"product_cat":[459],"product_tag":[674,670,677,665,675,679,672,671,872,781,666,673,749,678,768,676,669,667,833,668],"class_list":{"0":"post-6575","1":"product","2":"type-product","3":"status-publish","4":"has-post-thumbnail","6":"product_cat-forfaits","7":"product_tag-le-meilleur-massage-pres-de-chez-moi","8":"product_tag-koh-samui-thai-massage-fr","9":"product_tag-le-meilleur-massage-a-koh-samui","10":"product_tag-massage-a-koh-samui","11":"product_tag-massage-a-koh-samui-fr","12":"product_tag-massage-a-koh-samui-thailande","13":"product_tag-massage-complet","14":"product_tag-massage-corporel-koh-samui","15":"product_tag-massage-thai-a-bo-phut","16":"product_tag-massage-thai-a-choengmon","17":"product_tag-massage-thailandais-a-koh-samui","18":"product_tag-massage-thailandais-pres-de-chez-moi","19":"product_tag-meilleur-massage-a-bo-phut","20":"product_tag-meilleur-massage-a-chaweng","21":"product_tag-meilleur-massage-a-choengmon","22":"product_tag-meilleur-massage-chaweng","23":"product_tag-meilleur-massage-koh-samui","24":"product_tag-prix-des-massages-a-koh-samui","25":"product_tag-salon-de-massage","26":"product_tag-salon-de-massage-de-koh-samui","27":"pa_duration-120-minutes-fr","28":"pa_duration-60-minutes-fr","29":"pa_massage-huile-de-coco","30":"pa_massage-massage-thailandais","31":"pa_menu-category-huile-aroma-relaxation","32":"pa_types-stretch-et-style-thailandais","34":"first","35":"instock","36":"shipping-taxable","37":"purchasable","38":"product-type-variable"},"acf":[],"_links":{"self":[{"href":"https:\/\/www.nakee.spa\/fr\/wp-json\/wp\/v2\/product\/6575","targetHints":{"allow":["GET"]}}],"collection":[{"href":"https:\/\/www.nakee.spa\/fr\/wp-json\/wp\/v2\/product"}],"about":[{"href":"https:\/\/www.nakee.spa\/fr\/wp-json\/wp\/v2\/types\/product"}],"wp:featuredmedia":[{"embeddable":true,"href":"https:\/\/www.nakee.spa\/fr\/wp-json\/wp\/v2\/media\/908"}],"wp:attachment":[{"href":"https:\/\/www.nakee.spa\/fr\/wp-json\/wp\/v2\/media?parent=6575"}],"wp:term":[{"taxonomy":"product_brand","embeddable":true,"href":"https:\/\/www.nakee.spa\/fr\/wp-json\/wp\/v2\/product_brand?post=6575"},{"taxonomy":"product_cat","embeddable":true,"href":"https:\/\/www.nakee.spa\/fr\/wp-json\/wp\/v2\/product_cat?post=6575"},{"taxonomy":"product_tag","embeddable":true,"href":"https:\/\/www.nakee.spa\/fr\/wp-json\/wp\/v2\/product_tag?post=6575"}],"curies":[{"name":"wp","href":"https:\/\/api.w.org\/{rel}","templated":true}]}}