{"id":6617,"date":"2024-07-09T09:57:58","date_gmt":"2024-07-09T09:57:58","guid":{"rendered":"https:\/\/www.nakee.spa\/product\/paquet-de-soins-a-laloe-vera\/"},"modified":"2025-11-14T01:24:14","modified_gmt":"2025-11-13T18:24:14","slug":"paquet-de-soins-a-laloe-vera","status":"publish","type":"product","link":"https:\/\/www.nakee.spa\/fr\/produit\/paquet-de-soins-a-laloe-vera\/","title":{"rendered":"Paquet de soins \u00e0 l&rsquo;aloe vera"},"content":{"rendered":"<p><strong>Qu&rsquo;est-ce que le forfait Aloe Vera Touch ?<\/strong>  Le forfait Aloe Vera Touch est un m\u00e9lange unique de notre meilleur massage tha\u00eflandais authentique et du massage rajeunissant \u00e0 l&rsquo;Aloe Vera. Cette s\u00e9ance de 60 minutes associe les techniques tha\u00eflandaises traditionnelles aux propri\u00e9t\u00e9s apaisantes de l&rsquo;Aloe Vera pour vous offrir une exp\u00e9rience de relaxation et de gu\u00e9rison compl\u00e8te. <\/p>\n<p><strong>Avantages du forfait Aloe Vera Touch<\/strong><\/p>\n<ul>\n<li><strong>Relaxation profonde<\/strong>: La combinaison des \u00e9tirements et de l&rsquo;acupression du massage tha\u00eflandais avec l&rsquo;effet rafra\u00eechissant de l&rsquo;aloe vera aide \u00e0 d\u00e9tendre profond\u00e9ment vos muscles et votre esprit.<\/li>\n<li><strong>Rajeunissement de la peau<\/strong>: L&rsquo;aloe vera est r\u00e9put\u00e9 pour ses propri\u00e9t\u00e9s apaisantes et hydratantes, ce qui rend cet ensemble parfait pour revitaliser votre peau.<\/li>\n<li><strong>Soulagement du stress<\/strong>: Les propri\u00e9t\u00e9s th\u00e9rapeutiques du massage tha\u00eflandais combin\u00e9es \u00e0 la gu\u00e9rison naturelle de l&rsquo;aloe vera contribuent \u00e0 r\u00e9duire le stress et \u00e0 promouvoir le bien-\u00eatre g\u00e9n\u00e9ral.<\/li>\n<\/ul>\n<p><strong>Pourquoi choisir le forfait Aloe Vera Touch ?<\/strong>  Faites l&rsquo;exp\u00e9rience du meilleur des deux mondes avec le forfait Aloe Vera Touch. Il est parfait pour ceux qui recherchent une approche authentique et holistique de la relaxation et du rajeunissement. Les bienfaits naturels de l&rsquo;aloe vera combin\u00e9s \u00e0 l&rsquo;expertise de nos massoth\u00e9rapeutes tha\u00eflandais vous garantissent une exp\u00e9rience unique et revitalisante.  <\/p>\n<p><strong>Suggestion<\/strong> Essayez ce forfait si vous voulez offrir \u00e0 votre corps l&rsquo;ultime exp\u00e9rience de relaxation et de rajeunissement de la peau, qui vous laissera une sensation de fra\u00eecheur et de revitalisation.<\/p>\n","protected":false},"excerpt":{"rendered":"<p>Faites l&rsquo;exp\u00e9rience du meilleur de la relaxation avec notre authentique forfait Aloe Vera Touch. Ce traitement associe les bienfaits th\u00e9rapeutiques du massage tha\u00eflandais aux propri\u00e9t\u00e9s apaisantes du massage \u00e0 l&rsquo;aloe vera. Parfait pour rajeunir votre peau et soulager le stress, le forfait Aloe Vera Touch propose des s\u00e9ances de 60 minutes et de 120 minutes. Profitez d&rsquo;une relaxation musculaire profonde, d&rsquo;une meilleure hydratation de la peau et d&rsquo;une exp\u00e9rience holistique unique qui associe les techniques tha\u00eflandaises traditionnelles aux vertus curatives de l&rsquo;aloe vera. Choisissez ce forfait pour un rajeunissement ultime et une exp\u00e9rience spa tha\u00eflandaise authentique.    <\/p>\n","protected":false},"featured_media":912,"template":"","meta":{"_acf_changed":false,"wds_primary_product_brand":0,"wds_primary_product_cat":0},"product_brand":[],"product_cat":[459],"product_tag":[674,670,677,675,665,679,672,671,872,781,666,673,749,678,768,676,669,667,833,668],"class_list":{"0":"post-6617","1":"product","2":"type-product","3":"status-publish","4":"has-post-thumbnail","6":"product_cat-forfaits","7":"product_tag-le-meilleur-massage-pres-de-chez-moi","8":"product_tag-koh-samui-thai-massage-fr","9":"product_tag-le-meilleur-massage-a-koh-samui","10":"product_tag-massage-a-koh-samui-fr","11":"product_tag-massage-a-koh-samui","12":"product_tag-massage-a-koh-samui-thailande","13":"product_tag-massage-complet","14":"product_tag-massage-corporel-koh-samui","15":"product_tag-massage-thai-a-bo-phut","16":"product_tag-massage-thai-a-choengmon","17":"product_tag-massage-thailandais-a-koh-samui","18":"product_tag-massage-thailandais-pres-de-chez-moi","19":"product_tag-meilleur-massage-a-bo-phut","20":"product_tag-meilleur-massage-a-chaweng","21":"product_tag-meilleur-massage-a-choengmon","22":"product_tag-meilleur-massage-chaweng","23":"product_tag-meilleur-massage-koh-samui","24":"product_tag-prix-des-massages-a-koh-samui","25":"product_tag-salon-de-massage","26":"product_tag-salon-de-massage-de-koh-samui","27":"pa_duration-120-minutes-fr","28":"pa_duration-60-minutes-fr","29":"pa_massage-aloe-vera-fr","30":"pa_massage-massage-thailandais","31":"pa_menu-category-soins-apres-soleil","32":"pa_types-stretch-et-style-thailandais","34":"first","35":"instock","36":"shipping-taxable","37":"purchasable","38":"product-type-variable"},"acf":[],"_links":{"self":[{"href":"https:\/\/www.nakee.spa\/fr\/wp-json\/wp\/v2\/product\/6617","targetHints":{"allow":["GET"]}}],"collection":[{"href":"https:\/\/www.nakee.spa\/fr\/wp-json\/wp\/v2\/product"}],"about":[{"href":"https:\/\/www.nakee.spa\/fr\/wp-json\/wp\/v2\/types\/product"}],"wp:featuredmedia":[{"embeddable":true,"href":"https:\/\/www.nakee.spa\/fr\/wp-json\/wp\/v2\/media\/912"}],"wp:attachment":[{"href":"https:\/\/www.nakee.spa\/fr\/wp-json\/wp\/v2\/media?parent=6617"}],"wp:term":[{"taxonomy":"product_brand","embeddable":true,"href":"https:\/\/www.nakee.spa\/fr\/wp-json\/wp\/v2\/product_brand?post=6617"},{"taxonomy":"product_cat","embeddable":true,"href":"https:\/\/www.nakee.spa\/fr\/wp-json\/wp\/v2\/product_cat?post=6617"},{"taxonomy":"product_tag","embeddable":true,"href":"https:\/\/www.nakee.spa\/fr\/wp-json\/wp\/v2\/product_tag?post=6617"}],"curies":[{"name":"wp","href":"https:\/\/api.w.org\/{rel}","templated":true}]}}