{"id":6708,"date":"2024-07-09T10:55:21","date_gmt":"2024-07-09T10:55:21","guid":{"rendered":"https:\/\/www.nakee.spa\/product\/forfait-harmonie-des-plantes\/"},"modified":"2025-11-14T01:26:44","modified_gmt":"2025-11-13T18:26:44","slug":"forfait-harmonie-des-plantes","status":"publish","type":"product","link":"https:\/\/www.nakee.spa\/fr\/produit\/forfait-harmonie-des-plantes\/","title":{"rendered":"Forfait Harmonie des plantes"},"content":{"rendered":"<p><strong>D\u00e9couvrez le meilleur du bien-\u00eatre tha\u00eflandais avec notre forfait Herbal Harmony, un m\u00e9lange parfait de massage aux compresses d&rsquo;herbes authentiques et des bienfaits apaisants de l&rsquo;huile de noix de coco.<\/strong><\/p>\n<h4>Qu&rsquo;est-ce que Herbal Harmony ?<\/h4>\n<p>Ce forfait associe le pouvoir th\u00e9rapeutique de la traditionnelle compresse tha\u00eflandaise aux propri\u00e9t\u00e9s hydratantes et relaxantes du massage \u00e0 l&rsquo;huile de coco. La compresse aux herbes, remplie d&rsquo;herbes tha\u00eflandaises, est pass\u00e9e \u00e0 la vapeur et appliqu\u00e9e sur le corps, ce qui favorise la relaxation, r\u00e9duit le stress et soulage les tensions musculaires. Suivie d&rsquo;un luxueux massage \u00e0 l&rsquo;huile de coco, elle nourrit la peau et apaise l&rsquo;esprit.  <\/p>\n<h4>Les bienfaits de Herbal Harmony :<\/h4>\n<ul>\n<li><strong>Relaxation profonde<\/strong>: La chaleur de la compresse aux herbes et l&rsquo;huile de coco apaisante agissent ensemble pour faire fondre les tensions.<\/li>\n<li><strong>Soulagement musculaire<\/strong>: Parfait pour soulager les douleurs chroniques et les raideurs musculaires.<\/li>\n<li><strong>Soins de la peau am\u00e9lior\u00e9s<\/strong>: L&rsquo;huile de coco hydrate en profondeur, laissant votre peau douce et hydrat\u00e9e.<\/li>\n<li><strong>R\u00e9duction du stress<\/strong>: La th\u00e9rapie combin\u00e9e favorise le bien-\u00eatre g\u00e9n\u00e9ral, en r\u00e9duisant le stress et l&rsquo;anxi\u00e9t\u00e9.<\/li>\n<\/ul>\n<h4>Pourquoi choisir Herbal Harmony ?<\/h4>\n<p>Ce forfait est id\u00e9al pour ceux qui recherchent une exp\u00e9rience immersive de bien-\u00eatre tha\u00eflandais. Il combine la chaleur th\u00e9rapeutique et les bienfaits des plantes de la compresse avec le toucher nourrissant de l&rsquo;huile de coco, procurant un sentiment de relaxation et de rajeunissement in\u00e9gal\u00e9. <\/p>\n<p><strong>\u00c0 propos de l&rsquo;huile de noix de coco Nakee<\/strong>: Notre huile de coco sp\u00e9ciale est fabriqu\u00e9e \u00e0 partir de noix de coco cultiv\u00e9es sur l&rsquo;\u00eele de Koh Samui. Cette huile de noix de coco biologique vierge, 100% naturelle et faite maison, vous garantit une exp\u00e9rience pure et authentique. Son parfum agr\u00e9able favorise la relaxation et rend votre massage encore plus agr\u00e9able.  <\/p>\n<p><strong>Nos compresses d&rsquo;herbes tha\u00eflandaises<\/strong>: Les compresses d&rsquo;herbes tha\u00efes utilisent souvent un m\u00e9lange sp\u00e9cifique d&rsquo;herbes originaires de Tha\u00eflande, telles que la citronnelle, le curcuma, le citron vert et le tamarin, que l&rsquo;on ne trouve pas couramment dans les compresses d&rsquo;herbes d&rsquo;autres pays.<\/p>\n<p>D\u00e9couvrez le meilleur et le plus authentique des bien-\u00eatre tha\u00eflandais avec notre forfait Herbal Harmony, con\u00e7u pour offrir une relaxation et un rajeunissement ultimes.<\/p>\n","protected":false},"excerpt":{"rendered":"<p>D\u00e9couvrez le meilleur de l&rsquo;authentique massage tha\u00eflandais avec notre forfait Herbal Harmony, qui associe des compresses d&rsquo;herbes et de l&rsquo;huile de coco nourrissante. Cette s\u00e9ance de 60 ou 120 minutes soulage les tensions musculaires, am\u00e9liore la circulation et r\u00e9duit le stress. Les compresses d&rsquo;herbes chauff\u00e9es lib\u00e8rent une chaleur et des ar\u00f4mes th\u00e9rapeutiques, tandis que le massage \u00e0 l&rsquo;huile de coco hydrate la peau en profondeur et favorise la relaxation.  <\/p>\n","protected":false},"featured_media":0,"template":"","meta":{"_acf_changed":false,"wds_primary_product_brand":0,"wds_primary_product_cat":0},"product_brand":[],"product_cat":[459],"product_tag":[674,670,677,665,675,679,672,671,872,781,666,673,749,678,768,676,669,667,833,668],"class_list":{"0":"post-6708","1":"product","2":"type-product","3":"status-publish","5":"product_cat-forfaits","6":"product_tag-le-meilleur-massage-pres-de-chez-moi","7":"product_tag-koh-samui-thai-massage-fr","8":"product_tag-le-meilleur-massage-a-koh-samui","9":"product_tag-massage-a-koh-samui","10":"product_tag-massage-a-koh-samui-fr","11":"product_tag-massage-a-koh-samui-thailande","12":"product_tag-massage-complet","13":"product_tag-massage-corporel-koh-samui","14":"product_tag-massage-thai-a-bo-phut","15":"product_tag-massage-thai-a-choengmon","16":"product_tag-massage-thailandais-a-koh-samui","17":"product_tag-massage-thailandais-pres-de-chez-moi","18":"product_tag-meilleur-massage-a-bo-phut","19":"product_tag-meilleur-massage-a-chaweng","20":"product_tag-meilleur-massage-a-choengmon","21":"product_tag-meilleur-massage-chaweng","22":"product_tag-meilleur-massage-koh-samui","23":"product_tag-prix-des-massages-a-koh-samui","24":"product_tag-salon-de-massage","25":"product_tag-salon-de-massage-de-koh-samui","26":"pa_duration-120-minutes-fr","27":"pa_duration-60-minutes-fr","28":"pa_massage-compresses-dherbes","29":"pa_massage-huile-de-coco","31":"first","32":"instock","33":"shipping-taxable","34":"purchasable","35":"product-type-variable"},"acf":[],"_links":{"self":[{"href":"https:\/\/www.nakee.spa\/fr\/wp-json\/wp\/v2\/product\/6708","targetHints":{"allow":["GET"]}}],"collection":[{"href":"https:\/\/www.nakee.spa\/fr\/wp-json\/wp\/v2\/product"}],"about":[{"href":"https:\/\/www.nakee.spa\/fr\/wp-json\/wp\/v2\/types\/product"}],"wp:attachment":[{"href":"https:\/\/www.nakee.spa\/fr\/wp-json\/wp\/v2\/media?parent=6708"}],"wp:term":[{"taxonomy":"product_brand","embeddable":true,"href":"https:\/\/www.nakee.spa\/fr\/wp-json\/wp\/v2\/product_brand?post=6708"},{"taxonomy":"product_cat","embeddable":true,"href":"https:\/\/www.nakee.spa\/fr\/wp-json\/wp\/v2\/product_cat?post=6708"},{"taxonomy":"product_tag","embeddable":true,"href":"https:\/\/www.nakee.spa\/fr\/wp-json\/wp\/v2\/product_tag?post=6708"}],"curies":[{"name":"wp","href":"https:\/\/api.w.org\/{rel}","templated":true}]}}