{"id":6721,"date":"2024-07-09T11:30:24","date_gmt":"2024-07-09T11:30:24","guid":{"rendered":"https:\/\/www.nakee.spa\/product\/ensemble-pieds-rafraichis\/"},"modified":"2025-11-14T01:31:16","modified_gmt":"2025-11-13T18:31:16","slug":"ensemble-pieds-rafraichis","status":"publish","type":"product","link":"https:\/\/www.nakee.spa\/fr\/produit\/ensemble-pieds-rafraichis\/","title":{"rendered":"Ensemble pieds rafra\u00eechis"},"content":{"rendered":"<p><strong>Faites l&rsquo;exp\u00e9rience du meilleur soin des pieds avec notre forfait Refreshed Feet, une combinaison authentique d&rsquo;un gommage des pieds et d&rsquo;un massage des pieds de 60 minutes con\u00e7u pour rajeunir et revitaliser vos pieds.<\/strong><\/p>\n<h4>Qu&rsquo;est-ce que Refreshed Feet ?<\/h4>\n<p>Le forfait Refreshed Feet propose un traitement complet des pieds qui commence par un gommage revigorant pour exfolier et nettoyer vos pieds, en \u00e9liminant les cellules mortes et en laissant votre peau lisse et rafra\u00eechie. Il est suivi d&rsquo;un massage relaxant de 60 minutes qui cible les points de pression, soulage le stress et am\u00e9liore la circulation. <\/p>\n<h4>Les avantages des pieds rafra\u00eechis :<\/h4>\n<ul>\n<li><strong>D\u00e9tente ultime<\/strong>: Le massage des pieds aide \u00e0 soulager les tensions et favorise une relaxation profonde.<\/li>\n<li><strong>Am\u00e9lioration de la circulation<\/strong>: La stimulation des points de pression am\u00e9liore la circulation sanguine, r\u00e9duisant ainsi les gonflements et la fatigue.<\/li>\n<li><strong>Pieds doux et lisses<\/strong>: le gommage des pieds exfolie et rajeunit votre peau, la rendant douce et souple.<\/li>\n<li><strong>Soulagement du stress<\/strong>: Le massage th\u00e9rapeutique r\u00e9duit le stress et am\u00e9liore le bien-\u00eatre g\u00e9n\u00e9ral.<\/li>\n<\/ul>\n<h4>Pourquoi choisir Refreshed Feet ?<\/h4>\n<p>Ce forfait est parfait pour ceux qui recherchent une exp\u00e9rience compl\u00e8te de soins des pieds. La combinaison d&rsquo;un gommage des pieds et d&rsquo;un massage th\u00e9rapeutique des pieds permet de choyer et de d\u00e9tendre vos pieds de mani\u00e8re optimale, ce qui en fait le meilleur choix pour un soin authentique des pieds. <\/p>\n<p>Laissez-vous tenter par le forfait Refreshed Feet et offrez \u00e0 vos pieds les soins qu&rsquo;ils m\u00e9ritent. Parfait pour conserver des pieds sains et beaux et vous assurer de repartir avec une sensation de fra\u00eecheur et de rajeunissement. <\/p>\n","protected":false},"excerpt":{"rendered":"<p>Faites l&rsquo;exp\u00e9rience du nec plus ultra en mati\u00e8re de soins des pieds avec notre forfait \u00ab Pieds rafra\u00eechis \u00bb. Ce traitement associe un gommage rajeunissant des pieds \u00e0 un massage des pieds de 60 minutes, pour que vos pieds se sentent rafra\u00eechis et revitalis\u00e9s. Nos th\u00e9rapeutes qualifi\u00e9s utilisent les meilleures techniques pour exfolier et d\u00e9tendre vos pieds, vous laissant avec une peau lisse et douce et un sentiment de relaxation totale. Parfait pour soulager le stress et am\u00e9liorer la sant\u00e9 g\u00e9n\u00e9rale des pieds, ce forfait offre une exp\u00e9rience authentique et apaisante.   <\/p>\n<p>Id\u00e9al pour ceux qui recherchent le meilleur en mati\u00e8re de soins des pieds et de relaxation.<\/p>\n","protected":false},"featured_media":953,"template":"","meta":{"_acf_changed":false,"wds_primary_product_brand":0,"wds_primary_product_cat":0},"product_brand":[],"product_cat":[459],"product_tag":[674,670,677,665,675,679,672,671,872,781,666,673,749,678,768,676,669,667,833,668],"class_list":{"0":"post-6721","1":"product","2":"type-product","3":"status-publish","4":"has-post-thumbnail","6":"product_cat-forfaits","7":"product_tag-le-meilleur-massage-pres-de-chez-moi","8":"product_tag-koh-samui-thai-massage-fr","9":"product_tag-le-meilleur-massage-a-koh-samui","10":"product_tag-massage-a-koh-samui","11":"product_tag-massage-a-koh-samui-fr","12":"product_tag-massage-a-koh-samui-thailande","13":"product_tag-massage-complet","14":"product_tag-massage-corporel-koh-samui","15":"product_tag-massage-thai-a-bo-phut","16":"product_tag-massage-thai-a-choengmon","17":"product_tag-massage-thailandais-a-koh-samui","18":"product_tag-massage-thailandais-pres-de-chez-moi","19":"product_tag-meilleur-massage-a-bo-phut","20":"product_tag-meilleur-massage-a-chaweng","21":"product_tag-meilleur-massage-a-choengmon","22":"product_tag-meilleur-massage-chaweng","23":"product_tag-meilleur-massage-koh-samui","24":"product_tag-prix-des-massages-a-koh-samui","25":"product_tag-salon-de-massage","26":"product_tag-salon-de-massage-de-koh-samui","27":"pa_duration-90-minutes-fr","28":"pa_massage-gommage","29":"pa_menu-category-soins-du-corps-et-de-la-beaute","30":"pa_types-douceur-et-beaute","32":"first","33":"instock","34":"shipping-taxable","35":"purchasable","36":"product-type-variable"},"acf":[],"_links":{"self":[{"href":"https:\/\/www.nakee.spa\/fr\/wp-json\/wp\/v2\/product\/6721","targetHints":{"allow":["GET"]}}],"collection":[{"href":"https:\/\/www.nakee.spa\/fr\/wp-json\/wp\/v2\/product"}],"about":[{"href":"https:\/\/www.nakee.spa\/fr\/wp-json\/wp\/v2\/types\/product"}],"wp:featuredmedia":[{"embeddable":true,"href":"https:\/\/www.nakee.spa\/fr\/wp-json\/wp\/v2\/media\/953"}],"wp:attachment":[{"href":"https:\/\/www.nakee.spa\/fr\/wp-json\/wp\/v2\/media?parent=6721"}],"wp:term":[{"taxonomy":"product_brand","embeddable":true,"href":"https:\/\/www.nakee.spa\/fr\/wp-json\/wp\/v2\/product_brand?post=6721"},{"taxonomy":"product_cat","embeddable":true,"href":"https:\/\/www.nakee.spa\/fr\/wp-json\/wp\/v2\/product_cat?post=6721"},{"taxonomy":"product_tag","embeddable":true,"href":"https:\/\/www.nakee.spa\/fr\/wp-json\/wp\/v2\/product_tag?post=6721"}],"curies":[{"name":"wp","href":"https:\/\/api.w.org\/{rel}","templated":true}]}}