{"id":6811,"date":"2024-07-09T13:29:07","date_gmt":"2024-07-09T13:29:07","guid":{"rendered":"https:\/\/www.nakee.spa\/product\/forfait-detente-ultime\/"},"modified":"2025-11-14T01:32:08","modified_gmt":"2025-11-13T18:32:08","slug":"forfait-detente-ultime","status":"publish","type":"product","link":"https:\/\/www.nakee.spa\/fr\/produit\/forfait-detente-ultime\/","title":{"rendered":"Forfait d\u00e9tente ultime"},"content":{"rendered":"<p><strong>Qu&rsquo;est-ce que le forfait Ultimate Relaxation ?<\/strong><\/p>\n<p>Le forfait Ultimate Relaxation est une combinaison luxueuse de traitements con\u00e7us pour vous offrir le meilleur de la relaxation et du rajeunissement. Ce forfait comprend un gommage des pieds, un gommage du corps de 60 minutes et un massage \u00e0 l&rsquo;huile de coco, pour une exp\u00e9rience spa compl\u00e8te et authentique. <\/p>\n<p><strong>Avantages du forfait d\u00e9tente ultime<\/strong><\/p>\n<ul>\n<li><strong>Gommage des pieds :<\/strong> Le traitement commence par un gommage des pieds, qui exfolie et revitalise les pieds fatigu\u00e9s, les pr\u00e9parant \u00e0 une relaxation plus profonde.<\/li>\n<li><strong>Gommage du corps :<\/strong> Un gommage du corps de 60 minutes suit, utilisant des exfoliants doux mais efficaces pour \u00e9liminer les cellules mortes, laissant votre peau lisse, douce et radieuse.<\/li>\n<li><strong>Massage \u00e0 l&rsquo;huile de coco :<\/strong> L&rsquo;exp\u00e9rience est compl\u00e9t\u00e9e par un massage apaisant \u00e0 l&rsquo;huile de coco. Notre huile de coco sp\u00e9ciale, fabriqu\u00e9e \u00e0 partir de noix de coco cultiv\u00e9es sur l&rsquo;\u00eele de Koh Samui, est 100 % naturelle et vierge, sans aucun produit chimique ajout\u00e9. Son parfum agr\u00e9able favorise la relaxation et rend le massage encore plus agr\u00e9able.  <\/li>\n<\/ul>\n<p><strong>Pourquoi choisir le forfait Ultimate Relaxation ?<\/strong><\/p>\n<p>Ce forfait offre le meilleur des deux mondes, combinant une exfoliation efficace et une relaxation profonde. Le gommage des pieds rafra\u00eechit et rajeunit, le gommage du corps rend votre peau \u00e9clatante et le massage \u00e0 l&rsquo;huile de coco nourrit et hydrate, favorisant le bien-\u00eatre g\u00e9n\u00e9ral. Il est parfait pour ceux qui cherchent \u00e0 se d\u00e9tendre et \u00e0 obtenir une peau \u00e9clatante et saine.  <\/p>\n<p><strong>\u00c0 propos de l&rsquo;huile de noix de coco Nakee<\/strong> Notre huile de noix de coco sp\u00e9ciale est fabriqu\u00e9e \u00e0 partir de noix de coco cultiv\u00e9es sur l&rsquo;\u00eele de Koh Samui. Cette huile de noix de coco biologique vierge, 100 % naturelle et fabriqu\u00e9e \u00e0 la maison, vous garantit une exp\u00e9rience pure et authentique. Son parfum agr\u00e9able favorise la relaxation et rend votre massage encore plus agr\u00e9able.  <\/p>\n","protected":false},"excerpt":{"rendered":"<p>Offrez-vous une exp\u00e9rience de d\u00e9tente ultime avec notre forfait \u00ab Ultimate Relaxation \u00bb. Ce traitement luxueux associe un gommage rajeunissant des pieds \u00e0 un gommage corporel de 60 minutes et \u00e0 un massage apaisant \u00e0 l&rsquo;huile de coco. Parfait pour ceux qui recherchent une exp\u00e9rience spa compl\u00e8te et authentique, ce forfait promet de laisser votre peau \u00e9clatante et votre corps d\u00e9tendu. Profitez du meilleur du bien-\u00eatre holistique et du chouchoutage avec ce traitement complet, con\u00e7u pour faire fondre le stress et rajeunir votre corps tout entier.   <\/p>\n","protected":false},"featured_media":959,"template":"","meta":{"_acf_changed":false,"wds_primary_product_brand":0,"wds_primary_product_cat":0},"product_brand":[],"product_cat":[459],"product_tag":[674,670,677,665,675,679,672,671,872,781,666,673,749,678,768,676,669,667,833,668],"class_list":{"0":"post-6811","1":"product","2":"type-product","3":"status-publish","4":"has-post-thumbnail","6":"product_cat-forfaits","7":"product_tag-le-meilleur-massage-pres-de-chez-moi","8":"product_tag-koh-samui-thai-massage-fr","9":"product_tag-le-meilleur-massage-a-koh-samui","10":"product_tag-massage-a-koh-samui","11":"product_tag-massage-a-koh-samui-fr","12":"product_tag-massage-a-koh-samui-thailande","13":"product_tag-massage-complet","14":"product_tag-massage-corporel-koh-samui","15":"product_tag-massage-thai-a-bo-phut","16":"product_tag-massage-thai-a-choengmon","17":"product_tag-massage-thailandais-a-koh-samui","18":"product_tag-massage-thailandais-pres-de-chez-moi","19":"product_tag-meilleur-massage-a-bo-phut","20":"product_tag-meilleur-massage-a-chaweng","21":"product_tag-meilleur-massage-a-choengmon","22":"product_tag-meilleur-massage-chaweng","23":"product_tag-meilleur-massage-koh-samui","24":"product_tag-prix-des-massages-a-koh-samui","25":"product_tag-salon-de-massage","26":"product_tag-salon-de-massage-de-koh-samui","27":"pa_duration-150-minutes-fr","28":"pa_massage-gommage","29":"pa_massage-huile-de-coco","30":"pa_menu-category-soins-du-corps-et-de-la-beaute","31":"pa_types-douceur-et-beaute","33":"first","34":"instock","35":"shipping-taxable","36":"purchasable","37":"product-type-variable"},"acf":[],"_links":{"self":[{"href":"https:\/\/www.nakee.spa\/fr\/wp-json\/wp\/v2\/product\/6811","targetHints":{"allow":["GET"]}}],"collection":[{"href":"https:\/\/www.nakee.spa\/fr\/wp-json\/wp\/v2\/product"}],"about":[{"href":"https:\/\/www.nakee.spa\/fr\/wp-json\/wp\/v2\/types\/product"}],"wp:featuredmedia":[{"embeddable":true,"href":"https:\/\/www.nakee.spa\/fr\/wp-json\/wp\/v2\/media\/959"}],"wp:attachment":[{"href":"https:\/\/www.nakee.spa\/fr\/wp-json\/wp\/v2\/media?parent=6811"}],"wp:term":[{"taxonomy":"product_brand","embeddable":true,"href":"https:\/\/www.nakee.spa\/fr\/wp-json\/wp\/v2\/product_brand?post=6811"},{"taxonomy":"product_cat","embeddable":true,"href":"https:\/\/www.nakee.spa\/fr\/wp-json\/wp\/v2\/product_cat?post=6811"},{"taxonomy":"product_tag","embeddable":true,"href":"https:\/\/www.nakee.spa\/fr\/wp-json\/wp\/v2\/product_tag?post=6811"}],"curies":[{"name":"wp","href":"https:\/\/api.w.org\/{rel}","templated":true}]}}